{"id":2330,"date":"2021-11-22T01:00:20","date_gmt":"2021-11-22T09:00:20","guid":{"rendered":"https:\/\/www.qianyipack.com\/?post_type=product&#038;p=2330"},"modified":"2021-11-23T16:40:49","modified_gmt":"2021-11-24T00:40:49","slug":"19mm-galvanized-metal-strapping-clips-for-steel-strap","status":"publish","type":"product","link":"https:\/\/www.qianyipack.com\/fr\/produit\/19mm-galvanized-metal-strapping-clips-for-steel-strap","title":{"rendered":"Clips de bracelet en m\u00e9tal de 19mm pour bracelet en acier"},"content":{"rendered":"<p>Notre cerclage d'emballage \u00e0 oxydation de surface, le cerclage en acier peint, le cerclage en acier galvanis\u00e9, etc. <a href=\"https:\/\/www.qianyipack.com\/en\/product-category\/strapping-accessories\" target=\"_blank\" rel=\"noopener\">clips de cerclage en m\u00e9tal<\/a> et d'autres produits pr\u00e9sentent des caract\u00e9ristiques de haute r\u00e9sistance \u00e0 la traction, de haute r\u00e9sistance \u00e0 la corrosion et de haute \u00e9longation, et se vendent bien dans le monde entier. Les produits sont largement utilis\u00e9s dans les industries du verre, des tuyaux, du bois, du textile, de la chimie, des machines, des m\u00e9taux non ferreux et autres, et sont tr\u00e8s appr\u00e9ci\u00e9s des utilisateurs.<\/p>\n<figure id=\"attachment_2337\" aria-describedby=\"caption-attachment-2337\" style=\"width: 960px\" class=\"wp-caption alignnone\"><img fetchpriority=\"high\" decoding=\"async\" class=\"size-full wp-image-2337\" src=\"https:\/\/www.qianyipack.com\/wp-content\/uploads\/steel-strapping-clip-description.jpg\" alt=\"steel strapping clip description\" width=\"960\" height=\"539\" srcset=\"https:\/\/www.qianyipack.com\/wp-content\/uploads\/steel-strapping-clip-description.jpg 960w, https:\/\/www.qianyipack.com\/wp-content\/uploads\/steel-strapping-clip-description-800x449.jpg 800w, https:\/\/www.qianyipack.com\/wp-content\/uploads\/steel-strapping-clip-description-300x168.jpg 300w, https:\/\/www.qianyipack.com\/wp-content\/uploads\/steel-strapping-clip-description-768x431.jpg 768w, https:\/\/www.qianyipack.com\/wp-content\/uploads\/steel-strapping-clip-description-18x10.jpg 18w\" sizes=\"(max-width: 960px) 100vw, 960px\" \/><figcaption id=\"caption-attachment-2337\" class=\"wp-caption-text\">description du clip de cerclage en acier<\/figcaption><\/figure>\n<h3>sp\u00e9cification<\/h3>\n<p class=\" translation-block\">Le joint de cerclage en acier est largement utilis\u00e9 dans l'acier, l'aluminium, les fibres chimiques, la filature de coton, le tabac, le papier, la c\u00e9ramique, le bois, les bo\u00eetes m\u00e9talliques et d'autres industries.<br>\nLe clip de cerclage est en acier de haute qualit\u00e9, qui est non seulement r\u00e9sistant \u00e0 l'usure, mais \u00e9galement d'une duret\u00e9 plus \u00e9lev\u00e9e.<br>\nLes clips de cerclage sont trait\u00e9s avec une bande d'acier \u00e9paissie pour am\u00e9liorer la capacit\u00e9 portante de l'emballage.<br>\nLa surface de la boucle en acier est galvanis\u00e9e dans son ensemble, ce qui ne craint pas l'environnement humide et ne rouille pas facilement, afin d'\u00e9viter que les marchandises ne soient pollu\u00e9es.<br>\nLa boucle d'emballage peut \u00eatre s\u00e9lectionn\u00e9e dans plusieurs sp\u00e9cifications. La largeur de la boucle d'emballage correspond \u00e0 la largeur de la ceinture d'emballage et est compatible vers le bas.<\/p>\n<figure id=\"attachment_2338\" aria-describedby=\"caption-attachment-2338\" style=\"width: 951px\" class=\"wp-caption alignnone\"><img decoding=\"async\" class=\"size-full wp-image-2338\" src=\"https:\/\/www.qianyipack.com\/wp-content\/uploads\/steel-strapping-clip-specification-1.jpg\" alt=\"steel strapping clip specification (1)\" width=\"951\" height=\"361\" srcset=\"https:\/\/www.qianyipack.com\/wp-content\/uploads\/steel-strapping-clip-specification-1.jpg 951w, https:\/\/www.qianyipack.com\/wp-content\/uploads\/steel-strapping-clip-specification-1-800x304.jpg 800w, https:\/\/www.qianyipack.com\/wp-content\/uploads\/steel-strapping-clip-specification-1-300x114.jpg 300w, https:\/\/www.qianyipack.com\/wp-content\/uploads\/steel-strapping-clip-specification-1-768x292.jpg 768w, https:\/\/www.qianyipack.com\/wp-content\/uploads\/steel-strapping-clip-specification-1-18x7.jpg 18w\" sizes=\"(max-width: 951px) 100vw, 951px\" \/><figcaption id=\"caption-attachment-2338\" class=\"wp-caption-text\">sp\u00e9cification de clip de cerclage en acier (1)<\/figcaption><\/figure>\n<figure id=\"attachment_2339\" aria-describedby=\"caption-attachment-2339\" style=\"width: 960px\" class=\"wp-caption alignnone\"><img decoding=\"async\" class=\"size-full wp-image-2339\" src=\"https:\/\/www.qianyipack.com\/wp-content\/uploads\/steel-strapping-clip-specification-2.jpg\" alt=\"steel strapping clip specification (2)\" width=\"960\" height=\"540\" srcset=\"https:\/\/www.qianyipack.com\/wp-content\/uploads\/steel-strapping-clip-specification-2.jpg 960w, https:\/\/www.qianyipack.com\/wp-content\/uploads\/steel-strapping-clip-specification-2-800x450.jpg 800w, https:\/\/www.qianyipack.com\/wp-content\/uploads\/steel-strapping-clip-specification-2-300x169.jpg 300w, https:\/\/www.qianyipack.com\/wp-content\/uploads\/steel-strapping-clip-specification-2-768x432.jpg 768w, https:\/\/www.qianyipack.com\/wp-content\/uploads\/steel-strapping-clip-specification-2-18x10.jpg 18w\" sizes=\"(max-width: 960px) 100vw, 960px\" \/><figcaption id=\"caption-attachment-2339\" class=\"wp-caption-text\">sp\u00e9cification de clip de cerclage en acier (2)<\/figcaption><\/figure>\n<h3>Application<\/h3>\n<p>Il est principalement utilis\u00e9 au niveau du joint de bande de sangle m\u00e9tallique pour rendre la sangle de bande plus fermement connect\u00e9e, ce qui est pratique pour l'emballage dans diverses occasions.<\/p>\n<figure id=\"attachment_2336\" aria-describedby=\"caption-attachment-2336\" style=\"width: 960px\" class=\"wp-caption alignnone\"><img loading=\"lazy\" decoding=\"async\" class=\"size-full wp-image-2336\" src=\"https:\/\/www.qianyipack.com\/wp-content\/uploads\/steel-strapping-clip-application.jpg\" alt=\"steel strapping clip application\" width=\"960\" height=\"540\" srcset=\"https:\/\/www.qianyipack.com\/wp-content\/uploads\/steel-strapping-clip-application.jpg 960w, https:\/\/www.qianyipack.com\/wp-content\/uploads\/steel-strapping-clip-application-800x450.jpg 800w, https:\/\/www.qianyipack.com\/wp-content\/uploads\/steel-strapping-clip-application-300x169.jpg 300w, https:\/\/www.qianyipack.com\/wp-content\/uploads\/steel-strapping-clip-application-768x432.jpg 768w, https:\/\/www.qianyipack.com\/wp-content\/uploads\/steel-strapping-clip-application-18x10.jpg 18w\" sizes=\"(max-width: 960px) 100vw, 960px\" \/><figcaption id=\"caption-attachment-2336\" class=\"wp-caption-text\">application de clip de cerclage en acier<\/figcaption><\/figure>","protected":false},"excerpt":{"rendered":"<div id=\"outer-wrap\" class=\"site clr\">\n<div id=\"wrap\" class=\"clr\">\n<div id=\"outer-wrap\" class=\"site clr\">\n<div id=\"wrap\" class=\"clr\">\n<p>Caract\u00e9ristiques des clips de cerclage en acier galvanis\u00e9 : ferme et durable, pas facile \u00e0 tomber, r\u00e9sistant \u00e0 la corrosion et \u00e0 l'usure, haute r\u00e9sistance, forte propri\u00e9t\u00e9 de traction et pas de blessure \u00e0 la main. Sa surface est lisse et peut emp\u00eacher la rouille dans un certain environnement ! Il est utilis\u00e9 avec l'emballeur et la bande d'emballage pour la reliure des emballages de marchandises.<\/p>\n<\/div>\n<\/div>\n<\/div>\n<\/div>","protected":false},"featured_media":2331,"template":"","meta":{"ocean_post_layout":"","ocean_both_sidebars_style":"","ocean_both_sidebars_content_width":0,"ocean_both_sidebars_sidebars_width":0,"ocean_sidebar":"0","ocean_second_sidebar":"0","ocean_disable_margins":"enable","ocean_add_body_class":"","ocean_shortcode_before_top_bar":"","ocean_shortcode_after_top_bar":"","ocean_shortcode_before_header":"","ocean_shortcode_after_header":"","ocean_has_shortcode":"","ocean_shortcode_after_title":"","ocean_shortcode_before_footer_widgets":"","ocean_shortcode_after_footer_widgets":"","ocean_shortcode_before_footer_bottom":"","ocean_shortcode_after_footer_bottom":"","ocean_display_top_bar":"default","ocean_display_header":"default","ocean_header_style":"","ocean_center_header_left_menu":"0","ocean_custom_header_template":"0","ocean_custom_logo":0,"ocean_custom_retina_logo":0,"ocean_custom_logo_max_width":0,"ocean_custom_logo_tablet_max_width":0,"ocean_custom_logo_mobile_max_width":0,"ocean_custom_logo_max_height":0,"ocean_custom_logo_tablet_max_height":0,"ocean_custom_logo_mobile_max_height":0,"ocean_header_custom_menu":"0","ocean_menu_typo_font_family":"0","ocean_menu_typo_font_subset":"","ocean_menu_typo_font_size":0,"ocean_menu_typo_font_size_tablet":0,"ocean_menu_typo_font_size_mobile":0,"ocean_menu_typo_font_size_unit":"px","ocean_menu_typo_font_weight":"","ocean_menu_typo_font_weight_tablet":"","ocean_menu_typo_font_weight_mobile":"","ocean_menu_typo_transform":"","ocean_menu_typo_transform_tablet":"","ocean_menu_typo_transform_mobile":"","ocean_menu_typo_line_height":0,"ocean_menu_typo_line_height_tablet":0,"ocean_menu_typo_line_height_mobile":0,"ocean_menu_typo_line_height_unit":"","ocean_menu_typo_spacing":0,"ocean_menu_typo_spacing_tablet":0,"ocean_menu_typo_spacing_mobile":0,"ocean_menu_typo_spacing_unit":"","ocean_menu_link_color":"","ocean_menu_link_color_hover":"","ocean_menu_link_color_active":"","ocean_menu_link_background":"","ocean_menu_link_hover_background":"","ocean_menu_link_active_background":"","ocean_menu_social_links_bg":"","ocean_menu_social_hover_links_bg":"","ocean_menu_social_links_color":"","ocean_menu_social_hover_links_color":"","ocean_disable_title":"default","ocean_disable_heading":"default","ocean_post_title":"","ocean_post_subheading":"","ocean_post_title_style":"","ocean_post_title_background_color":"","ocean_post_title_background":0,"ocean_post_title_bg_image_position":"","ocean_post_title_bg_image_attachment":"","ocean_post_title_bg_image_repeat":"","ocean_post_title_bg_image_size":"","ocean_post_title_height":0,"ocean_post_title_bg_overlay":0.5,"ocean_post_title_bg_overlay_color":"","ocean_disable_breadcrumbs":"default","ocean_breadcrumbs_color":"","ocean_breadcrumbs_separator_color":"","ocean_breadcrumbs_links_color":"","ocean_breadcrumbs_links_hover_color":"","ocean_display_footer_widgets":"default","ocean_display_footer_bottom":"default","ocean_custom_footer_template":"0","osh_disable_topbar_sticky":"default","osh_disable_header_sticky":"default","osh_sticky_header_style":"default","osh_sticky_header_effect":"","osh_custom_sticky_logo":0,"osh_custom_retina_sticky_logo":0,"osh_custom_sticky_logo_height":0,"osh_background_color":"","osh_links_color":"","osh_links_hover_color":"","osh_links_active_color":"","osh_links_bg_color":"","osh_links_hover_bg_color":"","osh_links_active_bg_color":"","osh_menu_social_links_color":"","osh_menu_social_hover_links_color":""},"product_brand":[],"product_cat":[47],"product_tag":[137,135,136],"class_list":{"0":"post-2330","1":"product","2":"type-product","3":"status-publish","4":"has-post-thumbnail","6":"product_cat-packaging-accessories","7":"product_tag-metal-strapping-clamps","8":"product_tag-metal-strapping-clips","9":"product_tag-steel-strapping-seal","11":"entry","12":"has-media","14":"first","15":"instock","16":"shipping-taxable","17":"product-type-external","18":"col","19":"span_1_of_3","20":"owp-content-center","21":"owp-thumbs-layout-horizontal","22":"owp-btn-very-big","23":"owp-tabs-layout-horizontal"},"_links":{"self":[{"href":"https:\/\/www.qianyipack.com\/fr\/wp-json\/wp\/v2\/product\/2330","targetHints":{"allow":["GET"]}}],"collection":[{"href":"https:\/\/www.qianyipack.com\/fr\/wp-json\/wp\/v2\/product"}],"about":[{"href":"https:\/\/www.qianyipack.com\/fr\/wp-json\/wp\/v2\/types\/product"}],"wp:featuredmedia":[{"embeddable":true,"href":"https:\/\/www.qianyipack.com\/fr\/wp-json\/wp\/v2\/media\/2331"}],"wp:attachment":[{"href":"https:\/\/www.qianyipack.com\/fr\/wp-json\/wp\/v2\/media?parent=2330"}],"wp:term":[{"taxonomy":"product_brand","embeddable":true,"href":"https:\/\/www.qianyipack.com\/fr\/wp-json\/wp\/v2\/product_brand?post=2330"},{"taxonomy":"product_cat","embeddable":true,"href":"https:\/\/www.qianyipack.com\/fr\/wp-json\/wp\/v2\/product_cat?post=2330"},{"taxonomy":"product_tag","embeddable":true,"href":"https:\/\/www.qianyipack.com\/fr\/wp-json\/wp\/v2\/product_tag?post=2330"}],"curies":[{"name":"wp","href":"https:\/\/api.w.org\/{rel}","templated":true}]}}