{"id":2422,"date":"2021-12-17T22:57:59","date_gmt":"2021-12-18T06:57:59","guid":{"rendered":"https:\/\/www.qianyipack.com\/?post_type=product&#038;p=2422"},"modified":"2021-12-17T23:33:25","modified_gmt":"2021-12-18T07:33:25","slug":"high-viscosity-custom-bopp-packing-tape-wholesale","status":"publish","type":"product","link":"https:\/\/www.qianyipack.com\/fr\/produit\/high-viscosity-custom-bopp-packing-tape-wholesale","title":{"rendered":"Ruban d'emballage Bopp personnalis\u00e9 \u00e0 haute viscosit\u00e9"},"content":{"rendered":"<p class=\" translation-block\">L'adh\u00e9sif sensible \u00e0 la pression est un type d'adh\u00e9sif sensible \u00e0 la pression. Il est principalement utilis\u00e9 dans la production de rubans adh\u00e9sifs sensibles \u00e0 la pression. Les adh\u00e9sifs sensibles \u00e0 la pression sont un type sp\u00e9cial d'adh\u00e9sif qui peut \u00eatre coll\u00e9 par pression du doigt sans chauffer ni solvant ni autre moyen. Ainsi, notre <a href=\"https:\/\/www.qianyipack.com\/en\/product-tag\/bopp-tape\" target=\"_self\" rel=\"noopener\">Bopp tape<\/a> a plusieurs caract\u00e9ristiques principales.<br>\nForte viscosit\u00e9, pas facile \u00e0 d\u00e9gommer. Le ruban Bopp utilise une colle sensible \u00e0 la pression de haute qualit\u00e9, une viscosit\u00e9 \u00e9lev\u00e9e, aucun d\u00e9gommage, un effet d'\u00e9tanch\u00e9it\u00e9 \u00e9tanche, \u00e9vitant la rupture du carton et \u00e9vitant d'endommager les marchandises.<br>\nForte t\u00e9nacit\u00e9, pas facile \u00e0 casser. Le ruban Bopp utilise un film BOPP de haute qualit\u00e9, le ruban est solide, solide et difficile \u00e0 casser lorsqu'il est tir\u00e9, ce qui rend l'emballage plus solide et ne n\u00e9cessite pas de s'inqui\u00e9ter des dommages caus\u00e9s \u00e0 la bo\u00eete.<br>\nEnroulement fort et aucune d\u00e9formation. Le ruban Bopp utilise une machine de refendage \u00e0 grande vitesse allemande, l'enroulement du ruban est plus serr\u00e9 et les mati\u00e8res premi\u00e8res pures rendent notre ruban collant et solide, sans se soucier du d\u00e9gommage et de la faible adh\u00e9rence.<br>\nLe motif et le texte personnalis\u00e9s sont imprim\u00e9s clairement. Les polices et les motifs sur le ruban Bopp sont imprim\u00e9s par plaque de cuivre pour garantir que les motifs et le texte des clients sont complets et clairs.<\/p>\n<figure id=\"attachment_2428\" aria-describedby=\"caption-attachment-2428\" style=\"width: 960px\" class=\"wp-caption alignnone\"><img fetchpriority=\"high\" decoding=\"async\" class=\"size-full wp-image-2428\" src=\"https:\/\/www.qianyipack.com\/wp-content\/uploads\/packing-tape-description.jpg\" alt=\"packing tape description\" width=\"960\" height=\"540\" srcset=\"https:\/\/www.qianyipack.com\/wp-content\/uploads\/packing-tape-description.jpg 960w, https:\/\/www.qianyipack.com\/wp-content\/uploads\/packing-tape-description-800x450.jpg 800w, https:\/\/www.qianyipack.com\/wp-content\/uploads\/packing-tape-description-300x169.jpg 300w, https:\/\/www.qianyipack.com\/wp-content\/uploads\/packing-tape-description-768x432.jpg 768w, https:\/\/www.qianyipack.com\/wp-content\/uploads\/packing-tape-description-18x10.jpg 18w\" sizes=\"(max-width: 960px) 100vw, 960px\" \/><figcaption id=\"caption-attachment-2428\" class=\"wp-caption-text\">description du ruban d'emballage<\/figcaption><\/figure>\n<h3>sp\u00e9cification<\/h3>\n<p class=\" translation-block\">L'inspecteur qualit\u00e9 inspecte m\u00e9ticuleusement la surface du ruban et la d\u00e9coupe du rouleau de papier, et non qualifi\u00e9 <a href=\"https:\/\/www.qianyipack.com\/en\/product-tag\/packaging-tape\" target=\"_self\" rel=\"La\">emballage<\/a> n'est pas autoris\u00e9e \u00e0 quitter l'usine.<br>\nLes fournisseurs avec lesquels nous coop\u00e9rons sont tous des fournisseurs \u00e0 grande \u00e9chelle, et nous effectuons des achats en gros de mati\u00e8res premi\u00e8res pour r\u00e9duire les co\u00fbts et en m\u00eame temps assurer la stabilit\u00e9 de l'approvisionnement en marchandises.<br>\nLa soci\u00e9t\u00e9 dispose d'une machine de refendage avanc\u00e9e, de refente enti\u00e8rement automatique, sans interf\u00e9rence manuelle dans l'ensemble du processus, pour garantir que la taille du ruban d'emballage peut r\u00e9pondre \u00e0 la norme.<\/p>\n<figure id=\"attachment_2431\" aria-describedby=\"caption-attachment-2431\" style=\"width: 906px\" class=\"wp-caption alignnone\"><img decoding=\"async\" class=\"size-full wp-image-2431\" src=\"https:\/\/www.qianyipack.com\/wp-content\/uploads\/bopp-tape-specification.jpg\" alt=\"bopp tape specification\" width=\"906\" height=\"593\" srcset=\"https:\/\/www.qianyipack.com\/wp-content\/uploads\/bopp-tape-specification.jpg 906w, https:\/\/www.qianyipack.com\/wp-content\/uploads\/bopp-tape-specification-800x524.jpg 800w, https:\/\/www.qianyipack.com\/wp-content\/uploads\/bopp-tape-specification-300x196.jpg 300w, https:\/\/www.qianyipack.com\/wp-content\/uploads\/bopp-tape-specification-768x503.jpg 768w, https:\/\/www.qianyipack.com\/wp-content\/uploads\/bopp-tape-specification-18x12.jpg 18w\" sizes=\"(max-width: 906px) 100vw, 906px\" \/><figcaption id=\"caption-attachment-2431\" class=\"wp-caption-text\">sp\u00e9cification de bande bopp<\/figcaption><\/figure>\n<h3>Application<\/h3>\n<p>Le ruban d'emballage est largement utilis\u00e9 dans l'emballage et le scellage, le scellage et la r\u00e9paration, le regroupement et la fixation, etc. Veuillez choisir des rubans de diff\u00e9rentes \u00e9paisseurs en fonction de l'emballage de diff\u00e9rents articles.<\/p>\n<figure id=\"attachment_2427\" aria-describedby=\"caption-attachment-2427\" style=\"width: 960px\" class=\"wp-caption alignnone\"><img decoding=\"async\" class=\"size-full wp-image-2427\" src=\"https:\/\/www.qianyipack.com\/wp-content\/uploads\/packing-tape-advantage.jpg\" alt=\"packing tape advantage\" width=\"960\" height=\"540\" srcset=\"https:\/\/www.qianyipack.com\/wp-content\/uploads\/packing-tape-advantage.jpg 960w, https:\/\/www.qianyipack.com\/wp-content\/uploads\/packing-tape-advantage-800x450.jpg 800w, https:\/\/www.qianyipack.com\/wp-content\/uploads\/packing-tape-advantage-300x169.jpg 300w, https:\/\/www.qianyipack.com\/wp-content\/uploads\/packing-tape-advantage-768x432.jpg 768w, https:\/\/www.qianyipack.com\/wp-content\/uploads\/packing-tape-advantage-18x10.jpg 18w\" sizes=\"(max-width: 960px) 100vw, 960px\" \/><figcaption id=\"caption-attachment-2427\" class=\"wp-caption-text\">avantage du ruban d'emballage<\/figcaption><\/figure>","protected":false},"excerpt":{"rendered":"<div id=\"outer-wrap\" class=\"site clr\">\n<div id=\"wrap\" class=\"clr\">\n<div id=\"outer-wrap\" class=\"site clr\">\n<div id=\"wrap\" class=\"clr\">\n<p>Le ruban d'emballage est \u00e9galement appel\u00e9 ruban bopp, ruban d'emballage, etc. Il utilise un film de polypropyl\u00e8ne \u00e0 orientation biaxiale BOPP comme mat\u00e9riau de base. Apr\u00e8s avoir chauff\u00e9 et \u00e9tal\u00e9 uniform\u00e9ment l'\u00e9mulsion adh\u00e9sive sensible \u00e0 la pression, elle forme une couche adh\u00e9sive allant de 8\u00a0\u03bcm \u00e0 28\u00a0\u03bcm pour former un rouleau ma\u00eetre de bande BOPP.<\/p>\n<\/div>\n<\/div>\n<\/div>\n<\/div>","protected":false},"featured_media":2425,"template":"","meta":{"ocean_post_layout":"","ocean_both_sidebars_style":"","ocean_both_sidebars_content_width":0,"ocean_both_sidebars_sidebars_width":0,"ocean_sidebar":"0","ocean_second_sidebar":"0","ocean_disable_margins":"enable","ocean_add_body_class":"","ocean_shortcode_before_top_bar":"","ocean_shortcode_after_top_bar":"","ocean_shortcode_before_header":"","ocean_shortcode_after_header":"","ocean_has_shortcode":"","ocean_shortcode_after_title":"","ocean_shortcode_before_footer_widgets":"","ocean_shortcode_after_footer_widgets":"","ocean_shortcode_before_footer_bottom":"","ocean_shortcode_after_footer_bottom":"","ocean_display_top_bar":"default","ocean_display_header":"default","ocean_header_style":"","ocean_center_header_left_menu":"0","ocean_custom_header_template":"0","ocean_custom_logo":0,"ocean_custom_retina_logo":0,"ocean_custom_logo_max_width":0,"ocean_custom_logo_tablet_max_width":0,"ocean_custom_logo_mobile_max_width":0,"ocean_custom_logo_max_height":0,"ocean_custom_logo_tablet_max_height":0,"ocean_custom_logo_mobile_max_height":0,"ocean_header_custom_menu":"0","ocean_menu_typo_font_family":"0","ocean_menu_typo_font_subset":"","ocean_menu_typo_font_size":0,"ocean_menu_typo_font_size_tablet":0,"ocean_menu_typo_font_size_mobile":0,"ocean_menu_typo_font_size_unit":"px","ocean_menu_typo_font_weight":"","ocean_menu_typo_font_weight_tablet":"","ocean_menu_typo_font_weight_mobile":"","ocean_menu_typo_transform":"","ocean_menu_typo_transform_tablet":"","ocean_menu_typo_transform_mobile":"","ocean_menu_typo_line_height":0,"ocean_menu_typo_line_height_tablet":0,"ocean_menu_typo_line_height_mobile":0,"ocean_menu_typo_line_height_unit":"","ocean_menu_typo_spacing":0,"ocean_menu_typo_spacing_tablet":0,"ocean_menu_typo_spacing_mobile":0,"ocean_menu_typo_spacing_unit":"","ocean_menu_link_color":"","ocean_menu_link_color_hover":"","ocean_menu_link_color_active":"","ocean_menu_link_background":"","ocean_menu_link_hover_background":"","ocean_menu_link_active_background":"","ocean_menu_social_links_bg":"","ocean_menu_social_hover_links_bg":"","ocean_menu_social_links_color":"","ocean_menu_social_hover_links_color":"","ocean_disable_title":"default","ocean_disable_heading":"default","ocean_post_title":"","ocean_post_subheading":"","ocean_post_title_style":"","ocean_post_title_background_color":"","ocean_post_title_background":0,"ocean_post_title_bg_image_position":"","ocean_post_title_bg_image_attachment":"","ocean_post_title_bg_image_repeat":"","ocean_post_title_bg_image_size":"","ocean_post_title_height":0,"ocean_post_title_bg_overlay":0.5,"ocean_post_title_bg_overlay_color":"","ocean_disable_breadcrumbs":"default","ocean_breadcrumbs_color":"","ocean_breadcrumbs_separator_color":"","ocean_breadcrumbs_links_color":"","ocean_breadcrumbs_links_hover_color":"","ocean_display_footer_widgets":"default","ocean_display_footer_bottom":"default","ocean_custom_footer_template":"0","osh_disable_topbar_sticky":"default","osh_disable_header_sticky":"default","osh_sticky_header_style":"default","osh_sticky_header_effect":"","osh_custom_sticky_logo":0,"osh_custom_retina_sticky_logo":0,"osh_custom_sticky_logo_height":0,"osh_background_color":"","osh_links_color":"","osh_links_hover_color":"","osh_links_active_color":"","osh_links_bg_color":"","osh_links_hover_bg_color":"","osh_links_active_bg_color":"","osh_menu_social_links_color":"","osh_menu_social_hover_links_color":""},"product_brand":[],"product_cat":[47],"product_tag":[142,141,143],"class_list":{"0":"post-2422","1":"product","2":"type-product","3":"status-publish","4":"has-post-thumbnail","6":"product_cat-packaging-accessories","7":"product_tag-adhesive-tape","8":"product_tag-bopp-tape","9":"product_tag-packaging-tape","11":"entry","12":"has-media","14":"first","15":"instock","16":"shipping-taxable","17":"product-type-external","18":"col","19":"span_1_of_3","20":"owp-content-center","21":"owp-thumbs-layout-horizontal","22":"owp-btn-very-big","23":"owp-tabs-layout-horizontal"},"_links":{"self":[{"href":"https:\/\/www.qianyipack.com\/fr\/wp-json\/wp\/v2\/product\/2422","targetHints":{"allow":["GET"]}}],"collection":[{"href":"https:\/\/www.qianyipack.com\/fr\/wp-json\/wp\/v2\/product"}],"about":[{"href":"https:\/\/www.qianyipack.com\/fr\/wp-json\/wp\/v2\/types\/product"}],"wp:featuredmedia":[{"embeddable":true,"href":"https:\/\/www.qianyipack.com\/fr\/wp-json\/wp\/v2\/media\/2425"}],"wp:attachment":[{"href":"https:\/\/www.qianyipack.com\/fr\/wp-json\/wp\/v2\/media?parent=2422"}],"wp:term":[{"taxonomy":"product_brand","embeddable":true,"href":"https:\/\/www.qianyipack.com\/fr\/wp-json\/wp\/v2\/product_brand?post=2422"},{"taxonomy":"product_cat","embeddable":true,"href":"https:\/\/www.qianyipack.com\/fr\/wp-json\/wp\/v2\/product_cat?post=2422"},{"taxonomy":"product_tag","embeddable":true,"href":"https:\/\/www.qianyipack.com\/fr\/wp-json\/wp\/v2\/product_tag?post=2422"}],"curies":[{"name":"wp","href":"https:\/\/api.w.org\/{rel}","templated":true}]}}