{"id":1195,"date":"2021-10-14T22:33:20","date_gmt":"2021-10-15T06:33:20","guid":{"rendered":"https:\/\/www.qianyipack.com\/?page_id=1195"},"modified":"2021-11-07T23:53:33","modified_gmt":"2021-11-08T07:53:33","slug":"market","status":"publish","type":"page","link":"https:\/\/www.qianyipack.com\/pt\/about\/market","title":{"rendered":"Mercado de vendas"},"content":{"rendered":"<div data-elementor-type=\"wp-page\" data-elementor-id=\"1195\" class=\"elementor elementor-1195\">\n\t\t\t\t\t\t<section class=\"elementor-section elementor-top-section elementor-element elementor-element-0ac4390 elementor-section-boxed elementor-section-height-default elementor-section-height-default\" data-id=\"0ac4390\" data-element_type=\"section\">\n\t\t\t\t\t\t<div class=\"elementor-container elementor-column-gap-wide\">\n\t\t\t\t\t<div class=\"elementor-column elementor-col-25 elementor-top-column elementor-element elementor-element-ceacd4a\" data-id=\"ceacd4a\" data-element_type=\"column\">\n\t\t\t<div class=\"elementor-widget-wrap elementor-element-populated\">\n\t\t\t\t\t\t<div class=\"elementor-element elementor-element-881c99c elementor-widget elementor-widget-wp-widget-nav_menu\" data-id=\"881c99c\" data-element_type=\"widget\" data-widget_type=\"wp-widget-nav_menu.default\">\n\t\t\t\t<div class=\"elementor-widget-container\">\n\t\t\t\t\t<div class=\"menu-company-profile-container\"><ul id=\"menu-company-profile\" class=\"menu\"><li id=\"menu-item-1852\" class=\"menu-item menu-item-type-post_type menu-item-object-page menu-item-1852\"><a href=\"https:\/\/www.qianyipack.com\/pt\/about\">PERFIL DA EMPRESA<\/a><\/li>\n<\/ul><\/div>\t\t\t\t<\/div>\n\t\t\t\t<\/div>\n\t\t\t\t\t<\/div>\n\t\t<\/div>\n\t\t\t\t<div class=\"elementor-column elementor-col-25 elementor-top-column elementor-element elementor-element-4b98854\" data-id=\"4b98854\" data-element_type=\"column\">\n\t\t\t<div class=\"elementor-widget-wrap elementor-element-populated\">\n\t\t\t\t\t\t<div class=\"elementor-element elementor-element-30f7ddf elementor-widget elementor-widget-wp-widget-nav_menu\" data-id=\"30f7ddf\" data-element_type=\"widget\" data-widget_type=\"wp-widget-nav_menu.default\">\n\t\t\t\t<div class=\"elementor-widget-container\">\n\t\t\t\t\t<div class=\"menu-sales-market-container\"><ul id=\"menu-sales-market\" class=\"menu\"><li id=\"menu-item-1860\" class=\"menu-item menu-item-type-post_type menu-item-object-page menu-item-1860\"><a href=\"https:\/\/www.qianyipack.com\/pt\/about\/market\">MERCADO DE VENDAS<\/a><\/li>\n<\/ul><\/div>\t\t\t\t<\/div>\n\t\t\t\t<\/div>\n\t\t\t\t\t<\/div>\n\t\t<\/div>\n\t\t\t\t<div class=\"elementor-column elementor-col-25 elementor-top-column elementor-element elementor-element-0981654\" data-id=\"0981654\" data-element_type=\"column\">\n\t\t\t<div class=\"elementor-widget-wrap elementor-element-populated\">\n\t\t\t\t\t\t<div class=\"elementor-element elementor-element-8b5de4f elementor-widget elementor-widget-wp-widget-nav_menu\" data-id=\"8b5de4f\" data-element_type=\"widget\" data-widget_type=\"wp-widget-nav_menu.default\">\n\t\t\t\t<div class=\"elementor-widget-container\">\n\t\t\t\t\t<div class=\"menu-our-history-container\"><ul id=\"menu-our-history\" class=\"menu\"><li id=\"menu-item-1859\" class=\"menu-item menu-item-type-post_type menu-item-object-page menu-item-1859\"><a href=\"https:\/\/www.qianyipack.com\/pt\/about\/history\">NOSSA HIST\u00d3RIA<\/a><\/li>\n<\/ul><\/div>\t\t\t\t<\/div>\n\t\t\t\t<\/div>\n\t\t\t\t\t<\/div>\n\t\t<\/div>\n\t\t\t\t<div class=\"elementor-column elementor-col-25 elementor-top-column elementor-element elementor-element-6bfc912\" data-id=\"6bfc912\" data-element_type=\"column\">\n\t\t\t<div class=\"elementor-widget-wrap elementor-element-populated\">\n\t\t\t\t\t\t<div class=\"elementor-element elementor-element-22b4068 elementor-widget elementor-widget-wp-widget-nav_menu\" data-id=\"22b4068\" data-element_type=\"widget\" data-widget_type=\"wp-widget-nav_menu.default\">\n\t\t\t\t<div class=\"elementor-widget-container\">\n\t\t\t\t\t<div class=\"menu-company-album-container\"><ul id=\"menu-company-album\" class=\"menu\"><li id=\"menu-item-1858\" class=\"menu-item menu-item-type-post_type menu-item-object-page menu-item-1858\"><a href=\"https:\/\/www.qianyipack.com\/pt\/about\/album\">\u00c1LBUM DA EMPRESA<\/a><\/li>\n<\/ul><\/div>\t\t\t\t<\/div>\n\t\t\t\t<\/div>\n\t\t\t\t\t<\/div>\n\t\t<\/div>\n\t\t\t\t\t<\/div>\n\t\t<\/section>\n\t\t\t\t<section class=\"elementor-section elementor-top-section elementor-element elementor-element-b688494 elementor-section-boxed elementor-section-height-default elementor-section-height-default\" data-id=\"b688494\" data-element_type=\"section\">\n\t\t\t\t\t\t<div class=\"elementor-container elementor-column-gap-default\">\n\t\t\t\t\t<div class=\"elementor-column elementor-col-50 elementor-top-column elementor-element elementor-element-7e80223\" data-id=\"7e80223\" data-element_type=\"column\" data-settings=\"{&quot;background_background&quot;:&quot;classic&quot;}\">\n\t\t\t<div class=\"elementor-widget-wrap elementor-element-populated\">\n\t\t\t\t\t\t<div class=\"elementor-element elementor-element-69e173c elementor-widget elementor-widget-text-editor\" data-id=\"69e173c\" data-element_type=\"widget\" data-widget_type=\"text-editor.default\">\n\t\t\t\t<div class=\"elementor-widget-container\">\n\t\t\t\t\t\t\t\t\t<p>Realiza\u00e7\u00e3o do mercado<br \/>Os produtos de embalagem Qianyi t\u00eam quase 10.000 usu\u00e1rios em todo o mundo, principalmente nos Estados Unidos, Su\u00e9cia, \u00cdndia, Reino Unido, Alemanha, Canad\u00e1, Egito, \u00c1frica do Sul, Indon\u00e9sia, Mal\u00e1sia, Brasil, Singapura, Holanda, Qatar, Turquia, M\u00e9xico, Paquist\u00e3o, Cazaquist\u00e3o, Peru, Vietn\u00e3, Chile, Col\u00f4mbia, Equador, Porto Rico, Argentina, Panam\u00e1, Nicar\u00e1gua, Guatemala e outros pa\u00edses e regi\u00f5es.<\/p>\t\t\t\t\t\t\t\t<\/div>\n\t\t\t\t<\/div>\n\t\t\t\t\t<\/div>\n\t\t<\/div>\n\t\t\t\t<div class=\"elementor-column elementor-col-50 elementor-top-column elementor-element elementor-element-9737bd2\" data-id=\"9737bd2\" data-element_type=\"column\">\n\t\t\t<div class=\"elementor-widget-wrap elementor-element-populated\">\n\t\t\t\t\t\t<div class=\"elementor-element elementor-element-cb8a63e elementor-widget elementor-widget-image\" data-id=\"cb8a63e\" data-element_type=\"widget\" data-widget_type=\"image.default\">\n\t\t\t\t<div class=\"elementor-widget-container\">\n\t\t\t\t\t\t\t\t\t\t\t\t\t\t\t<img fetchpriority=\"high\" decoding=\"async\" width=\"960\" height=\"640\" src=\"https:\/\/www.qianyipack.com\/wp-content\/uploads\/2021\/10\/strapping-market-1.jpg\" class=\"attachment-full size-full wp-image-1204\" alt=\"strapping market 1\" srcset=\"https:\/\/www.qianyipack.com\/wp-content\/uploads\/2021\/10\/strapping-market-1.jpg 960w, https:\/\/www.qianyipack.com\/wp-content\/uploads\/2021\/10\/strapping-market-1-800x533.jpg 800w, https:\/\/www.qianyipack.com\/wp-content\/uploads\/2021\/10\/strapping-market-1-300x200.jpg 300w, https:\/\/www.qianyipack.com\/wp-content\/uploads\/2021\/10\/strapping-market-1-768x512.jpg 768w\" sizes=\"(max-width: 960px) 100vw, 960px\" \/>\t\t\t\t\t\t\t\t\t\t\t\t\t\t\t<\/div>\n\t\t\t\t<\/div>\n\t\t\t\t\t<\/div>\n\t\t<\/div>\n\t\t\t\t\t<\/div>\n\t\t<\/section>\n\t\t\t\t<section class=\"elementor-section elementor-top-section elementor-element elementor-element-88c2d0c elementor-section-boxed elementor-section-height-default elementor-section-height-default\" data-id=\"88c2d0c\" data-element_type=\"section\">\n\t\t\t\t\t\t<div class=\"elementor-container elementor-column-gap-default\">\n\t\t\t\t\t<div class=\"elementor-column elementor-col-50 elementor-top-column elementor-element elementor-element-115da63\" data-id=\"115da63\" data-element_type=\"column\">\n\t\t\t<div class=\"elementor-widget-wrap elementor-element-populated\">\n\t\t\t\t\t\t<div class=\"elementor-element elementor-element-0535253 elementor-widget elementor-widget-image\" data-id=\"0535253\" data-element_type=\"widget\" data-widget_type=\"image.default\">\n\t\t\t\t<div class=\"elementor-widget-container\">\n\t\t\t\t\t\t\t\t\t\t\t\t\t\t\t<img decoding=\"async\" width=\"960\" height=\"640\" src=\"https:\/\/www.qianyipack.com\/wp-content\/uploads\/2021\/10\/strapping-market-2.jpg\" class=\"attachment-full size-full wp-image-1205\" alt=\"strapping market 2\" srcset=\"https:\/\/www.qianyipack.com\/wp-content\/uploads\/2021\/10\/strapping-market-2.jpg 960w, https:\/\/www.qianyipack.com\/wp-content\/uploads\/2021\/10\/strapping-market-2-800x533.jpg 800w, https:\/\/www.qianyipack.com\/wp-content\/uploads\/2021\/10\/strapping-market-2-300x200.jpg 300w, https:\/\/www.qianyipack.com\/wp-content\/uploads\/2021\/10\/strapping-market-2-768x512.jpg 768w\" sizes=\"(max-width: 960px) 100vw, 960px\" \/>\t\t\t\t\t\t\t\t\t\t\t\t\t\t\t<\/div>\n\t\t\t\t<\/div>\n\t\t\t\t\t<\/div>\n\t\t<\/div>\n\t\t\t\t<div class=\"elementor-column elementor-col-50 elementor-top-column elementor-element elementor-element-f4fa47c\" data-id=\"f4fa47c\" data-element_type=\"column\" data-settings=\"{&quot;background_background&quot;:&quot;classic&quot;}\">\n\t\t\t<div class=\"elementor-widget-wrap elementor-element-populated\">\n\t\t\t\t\t\t<div class=\"elementor-element elementor-element-38490b9 elementor-widget elementor-widget-text-editor\" data-id=\"38490b9\" data-element_type=\"widget\" data-widget_type=\"text-editor.default\">\n\t\t\t\t<div class=\"elementor-widget-container\">\n\t\t\t\t\t\t\t\t\t<p>Servi\u00e7o Global<br \/>Temos mais de 10.000 metros quadrados de oficina de produ\u00e7\u00e3o, equipamento de produ\u00e7\u00e3o completo e linha de produ\u00e7\u00e3o de fitas de embalagem, n\u00e3o s\u00f3 podemos produzir v\u00e1rios produtos padr\u00e3o, mas tamb\u00e9m personalizar os produtos de acordo com as necessidades do cliente.<br \/>Confiando em sua forte for\u00e7a abrangente na produ\u00e7\u00e3o, P&amp;D, canais e vendas, Xianyi se tornou um dos principais parceiros dos principais fabricantes do mundo. Possui recursos exclusivos a montante e pode garantir aos usu\u00e1rios um alto desempenho em termos de custos e concorr\u00eancia na primeira vez. Produtos poderosos.<br \/>A empresa estabeleceu um centro completo de vendas e servi\u00e7o p\u00f3s-venda. No futuro, planejamos estabelecer 4 novos centros de exposi\u00e7\u00e3o na Am\u00e9rica do Norte, Am\u00e9rica do Sul, Europa e Austr\u00e1lia, e aumentar as filiais de vendas em todo o mundo.<\/p>\t\t\t\t\t\t\t\t<\/div>\n\t\t\t\t<\/div>\n\t\t\t\t\t<\/div>\n\t\t<\/div>\n\t\t\t\t\t<\/div>\n\t\t<\/section>\n\t\t\t\t<section class=\"elementor-section elementor-top-section elementor-element elementor-element-8f967f1 elementor-section-boxed elementor-section-height-default elementor-section-height-default\" data-id=\"8f967f1\" data-element_type=\"section\">\n\t\t\t\t\t\t<div class=\"elementor-container elementor-column-gap-default\">\n\t\t\t\t\t<div class=\"elementor-column elementor-col-50 elementor-top-column elementor-element elementor-element-16cde03\" data-id=\"16cde03\" data-element_type=\"column\" data-settings=\"{&quot;background_background&quot;:&quot;classic&quot;}\">\n\t\t\t<div class=\"elementor-widget-wrap elementor-element-populated\">\n\t\t\t\t\t\t<div class=\"elementor-element elementor-element-04f8872 elementor-widget elementor-widget-text-editor\" data-id=\"04f8872\" data-element_type=\"widget\" data-widget_type=\"text-editor.default\">\n\t\t\t\t<div class=\"elementor-widget-container\">\n\t\t\t\t\t\t\t\t\t<p>Certifica\u00e7\u00e3o<br \/>A raz\u00e3o pela qual temos sido capazes de cooperar com tantos parceiros por muito tempo \u00e9 principalmente porque continuamos a fortalecer esta rela\u00e7\u00e3o com produtos e servi\u00e7os de alta qualidade, e ganhar elogios e reconhecimento dos clientes com diversidade e produtos personalizados.<br \/>Nossos produtos foram reconhecidos e aprovados por v\u00e1rias ag\u00eancias reguladoras. Nossas aplica\u00e7\u00f5es de cintas e cintas foram aprovadas pela certifica\u00e7\u00e3o CE da UE. Sob as exig\u00eancias de diferentes clientes, os produtos passaram por v\u00e1rios desempenhos, como a certifica\u00e7\u00e3o do Grupo TUV Rheinland. Testes como o teste de resist\u00eancia \u00e0 tra\u00e7\u00e3o, teste SVHC e assim por diante.<\/p>\t\t\t\t\t\t\t\t<\/div>\n\t\t\t\t<\/div>\n\t\t\t\t\t<\/div>\n\t\t<\/div>\n\t\t\t\t<div class=\"elementor-column elementor-col-50 elementor-top-column elementor-element elementor-element-8cc7ab2\" data-id=\"8cc7ab2\" data-element_type=\"column\">\n\t\t\t<div class=\"elementor-widget-wrap elementor-element-populated\">\n\t\t\t\t\t\t<div class=\"elementor-element elementor-element-80df070 elementor-widget elementor-widget-image\" data-id=\"80df070\" data-element_type=\"widget\" data-widget_type=\"image.default\">\n\t\t\t\t<div class=\"elementor-widget-container\">\n\t\t\t\t\t\t\t\t\t\t\t\t\t\t\t<img decoding=\"async\" width=\"960\" height=\"640\" src=\"https:\/\/www.qianyipack.com\/wp-content\/uploads\/2021\/10\/strapping-market-3.jpg\" class=\"attachment-full size-full wp-image-1206\" alt=\"strapping market 3\" srcset=\"https:\/\/www.qianyipack.com\/wp-content\/uploads\/2021\/10\/strapping-market-3.jpg 960w, https:\/\/www.qianyipack.com\/wp-content\/uploads\/2021\/10\/strapping-market-3-800x533.jpg 800w, https:\/\/www.qianyipack.com\/wp-content\/uploads\/2021\/10\/strapping-market-3-300x200.jpg 300w, https:\/\/www.qianyipack.com\/wp-content\/uploads\/2021\/10\/strapping-market-3-768x512.jpg 768w\" sizes=\"(max-width: 960px) 100vw, 960px\" \/>\t\t\t\t\t\t\t\t\t\t\t\t\t\t\t<\/div>\n\t\t\t\t<\/div>\n\t\t\t\t\t<\/div>\n\t\t<\/div>\n\t\t\t\t\t<\/div>\n\t\t<\/section>\n\t\t\t\t<\/div>","protected":false},"excerpt":{"rendered":"<p>Market AchievementQianyi produtos de embalagem t\u00eam quase 10.000 usu\u00e1rios no mundo todo, principalmente nos Estados Unidos, Su\u00e9cia, \u00cdndia, Reino Unido, Alemanha, Canad\u00e1, Egito, \u00c1frica do Sul, Indon\u00e9sia, Mal\u00e1sia, Brasil, Singapura, Holanda, Qatar, Turquia, M\u00e9xico, Paquist\u00e3o, Cazaquist\u00e3o, Peru, Vietn\u00e3, Chile, Col\u00f4mbia, Equador, Porto Rico, Argentina, Panam\u00e1, Nicar\u00e1gua, Guatemala e outros pa\u00edses e regi\u00f5es. Servi\u00e7o GlobalTemos mais [...]<\/p>","protected":false},"author":1,"featured_media":0,"parent":1176,"menu_order":0,"comment_status":"closed","ping_status":"closed","template":"elementor_header_footer","meta":{"ocean_post_layout":"","ocean_both_sidebars_style":"","ocean_both_sidebars_content_width":0,"ocean_both_sidebars_sidebars_width":0,"ocean_sidebar":"0","ocean_second_sidebar":"0","ocean_disable_margins":"enable","ocean_add_body_class":"","ocean_shortcode_before_top_bar":"","ocean_shortcode_after_top_bar":"","ocean_shortcode_before_header":"","ocean_shortcode_after_header":"","ocean_has_shortcode":"","ocean_shortcode_after_title":"","ocean_shortcode_before_footer_widgets":"","ocean_shortcode_after_footer_widgets":"","ocean_shortcode_before_footer_bottom":"","ocean_shortcode_after_footer_bottom":"","ocean_display_top_bar":"default","ocean_display_header":"default","ocean_header_style":"","ocean_center_header_left_menu":"0","ocean_custom_header_template":"0","ocean_custom_logo":0,"ocean_custom_retina_logo":0,"ocean_custom_logo_max_width":0,"ocean_custom_logo_tablet_max_width":0,"ocean_custom_logo_mobile_max_width":0,"ocean_custom_logo_max_height":0,"ocean_custom_logo_tablet_max_height":0,"ocean_custom_logo_mobile_max_height":0,"ocean_header_custom_menu":"0","ocean_menu_typo_font_family":"0","ocean_menu_typo_font_subset":"","ocean_menu_typo_font_size":0,"ocean_menu_typo_font_size_tablet":0,"ocean_menu_typo_font_size_mobile":0,"ocean_menu_typo_font_size_unit":"px","ocean_menu_typo_font_weight":"","ocean_menu_typo_font_weight_tablet":"","ocean_menu_typo_font_weight_mobile":"","ocean_menu_typo_transform":"","ocean_menu_typo_transform_tablet":"","ocean_menu_typo_transform_mobile":"","ocean_menu_typo_line_height":0,"ocean_menu_typo_line_height_tablet":0,"ocean_menu_typo_line_height_mobile":0,"ocean_menu_typo_line_height_unit":"","ocean_menu_typo_spacing":0,"ocean_menu_typo_spacing_tablet":0,"ocean_menu_typo_spacing_mobile":0,"ocean_menu_typo_spacing_unit":"","ocean_menu_link_color":"","ocean_menu_link_color_hover":"","ocean_menu_link_color_active":"","ocean_menu_link_background":"","ocean_menu_link_hover_background":"","ocean_menu_link_active_background":"","ocean_menu_social_links_bg":"","ocean_menu_social_hover_links_bg":"","ocean_menu_social_links_color":"","ocean_menu_social_hover_links_color":"","ocean_disable_title":"default","ocean_disable_heading":"default","ocean_post_title":"","ocean_post_subheading":"","ocean_post_title_style":"","ocean_post_title_background_color":"","ocean_post_title_background":0,"ocean_post_title_bg_image_position":"","ocean_post_title_bg_image_attachment":"","ocean_post_title_bg_image_repeat":"","ocean_post_title_bg_image_size":"","ocean_post_title_height":0,"ocean_post_title_bg_overlay":0.5,"ocean_post_title_bg_overlay_color":"","ocean_disable_breadcrumbs":"default","ocean_breadcrumbs_color":"","ocean_breadcrumbs_separator_color":"","ocean_breadcrumbs_links_color":"","ocean_breadcrumbs_links_hover_color":"","ocean_display_footer_widgets":"default","ocean_display_footer_bottom":"default","ocean_custom_footer_template":"0","osh_disable_topbar_sticky":"default","osh_disable_header_sticky":"default","osh_sticky_header_style":"default","osh_sticky_header_effect":"","osh_custom_sticky_logo":0,"osh_custom_retina_sticky_logo":0,"osh_custom_sticky_logo_height":0,"osh_background_color":"","osh_links_color":"","osh_links_hover_color":"","osh_links_active_color":"","osh_links_bg_color":"","osh_links_hover_bg_color":"","osh_links_active_bg_color":"","osh_menu_social_links_color":"","osh_menu_social_hover_links_color":"","footnotes":""},"class_list":["post-1195","page","type-page","status-publish","hentry","entry","owp-thumbs-layout-horizontal","owp-btn-very-big","owp-tabs-layout-horizontal","has-no-thumbnails"],"_links":{"self":[{"href":"https:\/\/www.qianyipack.com\/pt\/wp-json\/wp\/v2\/pages\/1195","targetHints":{"allow":["GET"]}}],"collection":[{"href":"https:\/\/www.qianyipack.com\/pt\/wp-json\/wp\/v2\/pages"}],"about":[{"href":"https:\/\/www.qianyipack.com\/pt\/wp-json\/wp\/v2\/types\/page"}],"author":[{"embeddable":true,"href":"https:\/\/www.qianyipack.com\/pt\/wp-json\/wp\/v2\/users\/1"}],"replies":[{"embeddable":true,"href":"https:\/\/www.qianyipack.com\/pt\/wp-json\/wp\/v2\/comments?post=1195"}],"version-history":[{"count":0,"href":"https:\/\/www.qianyipack.com\/pt\/wp-json\/wp\/v2\/pages\/1195\/revisions"}],"up":[{"embeddable":true,"href":"https:\/\/www.qianyipack.com\/pt\/wp-json\/wp\/v2\/pages\/1176"}],"wp:attachment":[{"href":"https:\/\/www.qianyipack.com\/pt\/wp-json\/wp\/v2\/media?parent=1195"}],"curies":[{"name":"wp","href":"https:\/\/api.w.org\/{rel}","templated":true}]}}