{"id":1213,"date":"2021-10-14T22:51:33","date_gmt":"2021-10-15T06:51:33","guid":{"rendered":"https:\/\/www.qianyipack.com\/?page_id=1213"},"modified":"2021-10-26T00:50:40","modified_gmt":"2021-10-26T08:50:40","slug":"history","status":"publish","type":"page","link":"https:\/\/www.qianyipack.com\/pt\/about\/history","title":{"rendered":"Nossa Hist\u00f3ria"},"content":{"rendered":"<div data-elementor-type=\"wp-page\" data-elementor-id=\"1213\" class=\"elementor elementor-1213\">\n\t\t\t\t\t\t<section class=\"elementor-section elementor-top-section elementor-element elementor-element-71840c4 elementor-section-boxed elementor-section-height-default elementor-section-height-default\" data-id=\"71840c4\" data-element_type=\"section\">\n\t\t\t\t\t\t<div class=\"elementor-container elementor-column-gap-wide\">\n\t\t\t\t\t<div class=\"elementor-column elementor-col-25 elementor-top-column elementor-element elementor-element-af8f8be\" data-id=\"af8f8be\" data-element_type=\"column\">\n\t\t\t<div class=\"elementor-widget-wrap elementor-element-populated\">\n\t\t\t\t\t\t<div class=\"elementor-element elementor-element-50f83b5 elementor-widget elementor-widget-wp-widget-nav_menu\" data-id=\"50f83b5\" data-element_type=\"widget\" data-widget_type=\"wp-widget-nav_menu.default\">\n\t\t\t\t<div class=\"elementor-widget-container\">\n\t\t\t\t\t<div class=\"menu-company-profile-container\"><ul id=\"menu-company-profile\" class=\"menu\"><li id=\"menu-item-1852\" class=\"menu-item menu-item-type-post_type menu-item-object-page menu-item-1852\"><a href=\"https:\/\/www.qianyipack.com\/pt\/about\">PERFIL DA EMPRESA<\/a><\/li>\n<\/ul><\/div>\t\t\t\t<\/div>\n\t\t\t\t<\/div>\n\t\t\t\t\t<\/div>\n\t\t<\/div>\n\t\t\t\t<div class=\"elementor-column elementor-col-25 elementor-top-column elementor-element elementor-element-3f4c9f5\" data-id=\"3f4c9f5\" data-element_type=\"column\">\n\t\t\t<div class=\"elementor-widget-wrap elementor-element-populated\">\n\t\t\t\t\t\t<div class=\"elementor-element elementor-element-5098853 elementor-widget elementor-widget-wp-widget-nav_menu\" data-id=\"5098853\" data-element_type=\"widget\" data-widget_type=\"wp-widget-nav_menu.default\">\n\t\t\t\t<div class=\"elementor-widget-container\">\n\t\t\t\t\t<div class=\"menu-sales-market-container\"><ul id=\"menu-sales-market\" class=\"menu\"><li id=\"menu-item-1860\" class=\"menu-item menu-item-type-post_type menu-item-object-page menu-item-1860\"><a href=\"https:\/\/www.qianyipack.com\/pt\/about\/market\">MERCADO DE VENDAS<\/a><\/li>\n<\/ul><\/div>\t\t\t\t<\/div>\n\t\t\t\t<\/div>\n\t\t\t\t\t<\/div>\n\t\t<\/div>\n\t\t\t\t<div class=\"elementor-column elementor-col-25 elementor-top-column elementor-element elementor-element-f62c87f\" data-id=\"f62c87f\" data-element_type=\"column\">\n\t\t\t<div class=\"elementor-widget-wrap elementor-element-populated\">\n\t\t\t\t\t\t<div class=\"elementor-element elementor-element-278fc00 elementor-widget elementor-widget-wp-widget-nav_menu\" data-id=\"278fc00\" data-element_type=\"widget\" data-widget_type=\"wp-widget-nav_menu.default\">\n\t\t\t\t<div class=\"elementor-widget-container\">\n\t\t\t\t\t<div class=\"menu-our-history-container\"><ul id=\"menu-our-history\" class=\"menu\"><li id=\"menu-item-1859\" class=\"menu-item menu-item-type-post_type menu-item-object-page menu-item-1859\"><a href=\"https:\/\/www.qianyipack.com\/pt\/about\/history\">NOSSA HIST\u00d3RIA<\/a><\/li>\n<\/ul><\/div>\t\t\t\t<\/div>\n\t\t\t\t<\/div>\n\t\t\t\t\t<\/div>\n\t\t<\/div>\n\t\t\t\t<div class=\"elementor-column elementor-col-25 elementor-top-column elementor-element elementor-element-e903553\" data-id=\"e903553\" data-element_type=\"column\">\n\t\t\t<div class=\"elementor-widget-wrap elementor-element-populated\">\n\t\t\t\t\t\t<div class=\"elementor-element elementor-element-429abfc elementor-widget elementor-widget-wp-widget-nav_menu\" data-id=\"429abfc\" data-element_type=\"widget\" data-widget_type=\"wp-widget-nav_menu.default\">\n\t\t\t\t<div class=\"elementor-widget-container\">\n\t\t\t\t\t<div class=\"menu-company-album-container\"><ul id=\"menu-company-album\" class=\"menu\"><li id=\"menu-item-1858\" class=\"menu-item menu-item-type-post_type menu-item-object-page menu-item-1858\"><a href=\"https:\/\/www.qianyipack.com\/pt\/about\/album\">\u00c1LBUM DA EMPRESA<\/a><\/li>\n<\/ul><\/div>\t\t\t\t<\/div>\n\t\t\t\t<\/div>\n\t\t\t\t\t<\/div>\n\t\t<\/div>\n\t\t\t\t\t<\/div>\n\t\t<\/section>\n\t\t\t\t<section class=\"elementor-section elementor-top-section elementor-element elementor-element-b688494 elementor-section-boxed elementor-section-height-default elementor-section-height-default\" data-id=\"b688494\" data-element_type=\"section\">\n\t\t\t\t\t\t<div class=\"elementor-container elementor-column-gap-default\">\n\t\t\t\t\t<div class=\"elementor-column elementor-col-100 elementor-top-column elementor-element elementor-element-7e80223\" data-id=\"7e80223\" data-element_type=\"column\" data-settings=\"{&quot;background_background&quot;:&quot;classic&quot;}\">\n\t\t\t<div class=\"elementor-widget-wrap elementor-element-populated\">\n\t\t\t\t\t\t<div class=\"elementor-element elementor-element-383ad66 elementor-widget elementor-widget-text-editor\" data-id=\"383ad66\" data-element_type=\"widget\" data-widget_type=\"text-editor.default\">\n\t\t\t\t<div class=\"elementor-widget-container\">\n\t\t\t\t\t\t\t\t\t<p>Nossos produtos est\u00e3o mais preocupados n\u00e3o apenas em reduzir os danos \u00e0s mercadorias, mas tamb\u00e9m em enfatizar a seguran\u00e7a pessoal. Estamos empenhados em garantir a seguran\u00e7a do transporte global e proporcionar prote\u00e7\u00e3o aos transportadores globais. Nossos produtos s\u00e3o diferentes da maioria dos produtos no mercado. Por exemplo, nossa al\u00e7a de cabo composto resolve o problema da baixa tens\u00e3o da al\u00e7a PP, resolve o problema da al\u00e7a de a\u00e7o ser muito pesada e dura, e resolve o problema do deslizamento da al\u00e7a PET. Ela n\u00e3o vai arranhar a carga nem rachar facilmente. Tem forte for\u00e7a de tra\u00e7\u00e3o e resist\u00eancia ao desgaste. O material de nossa cinta tecida n\u00e3o \u00e9 nylon, usamos poli\u00e9ster, que pode resistir a maior tens\u00e3o. Al\u00e9m do processo de engomar a alta temperatura, ela tem uma fun\u00e7\u00e3o antiderrapante.<\/p>\t\t\t\t\t\t\t\t<\/div>\n\t\t\t\t<\/div>\n\t\t\t\t\t<\/div>\n\t\t<\/div>\n\t\t\t\t\t<\/div>\n\t\t<\/section>\n\t\t\t\t<section class=\"elementor-section elementor-top-section elementor-element elementor-element-e9181a7 elementor-section-boxed elementor-section-height-default elementor-section-height-default\" data-id=\"e9181a7\" data-element_type=\"section\">\n\t\t\t\t\t\t<div class=\"elementor-container elementor-column-gap-default\">\n\t\t\t\t\t<div class=\"elementor-column elementor-col-100 elementor-top-column elementor-element elementor-element-3f44c5d\" data-id=\"3f44c5d\" data-element_type=\"column\">\n\t\t\t<div class=\"elementor-widget-wrap elementor-element-populated\">\n\t\t\t\t\t\t<div class=\"elementor-element elementor-element-f53a7a2 elementor-widget elementor-widget-oew-timeline\" data-id=\"f53a7a2\" data-element_type=\"widget\" data-widget_type=\"oew-timeline.default\">\n\t\t\t\t<div class=\"elementor-widget-container\">\n\t\t\t\t\t\n\t\t\t<div class=\"oew-timeline oew-timeline-center\">\n\t\t\t\t<div class=\"oew-timeline-inner\">\n\n\t\t\t\t\t\n\t\t\t\t  \t\t<div class=\"oew-timeline-item oew-timeline-item-left\">\n\t\t\t\t  \t\t\t<div class=\"oew-timeline-item-wrap\">\n\n\t\t\t\t  \t\t\t\t<div class=\"oew-timeline-line\"><span><\/span><\/div>\n\n\t\t\t\t\t  \t\t\t<div class=\"oew-timeline-item-container\">\n\t\t\t\t\t  \t\t\t\t<div class=\"oew-timeline-icon oew-timeline-custom-icon\"><span><i aria-hidden=\"true\" class=\"fas fa-file-alt\"><\/i><\/span><\/div>\n\n\t\t\t\t\t\t  \t\t\t<div class=\"oew-timeline-item-main\">\n\t\t\t\t\t\t  \t\t\t\t<span class=\"oew-timeline-arrow\"><\/span>\n\n\t\t\t\t\t\t  \t\t\t\t\n\t\t\t\t\t\t\t\t  \t\t<div class=\"oew-timeline-desc\">\n\t\t\t\t\t\t\t\t\t\t\t\t\t\t\t\t\t\t\t\t\t\t\t<h4 class=\"oew-timeline-title\">\n\t\t\t\t\t\t\t\t\t\t\t\t\t<a href=\"#\" title=\"A linha de produ\u00e7\u00e3o de al\u00e7a de embalagem de alta resist\u00eancia com dupla tor\u00e7\u00e3o foi colocada em produ\u00e7\u00e3o \">A linha de produ\u00e7\u00e3o de al\u00e7a de embalagem de alta resist\u00eancia com dupla tor\u00e7\u00e3o foi colocada em produ\u00e7\u00e3o <\/a>\n\t\t\t\t\t\t\t\t\t\t\t\t<\/h4>\n\t\t\t\t\t\t\t\t\t\t\t\t\t\t\t\t\t\t\t\t\t\t\t<ul class=\"oew-timeline-meta oew-timeline-hidden\">\n\t\t\t\t\t\t\t\t\t\t\t\t\t<li>13 de outubro de 2021<\/li>\n\t\t\t\t\t\t\t\t\t\t\t\t<\/ul>\n\t\t\t\t\t\t\t\t\t\t\t\t\t\t\t\t\t\t\t  \t\t<\/div>\n\t\t\t\t\t\t\t\t\t<\/div>\n\t\t\t\t\t\t\t\t<\/div>\n\n\t\t\t\t\t\t\t<\/div>\n\t\t\t\t\t\t<\/div>\n\n\t\t\t\t\t  \t\t\t\t\t\t  \t\t\t\t\t\t  \t\t\t<div class=\"oew-timeline-item\">\n\t\t\t\t\t\t  \t\t<div class=\"oew-timeline-date\"><span>13 de outubro de 2021<\/span><\/div>\n\t\t\t\t\t\t\t<\/div>\n\t\t\t\t\t\t\t\t\t\t\t\t\t<div class=\"oew-timeline-item\">\n\t\t\t\t\t\t  \t\t<div class=\"oew-timeline-date oew-timeline-date-right\"><span>13 de setembro de 2018<\/span><\/div>\n\t\t\t\t\t\t\t<\/div>\n\t\t\t\t\t\t\n\t\t\t\t  \t\t<div class=\"oew-timeline-item oew-timeline-item-right\">\n\t\t\t\t  \t\t\t<div class=\"oew-timeline-item-wrap\">\n\n\t\t\t\t  \t\t\t\t<div class=\"oew-timeline-line\"><span><\/span><\/div>\n\n\t\t\t\t\t  \t\t\t<div class=\"oew-timeline-item-container\">\n\t\t\t\t\t  \t\t\t\t<div class=\"oew-timeline-icon oew-timeline-custom-icon\"><span><i aria-hidden=\"true\" class=\"fas fa-file-alt\"><\/i><\/span><\/div>\n\n\t\t\t\t\t\t  \t\t\t<div class=\"oew-timeline-item-main\">\n\t\t\t\t\t\t  \t\t\t\t<span class=\"oew-timeline-arrow\"><\/span>\n\n\t\t\t\t\t\t  \t\t\t\t\n\t\t\t\t\t\t\t\t  \t\t<div class=\"oew-timeline-desc\">\n\t\t\t\t\t\t\t\t\t\t\t\t\t\t\t\t\t\t\t\t\t\t\t<h4 class=\"oew-timeline-title\">\n\t\t\t\t\t\t\t\t\t\t\t\t\t<a href=\"#\" title=\"Obten\u00e7\u00e3o do certificado nacional de empresa de alta tecnologia \">Obten\u00e7\u00e3o do certificado nacional de empresa de alta tecnologia <\/a>\n\t\t\t\t\t\t\t\t\t\t\t\t<\/h4>\n\t\t\t\t\t\t\t\t\t\t\t\t\t\t\t\t\t\t\t\t\t\t\t<ul class=\"oew-timeline-meta oew-timeline-hidden\">\n\t\t\t\t\t\t\t\t\t\t\t\t\t<li>13 de setembro de 2018<\/li>\n\t\t\t\t\t\t\t\t\t\t\t\t<\/ul>\n\t\t\t\t\t\t\t\t\t\t\t\t\t\t\t\t\t\t\t  \t\t<\/div>\n\t\t\t\t\t\t\t\t\t<\/div>\n\t\t\t\t\t\t\t\t<\/div>\n\n\t\t\t\t\t\t\t<\/div>\n\t\t\t\t\t\t<\/div>\n\n\t\t\t\t\t  \t\n\t\t\t\t  \t\t<div class=\"oew-timeline-item oew-timeline-item-left\">\n\t\t\t\t  \t\t\t<div class=\"oew-timeline-item-wrap\">\n\n\t\t\t\t  \t\t\t\t<div class=\"oew-timeline-line\"><span><\/span><\/div>\n\n\t\t\t\t\t  \t\t\t<div class=\"oew-timeline-item-container\">\n\t\t\t\t\t  \t\t\t\t<div class=\"oew-timeline-icon oew-timeline-custom-icon\"><span><i aria-hidden=\"true\" class=\"fas fa-file-alt\"><\/i><\/span><\/div>\n\n\t\t\t\t\t\t  \t\t\t<div class=\"oew-timeline-item-main\">\n\t\t\t\t\t\t  \t\t\t\t<span class=\"oew-timeline-arrow\"><\/span>\n\n\t\t\t\t\t\t  \t\t\t\t\n\t\t\t\t\t\t\t\t  \t\t<div class=\"oew-timeline-desc\">\n\t\t\t\t\t\t\t\t\t\t\t\t\t\t\t\t\t\t\t\t\t\t\t<h4 class=\"oew-timeline-title\">\n\t\t\t\t\t\t\t\t\t\t\t\t\t<a href=\"#\" title=\"Estabeleceu uma oficina de produ\u00e7\u00e3o para tensionadores e distribuidores de cintas para cintas de embalagem\">Estabeleceu uma oficina de produ\u00e7\u00e3o para tensionadores e distribuidores de cintas para cintas de embalagem<\/a>\n\t\t\t\t\t\t\t\t\t\t\t\t<\/h4>\n\t\t\t\t\t\t\t\t\t\t\t\t\t\t\t\t\t\t\t\t\t\t\t<ul class=\"oew-timeline-meta oew-timeline-hidden\">\n\t\t\t\t\t\t\t\t\t\t\t\t\t<li>13 de outubro de 2017<\/li>\n\t\t\t\t\t\t\t\t\t\t\t\t<\/ul>\n\t\t\t\t\t\t\t\t\t\t\t\t\t\t\t\t\t\t\t  \t\t<\/div>\n\t\t\t\t\t\t\t\t\t<\/div>\n\t\t\t\t\t\t\t\t<\/div>\n\n\t\t\t\t\t\t\t<\/div>\n\t\t\t\t\t\t<\/div>\n\n\t\t\t\t\t  \t\t\t\t\t\t  \t\t\t\t\t\t  \t\t\t<div class=\"oew-timeline-item\">\n\t\t\t\t\t\t  \t\t<div class=\"oew-timeline-date\"><span>13 de outubro de 2017<\/span><\/div>\n\t\t\t\t\t\t\t<\/div>\n\t\t\t\t\t\t\t\t\t\t\t\t\t<div class=\"oew-timeline-item\">\n\t\t\t\t\t\t  \t\t<div class=\"oew-timeline-date oew-timeline-date-right\"><span>13 de outubro de 2012<\/span><\/div>\n\t\t\t\t\t\t\t<\/div>\n\t\t\t\t\t\t\n\t\t\t\t  \t\t<div class=\"oew-timeline-item oew-timeline-item-right\">\n\t\t\t\t  \t\t\t<div class=\"oew-timeline-item-wrap\">\n\n\t\t\t\t  \t\t\t\t<div class=\"oew-timeline-line\"><span><\/span><\/div>\n\n\t\t\t\t\t  \t\t\t<div class=\"oew-timeline-item-container\">\n\t\t\t\t\t  \t\t\t\t<div class=\"oew-timeline-icon oew-timeline-custom-icon\"><span><i aria-hidden=\"true\" class=\"fas fa-file-alt\"><\/i><\/span><\/div>\n\n\t\t\t\t\t\t  \t\t\t<div class=\"oew-timeline-item-main\">\n\t\t\t\t\t\t  \t\t\t\t<span class=\"oew-timeline-arrow\"><\/span>\n\n\t\t\t\t\t\t  \t\t\t\t\n\t\t\t\t\t\t\t\t  \t\t<div class=\"oew-timeline-desc\">\n\t\t\t\t\t\t\t\t\t\t\t\t\t\t\t\t\t\t\t\t\t\t\t<h4 class=\"oew-timeline-title\">\n\t\t\t\t\t\t\t\t\t\t\t\t\t<a href=\"#\" title=\"Estabeleceu-se uma oficina de produ\u00e7\u00e3o de tensionadores e carrinhos enroladores para a linha de produ\u00e7\u00e3o de cintas de poli\u00e9ster para embalagem foi posta em funcionamento \">Estabeleceu-se uma oficina de produ\u00e7\u00e3o de tensionadores e carrinhos enroladores para a linha de produ\u00e7\u00e3o de cintas de poli\u00e9ster para embalagem foi posta em funcionamento <\/a>\n\t\t\t\t\t\t\t\t\t\t\t\t<\/h4>\n\t\t\t\t\t\t\t\t\t\t\t\t\t\t\t\t\t\t\t\t\t\t\t<ul class=\"oew-timeline-meta oew-timeline-hidden\">\n\t\t\t\t\t\t\t\t\t\t\t\t\t<li>13 de outubro de 2012<\/li>\n\t\t\t\t\t\t\t\t\t\t\t\t<\/ul>\n\t\t\t\t\t\t\t\t\t\t\t\t\t\t\t\t\t\t\t  \t\t<\/div>\n\t\t\t\t\t\t\t\t\t<\/div>\n\t\t\t\t\t\t\t\t<\/div>\n\n\t\t\t\t\t\t\t<\/div>\n\t\t\t\t\t\t<\/div>\n\n\t\t\t\t\t  \t\n\t\t\t\t  \t\t<div class=\"oew-timeline-item oew-timeline-item-left\">\n\t\t\t\t  \t\t\t<div class=\"oew-timeline-item-wrap\">\n\n\t\t\t\t  \t\t\t\t<div class=\"oew-timeline-line\"><span><\/span><\/div>\n\n\t\t\t\t\t  \t\t\t<div class=\"oew-timeline-item-container\">\n\t\t\t\t\t  \t\t\t\t<div class=\"oew-timeline-icon oew-timeline-custom-icon\"><span><i aria-hidden=\"true\" class=\"fas fa-file-alt\"><\/i><\/span><\/div>\n\n\t\t\t\t\t\t  \t\t\t<div class=\"oew-timeline-item-main\">\n\t\t\t\t\t\t  \t\t\t\t<span class=\"oew-timeline-arrow\"><\/span>\n\n\t\t\t\t\t\t  \t\t\t\t\n\t\t\t\t\t\t\t\t  \t\t<div class=\"oew-timeline-desc\">\n\t\t\t\t\t\t\t\t\t\t\t\t\t\t\t\t\t\t\t\t\t\t\t<h4 class=\"oew-timeline-title\">\n\t\t\t\t\t\t\t\t\t\t\t\t\t<a href=\"#\" title=\"Desenvolveu com sucesso, de forma independente, um equipamento especial de produ\u00e7\u00e3o de fivelas de embalagem para cintas compostas \">Desenvolveu com sucesso, de forma independente, um equipamento especial de produ\u00e7\u00e3o de fivelas de embalagem para cintas compostas <\/a>\n\t\t\t\t\t\t\t\t\t\t\t\t<\/h4>\n\t\t\t\t\t\t\t\t\t\t\t\t\t\t\t\t\t\t\t\t\t\t\t<ul class=\"oew-timeline-meta oew-timeline-hidden\">\n\t\t\t\t\t\t\t\t\t\t\t\t\t<li>13 de novembro de 2011<\/li>\n\t\t\t\t\t\t\t\t\t\t\t\t<\/ul>\n\t\t\t\t\t\t\t\t\t\t\t\t\t\t\t\t\t\t\t  \t\t<\/div>\n\t\t\t\t\t\t\t\t\t<\/div>\n\t\t\t\t\t\t\t\t<\/div>\n\n\t\t\t\t\t\t\t<\/div>\n\t\t\t\t\t\t<\/div>\n\n\t\t\t\t\t  \t\t\t\t\t\t  \t\t\t\t\t\t  \t\t\t<div class=\"oew-timeline-item\">\n\t\t\t\t\t\t  \t\t<div class=\"oew-timeline-date\"><span>13 de novembro de 2011<\/span><\/div>\n\t\t\t\t\t\t\t<\/div>\n\t\t\t\t\t\t\t\t\t\t\t\t\t<div class=\"oew-timeline-item\">\n\t\t\t\t\t\t  \t\t<div class=\"oew-timeline-date oew-timeline-date-right\"><span>13 de outubro de 2010<\/span><\/div>\n\t\t\t\t\t\t\t<\/div>\n\t\t\t\t\t\t\n\t\t\t\t  \t\t<div class=\"oew-timeline-item oew-timeline-item-right\">\n\t\t\t\t  \t\t\t<div class=\"oew-timeline-item-wrap\">\n\n\t\t\t\t  \t\t\t\t<div class=\"oew-timeline-line\"><span><\/span><\/div>\n\n\t\t\t\t\t  \t\t\t<div class=\"oew-timeline-item-container\">\n\t\t\t\t\t  \t\t\t\t<div class=\"oew-timeline-icon oew-timeline-custom-icon\"><span><i aria-hidden=\"true\" class=\"fas fa-file-alt\"><\/i><\/span><\/div>\n\n\t\t\t\t\t\t  \t\t\t<div class=\"oew-timeline-item-main\">\n\t\t\t\t\t\t  \t\t\t\t<span class=\"oew-timeline-arrow\"><\/span>\n\n\t\t\t\t\t\t  \t\t\t\t\n\t\t\t\t\t\t\t\t  \t\t<div class=\"oew-timeline-desc\">\n\t\t\t\t\t\t\t\t\t\t\t\t\t\t\t\t\t\t\t\t\t\t\t<h4 class=\"oew-timeline-title\">\n\t\t\t\t\t\t\t\t\t\t\t\t\t<a href=\"#\" title=\"Estabelecida como a segunda f\u00e1brica de fabrica\u00e7\u00e3o de correias compostas da China&#039;s \">Estabelecida como a segunda f\u00e1brica de fabrica\u00e7\u00e3o de correias compostas da China&#039;s <\/a>\n\t\t\t\t\t\t\t\t\t\t\t\t<\/h4>\n\t\t\t\t\t\t\t\t\t\t\t\t\t\t\t\t\t\t\t\t\t\t\t<ul class=\"oew-timeline-meta oew-timeline-hidden\">\n\t\t\t\t\t\t\t\t\t\t\t\t\t<li>13 de outubro de 2010<\/li>\n\t\t\t\t\t\t\t\t\t\t\t\t<\/ul>\n\t\t\t\t\t\t\t\t\t\t\t\t\t\t\t\t\t\t\t  \t\t<\/div>\n\t\t\t\t\t\t\t\t\t<\/div>\n\t\t\t\t\t\t\t\t<\/div>\n\n\t\t\t\t\t\t\t<\/div>\n\t\t\t\t\t\t<\/div>\n\n\t\t\t\t\t  \t\n\t\t\t\t  \t\t<div class=\"oew-timeline-item oew-timeline-item-left\">\n\t\t\t\t  \t\t\t<div class=\"oew-timeline-item-wrap\">\n\n\t\t\t\t  \t\t\t\t<div class=\"oew-timeline-line\"><span><\/span><\/div>\n\n\t\t\t\t\t  \t\t\t<div class=\"oew-timeline-item-container\">\n\t\t\t\t\t  \t\t\t\t<div class=\"oew-timeline-icon oew-timeline-custom-icon\"><span><i aria-hidden=\"true\" class=\"fas fa-file-alt\"><\/i><\/span><\/div>\n\n\t\t\t\t\t\t  \t\t\t<div class=\"oew-timeline-item-main\">\n\t\t\t\t\t\t  \t\t\t\t<span class=\"oew-timeline-arrow\"><\/span>\n\n\t\t\t\t\t\t  \t\t\t\t\n\t\t\t\t\t\t\t\t  \t\t<div class=\"oew-timeline-desc\">\n\t\t\t\t\t\t\t\t\t\t\t\t\t\t\t\t\t\t\t\t\t\t\t<h4 class=\"oew-timeline-title\">\n\t\t\t\t\t\t\t\t\t\t\t\t\t<a href=\"#\" title=\"Desenvolvimento independente de equipamentos de produ\u00e7\u00e3o de cintas compostas com sucesso \">Desenvolvimento independente de equipamentos de produ\u00e7\u00e3o de cintas compostas com sucesso <\/a>\n\t\t\t\t\t\t\t\t\t\t\t\t<\/h4>\n\t\t\t\t\t\t\t\t\t\t\t\t\t\t\t\t\t\t\t\t\t\t\t<ul class=\"oew-timeline-meta oew-timeline-hidden\">\n\t\t\t\t\t\t\t\t\t\t\t\t\t<li>13 de outubro de 2010<\/li>\n\t\t\t\t\t\t\t\t\t\t\t\t<\/ul>\n\t\t\t\t\t\t\t\t\t\t\t\t\t\t\t\t\t\t\t  \t\t<\/div>\n\t\t\t\t\t\t\t\t\t<\/div>\n\t\t\t\t\t\t\t\t<\/div>\n\n\t\t\t\t\t\t\t<\/div>\n\t\t\t\t\t\t<\/div>\n\n\t\t\t\t\t  \t\t\t\t\t\t  \t\t\t\t\t\t  \t\t\t<div class=\"oew-timeline-item\">\n\t\t\t\t\t\t  \t\t<div class=\"oew-timeline-date\"><span>13 de outubro de 2010<\/span><\/div>\n\t\t\t\t\t\t\t<\/div>\n\t\t\t\t\t\t\n\t\t\t\t<\/div>\n\t\t\t<\/div>\n\n\t\t\t\t\t\t<\/div>\n\t\t\t\t<\/div>\n\t\t\t\t\t<\/div>\n\t\t<\/div>\n\t\t\t\t\t<\/div>\n\t\t<\/section>\n\t\t\t\t<\/div>","protected":false},"excerpt":{"rendered":"<p>Nossos produtos est\u00e3o mais preocupados n\u00e3o apenas em reduzir os danos \u00e0s mercadorias, mas tamb\u00e9m em enfatizar a seguran\u00e7a pessoal. Estamos empenhados em garantir a seguran\u00e7a do transporte global e proporcionar prote\u00e7\u00e3o aos transportadores globais. Nossos produtos s\u00e3o diferentes da maioria dos produtos no mercado. Por exemplo, nossa al\u00e7a de cabo composto resolve o problema da baixa tens\u00e3o [...]<\/p>","protected":false},"author":1,"featured_media":0,"parent":1176,"menu_order":0,"comment_status":"closed","ping_status":"closed","template":"elementor_header_footer","meta":{"ocean_post_layout":"","ocean_both_sidebars_style":"","ocean_both_sidebars_content_width":0,"ocean_both_sidebars_sidebars_width":0,"ocean_sidebar":"0","ocean_second_sidebar":"0","ocean_disable_margins":"enable","ocean_add_body_class":"","ocean_shortcode_before_top_bar":"","ocean_shortcode_after_top_bar":"","ocean_shortcode_before_header":"","ocean_shortcode_after_header":"","ocean_has_shortcode":"","ocean_shortcode_after_title":"","ocean_shortcode_before_footer_widgets":"","ocean_shortcode_after_footer_widgets":"","ocean_shortcode_before_footer_bottom":"","ocean_shortcode_after_footer_bottom":"","ocean_display_top_bar":"default","ocean_display_header":"default","ocean_header_style":"","ocean_center_header_left_menu":"0","ocean_custom_header_template":"0","ocean_custom_logo":0,"ocean_custom_retina_logo":0,"ocean_custom_logo_max_width":0,"ocean_custom_logo_tablet_max_width":0,"ocean_custom_logo_mobile_max_width":0,"ocean_custom_logo_max_height":0,"ocean_custom_logo_tablet_max_height":0,"ocean_custom_logo_mobile_max_height":0,"ocean_header_custom_menu":"0","ocean_menu_typo_font_family":"0","ocean_menu_typo_font_subset":"","ocean_menu_typo_font_size":0,"ocean_menu_typo_font_size_tablet":0,"ocean_menu_typo_font_size_mobile":0,"ocean_menu_typo_font_size_unit":"px","ocean_menu_typo_font_weight":"","ocean_menu_typo_font_weight_tablet":"","ocean_menu_typo_font_weight_mobile":"","ocean_menu_typo_transform":"","ocean_menu_typo_transform_tablet":"","ocean_menu_typo_transform_mobile":"","ocean_menu_typo_line_height":0,"ocean_menu_typo_line_height_tablet":0,"ocean_menu_typo_line_height_mobile":0,"ocean_menu_typo_line_height_unit":"","ocean_menu_typo_spacing":0,"ocean_menu_typo_spacing_tablet":0,"ocean_menu_typo_spacing_mobile":0,"ocean_menu_typo_spacing_unit":"","ocean_menu_link_color":"","ocean_menu_link_color_hover":"","ocean_menu_link_color_active":"","ocean_menu_link_background":"","ocean_menu_link_hover_background":"","ocean_menu_link_active_background":"","ocean_menu_social_links_bg":"","ocean_menu_social_hover_links_bg":"","ocean_menu_social_links_color":"","ocean_menu_social_hover_links_color":"","ocean_disable_title":"default","ocean_disable_heading":"default","ocean_post_title":"","ocean_post_subheading":"","ocean_post_title_style":"","ocean_post_title_background_color":"","ocean_post_title_background":0,"ocean_post_title_bg_image_position":"","ocean_post_title_bg_image_attachment":"","ocean_post_title_bg_image_repeat":"","ocean_post_title_bg_image_size":"","ocean_post_title_height":0,"ocean_post_title_bg_overlay":0.5,"ocean_post_title_bg_overlay_color":"","ocean_disable_breadcrumbs":"default","ocean_breadcrumbs_color":"","ocean_breadcrumbs_separator_color":"","ocean_breadcrumbs_links_color":"","ocean_breadcrumbs_links_hover_color":"","ocean_display_footer_widgets":"default","ocean_display_footer_bottom":"default","ocean_custom_footer_template":"0","osh_disable_topbar_sticky":"default","osh_disable_header_sticky":"default","osh_sticky_header_style":"default","osh_sticky_header_effect":"","osh_custom_sticky_logo":0,"osh_custom_retina_sticky_logo":0,"osh_custom_sticky_logo_height":0,"osh_background_color":"","osh_links_color":"","osh_links_hover_color":"","osh_links_active_color":"","osh_links_bg_color":"","osh_links_hover_bg_color":"","osh_links_active_bg_color":"","osh_menu_social_links_color":"","osh_menu_social_hover_links_color":"","footnotes":""},"class_list":["post-1213","page","type-page","status-publish","hentry","entry","owp-thumbs-layout-horizontal","owp-btn-very-big","owp-tabs-layout-horizontal","has-no-thumbnails"],"_links":{"self":[{"href":"https:\/\/www.qianyipack.com\/pt\/wp-json\/wp\/v2\/pages\/1213","targetHints":{"allow":["GET"]}}],"collection":[{"href":"https:\/\/www.qianyipack.com\/pt\/wp-json\/wp\/v2\/pages"}],"about":[{"href":"https:\/\/www.qianyipack.com\/pt\/wp-json\/wp\/v2\/types\/page"}],"author":[{"embeddable":true,"href":"https:\/\/www.qianyipack.com\/pt\/wp-json\/wp\/v2\/users\/1"}],"replies":[{"embeddable":true,"href":"https:\/\/www.qianyipack.com\/pt\/wp-json\/wp\/v2\/comments?post=1213"}],"version-history":[{"count":0,"href":"https:\/\/www.qianyipack.com\/pt\/wp-json\/wp\/v2\/pages\/1213\/revisions"}],"up":[{"embeddable":true,"href":"https:\/\/www.qianyipack.com\/pt\/wp-json\/wp\/v2\/pages\/1176"}],"wp:attachment":[{"href":"https:\/\/www.qianyipack.com\/pt\/wp-json\/wp\/v2\/media?parent=1213"}],"curies":[{"name":"wp","href":"https:\/\/api.w.org\/{rel}","templated":true}]}}