{"id":1032,"date":"2021-10-14T02:27:12","date_gmt":"2021-10-14T10:27:12","guid":{"rendered":"https:\/\/www.qianyipack.com\/?post_type=product&#038;p=1032"},"modified":"2021-11-23T00:54:00","modified_gmt":"2021-11-23T08:54:00","slug":"13mm-composite-cord-strapping-band-for-packaging","status":"publish","type":"product","link":"https:\/\/www.qianyipack.com\/pt\/produto\/13mm-composite-cord-strapping-band-for-packaging","title":{"rendered":"Faixa de amarra\u00e7\u00e3o de cabo composto de 13mm para embalagem"},"content":{"rendered":"<p><a href=\"https:\/\/www.qianyipack.com\/en\/product-category\/composite-cord-strap\" target=\"_blank\" rel=\"noopener\">Cintas de Cord\u00e3o Composto<\/a> As cintas compostas s\u00e3o cintas de poli\u00e9ster co-extrudidas feitas de fibras t\u00eaxteis de poli\u00e9ster de alta tenacidade. Esta cinta \u00e9 composta de fios simples de poli\u00e9ster deitado paralelo com polipropileno revestido.<br \/>\n\u00c9 o mais recente desenvolvimento em tecnologia de navega\u00e7\u00e3o n\u00e3o-met\u00e1lica e o mais comumente utilizado. Fabricado com fios de filamentos de poli\u00e9ster de alta tenacidade embutidos em um revestimento de pol\u00edmero. Temos 2 tipos para op\u00e7\u00f5es, fio n\u00e3o torcido e fio torcido.<\/p>\n<figure id=\"attachment_1033\" aria-describedby=\"caption-attachment-1033\" style=\"width: 900px\" class=\"wp-caption alignnone\"><img fetchpriority=\"high\" decoding=\"async\" class=\"size-full wp-image-1033\" src=\"https:\/\/www.qianyipack.com\/wp-content\/uploads\/2021\/10\/CS13-cord-strapping-8.jpg\" alt=\"CS13-cord-strapping-8\" width=\"900\" height=\"600\" srcset=\"https:\/\/www.qianyipack.com\/wp-content\/uploads\/2021\/10\/CS13-cord-strapping-8.jpg 900w, https:\/\/www.qianyipack.com\/wp-content\/uploads\/2021\/10\/CS13-cord-strapping-8-800x533.jpg 800w, https:\/\/www.qianyipack.com\/wp-content\/uploads\/2021\/10\/CS13-cord-strapping-8-300x200.jpg 300w, https:\/\/www.qianyipack.com\/wp-content\/uploads\/2021\/10\/CS13-cord-strapping-8-768x512.jpg 768w\" sizes=\"(max-width: 900px) 100vw, 900px\" \/><figcaption id=\"caption-attachment-1033\" class=\"wp-caption-text\">CS13-cord-strapping-8<\/figcaption><\/figure>\n<h3>Especifica\u00e7\u00e3o<\/h3>\n<p>Resolve o problema da baixa tens\u00e3o da esteira de embalagem P tradicional. O problema da fita de a\u00e7o pesada e dura \u00e9 resolvido.<br \/>\nO problema do escorregamento da esteira de embalagem de animais de estima\u00e7\u00e3o est\u00e1 resolvido. Macia, sem arranh\u00f5es, sem rachaduras, resistente \u00e0s intemp\u00e9ries. Super resistente \u00e0 tra\u00e7\u00e3o e ao desgaste. Tamb\u00e9m pode ser usada sem dedu\u00e7\u00e3o.<\/p>\n<figure id=\"attachment_1035\" aria-describedby=\"caption-attachment-1035\" style=\"width: 960px\" class=\"wp-caption alignnone\"><img decoding=\"async\" class=\"size-full wp-image-1035\" src=\"https:\/\/www.qianyipack.com\/wp-content\/uploads\/2021\/10\/13-19mm-cord-strapping-specification.jpg\" alt=\"13-19mm-cord-strapping-specification\" width=\"960\" height=\"529\" srcset=\"https:\/\/www.qianyipack.com\/wp-content\/uploads\/2021\/10\/13-19mm-cord-strapping-specification.jpg 960w, https:\/\/www.qianyipack.com\/wp-content\/uploads\/2021\/10\/13-19mm-cord-strapping-specification-800x441.jpg 800w, https:\/\/www.qianyipack.com\/wp-content\/uploads\/2021\/10\/13-19mm-cord-strapping-specification-300x165.jpg 300w, https:\/\/www.qianyipack.com\/wp-content\/uploads\/2021\/10\/13-19mm-cord-strapping-specification-768x423.jpg 768w\" sizes=\"(max-width: 960px) 100vw, 960px\" \/><figcaption id=\"caption-attachment-1035\" class=\"wp-caption-text\">13-19mm-cord-strapping-specification<\/figcaption><\/figure>\n<h3>Aplica\u00e7\u00e3o<\/h3>\n<p><a href=\"https:\/\/www.qianyipack.com\/en\/\" target=\"_blank\" rel=\"noopener\">As cintas de fibra<\/a> tem boa tens\u00e3o, e uma al\u00e7a \u00e9 equivalente a 5 cintas PP comuns. Isso economiza muito tempo de embalagem manual.<br \/>\n\u00c9 amplamente utilizado em embalagens log\u00edsticas, embalagens de equipamentos mec\u00e2nicos e embalagens de acess\u00f3rios para elevadores, com boa estanqueidade e sem deslizamento. A fita de embalagem de fibra de 13mm-19mm pode ser colada por colagem a quente sem fivela, o que n\u00e3o danificar\u00e1 a superf\u00edcie da mercadoria. Ela \u00e9 amplamente utilizada em embalagens el\u00e9tricas.<\/p>\n<figure id=\"attachment_1036\" aria-describedby=\"caption-attachment-1036\" style=\"width: 960px\" class=\"wp-caption alignnone\"><img decoding=\"async\" class=\"size-full wp-image-1036\" src=\"https:\/\/www.qianyipack.com\/wp-content\/uploads\/2021\/10\/Heavy-duty-strap-application.jpg\" alt=\"strapping application\" width=\"960\" height=\"540\" srcset=\"https:\/\/www.qianyipack.com\/wp-content\/uploads\/2021\/10\/Heavy-duty-strap-application.jpg 960w, https:\/\/www.qianyipack.com\/wp-content\/uploads\/2021\/10\/Heavy-duty-strap-application-800x450.jpg 800w, https:\/\/www.qianyipack.com\/wp-content\/uploads\/2021\/10\/Heavy-duty-strap-application-300x169.jpg 300w, https:\/\/www.qianyipack.com\/wp-content\/uploads\/2021\/10\/Heavy-duty-strap-application-768x432.jpg 768w\" sizes=\"(max-width: 960px) 100vw, 960px\" \/><figcaption id=\"caption-attachment-1036\" class=\"wp-caption-text\">aplica\u00e7\u00e3o de cintagem<\/figcaption><\/figure>","protected":false},"excerpt":{"rendered":"<div id=\"outer-wrap\" class=\"site clr\">\n<div id=\"wrap\" class=\"clr\">\n<p>As fitas compostas s\u00e3o recicladas, pois s\u00e3o um material de cintas de prote\u00e7\u00e3o ambiental. As cintas compostas s\u00e3o cintas de poli\u00e9ster co-extrudidas feitas de fibras t\u00eaxteis de poli\u00e9ster de alta tenacidade. Esta cinta \u00e9 composta de fios simples de poli\u00e9ster deitado paralelo com polipropileno revestido. \u00c9 o mais recente desenvolvimento em tecnologia de transporte n\u00e3o-met\u00e1lico e mais comumente utilizado.<\/p>\n<\/div>\n<\/div>","protected":false},"featured_media":1040,"template":"","meta":{"ocean_post_layout":"","ocean_both_sidebars_style":"","ocean_both_sidebars_content_width":0,"ocean_both_sidebars_sidebars_width":0,"ocean_sidebar":"0","ocean_second_sidebar":"0","ocean_disable_margins":"enable","ocean_add_body_class":"","ocean_shortcode_before_top_bar":"","ocean_shortcode_after_top_bar":"","ocean_shortcode_before_header":"","ocean_shortcode_after_header":"","ocean_has_shortcode":"","ocean_shortcode_after_title":"","ocean_shortcode_before_footer_widgets":"","ocean_shortcode_after_footer_widgets":"","ocean_shortcode_before_footer_bottom":"","ocean_shortcode_after_footer_bottom":"","ocean_display_top_bar":"default","ocean_display_header":"default","ocean_header_style":"","ocean_center_header_left_menu":"0","ocean_custom_header_template":"0","ocean_custom_logo":0,"ocean_custom_retina_logo":0,"ocean_custom_logo_max_width":0,"ocean_custom_logo_tablet_max_width":0,"ocean_custom_logo_mobile_max_width":0,"ocean_custom_logo_max_height":0,"ocean_custom_logo_tablet_max_height":0,"ocean_custom_logo_mobile_max_height":0,"ocean_header_custom_menu":"0","ocean_menu_typo_font_family":"0","ocean_menu_typo_font_subset":"","ocean_menu_typo_font_size":0,"ocean_menu_typo_font_size_tablet":0,"ocean_menu_typo_font_size_mobile":0,"ocean_menu_typo_font_size_unit":"px","ocean_menu_typo_font_weight":"","ocean_menu_typo_font_weight_tablet":"","ocean_menu_typo_font_weight_mobile":"","ocean_menu_typo_transform":"","ocean_menu_typo_transform_tablet":"","ocean_menu_typo_transform_mobile":"","ocean_menu_typo_line_height":0,"ocean_menu_typo_line_height_tablet":0,"ocean_menu_typo_line_height_mobile":0,"ocean_menu_typo_line_height_unit":"","ocean_menu_typo_spacing":0,"ocean_menu_typo_spacing_tablet":0,"ocean_menu_typo_spacing_mobile":0,"ocean_menu_typo_spacing_unit":"","ocean_menu_link_color":"","ocean_menu_link_color_hover":"","ocean_menu_link_color_active":"","ocean_menu_link_background":"","ocean_menu_link_hover_background":"","ocean_menu_link_active_background":"","ocean_menu_social_links_bg":"","ocean_menu_social_hover_links_bg":"","ocean_menu_social_links_color":"","ocean_menu_social_hover_links_color":"","ocean_disable_title":"default","ocean_disable_heading":"default","ocean_post_title":"","ocean_post_subheading":"","ocean_post_title_style":"","ocean_post_title_background_color":"","ocean_post_title_background":0,"ocean_post_title_bg_image_position":"","ocean_post_title_bg_image_attachment":"","ocean_post_title_bg_image_repeat":"","ocean_post_title_bg_image_size":"","ocean_post_title_height":0,"ocean_post_title_bg_overlay":0.5,"ocean_post_title_bg_overlay_color":"","ocean_disable_breadcrumbs":"default","ocean_breadcrumbs_color":"","ocean_breadcrumbs_separator_color":"","ocean_breadcrumbs_links_color":"","ocean_breadcrumbs_links_hover_color":"","ocean_display_footer_widgets":"default","ocean_display_footer_bottom":"default","ocean_custom_footer_template":"0","osh_disable_topbar_sticky":"default","osh_disable_header_sticky":"default","osh_sticky_header_style":"default","osh_sticky_header_effect":"","osh_custom_sticky_logo":0,"osh_custom_retina_sticky_logo":0,"osh_custom_sticky_logo_height":0,"osh_background_color":"","osh_links_color":"","osh_links_hover_color":"","osh_links_active_color":"","osh_links_bg_color":"","osh_links_hover_bg_color":"","osh_links_active_bg_color":"","osh_menu_social_links_color":"","osh_menu_social_hover_links_color":""},"product_brand":[],"product_cat":[36],"product_tag":[48,49,50],"class_list":{"0":"post-1032","1":"product","2":"type-product","3":"status-publish","4":"has-post-thumbnail","6":"product_cat-composite-cord-strap","7":"product_tag-cord-strap","8":"product_tag-packaging-strap","9":"product_tag-strapping-band","11":"entry","12":"has-media","14":"first","15":"instock","16":"featured","17":"shipping-taxable","18":"product-type-external","19":"col","20":"span_1_of_3","21":"owp-content-center","22":"owp-thumbs-layout-horizontal","23":"owp-btn-very-big","24":"owp-tabs-layout-horizontal"},"_links":{"self":[{"href":"https:\/\/www.qianyipack.com\/pt\/wp-json\/wp\/v2\/product\/1032","targetHints":{"allow":["GET"]}}],"collection":[{"href":"https:\/\/www.qianyipack.com\/pt\/wp-json\/wp\/v2\/product"}],"about":[{"href":"https:\/\/www.qianyipack.com\/pt\/wp-json\/wp\/v2\/types\/product"}],"wp:featuredmedia":[{"embeddable":true,"href":"https:\/\/www.qianyipack.com\/pt\/wp-json\/wp\/v2\/media\/1040"}],"wp:attachment":[{"href":"https:\/\/www.qianyipack.com\/pt\/wp-json\/wp\/v2\/media?parent=1032"}],"wp:term":[{"taxonomy":"product_brand","embeddable":true,"href":"https:\/\/www.qianyipack.com\/pt\/wp-json\/wp\/v2\/product_brand?post=1032"},{"taxonomy":"product_cat","embeddable":true,"href":"https:\/\/www.qianyipack.com\/pt\/wp-json\/wp\/v2\/product_cat?post=1032"},{"taxonomy":"product_tag","embeddable":true,"href":"https:\/\/www.qianyipack.com\/pt\/wp-json\/wp\/v2\/product_tag?post=1032"}],"curies":[{"name":"wp","href":"https:\/\/api.w.org\/{rel}","templated":true}]}}