{"id":1063,"date":"2021-10-14T03:45:14","date_gmt":"2021-10-14T11:45:14","guid":{"rendered":"https:\/\/www.qianyipack.com\/?post_type=product&#038;p=1063"},"modified":"2021-11-23T17:45:54","modified_gmt":"2021-11-24T01:45:54","slug":"32mm-wholesale-heavy-duty-strap-for-cargo-binding","status":"publish","type":"product","link":"https:\/\/www.qianyipack.com\/pt\/produto\/32mm-wholesale-heavy-duty-strap-for-cargo-binding","title":{"rendered":"Cinta de 32mm para amarra\u00e7\u00e3o de cargas pesadas no atacado"},"content":{"rendered":"<p>1. As mat\u00e9rias primas utilizadas no <a href=\"https:\/\/www.qianyipack.com\/en\/product-tag\/cord-strap\" target=\"_blank\" rel=\"noopener\">cintas de fibra<\/a> s\u00e3o todas as mat\u00e9rias primas de alta qualidade cuidadosamente selecionadas pelo comprador. A dureza e a cor das part\u00edculas pl\u00e1sticas atendem \u00e0s normas antes de poderem ser utilizadas.<br \/>\n2. Com mat\u00e9rias-primas de qualidade superior e tecnologia de produ\u00e7\u00e3o avan\u00e7ada, a <a href=\"https:\/\/www.qianyipack.com\/en\/product-tag\/composite-cord\" target=\"_blank\" rel=\"noopener\">cintas de amarra\u00e7\u00e3o<\/a> de nossa f\u00e1brica t\u00eam alta for\u00e7a de tra\u00e7\u00e3o, alta ader\u00eancia e a largura e espessura das cintas est\u00e3o de acordo com os padr\u00f5es internacionais.<br \/>\n3. As cores d\u00e3o \u00e0s pessoas sentimentos diferentes, os clientes podem encomendar cores diferentes de acordo com as diferentes necessidades.<br \/>\n4. A fita de embalagem de nossa f\u00e1brica \u00e9 superior em qualidade e barata, o que economiza o custo de embalagem para os clientes.<\/p>\n<figure id=\"attachment_2003\" aria-describedby=\"caption-attachment-2003\" style=\"width: 960px\" class=\"wp-caption alignnone\"><img fetchpriority=\"high\" decoding=\"async\" class=\"size-full wp-image-2003\" src=\"https:\/\/www.qianyipack.com\/wp-content\/uploads\/40mm-heavy-duty-strap-5.jpg\" alt=\"40mm heavy-duty strap (5)\" width=\"960\" height=\"540\" srcset=\"https:\/\/www.qianyipack.com\/wp-content\/uploads\/40mm-heavy-duty-strap-5.jpg 960w, https:\/\/www.qianyipack.com\/wp-content\/uploads\/40mm-heavy-duty-strap-5-800x450.jpg 800w, https:\/\/www.qianyipack.com\/wp-content\/uploads\/40mm-heavy-duty-strap-5-300x169.jpg 300w, https:\/\/www.qianyipack.com\/wp-content\/uploads\/40mm-heavy-duty-strap-5-768x432.jpg 768w, https:\/\/www.qianyipack.com\/wp-content\/uploads\/40mm-heavy-duty-strap-5-18x10.jpg 18w\" sizes=\"(max-width: 960px) 100vw, 960px\" \/><figcaption id=\"caption-attachment-2003\" class=\"wp-caption-text\">Correia para servi\u00e7o pesado de 40mm (5)<\/figcaption><\/figure>\n<h3>Especifica\u00e7\u00e3o<\/h3>\n<figure id=\"attachment_2005\" aria-describedby=\"caption-attachment-2005\" style=\"width: 960px\" class=\"wp-caption alignnone\"><img decoding=\"async\" class=\"size-full wp-image-2005\" src=\"https:\/\/www.qianyipack.com\/wp-content\/uploads\/40mm-woven-strapping-specification.jpg\" alt=\"40mm woven strapping specification\" width=\"960\" height=\"645\" srcset=\"https:\/\/www.qianyipack.com\/wp-content\/uploads\/40mm-woven-strapping-specification.jpg 960w, https:\/\/www.qianyipack.com\/wp-content\/uploads\/40mm-woven-strapping-specification-800x538.jpg 800w, https:\/\/www.qianyipack.com\/wp-content\/uploads\/40mm-woven-strapping-specification-300x202.jpg 300w, https:\/\/www.qianyipack.com\/wp-content\/uploads\/40mm-woven-strapping-specification-768x516.jpg 768w, https:\/\/www.qianyipack.com\/wp-content\/uploads\/40mm-woven-strapping-specification-18x12.jpg 18w\" sizes=\"(max-width: 960px) 100vw, 960px\" \/><figcaption id=\"caption-attachment-2005\" class=\"wp-caption-text\">Especifica\u00e7\u00e3o de cintas tecidas de 40mm<\/figcaption><\/figure>\n<h3>Aplica\u00e7\u00e3o<\/h3>\n<p>A esteira de embalagem de fibra \u00e9 feita de poli\u00e9ster como principal mat\u00e9ria-prima e refinada. \u00c9 o novo material de embalagem internacional utilizado para substituir as esteiras de ferro no mundo. Tem forte resist\u00eancia \u00e0 tra\u00e7\u00e3o, baixo alongamento, boa flexibilidade e cor brilhante. A esteira de ferro \u00e9 fabricada em poli\u00e9ster como principal mat\u00e9ria-prima e refinada. A embalagem autom\u00e1tica online tem muitas vantagens como boa usabilidade, seguran\u00e7a e confiabilidade, bela apar\u00eancia, sem ferrugem e baixo custo de uso. Tornou-se uma marca de renome internacional e \u00e9 favorecida por clientes em todo o mundo. \u00c9 o produto l\u00edder no mercado. Tem sido amplamente utilizado em a\u00e7o, tubos met\u00e1licos, madeira, papel, fibra qu\u00edmica, t\u00eaxtil, vidro, lingote de alum\u00ednio, eletrodom\u00e9sticos e outras ind\u00fastrias.<\/p>\n<figure id=\"attachment_1036\" aria-describedby=\"caption-attachment-1036\" style=\"width: 960px\" class=\"wp-caption alignnone\"><img decoding=\"async\" class=\"size-full wp-image-1036\" src=\"https:\/\/www.qianyipack.com\/wp-content\/uploads\/2021\/10\/Heavy-duty-strap-application.jpg\" alt=\"strapping application\" width=\"960\" height=\"540\" srcset=\"https:\/\/www.qianyipack.com\/wp-content\/uploads\/2021\/10\/Heavy-duty-strap-application.jpg 960w, https:\/\/www.qianyipack.com\/wp-content\/uploads\/2021\/10\/Heavy-duty-strap-application-800x450.jpg 800w, https:\/\/www.qianyipack.com\/wp-content\/uploads\/2021\/10\/Heavy-duty-strap-application-300x169.jpg 300w, https:\/\/www.qianyipack.com\/wp-content\/uploads\/2021\/10\/Heavy-duty-strap-application-768x432.jpg 768w\" sizes=\"(max-width: 960px) 100vw, 960px\" \/><figcaption id=\"caption-attachment-1036\" class=\"wp-caption-text\">aplica\u00e7\u00e3o de cintagem<\/figcaption><\/figure>","protected":false},"excerpt":{"rendered":"<div id=\"outer-wrap\" class=\"site clr\">\n<div id=\"wrap\" class=\"clr\">\n<div id=\"outer-wrap\" class=\"site clr\">\n<div id=\"wrap\" class=\"clr\">\n<p>As cintas flex\u00edveis de fibra de poli\u00e9ster s\u00e3o feitas de poli\u00e9ster de alta resist\u00eancia. Devido a sua textura especial - resistente ao amortecimento, pode ser usada de forma flex\u00edvel e ampla em embalagens de transporte. A esteira de embalagem flex\u00edvel de fibra de poli\u00e9ster \u00e9 sintetizada por m\u00faltiplos fios de fibra de poli\u00e9ster pol\u00edmero, que \u00e9 utilizada para amarrar e fixar as mercadorias dispersas, para que possam ser transportadas mais rapidamente.<\/p>\n<\/div>\n<\/div>\n<\/div>\n<\/div>","protected":false},"featured_media":2096,"template":"","meta":{"ocean_post_layout":"","ocean_both_sidebars_style":"","ocean_both_sidebars_content_width":0,"ocean_both_sidebars_sidebars_width":0,"ocean_sidebar":"0","ocean_second_sidebar":"0","ocean_disable_margins":"enable","ocean_add_body_class":"","ocean_shortcode_before_top_bar":"","ocean_shortcode_after_top_bar":"","ocean_shortcode_before_header":"","ocean_shortcode_after_header":"","ocean_has_shortcode":"","ocean_shortcode_after_title":"","ocean_shortcode_before_footer_widgets":"","ocean_shortcode_after_footer_widgets":"","ocean_shortcode_before_footer_bottom":"","ocean_shortcode_after_footer_bottom":"","ocean_display_top_bar":"default","ocean_display_header":"default","ocean_header_style":"","ocean_center_header_left_menu":"0","ocean_custom_header_template":"0","ocean_custom_logo":0,"ocean_custom_retina_logo":0,"ocean_custom_logo_max_width":0,"ocean_custom_logo_tablet_max_width":0,"ocean_custom_logo_mobile_max_width":0,"ocean_custom_logo_max_height":0,"ocean_custom_logo_tablet_max_height":0,"ocean_custom_logo_mobile_max_height":0,"ocean_header_custom_menu":"0","ocean_menu_typo_font_family":"0","ocean_menu_typo_font_subset":"","ocean_menu_typo_font_size":0,"ocean_menu_typo_font_size_tablet":0,"ocean_menu_typo_font_size_mobile":0,"ocean_menu_typo_font_size_unit":"px","ocean_menu_typo_font_weight":"","ocean_menu_typo_font_weight_tablet":"","ocean_menu_typo_font_weight_mobile":"","ocean_menu_typo_transform":"","ocean_menu_typo_transform_tablet":"","ocean_menu_typo_transform_mobile":"","ocean_menu_typo_line_height":0,"ocean_menu_typo_line_height_tablet":0,"ocean_menu_typo_line_height_mobile":0,"ocean_menu_typo_line_height_unit":"","ocean_menu_typo_spacing":0,"ocean_menu_typo_spacing_tablet":0,"ocean_menu_typo_spacing_mobile":0,"ocean_menu_typo_spacing_unit":"","ocean_menu_link_color":"","ocean_menu_link_color_hover":"","ocean_menu_link_color_active":"","ocean_menu_link_background":"","ocean_menu_link_hover_background":"","ocean_menu_link_active_background":"","ocean_menu_social_links_bg":"","ocean_menu_social_hover_links_bg":"","ocean_menu_social_links_color":"","ocean_menu_social_hover_links_color":"","ocean_disable_title":"default","ocean_disable_heading":"default","ocean_post_title":"","ocean_post_subheading":"","ocean_post_title_style":"","ocean_post_title_background_color":"","ocean_post_title_background":0,"ocean_post_title_bg_image_position":"","ocean_post_title_bg_image_attachment":"","ocean_post_title_bg_image_repeat":"","ocean_post_title_bg_image_size":"","ocean_post_title_height":0,"ocean_post_title_bg_overlay":0.5,"ocean_post_title_bg_overlay_color":"","ocean_disable_breadcrumbs":"default","ocean_breadcrumbs_color":"","ocean_breadcrumbs_separator_color":"","ocean_breadcrumbs_links_color":"","ocean_breadcrumbs_links_hover_color":"","ocean_display_footer_widgets":"default","ocean_display_footer_bottom":"default","ocean_custom_footer_template":"0","osh_disable_topbar_sticky":"default","osh_disable_header_sticky":"default","osh_sticky_header_style":"default","osh_sticky_header_effect":"","osh_custom_sticky_logo":0,"osh_custom_retina_sticky_logo":0,"osh_custom_sticky_logo_height":0,"osh_background_color":"","osh_links_color":"","osh_links_hover_color":"","osh_links_active_color":"","osh_links_bg_color":"","osh_links_hover_bg_color":"","osh_links_active_bg_color":"","osh_menu_social_links_color":"","osh_menu_social_hover_links_color":""},"product_brand":[],"product_cat":[38],"product_tag":[56,48,57],"class_list":{"0":"post-1063","1":"product","2":"type-product","3":"status-publish","4":"has-post-thumbnail","6":"product_cat-woven-polyester-strap","7":"product_tag-composite-cord","8":"product_tag-cord-strap","9":"product_tag-cord-strapping","11":"entry","12":"has-media","14":"first","15":"instock","16":"shipping-taxable","17":"product-type-external","18":"col","19":"span_1_of_3","20":"owp-content-center","21":"owp-thumbs-layout-horizontal","22":"owp-btn-very-big","23":"owp-tabs-layout-horizontal"},"_links":{"self":[{"href":"https:\/\/www.qianyipack.com\/pt\/wp-json\/wp\/v2\/product\/1063","targetHints":{"allow":["GET"]}}],"collection":[{"href":"https:\/\/www.qianyipack.com\/pt\/wp-json\/wp\/v2\/product"}],"about":[{"href":"https:\/\/www.qianyipack.com\/pt\/wp-json\/wp\/v2\/types\/product"}],"wp:featuredmedia":[{"embeddable":true,"href":"https:\/\/www.qianyipack.com\/pt\/wp-json\/wp\/v2\/media\/2096"}],"wp:attachment":[{"href":"https:\/\/www.qianyipack.com\/pt\/wp-json\/wp\/v2\/media?parent=1063"}],"wp:term":[{"taxonomy":"product_brand","embeddable":true,"href":"https:\/\/www.qianyipack.com\/pt\/wp-json\/wp\/v2\/product_brand?post=1063"},{"taxonomy":"product_cat","embeddable":true,"href":"https:\/\/www.qianyipack.com\/pt\/wp-json\/wp\/v2\/product_cat?post=1063"},{"taxonomy":"product_tag","embeddable":true,"href":"https:\/\/www.qianyipack.com\/pt\/wp-json\/wp\/v2\/product_tag?post=1063"}],"curies":[{"name":"wp","href":"https:\/\/api.w.org\/{rel}","templated":true}]}}