{"id":1075,"date":"2021-10-14T16:40:16","date_gmt":"2021-10-15T00:40:16","guid":{"rendered":"https:\/\/www.qianyipack.com\/?post_type=product&#038;p=1075"},"modified":"2021-11-23T01:05:06","modified_gmt":"2021-11-23T09:05:06","slug":"38mm-hotmelt-glue-fiber-flexible-packing-strap","status":"publish","type":"product","link":"https:\/\/www.qianyipack.com\/pt\/produto\/38mm-hotmelt-glue-fiber-flexible-packing-strap","title":{"rendered":"Al\u00e7a de embalagem flex\u00edvel de fibra de cola termofus\u00edvel 38mm"},"content":{"rendered":"<p>Adesivo de fus\u00e3o a quente (fibra) <a href=\"https:\/\/www.qianyipack.com\/en\/product\/\" target=\"_blank\" rel=\"noopener\">cintas flex\u00edveis<\/a> \u00e9 feito de fio de poli\u00e9ster de alta resist\u00eancia e adesivo de alta qualidade atrav\u00e9s de um processo especial. Uma esteira de embalagem flex\u00edvel de fibra adesiva de excelente qualidade n\u00e3o s\u00f3 representa nossa rigorosa qualidade na sele\u00e7\u00e3o de fios de poli\u00e9ster de alta resist\u00eancia, mas tamb\u00e9m prova nossa inova\u00e7\u00e3o tecnol\u00f3gica na formula\u00e7\u00e3o de compostos adesivos.<\/p>\n<figure id=\"attachment_1076\" aria-describedby=\"caption-attachment-1076\" style=\"width: 800px\" class=\"wp-caption alignnone\"><img fetchpriority=\"high\" decoding=\"async\" class=\"size-full wp-image-1076\" src=\"https:\/\/www.qianyipack.com\/wp-content\/uploads\/2021\/10\/hotmelt-glue-strap-description.jpg\" alt=\"hotmelt glue strap description\" width=\"800\" height=\"460\" srcset=\"https:\/\/www.qianyipack.com\/wp-content\/uploads\/2021\/10\/hotmelt-glue-strap-description.jpg 800w, https:\/\/www.qianyipack.com\/wp-content\/uploads\/2021\/10\/hotmelt-glue-strap-description-300x173.jpg 300w, https:\/\/www.qianyipack.com\/wp-content\/uploads\/2021\/10\/hotmelt-glue-strap-description-768x442.jpg 768w, https:\/\/www.qianyipack.com\/wp-content\/uploads\/2021\/10\/hotmelt-glue-strap-description-600x345.jpg 600w\" sizes=\"(max-width: 800px) 100vw, 800px\" \/><figcaption id=\"caption-attachment-1076\" class=\"wp-caption-text\">descri\u00e7\u00e3o da al\u00e7a de cola termofus\u00edvel<\/figcaption><\/figure>\n<h3>Destaque<\/h3>\n<p>As cintas de fibra adesiva derretida a quente n\u00e3o ser\u00e3o esticadas como as cintas PP sob a mesma carga de trabalho.<br \/>\n<a href=\"https:\/\/www.qianyipack.com\/en\/product-tag\/hot-melt-adhesive-strap\" target=\"_blank\" rel=\"noopener\">Cintas de fibra adesiva de fus\u00e3o a quente<\/a> \u00e9 at\u00f3xico e ecologicamente correto, e n\u00e3o corr\u00f3i, enferruja ou muda de cor.<br \/>\nO ambiente de trabalho da esteira de embalagem de fibra adesiva quente derretida n\u00e3o \u00e9 afetado pela luz solar ou pelo tempo.<br \/>\nAs cintas de fibra adesiva de fus\u00e3o a quente podem substituir as tradicionais cintas de a\u00e7o pl\u00e1stico PET para opera\u00e7\u00f5es de alta carga.<br \/>\nA cinta adesiva de fibra pesada de fus\u00e3o a quente \u00e9 mais forte do que a cinta de a\u00e7o leve.<br \/>\nAs cintas de fibra adesiva de fus\u00e3o a quente s\u00e3o mais seguras de usar e n\u00e3o se recuperar\u00e3o como as cintas de a\u00e7o.<br \/>\nA esteira de embalagem de fibra adesiva de fus\u00e3o a quente tem alta capacidade de absor\u00e7\u00e3o de choques durante o transporte.<br \/>\nEm compara\u00e7\u00e3o com a esteira de a\u00e7o pl\u00e1stico PET, a esteira de cintas de fibra adesiva derretida a quente n\u00e3o tem bordas afiadas.<br \/>\nA esteira de embalagem de fibra adesiva de fus\u00e3o a quente mant\u00e9m sua tens\u00e3o inicial e garante efetivamente a estabilidade da bandeja de carga.<br \/>\nO custo de embalagem das cintas de fibra adesiva derretida a quente \u00e9 muito inferior ao das cintas de a\u00e7o tradicionais, e a quantidade de cintas por rolo \u00e9 tr\u00eas vezes maior do que a das cintas de a\u00e7o.<\/p>\n<h3>Especifica\u00e7\u00e3o<\/h3>\n<figure id=\"attachment_1077\" aria-describedby=\"caption-attachment-1077\" style=\"width: 850px\" class=\"wp-caption alignnone\"><img decoding=\"async\" class=\"size-full wp-image-1077\" src=\"https:\/\/www.qianyipack.com\/wp-content\/uploads\/2021\/10\/Hotmelt-strap-specification.jpg\" alt=\"Hotmelt-strap-specification\" width=\"850\" height=\"925\" srcset=\"https:\/\/www.qianyipack.com\/wp-content\/uploads\/2021\/10\/Hotmelt-strap-specification.jpg 850w, https:\/\/www.qianyipack.com\/wp-content\/uploads\/2021\/10\/Hotmelt-strap-specification-800x871.jpg 800w, https:\/\/www.qianyipack.com\/wp-content\/uploads\/2021\/10\/Hotmelt-strap-specification-276x300.jpg 276w, https:\/\/www.qianyipack.com\/wp-content\/uploads\/2021\/10\/Hotmelt-strap-specification-768x836.jpg 768w\" sizes=\"(max-width: 850px) 100vw, 850px\" \/><figcaption id=\"caption-attachment-1077\" class=\"wp-caption-text\">Especifica\u00e7\u00e3o Hotmelt-strap<\/figcaption><\/figure>\n<p>O QIANYI hot melt adesivo de fibra flex\u00edvel \u00e9 um produto comercial seguro e econ\u00f4mico de embalagem e cintagem. \u00c9 amplamente utilizada em muitas ind\u00fastrias, tais como agricultura, jardinagem, automobil\u00edstica, impress\u00e3o e embalagem, e pode suportar v\u00e1rias condi\u00e7\u00f5es clim\u00e1ticas e ambientais.<\/p>\n<figure id=\"attachment_1078\" aria-describedby=\"caption-attachment-1078\" style=\"width: 800px\" class=\"wp-caption alignnone\"><img decoding=\"async\" class=\"size-full wp-image-1078\" src=\"https:\/\/www.qianyipack.com\/wp-content\/uploads\/2021\/10\/glue-strap-application.jpg\" alt=\"glue-strap-application\" width=\"800\" height=\"796\" srcset=\"https:\/\/www.qianyipack.com\/wp-content\/uploads\/2021\/10\/glue-strap-application.jpg 800w, https:\/\/www.qianyipack.com\/wp-content\/uploads\/2021\/10\/glue-strap-application-300x300.jpg 300w, https:\/\/www.qianyipack.com\/wp-content\/uploads\/2021\/10\/glue-strap-application-100x100.jpg 100w, https:\/\/www.qianyipack.com\/wp-content\/uploads\/2021\/10\/glue-strap-application-150x150.jpg 150w, https:\/\/www.qianyipack.com\/wp-content\/uploads\/2021\/10\/glue-strap-application-768x764.jpg 768w, https:\/\/www.qianyipack.com\/wp-content\/uploads\/2021\/10\/glue-strap-application-600x597.jpg 600w\" sizes=\"(max-width: 800px) 100vw, 800px\" \/><figcaption id=\"caption-attachment-1078\" class=\"wp-caption-text\">aplica\u00e7\u00e3o de cola com cinta<\/figcaption><\/figure>","protected":false},"excerpt":{"rendered":"<p>De acordo com os diferentes par\u00e2metros de largura e desempenho do produto, a fita adesiva de liga\u00e7\u00e3o a quente pode ser adaptada a diferentes cen\u00e1rios de trabalho e atender \u00e0s diferentes necessidades de resist\u00eancia dos usu\u00e1rios. Podemos personalizar a produ\u00e7\u00e3o deste tipo de produto.<\/p>","protected":false},"featured_media":2095,"template":"","meta":{"ocean_post_layout":"","ocean_both_sidebars_style":"","ocean_both_sidebars_content_width":0,"ocean_both_sidebars_sidebars_width":0,"ocean_sidebar":"0","ocean_second_sidebar":"0","ocean_disable_margins":"enable","ocean_add_body_class":"","ocean_shortcode_before_top_bar":"","ocean_shortcode_after_top_bar":"","ocean_shortcode_before_header":"","ocean_shortcode_after_header":"","ocean_has_shortcode":"","ocean_shortcode_after_title":"","ocean_shortcode_before_footer_widgets":"","ocean_shortcode_after_footer_widgets":"","ocean_shortcode_before_footer_bottom":"","ocean_shortcode_after_footer_bottom":"","ocean_display_top_bar":"default","ocean_display_header":"default","ocean_header_style":"","ocean_center_header_left_menu":"0","ocean_custom_header_template":"0","ocean_custom_logo":0,"ocean_custom_retina_logo":0,"ocean_custom_logo_max_width":0,"ocean_custom_logo_tablet_max_width":0,"ocean_custom_logo_mobile_max_width":0,"ocean_custom_logo_max_height":0,"ocean_custom_logo_tablet_max_height":0,"ocean_custom_logo_mobile_max_height":0,"ocean_header_custom_menu":"0","ocean_menu_typo_font_family":"0","ocean_menu_typo_font_subset":"","ocean_menu_typo_font_size":0,"ocean_menu_typo_font_size_tablet":0,"ocean_menu_typo_font_size_mobile":0,"ocean_menu_typo_font_size_unit":"px","ocean_menu_typo_font_weight":"","ocean_menu_typo_font_weight_tablet":"","ocean_menu_typo_font_weight_mobile":"","ocean_menu_typo_transform":"","ocean_menu_typo_transform_tablet":"","ocean_menu_typo_transform_mobile":"","ocean_menu_typo_line_height":0,"ocean_menu_typo_line_height_tablet":0,"ocean_menu_typo_line_height_mobile":0,"ocean_menu_typo_line_height_unit":"","ocean_menu_typo_spacing":0,"ocean_menu_typo_spacing_tablet":0,"ocean_menu_typo_spacing_mobile":0,"ocean_menu_typo_spacing_unit":"","ocean_menu_link_color":"","ocean_menu_link_color_hover":"","ocean_menu_link_color_active":"","ocean_menu_link_background":"","ocean_menu_link_hover_background":"","ocean_menu_link_active_background":"","ocean_menu_social_links_bg":"","ocean_menu_social_hover_links_bg":"","ocean_menu_social_links_color":"","ocean_menu_social_hover_links_color":"","ocean_disable_title":"default","ocean_disable_heading":"default","ocean_post_title":"","ocean_post_subheading":"","ocean_post_title_style":"","ocean_post_title_background_color":"","ocean_post_title_background":0,"ocean_post_title_bg_image_position":"","ocean_post_title_bg_image_attachment":"","ocean_post_title_bg_image_repeat":"","ocean_post_title_bg_image_size":"","ocean_post_title_height":0,"ocean_post_title_bg_overlay":0.5,"ocean_post_title_bg_overlay_color":"","ocean_disable_breadcrumbs":"default","ocean_breadcrumbs_color":"","ocean_breadcrumbs_separator_color":"","ocean_breadcrumbs_links_color":"","ocean_breadcrumbs_links_hover_color":"","ocean_display_footer_widgets":"default","ocean_display_footer_bottom":"default","ocean_custom_footer_template":"0","osh_disable_topbar_sticky":"default","osh_disable_header_sticky":"default","osh_sticky_header_style":"default","osh_sticky_header_effect":"","osh_custom_sticky_logo":0,"osh_custom_retina_sticky_logo":0,"osh_custom_sticky_logo_height":0,"osh_background_color":"","osh_links_color":"","osh_links_hover_color":"","osh_links_active_color":"","osh_links_bg_color":"","osh_links_hover_bg_color":"","osh_links_active_bg_color":"","osh_menu_social_links_color":"","osh_menu_social_hover_links_color":""},"product_brand":[],"product_cat":[40],"product_tag":[58,59,49],"class_list":{"0":"post-1075","1":"product","2":"type-product","3":"status-publish","4":"has-post-thumbnail","6":"product_cat-hotmelt-cord-strapping","7":"product_tag-fiber-strapping","8":"product_tag-hot-melt-adhesive-strap","9":"product_tag-packaging-strap","11":"entry","12":"has-media","14":"first","15":"instock","16":"shipping-taxable","17":"product-type-external","18":"col","19":"span_1_of_3","20":"owp-content-center","21":"owp-thumbs-layout-horizontal","22":"owp-btn-very-big","23":"owp-tabs-layout-horizontal"},"_links":{"self":[{"href":"https:\/\/www.qianyipack.com\/pt\/wp-json\/wp\/v2\/product\/1075","targetHints":{"allow":["GET"]}}],"collection":[{"href":"https:\/\/www.qianyipack.com\/pt\/wp-json\/wp\/v2\/product"}],"about":[{"href":"https:\/\/www.qianyipack.com\/pt\/wp-json\/wp\/v2\/types\/product"}],"wp:featuredmedia":[{"embeddable":true,"href":"https:\/\/www.qianyipack.com\/pt\/wp-json\/wp\/v2\/media\/2095"}],"wp:attachment":[{"href":"https:\/\/www.qianyipack.com\/pt\/wp-json\/wp\/v2\/media?parent=1075"}],"wp:term":[{"taxonomy":"product_brand","embeddable":true,"href":"https:\/\/www.qianyipack.com\/pt\/wp-json\/wp\/v2\/product_brand?post=1075"},{"taxonomy":"product_cat","embeddable":true,"href":"https:\/\/www.qianyipack.com\/pt\/wp-json\/wp\/v2\/product_cat?post=1075"},{"taxonomy":"product_tag","embeddable":true,"href":"https:\/\/www.qianyipack.com\/pt\/wp-json\/wp\/v2\/product_tag?post=1075"}],"curies":[{"name":"wp","href":"https:\/\/api.w.org\/{rel}","templated":true}]}}