{"id":1094,"date":"2021-10-14T17:02:10","date_gmt":"2021-10-15T01:02:10","guid":{"rendered":"https:\/\/www.qianyipack.com\/?post_type=product&#038;p=1094"},"modified":"2021-11-23T17:12:15","modified_gmt":"2021-11-24T01:12:15","slug":"manual-strapping-tensioner-tools-for-packaging-rope","status":"publish","type":"product","link":"https:\/\/www.qianyipack.com\/pt\/produto\/manual-strapping-tensioner-tools-for-packaging-rope","title":{"rendered":"Ferramentas de Tensionador Manual de Cinta para Corda de Embalagem"},"content":{"rendered":"<p>O projeto especial da estrutura da roda tensora Qianyi adota o m\u00e9todo de aperto rotativo, que tem grande for\u00e7a de aperto e correia mais longa. \u00c9 mais adequada para a embalagem simples de itens pesados e volumosos, simples e f\u00e1cil de operar, e a m\u00e1quina tem boa durabilidade. O corpo principal \u00e9 feito de liga de alum\u00ednio de alta qualidade fundida sob press\u00e3o, forte e leve, e f\u00e1cil de mover. Todos os outros componentes s\u00e3o feitos de a\u00e7o de alta qualidade, processamento de precis\u00e3o de tecnologia avan\u00e7ada, e todos passaram por um tratamento t\u00e9rmico rigoroso com baixa taxa de falhas.<br \/>\nPassos para o uso<br \/>\n1. Dobre uma extremidade da al\u00e7a do lado esquerdo, insira-a e depois dobre a haste de fixa\u00e7\u00e3o esquerda na al\u00e7a para apert\u00e1-la.<br \/>\n2. Segure a esteira de embalagem com sua m\u00e3o direita ao redor da embalagem, dobre o lado direito da esteira de embalagem e insira-a, e dobre a haste de fixa\u00e7\u00e3o direita na esteira de embalagem.<br \/>\n3. Fixe a al\u00e7a com a m\u00e3o esquerda, e puxe a al\u00e7a na extremidade direita com sua m\u00e3o direita para apertar a al\u00e7a.<\/p>\n<figure id=\"attachment_1097\" aria-describedby=\"caption-attachment-1097\" style=\"width: 960px\" class=\"wp-caption alignnone\"><img fetchpriority=\"high\" decoding=\"async\" class=\"size-full wp-image-1097\" src=\"https:\/\/www.qianyipack.com\/wp-content\/uploads\/2021\/10\/strapping-tensioner-1.jpg\" alt=\"strapping-tensioner-1\" width=\"960\" height=\"641\" srcset=\"https:\/\/www.qianyipack.com\/wp-content\/uploads\/2021\/10\/strapping-tensioner-1.jpg 960w, https:\/\/www.qianyipack.com\/wp-content\/uploads\/2021\/10\/strapping-tensioner-1-800x534.jpg 800w, https:\/\/www.qianyipack.com\/wp-content\/uploads\/2021\/10\/strapping-tensioner-1-300x200.jpg 300w, https:\/\/www.qianyipack.com\/wp-content\/uploads\/2021\/10\/strapping-tensioner-1-768x513.jpg 768w\" sizes=\"(max-width: 960px) 100vw, 960px\" \/><figcaption id=\"caption-attachment-1097\" class=\"wp-caption-text\">tensionador de cinta-1<\/figcaption><\/figure>\n<h3>Especifica\u00e7\u00e3o<\/h3>\n<p>1. F\u00e1cil de usar, design inteligente e f\u00e1cil de mover.<br \/>\n2. Grande for\u00e7a de amarra\u00e7\u00e3o e projeto estrutural especial podem facilmente perceber o aperto e a embalagem de materiais de embalagem pesados, como a\u00e7o e alum\u00ednio.<br \/>\n3. A m\u00e1quina tem alta durabilidade. Todos os corpos e estruturas s\u00e3o feitos de materiais de liga met\u00e1lica de alta resist\u00eancia, com design confi\u00e1vel e tecnologia avan\u00e7ada.<br \/>\n4. Projeto seguro e sem fadiga.<\/p>\n<figure id=\"attachment_1096\" aria-describedby=\"caption-attachment-1096\" style=\"width: 750px\" class=\"wp-caption alignnone\"><img decoding=\"async\" class=\"size-full wp-image-1096\" src=\"https:\/\/www.qianyipack.com\/wp-content\/uploads\/2021\/10\/strapping-tensioner-specification.jpg\" alt=\"strapping-tensioner-specification\" width=\"750\" height=\"866\" srcset=\"https:\/\/www.qianyipack.com\/wp-content\/uploads\/2021\/10\/strapping-tensioner-specification.jpg 750w, https:\/\/www.qianyipack.com\/wp-content\/uploads\/2021\/10\/strapping-tensioner-specification-260x300.jpg 260w, https:\/\/www.qianyipack.com\/wp-content\/uploads\/2021\/10\/strapping-tensioner-specification-600x693.jpg 600w\" sizes=\"(max-width: 750px) 100vw, 750px\" \/><figcaption id=\"caption-attachment-1096\" class=\"wp-caption-text\">especifica\u00e7\u00e3o do tensor de cintagem<\/figcaption><\/figure>\n<h3>Aplica\u00e7\u00e3o<\/h3>\n<p>Este tensionador \u00e9 feito de liga de a\u00e7o de alta qualidade com tecnologia de produ\u00e7\u00e3o avan\u00e7ada. A estrutura \u00e9 simples e tem boa figura, f\u00e1cil opera\u00e7\u00e3o e vida \u00fatil dur\u00e1vel. este tensionador \u00e9 aplic\u00e1vel para <a href=\"https:\/\/www.qianyipack.com\/en\/product-category\/pp-plastic-strap\" target=\"_blank\" rel=\"noopener\">PP<\/a>, <a href=\"https:\/\/www.qianyipack.com\/en\/product-category\/pet-polyester-strap\" target=\"_blank\" rel=\"noopener\">PET<\/a>, embalagem com cintas CORD. Serve para embalar caixa de madeira, caixa, material de pedra, material de madeira e etc... \u00c9 conectado por fivela de a\u00e7o em forma de M. Quando o projeto \u00e9 razo\u00e1vel, a conex\u00e3o n\u00e3o s\u00f3 \u00e9 firme, mas tamb\u00e9m n\u00e3o cai e escorrega sob o estado apertado e firme, o que melhora muito a efici\u00eancia do trabalho no processo de encaderna\u00e7\u00e3o.<\/p>\n<figure id=\"attachment_1095\" aria-describedby=\"caption-attachment-1095\" style=\"width: 960px\" class=\"wp-caption alignnone\"><img decoding=\"async\" class=\"size-full wp-image-1095\" src=\"https:\/\/www.qianyipack.com\/wp-content\/uploads\/2021\/10\/Heavy-duty-strap-application-1.jpg\" alt=\"strap tensioner application\" width=\"960\" height=\"540\" srcset=\"https:\/\/www.qianyipack.com\/wp-content\/uploads\/2021\/10\/Heavy-duty-strap-application-1.jpg 960w, https:\/\/www.qianyipack.com\/wp-content\/uploads\/2021\/10\/Heavy-duty-strap-application-1-800x450.jpg 800w, https:\/\/www.qianyipack.com\/wp-content\/uploads\/2021\/10\/Heavy-duty-strap-application-1-300x169.jpg 300w, https:\/\/www.qianyipack.com\/wp-content\/uploads\/2021\/10\/Heavy-duty-strap-application-1-768x432.jpg 768w\" sizes=\"(max-width: 960px) 100vw, 960px\" \/><figcaption id=\"caption-attachment-1095\" class=\"wp-caption-text\">aplica\u00e7\u00e3o do tensionador de correia<\/figcaption><\/figure>","protected":false},"excerpt":{"rendered":"<p>\u00c9 amplamente utilizado na ind\u00fastria de papel, ind\u00fastria de alum\u00ednio, a\u00e7o, madeira, embalagem de caixas de madeira, fibra qu\u00edmica, fia\u00e7\u00e3o de algod\u00e3o, ind\u00fastria qu\u00edmica, produtos met\u00e1licos e outras ind\u00fastrias. Efici\u00eancia no trabalho Boa continuidade de opera\u00e7\u00e3o, aperto, afrouxamento e corte s\u00e3o conclu\u00eddos continuamente, economizando tempo e esfor\u00e7o, simples e r\u00e1pido.<\/p>","protected":false},"featured_media":1099,"template":"","meta":{"ocean_post_layout":"","ocean_both_sidebars_style":"","ocean_both_sidebars_content_width":0,"ocean_both_sidebars_sidebars_width":0,"ocean_sidebar":"0","ocean_second_sidebar":"0","ocean_disable_margins":"enable","ocean_add_body_class":"","ocean_shortcode_before_top_bar":"","ocean_shortcode_after_top_bar":"","ocean_shortcode_before_header":"","ocean_shortcode_after_header":"","ocean_has_shortcode":"","ocean_shortcode_after_title":"","ocean_shortcode_before_footer_widgets":"","ocean_shortcode_after_footer_widgets":"","ocean_shortcode_before_footer_bottom":"","ocean_shortcode_after_footer_bottom":"","ocean_display_top_bar":"default","ocean_display_header":"default","ocean_header_style":"","ocean_center_header_left_menu":"0","ocean_custom_header_template":"0","ocean_custom_logo":0,"ocean_custom_retina_logo":0,"ocean_custom_logo_max_width":0,"ocean_custom_logo_tablet_max_width":0,"ocean_custom_logo_mobile_max_width":0,"ocean_custom_logo_max_height":0,"ocean_custom_logo_tablet_max_height":0,"ocean_custom_logo_mobile_max_height":0,"ocean_header_custom_menu":"0","ocean_menu_typo_font_family":"0","ocean_menu_typo_font_subset":"","ocean_menu_typo_font_size":0,"ocean_menu_typo_font_size_tablet":0,"ocean_menu_typo_font_size_mobile":0,"ocean_menu_typo_font_size_unit":"px","ocean_menu_typo_font_weight":"","ocean_menu_typo_font_weight_tablet":"","ocean_menu_typo_font_weight_mobile":"","ocean_menu_typo_transform":"","ocean_menu_typo_transform_tablet":"","ocean_menu_typo_transform_mobile":"","ocean_menu_typo_line_height":0,"ocean_menu_typo_line_height_tablet":0,"ocean_menu_typo_line_height_mobile":0,"ocean_menu_typo_line_height_unit":"","ocean_menu_typo_spacing":0,"ocean_menu_typo_spacing_tablet":0,"ocean_menu_typo_spacing_mobile":0,"ocean_menu_typo_spacing_unit":"","ocean_menu_link_color":"","ocean_menu_link_color_hover":"","ocean_menu_link_color_active":"","ocean_menu_link_background":"","ocean_menu_link_hover_background":"","ocean_menu_link_active_background":"","ocean_menu_social_links_bg":"","ocean_menu_social_hover_links_bg":"","ocean_menu_social_links_color":"","ocean_menu_social_hover_links_color":"","ocean_disable_title":"default","ocean_disable_heading":"default","ocean_post_title":"","ocean_post_subheading":"","ocean_post_title_style":"","ocean_post_title_background_color":"","ocean_post_title_background":0,"ocean_post_title_bg_image_position":"","ocean_post_title_bg_image_attachment":"","ocean_post_title_bg_image_repeat":"","ocean_post_title_bg_image_size":"","ocean_post_title_height":0,"ocean_post_title_bg_overlay":0.5,"ocean_post_title_bg_overlay_color":"","ocean_disable_breadcrumbs":"default","ocean_breadcrumbs_color":"","ocean_breadcrumbs_separator_color":"","ocean_breadcrumbs_links_color":"","ocean_breadcrumbs_links_hover_color":"","ocean_display_footer_widgets":"default","ocean_display_footer_bottom":"default","ocean_custom_footer_template":"0","osh_disable_topbar_sticky":"default","osh_disable_header_sticky":"default","osh_sticky_header_style":"default","osh_sticky_header_effect":"","osh_custom_sticky_logo":0,"osh_custom_retina_sticky_logo":0,"osh_custom_sticky_logo_height":0,"osh_background_color":"","osh_links_color":"","osh_links_hover_color":"","osh_links_active_color":"","osh_links_bg_color":"","osh_links_hover_bg_color":"","osh_links_active_bg_color":"","osh_menu_social_links_color":"","osh_menu_social_hover_links_color":""},"product_brand":[],"product_cat":[45],"product_tag":[61,62,63],"class_list":{"0":"post-1094","1":"product","2":"type-product","3":"status-publish","4":"has-post-thumbnail","6":"product_cat-strapping-tensioner","7":"product_tag-packing-tensioner","8":"product_tag-strapping-tensioner","9":"product_tag-strapping-tools","11":"entry","12":"has-media","14":"first","15":"instock","16":"featured","17":"shipping-taxable","18":"product-type-external","19":"col","20":"span_1_of_3","21":"owp-content-center","22":"owp-thumbs-layout-horizontal","23":"owp-btn-very-big","24":"owp-tabs-layout-horizontal"},"_links":{"self":[{"href":"https:\/\/www.qianyipack.com\/pt\/wp-json\/wp\/v2\/product\/1094","targetHints":{"allow":["GET"]}}],"collection":[{"href":"https:\/\/www.qianyipack.com\/pt\/wp-json\/wp\/v2\/product"}],"about":[{"href":"https:\/\/www.qianyipack.com\/pt\/wp-json\/wp\/v2\/types\/product"}],"wp:featuredmedia":[{"embeddable":true,"href":"https:\/\/www.qianyipack.com\/pt\/wp-json\/wp\/v2\/media\/1099"}],"wp:attachment":[{"href":"https:\/\/www.qianyipack.com\/pt\/wp-json\/wp\/v2\/media?parent=1094"}],"wp:term":[{"taxonomy":"product_brand","embeddable":true,"href":"https:\/\/www.qianyipack.com\/pt\/wp-json\/wp\/v2\/product_brand?post=1094"},{"taxonomy":"product_cat","embeddable":true,"href":"https:\/\/www.qianyipack.com\/pt\/wp-json\/wp\/v2\/product_cat?post=1094"},{"taxonomy":"product_tag","embeddable":true,"href":"https:\/\/www.qianyipack.com\/pt\/wp-json\/wp\/v2\/product_tag?post=1094"}],"curies":[{"name":"wp","href":"https:\/\/api.w.org\/{rel}","templated":true}]}}