{"id":1571,"date":"2021-10-17T19:00:58","date_gmt":"2021-10-18T03:00:58","guid":{"rendered":"https:\/\/www.qianyipack.com\/?post_type=product&#038;p=1571"},"modified":"2021-11-23T00:57:59","modified_gmt":"2021-11-23T08:57:59","slug":"32mm-fiber-heavy-duty-transport-flexible-packing-strap","status":"publish","type":"product","link":"https:\/\/www.qianyipack.com\/pt\/produto\/32mm-fiber-heavy-duty-transport-flexible-packing-strap","title":{"rendered":"Al\u00e7a de embalagem flex\u00edvel de 32mm de fibra para transporte pesado"},"content":{"rendered":"<p>1. Resist\u00eancia \u00e0 tra\u00e7\u00e3o de alta resist\u00eancia, substituindo os m\u00e9todos tradicionais de cintagem de a\u00e7o.<br \/>\n2. \u00c9 el\u00e1stico, male\u00e1vel e amortecedor. Devido a sua ductilidade e resili\u00eancia ap\u00f3s a deforma\u00e7\u00e3o, as cintas de fibra podem absorver melhor a energia do impacto do que as cintas de a\u00e7o, e n\u00e3o se soltam depois que a carga encolhe ou se expande. Ap\u00f3s serem embaladas, podem ser mantidas por muito tempo sem folga, garantindo assim a seguran\u00e7a da mercadoria no transporte de longa dist\u00e2ncia.<br \/>\n3. Mesmo que a cinta flex\u00edvel de fibra de poli\u00e9ster seja parcialmente cortada na dire\u00e7\u00e3o transversal, a cinta n\u00e3o ser\u00e1 desconectada como um todo.<br \/>\n4. Sem ferrugem ou deteriora\u00e7\u00e3o. Pode suportar mudan\u00e7as em v\u00e1rias condi\u00e7\u00f5es clim\u00e1ticas e n\u00e3o manchar\u00e1 seus produtos.<br \/>\n5. \u00c9 seguro de usar e tem boa flexibilidade. N\u00e3o vai arranhar a mercadoria embalada e n\u00e3o vai machucar suas m\u00e3os. N\u00e3o h\u00e1 necessidade de ferramentas especiais ao cortar. Mesmo que esteja bem amarrada, n\u00e3o machucar\u00e1 as pessoas quando for cortada. N\u00e3o h\u00e1 bordas e cantos afiados. N\u00e3o danificar\u00e1 os pneus da empilhadeira durante o armazenamento. Devido \u00e0 sua textura macia, pode ser facilmente descartada como lixo industrial comum.<br \/>\n6. Pode resistir a uma for\u00e7a de tra\u00e7\u00e3o de 0,5-10 toneladas.<br \/>\n7. A fivela de embalagem de arame de a\u00e7o tem alta resist\u00eancia. A caracter\u00edstica especial de nossa cinta de cintagem \u00e9 a fivela de conex\u00e3o de a\u00e7o, que \u00e9 um m\u00e9todo de conex\u00e3o mais forte e pode ser apertada repetidamente. Em algumas aplica\u00e7\u00f5es, a fivela de cintar pode ser reutilizada.<br \/>\n8. Redu\u00e7\u00e3o de custos. Levando em conta os custos ocultos de todas as cintas de a\u00e7o, fibra de poli\u00e9ster flex\u00edvel <a href=\"https:\/\/www.qianyipack.com\/en\/product-tag\/heavy-duty-straps\" target=\"_blank\" rel=\"noopener\">cintas<\/a> pode alcan\u00e7ar resultados muito bons apenas com uma m\u00e1quina de cintar. Isto pode economizar custos, e tem baixo desgaste e reparo. \u00c9 uma boa escolha para as empresas. . Tamb\u00e9m pode economizar aos clientes o custo extra causado pela mercadoria.<\/p>\n<h3>Especifica\u00e7\u00e3o<\/h3>\n<figure id=\"attachment_1572\" aria-describedby=\"caption-attachment-1572\" style=\"width: 960px\" class=\"wp-caption alignnone\"><img fetchpriority=\"high\" decoding=\"async\" class=\"size-full wp-image-1572\" src=\"https:\/\/www.qianyipack.com\/wp-content\/uploads\/32mm-cord-strap-specification.jpg\" alt=\"32mm-cord-strap-specification\" width=\"960\" height=\"407\" srcset=\"https:\/\/www.qianyipack.com\/wp-content\/uploads\/32mm-cord-strap-specification.jpg 960w, https:\/\/www.qianyipack.com\/wp-content\/uploads\/32mm-cord-strap-specification-800x339.jpg 800w, https:\/\/www.qianyipack.com\/wp-content\/uploads\/32mm-cord-strap-specification-300x127.jpg 300w, https:\/\/www.qianyipack.com\/wp-content\/uploads\/32mm-cord-strap-specification-768x326.jpg 768w, https:\/\/www.qianyipack.com\/wp-content\/uploads\/32mm-cord-strap-specification-18x8.jpg 18w\" sizes=\"(max-width: 960px) 100vw, 960px\" \/><figcaption id=\"caption-attachment-1572\" class=\"wp-caption-text\">32mm-cord-especifica\u00e7\u00e3o da cinta<\/figcaption><\/figure>\n<figure id=\"attachment_1573\" aria-describedby=\"caption-attachment-1573\" style=\"width: 800px\" class=\"wp-caption alignnone\"><img decoding=\"async\" class=\"size-full wp-image-1573\" src=\"https:\/\/www.qianyipack.com\/wp-content\/uploads\/32mm-cord-strap-specification2.jpg\" alt=\"32mm cord strap specification2\" width=\"800\" height=\"640\" srcset=\"https:\/\/www.qianyipack.com\/wp-content\/uploads\/32mm-cord-strap-specification2.jpg 800w, https:\/\/www.qianyipack.com\/wp-content\/uploads\/32mm-cord-strap-specification2-300x240.jpg 300w, https:\/\/www.qianyipack.com\/wp-content\/uploads\/32mm-cord-strap-specification2-768x614.jpg 768w, https:\/\/www.qianyipack.com\/wp-content\/uploads\/32mm-cord-strap-specification2-15x12.jpg 15w\" sizes=\"(max-width: 800px) 100vw, 800px\" \/><figcaption id=\"caption-attachment-1573\" class=\"wp-caption-text\">Especifica\u00e7\u00e3o-2 da al\u00e7a de 32mm<\/figcaption><\/figure>\n<h3>Aplica\u00e7\u00e3o<\/h3>\n<p>Fibra de poli\u00e9ster <a href=\"https:\/\/www.qianyipack.com\/en\/product-tag\/heavy-duty-straps\" target=\"_blank\" rel=\"noopener\">cinta de embalagem flex\u00edvel<\/a> \u00e9 composto de m\u00faltiplos fios de fibra de poli\u00e9ster pol\u00edmero, que \u00e9 usado para ligar e fixar mercadorias dispersas, tornando-o mais seguro e r\u00e1pido durante o transporte. Defendemos a prote\u00e7\u00e3o verde e ambiental e acompanhamos o desenvolvimento e as exig\u00eancias t\u00e9cnicas de novos materiais para atender \u00e0s necessidades de inspe\u00e7\u00e3o de mercadorias de alta efici\u00eancia e log\u00edstica de alta efici\u00eancia sem prejudicar o transporte de longa dist\u00e2ncia. As cintas de fibra de poli\u00e9ster t\u00eam sido amplamente utilizadas na ind\u00fastria do a\u00e7o, ind\u00fastria de fibras qu\u00edmicas, ind\u00fastria de lingote de alum\u00ednio, ind\u00fastria de papel, ind\u00fastria de tijolos e fornos, ind\u00fastria de parafusos, ind\u00fastria eletr\u00f4nica, ind\u00fastria t\u00eaxtil e ind\u00fastria da madeira.<\/p>\n<figure id=\"attachment_1577\" aria-describedby=\"caption-attachment-1577\" style=\"width: 800px\" class=\"wp-caption alignnone\"><img decoding=\"async\" class=\"size-full wp-image-1577\" src=\"https:\/\/www.qianyipack.com\/wp-content\/uploads\/32mm-strap-application.jpg\" alt=\"32mm strap application\" width=\"800\" height=\"440\" srcset=\"https:\/\/www.qianyipack.com\/wp-content\/uploads\/32mm-strap-application.jpg 800w, https:\/\/www.qianyipack.com\/wp-content\/uploads\/32mm-strap-application-300x165.jpg 300w, https:\/\/www.qianyipack.com\/wp-content\/uploads\/32mm-strap-application-768x422.jpg 768w, https:\/\/www.qianyipack.com\/wp-content\/uploads\/32mm-strap-application-18x10.jpg 18w\" sizes=\"(max-width: 800px) 100vw, 800px\" \/><figcaption id=\"caption-attachment-1577\" class=\"wp-caption-text\">Aplica\u00e7\u00e3o de cinta de 32mm<\/figcaption><\/figure>","protected":false},"excerpt":{"rendered":"<p>A cinta flex\u00edvel de fibra de poli\u00e9ster \u00e9 feita de poli\u00e9ster de alta resist\u00eancia. Devido a sua textura especial e seu forte desempenho de amortecimento, pode ser usada de forma flex\u00edvel e ampla em embalagens de seguran\u00e7a para transporte. Ela \u00e9 conveniente, eficiente e ecologicamente correta.<\/p>","protected":false},"featured_media":1567,"template":"","meta":{"ocean_post_layout":"","ocean_both_sidebars_style":"","ocean_both_sidebars_content_width":0,"ocean_both_sidebars_sidebars_width":0,"ocean_sidebar":"0","ocean_second_sidebar":"0","ocean_disable_margins":"enable","ocean_add_body_class":"","ocean_shortcode_before_top_bar":"","ocean_shortcode_after_top_bar":"","ocean_shortcode_before_header":"","ocean_shortcode_after_header":"","ocean_has_shortcode":"","ocean_shortcode_after_title":"","ocean_shortcode_before_footer_widgets":"","ocean_shortcode_after_footer_widgets":"","ocean_shortcode_before_footer_bottom":"","ocean_shortcode_after_footer_bottom":"","ocean_display_top_bar":"default","ocean_display_header":"default","ocean_header_style":"","ocean_center_header_left_menu":"0","ocean_custom_header_template":"0","ocean_custom_logo":0,"ocean_custom_retina_logo":0,"ocean_custom_logo_max_width":0,"ocean_custom_logo_tablet_max_width":0,"ocean_custom_logo_mobile_max_width":0,"ocean_custom_logo_max_height":0,"ocean_custom_logo_tablet_max_height":0,"ocean_custom_logo_mobile_max_height":0,"ocean_header_custom_menu":"0","ocean_menu_typo_font_family":"0","ocean_menu_typo_font_subset":"","ocean_menu_typo_font_size":0,"ocean_menu_typo_font_size_tablet":0,"ocean_menu_typo_font_size_mobile":0,"ocean_menu_typo_font_size_unit":"px","ocean_menu_typo_font_weight":"","ocean_menu_typo_font_weight_tablet":"","ocean_menu_typo_font_weight_mobile":"","ocean_menu_typo_transform":"","ocean_menu_typo_transform_tablet":"","ocean_menu_typo_transform_mobile":"","ocean_menu_typo_line_height":0,"ocean_menu_typo_line_height_tablet":0,"ocean_menu_typo_line_height_mobile":0,"ocean_menu_typo_line_height_unit":"","ocean_menu_typo_spacing":0,"ocean_menu_typo_spacing_tablet":0,"ocean_menu_typo_spacing_mobile":0,"ocean_menu_typo_spacing_unit":"","ocean_menu_link_color":"","ocean_menu_link_color_hover":"","ocean_menu_link_color_active":"","ocean_menu_link_background":"","ocean_menu_link_hover_background":"","ocean_menu_link_active_background":"","ocean_menu_social_links_bg":"","ocean_menu_social_hover_links_bg":"","ocean_menu_social_links_color":"","ocean_menu_social_hover_links_color":"","ocean_disable_title":"default","ocean_disable_heading":"default","ocean_post_title":"","ocean_post_subheading":"","ocean_post_title_style":"","ocean_post_title_background_color":"","ocean_post_title_background":0,"ocean_post_title_bg_image_position":"","ocean_post_title_bg_image_attachment":"","ocean_post_title_bg_image_repeat":"","ocean_post_title_bg_image_size":"","ocean_post_title_height":0,"ocean_post_title_bg_overlay":0.5,"ocean_post_title_bg_overlay_color":"","ocean_disable_breadcrumbs":"default","ocean_breadcrumbs_color":"","ocean_breadcrumbs_separator_color":"","ocean_breadcrumbs_links_color":"","ocean_breadcrumbs_links_hover_color":"","ocean_display_footer_widgets":"default","ocean_display_footer_bottom":"default","ocean_custom_footer_template":"0","osh_disable_topbar_sticky":"default","osh_disable_header_sticky":"default","osh_sticky_header_style":"default","osh_sticky_header_effect":"","osh_custom_sticky_logo":0,"osh_custom_retina_sticky_logo":0,"osh_custom_sticky_logo_height":0,"osh_background_color":"","osh_links_color":"","osh_links_hover_color":"","osh_links_active_color":"","osh_links_bg_color":"","osh_links_hover_bg_color":"","osh_links_active_bg_color":"","osh_menu_social_links_color":"","osh_menu_social_hover_links_color":""},"product_brand":[],"product_cat":[36],"product_tag":[58,68,69],"class_list":{"0":"post-1571","1":"product","2":"type-product","3":"status-publish","4":"has-post-thumbnail","6":"product_cat-composite-cord-strap","7":"product_tag-fiber-strapping","8":"product_tag-heavy-duty-straps","9":"product_tag-transport-packing-belt","11":"entry","12":"has-media","14":"first","15":"instock","16":"shipping-taxable","17":"product-type-external","18":"col","19":"span_1_of_3","20":"owp-content-center","21":"owp-thumbs-layout-horizontal","22":"owp-btn-very-big","23":"owp-tabs-layout-horizontal"},"_links":{"self":[{"href":"https:\/\/www.qianyipack.com\/pt\/wp-json\/wp\/v2\/product\/1571","targetHints":{"allow":["GET"]}}],"collection":[{"href":"https:\/\/www.qianyipack.com\/pt\/wp-json\/wp\/v2\/product"}],"about":[{"href":"https:\/\/www.qianyipack.com\/pt\/wp-json\/wp\/v2\/types\/product"}],"wp:featuredmedia":[{"embeddable":true,"href":"https:\/\/www.qianyipack.com\/pt\/wp-json\/wp\/v2\/media\/1567"}],"wp:attachment":[{"href":"https:\/\/www.qianyipack.com\/pt\/wp-json\/wp\/v2\/media?parent=1571"}],"wp:term":[{"taxonomy":"product_brand","embeddable":true,"href":"https:\/\/www.qianyipack.com\/pt\/wp-json\/wp\/v2\/product_brand?post=1571"},{"taxonomy":"product_cat","embeddable":true,"href":"https:\/\/www.qianyipack.com\/pt\/wp-json\/wp\/v2\/product_cat?post=1571"},{"taxonomy":"product_tag","embeddable":true,"href":"https:\/\/www.qianyipack.com\/pt\/wp-json\/wp\/v2\/product_tag?post=1571"}],"curies":[{"name":"wp","href":"https:\/\/api.w.org\/{rel}","templated":true}]}}