{"id":1586,"date":"2021-10-17T22:48:09","date_gmt":"2021-10-18T06:48:09","guid":{"rendered":"https:\/\/www.qianyipack.com\/?post_type=product&#038;p=1586"},"modified":"2021-11-23T01:17:58","modified_gmt":"2021-11-23T09:17:58","slug":"32mm-forged-square-metal-buckle-for-woven-strapping","status":"publish","type":"product","link":"https:\/\/www.qianyipack.com\/pt\/produto\/32mm-forged-square-metal-buckle-for-woven-strapping","title":{"rendered":"Fivela met\u00e1lica quadrada forjada de 32mm para cintas tecidas"},"content":{"rendered":"<p>1. Com alta resist\u00eancia \u00e0 tra\u00e7\u00e3o, ele pode transportar at\u00e9 5000KG de objetos pesados e pode efetivamente proteger o produto contra danos.<br \/>\n2. Resist\u00eancia ao desgaste, boa tenacidade, resist\u00eancia \u00e0 corros\u00e3o, forte resist\u00eancia \u00e0s intemp\u00e9ries, alta seguran\u00e7a no transporte na chuva e na neve.<br \/>\n3. Tamanho pequeno, sem espa\u00e7o, f\u00e1cil de armazenar, sem ferrugem.<br \/>\n4. Pr\u00e1ticos e ecologicamente corretos, resistentes a colis\u00f5es, os bot\u00f5es de malha usados podem ser armazenados e reutilizados sem afetar seu desempenho em termos de press\u00e3o.<br \/>\n5. Tem uma ampla gama de usos. Pode ser usado para embalagem e transporte de recipientes, maquinaria pesada, vidro, acess\u00f3rios para tubos, tambores de \u00f3leo, a\u00e7o, madeira, fabrica\u00e7\u00e3o de papel, produtos qu\u00edmicos, artigos de metais preciosos, etc.<br \/>\n6. Superf\u00edcie uniforme, apar\u00eancia lisa, aten\u00e7\u00e3o ao design do processo do produto e \u00e0 experi\u00eancia do usu\u00e1rio.<\/p>\n<figure id=\"attachment_1589\" aria-describedby=\"caption-attachment-1589\" style=\"width: 958px\" class=\"wp-caption alignnone\"><img fetchpriority=\"high\" decoding=\"async\" class=\"size-full wp-image-1589\" src=\"https:\/\/www.qianyipack.com\/wp-content\/uploads\/square-buckle-using-steps.jpg\" alt=\"square buckle using steps\" width=\"958\" height=\"539\" srcset=\"https:\/\/www.qianyipack.com\/wp-content\/uploads\/square-buckle-using-steps.jpg 958w, https:\/\/www.qianyipack.com\/wp-content\/uploads\/square-buckle-using-steps-800x450.jpg 800w, https:\/\/www.qianyipack.com\/wp-content\/uploads\/square-buckle-using-steps-300x169.jpg 300w, https:\/\/www.qianyipack.com\/wp-content\/uploads\/square-buckle-using-steps-768x432.jpg 768w, https:\/\/www.qianyipack.com\/wp-content\/uploads\/square-buckle-using-steps-18x10.jpg 18w\" sizes=\"(max-width: 958px) 100vw, 958px\" \/><figcaption id=\"caption-attachment-1589\" class=\"wp-caption-text\">fivela quadrada usando degraus<\/figcaption><\/figure>\n<h3>Especifica\u00e7\u00e3o<\/h3>\n<figure id=\"attachment_1587\" aria-describedby=\"caption-attachment-1587\" style=\"width: 960px\" class=\"wp-caption alignnone\"><img decoding=\"async\" class=\"size-full wp-image-1587\" src=\"https:\/\/www.qianyipack.com\/wp-content\/uploads\/square-buckle-specification.jpg\" alt=\"square-buckle-specification\" width=\"960\" height=\"960\" srcset=\"https:\/\/www.qianyipack.com\/wp-content\/uploads\/square-buckle-specification.jpg 960w, https:\/\/www.qianyipack.com\/wp-content\/uploads\/square-buckle-specification-300x300.jpg 300w, https:\/\/www.qianyipack.com\/wp-content\/uploads\/square-buckle-specification-100x100.jpg 100w, https:\/\/www.qianyipack.com\/wp-content\/uploads\/square-buckle-specification-800x800.jpg 800w, https:\/\/www.qianyipack.com\/wp-content\/uploads\/square-buckle-specification-150x150.jpg 150w, https:\/\/www.qianyipack.com\/wp-content\/uploads\/square-buckle-specification-768x768.jpg 768w, https:\/\/www.qianyipack.com\/wp-content\/uploads\/square-buckle-specification-12x12.jpg 12w\" sizes=\"(max-width: 960px) 100vw, 960px\" \/><figcaption id=\"caption-attachment-1587\" class=\"wp-caption-text\">Especifica\u00e7\u00e3o de fivela quadrada<\/figcaption><\/figure>\n<h3>Aplica\u00e7\u00e3o<\/h3>\n<p>O <a href=\"https:\/\/www.qianyipack.com\/en\/product-tag\/binding-buckle\" target=\"_blank\" rel=\"noopener\">anel quadrado<\/a> e <a href=\"https:\/\/www.qianyipack.com\/en\/product\/\" target=\"_blank\" rel=\"noopener\">fivela de embalagem quadrada<\/a> t\u00eam alta resist\u00eancia \u00e0 tra\u00e7\u00e3o, conveniente e prote\u00e7\u00e3o ambiental, e podem ser reutilizados. Amplamente utilizado para embalagem e transporte de containers, maquin\u00e1rio pesado, vidro, conex\u00f5es de tubos, tambores de \u00f3leo, a\u00e7o, madeira, papel, produtos qu\u00edmicos, artigos de metais preciosos, etc. Tem forte capacidade de carga de press\u00e3o e pode efetivamente proteger o produto contra danos. Ao mesmo tempo, tamb\u00e9m pode melhorar a efici\u00eancia do trabalho dos funcion\u00e1rios da empresa cliente e economizar o custo da empresa cliente. \u00c9 um novo material de embalagem ideal e pr\u00e1tico que tem sido bem recebido pela ind\u00fastria.<\/p>\n<figure id=\"attachment_1588\" aria-describedby=\"caption-attachment-1588\" style=\"width: 960px\" class=\"wp-caption alignnone\"><img decoding=\"async\" class=\"size-full wp-image-1588\" src=\"https:\/\/www.qianyipack.com\/wp-content\/uploads\/square-buckle-application.jpg\" alt=\"square buckle application\" width=\"960\" height=\"540\" srcset=\"https:\/\/www.qianyipack.com\/wp-content\/uploads\/square-buckle-application.jpg 960w, https:\/\/www.qianyipack.com\/wp-content\/uploads\/square-buckle-application-800x450.jpg 800w, https:\/\/www.qianyipack.com\/wp-content\/uploads\/square-buckle-application-300x169.jpg 300w, https:\/\/www.qianyipack.com\/wp-content\/uploads\/square-buckle-application-768x432.jpg 768w, https:\/\/www.qianyipack.com\/wp-content\/uploads\/square-buckle-application-18x10.jpg 18w\" sizes=\"(max-width: 960px) 100vw, 960px\" \/><figcaption id=\"caption-attachment-1588\" class=\"wp-caption-text\">aplica\u00e7\u00e3o de fivela quadrada<\/figcaption><\/figure>","protected":false},"excerpt":{"rendered":"<p>A fivela de embalagem quadrada \u00e9 uma esp\u00e9cie de fivela de embalagem de alta resist\u00eancia adequada para coopera\u00e7\u00e3o profissional e correias tran\u00e7adas. Ela \u00e9 forjada por m\u00e1quinas de grande porte e sua for\u00e7a de tra\u00e7\u00e3o pode chegar a 3-10 toneladas, o que impede efetivamente o movimento de mercadorias pesadas durante o transporte.<\/p>","protected":false},"featured_media":1590,"template":"","meta":{"ocean_post_layout":"","ocean_both_sidebars_style":"","ocean_both_sidebars_content_width":0,"ocean_both_sidebars_sidebars_width":0,"ocean_sidebar":"0","ocean_second_sidebar":"0","ocean_disable_margins":"enable","ocean_add_body_class":"","ocean_shortcode_before_top_bar":"","ocean_shortcode_after_top_bar":"","ocean_shortcode_before_header":"","ocean_shortcode_after_header":"","ocean_has_shortcode":"","ocean_shortcode_after_title":"","ocean_shortcode_before_footer_widgets":"","ocean_shortcode_after_footer_widgets":"","ocean_shortcode_before_footer_bottom":"","ocean_shortcode_after_footer_bottom":"","ocean_display_top_bar":"default","ocean_display_header":"default","ocean_header_style":"","ocean_center_header_left_menu":"0","ocean_custom_header_template":"0","ocean_custom_logo":0,"ocean_custom_retina_logo":0,"ocean_custom_logo_max_width":0,"ocean_custom_logo_tablet_max_width":0,"ocean_custom_logo_mobile_max_width":0,"ocean_custom_logo_max_height":0,"ocean_custom_logo_tablet_max_height":0,"ocean_custom_logo_mobile_max_height":0,"ocean_header_custom_menu":"0","ocean_menu_typo_font_family":"0","ocean_menu_typo_font_subset":"","ocean_menu_typo_font_size":0,"ocean_menu_typo_font_size_tablet":0,"ocean_menu_typo_font_size_mobile":0,"ocean_menu_typo_font_size_unit":"px","ocean_menu_typo_font_weight":"","ocean_menu_typo_font_weight_tablet":"","ocean_menu_typo_font_weight_mobile":"","ocean_menu_typo_transform":"","ocean_menu_typo_transform_tablet":"","ocean_menu_typo_transform_mobile":"","ocean_menu_typo_line_height":0,"ocean_menu_typo_line_height_tablet":0,"ocean_menu_typo_line_height_mobile":0,"ocean_menu_typo_line_height_unit":"","ocean_menu_typo_spacing":0,"ocean_menu_typo_spacing_tablet":0,"ocean_menu_typo_spacing_mobile":0,"ocean_menu_typo_spacing_unit":"","ocean_menu_link_color":"","ocean_menu_link_color_hover":"","ocean_menu_link_color_active":"","ocean_menu_link_background":"","ocean_menu_link_hover_background":"","ocean_menu_link_active_background":"","ocean_menu_social_links_bg":"","ocean_menu_social_hover_links_bg":"","ocean_menu_social_links_color":"","ocean_menu_social_hover_links_color":"","ocean_disable_title":"default","ocean_disable_heading":"default","ocean_post_title":"","ocean_post_subheading":"","ocean_post_title_style":"","ocean_post_title_background_color":"","ocean_post_title_background":0,"ocean_post_title_bg_image_position":"","ocean_post_title_bg_image_attachment":"","ocean_post_title_bg_image_repeat":"","ocean_post_title_bg_image_size":"","ocean_post_title_height":0,"ocean_post_title_bg_overlay":0.5,"ocean_post_title_bg_overlay_color":"","ocean_disable_breadcrumbs":"default","ocean_breadcrumbs_color":"","ocean_breadcrumbs_separator_color":"","ocean_breadcrumbs_links_color":"","ocean_breadcrumbs_links_hover_color":"","ocean_display_footer_widgets":"default","ocean_display_footer_bottom":"default","ocean_custom_footer_template":"0","osh_disable_topbar_sticky":"default","osh_disable_header_sticky":"default","osh_sticky_header_style":"default","osh_sticky_header_effect":"","osh_custom_sticky_logo":0,"osh_custom_retina_sticky_logo":0,"osh_custom_sticky_logo_height":0,"osh_background_color":"","osh_links_color":"","osh_links_hover_color":"","osh_links_active_color":"","osh_links_bg_color":"","osh_links_hover_bg_color":"","osh_links_active_bg_color":"","osh_menu_social_links_color":"","osh_menu_social_hover_links_color":""},"product_brand":[],"product_cat":[44],"product_tag":[71,72,70],"class_list":{"0":"post-1586","1":"product","2":"type-product","3":"status-publish","4":"has-post-thumbnail","6":"product_cat-square-lashing-buckle","7":"product_tag-binding-buckle","8":"product_tag-metal-packing-buckle","9":"product_tag-packing-buckle","11":"entry","12":"has-media","14":"first","15":"instock","16":"shipping-taxable","17":"product-type-external","18":"col","19":"span_1_of_3","20":"owp-content-center","21":"owp-thumbs-layout-horizontal","22":"owp-btn-very-big","23":"owp-tabs-layout-horizontal"},"_links":{"self":[{"href":"https:\/\/www.qianyipack.com\/pt\/wp-json\/wp\/v2\/product\/1586","targetHints":{"allow":["GET"]}}],"collection":[{"href":"https:\/\/www.qianyipack.com\/pt\/wp-json\/wp\/v2\/product"}],"about":[{"href":"https:\/\/www.qianyipack.com\/pt\/wp-json\/wp\/v2\/types\/product"}],"wp:featuredmedia":[{"embeddable":true,"href":"https:\/\/www.qianyipack.com\/pt\/wp-json\/wp\/v2\/media\/1590"}],"wp:attachment":[{"href":"https:\/\/www.qianyipack.com\/pt\/wp-json\/wp\/v2\/media?parent=1586"}],"wp:term":[{"taxonomy":"product_brand","embeddable":true,"href":"https:\/\/www.qianyipack.com\/pt\/wp-json\/wp\/v2\/product_brand?post=1586"},{"taxonomy":"product_cat","embeddable":true,"href":"https:\/\/www.qianyipack.com\/pt\/wp-json\/wp\/v2\/product_cat?post=1586"},{"taxonomy":"product_tag","embeddable":true,"href":"https:\/\/www.qianyipack.com\/pt\/wp-json\/wp\/v2\/product_tag?post=1586"}],"curies":[{"name":"wp","href":"https:\/\/api.w.org\/{rel}","templated":true}]}}