{"id":1594,"date":"2021-10-17T23:01:21","date_gmt":"2021-10-18T07:01:21","guid":{"rendered":"https:\/\/www.qianyipack.com\/?post_type=product&#038;p=1594"},"modified":"2021-11-23T17:07:12","modified_gmt":"2021-11-24T01:07:12","slug":"packaging-strapping-dispenser-bracket-with-tray-trolley","status":"publish","type":"product","link":"https:\/\/www.qianyipack.com\/pt\/produto\/packaging-strapping-dispenser-bracket-with-tray-trolley","title":{"rendered":"suporte de embalagem com carrinho de bandeja"},"content":{"rendered":"<p>O dispensador de cintas \u00e9 uma ferramenta auxiliar importante na utiliza\u00e7\u00e3o de cintas e <a href=\"https:\/\/www.qianyipack.com\/en\/product-category\/strapping-tensioner\" target=\"_blank\" rel=\"noopener\">m\u00e1quinas de cintar<\/a>, tornando o ambiente de embalagem desordenado padronizado e arrumado. Este produto pode ser dividido em tipo geral e tipo especial, de acordo com as especifica\u00e7\u00f5es da esteira de embalagem. Este produto \u00e9 projetado para ser leve, conveniente e dur\u00e1vel, com uma caixa de ferramentas no corpo, que pode armazenar o embalador e os auxiliares de embalagem.<\/p>\n<figure id=\"attachment_1595\" aria-describedby=\"caption-attachment-1595\" style=\"width: 960px\" class=\"wp-caption alignnone\"><img fetchpriority=\"high\" decoding=\"async\" class=\"size-full wp-image-1595\" src=\"https:\/\/www.qianyipack.com\/wp-content\/uploads\/strapping-dispenser-description.jpg\" alt=\"strapping dispenser description\" width=\"960\" height=\"540\" srcset=\"https:\/\/www.qianyipack.com\/wp-content\/uploads\/strapping-dispenser-description.jpg 960w, https:\/\/www.qianyipack.com\/wp-content\/uploads\/strapping-dispenser-description-800x450.jpg 800w, https:\/\/www.qianyipack.com\/wp-content\/uploads\/strapping-dispenser-description-300x169.jpg 300w, https:\/\/www.qianyipack.com\/wp-content\/uploads\/strapping-dispenser-description-768x432.jpg 768w, https:\/\/www.qianyipack.com\/wp-content\/uploads\/strapping-dispenser-description-18x10.jpg 18w\" sizes=\"(max-width: 960px) 100vw, 960px\" \/><figcaption id=\"caption-attachment-1595\" class=\"wp-caption-text\">descri\u00e7\u00e3o do dispensador de cintas<\/figcaption><\/figure>\n<h3>Destaque<\/h3>\n<p>O cabo curvo \u00e9 forte e dur\u00e1vel. De acordo com o princ\u00edpio da ergonomia, o design de dois cantos do cabo evita colis\u00f5es e arranh\u00f5es, o que \u00e9 de f\u00e1cil utiliza\u00e7\u00e3o e garantido.<br \/>\nCaixa de ferramentas de grande capacidade. Equipado com uma caixa de ferramentas para armazenar as ferramentas de embalagem e acess\u00f3rios como o tensor de embalagem para aumentar a efici\u00eancia da embalagem e a alta efici\u00eancia do trabalho.<br \/>\nA roda de borracha do anel de a\u00e7o \u00e9 firme e resistente ao desgaste. A roda de borracha antiderrapante adota o princ\u00edpio de rolamento de rolos para substituir a roda de espuma antiquada, o que aumenta a vida \u00fatil. O freio autocontido tem alta sensibilidade.<br \/>\nSoldagem de a\u00e7o. A fuselagem \u00e9 soldada por a\u00e7o, o ponto de soldagem \u00e9 firme e n\u00e3o f\u00e1cil de ser soldado, e a vida \u00fatil \u00e9 longa.<br \/>\nVem com freios. Ao utilizar a elasticidade da mola para desencravar a correia desimpedida, a bobina da correia n\u00e3o se mover\u00e1 quando estiver ociosa.<br \/>\nQualquer n\u00facleo interno. Pode ser instalado com correia pl\u00e1stica de a\u00e7o PET, correia PP, correia de fibra, correia tran\u00e7ada, etc., com forte operabilidade.<\/p>\n<figure id=\"attachment_1596\" aria-describedby=\"caption-attachment-1596\" style=\"width: 960px\" class=\"wp-caption alignnone\"><img decoding=\"async\" class=\"size-full wp-image-1596\" src=\"https:\/\/www.qianyipack.com\/wp-content\/uploads\/strapping-dispenser-specification.jpg\" alt=\"strapping-dispenser-specification\" width=\"960\" height=\"960\" srcset=\"https:\/\/www.qianyipack.com\/wp-content\/uploads\/strapping-dispenser-specification.jpg 960w, https:\/\/www.qianyipack.com\/wp-content\/uploads\/strapping-dispenser-specification-300x300.jpg 300w, https:\/\/www.qianyipack.com\/wp-content\/uploads\/strapping-dispenser-specification-100x100.jpg 100w, https:\/\/www.qianyipack.com\/wp-content\/uploads\/strapping-dispenser-specification-800x800.jpg 800w, https:\/\/www.qianyipack.com\/wp-content\/uploads\/strapping-dispenser-specification-150x150.jpg 150w, https:\/\/www.qianyipack.com\/wp-content\/uploads\/strapping-dispenser-specification-768x768.jpg 768w, https:\/\/www.qianyipack.com\/wp-content\/uploads\/strapping-dispenser-specification-12x12.jpg 12w\" sizes=\"(max-width: 960px) 100vw, 960px\" \/><figcaption id=\"caption-attachment-1596\" class=\"wp-caption-text\">especifica\u00e7\u00e3o do distribuidor de cintas<\/figcaption><\/figure>\n<h3>Aplica\u00e7\u00e3o<\/h3>\n<p>Cooperar principalmente com o trabalho de embalagem de PP, PET, <a href=\"https:\/\/www.qianyipack.com\/en\/product-category\/woven-polyester-strap\" target=\"_blank\" rel=\"noopener\">cintas de fibra de poli\u00e9ster<\/a> e cintas de a\u00e7o. Com caixa de ferramentas, pode armazenar ferramentas de embalagem e acess\u00f3rios. F\u00e1cil de usar, leve e dur\u00e1vel. Usado principalmente em pedra, materiais de constru\u00e7\u00e3o, m\u00e1quinas, madeira, a\u00e7o, eletr\u00f4nica, log\u00edstica, impress\u00e3o e outras ind\u00fastrias.<\/p>\n<figure id=\"attachment_1597\" aria-describedby=\"caption-attachment-1597\" style=\"width: 960px\" class=\"wp-caption alignnone\"><img decoding=\"async\" class=\"size-full wp-image-1597\" src=\"https:\/\/www.qianyipack.com\/wp-content\/uploads\/strapping-dispenser-description-1.jpg\" alt=\"strapping dispenser description\" width=\"960\" height=\"540\" srcset=\"https:\/\/www.qianyipack.com\/wp-content\/uploads\/strapping-dispenser-description-1.jpg 960w, https:\/\/www.qianyipack.com\/wp-content\/uploads\/strapping-dispenser-description-1-800x450.jpg 800w, https:\/\/www.qianyipack.com\/wp-content\/uploads\/strapping-dispenser-description-1-300x169.jpg 300w, https:\/\/www.qianyipack.com\/wp-content\/uploads\/strapping-dispenser-description-1-768x432.jpg 768w, https:\/\/www.qianyipack.com\/wp-content\/uploads\/strapping-dispenser-description-1-18x10.jpg 18w\" sizes=\"(max-width: 960px) 100vw, 960px\" \/><figcaption id=\"caption-attachment-1597\" class=\"wp-caption-text\">descri\u00e7\u00e3o do dispensador de cintas<\/figcaption><\/figure>","protected":false},"excerpt":{"rendered":"<p>Fixar as cintas no dispensador de cintas para evitar efetivamente que as cintas sejam dispersas. Ao embalar, use o dispositivo de freio para controlar o comprimento necess\u00e1rio da esteira de embalagem. O projeto da caixa de ferramentas de f\u00e1cil utiliza\u00e7\u00e3o pode gerenciar de forma centralizada as ferramentas de embalagem dispersas.<\/p>","protected":false},"featured_media":1600,"template":"","meta":{"ocean_post_layout":"","ocean_both_sidebars_style":"","ocean_both_sidebars_content_width":0,"ocean_both_sidebars_sidebars_width":0,"ocean_sidebar":"0","ocean_second_sidebar":"0","ocean_disable_margins":"enable","ocean_add_body_class":"","ocean_shortcode_before_top_bar":"","ocean_shortcode_after_top_bar":"","ocean_shortcode_before_header":"","ocean_shortcode_after_header":"","ocean_has_shortcode":"","ocean_shortcode_after_title":"","ocean_shortcode_before_footer_widgets":"","ocean_shortcode_after_footer_widgets":"","ocean_shortcode_before_footer_bottom":"","ocean_shortcode_after_footer_bottom":"","ocean_display_top_bar":"default","ocean_display_header":"default","ocean_header_style":"","ocean_center_header_left_menu":"0","ocean_custom_header_template":"0","ocean_custom_logo":0,"ocean_custom_retina_logo":0,"ocean_custom_logo_max_width":0,"ocean_custom_logo_tablet_max_width":0,"ocean_custom_logo_mobile_max_width":0,"ocean_custom_logo_max_height":0,"ocean_custom_logo_tablet_max_height":0,"ocean_custom_logo_mobile_max_height":0,"ocean_header_custom_menu":"0","ocean_menu_typo_font_family":"0","ocean_menu_typo_font_subset":"","ocean_menu_typo_font_size":0,"ocean_menu_typo_font_size_tablet":0,"ocean_menu_typo_font_size_mobile":0,"ocean_menu_typo_font_size_unit":"px","ocean_menu_typo_font_weight":"","ocean_menu_typo_font_weight_tablet":"","ocean_menu_typo_font_weight_mobile":"","ocean_menu_typo_transform":"","ocean_menu_typo_transform_tablet":"","ocean_menu_typo_transform_mobile":"","ocean_menu_typo_line_height":0,"ocean_menu_typo_line_height_tablet":0,"ocean_menu_typo_line_height_mobile":0,"ocean_menu_typo_line_height_unit":"","ocean_menu_typo_spacing":0,"ocean_menu_typo_spacing_tablet":0,"ocean_menu_typo_spacing_mobile":0,"ocean_menu_typo_spacing_unit":"","ocean_menu_link_color":"","ocean_menu_link_color_hover":"","ocean_menu_link_color_active":"","ocean_menu_link_background":"","ocean_menu_link_hover_background":"","ocean_menu_link_active_background":"","ocean_menu_social_links_bg":"","ocean_menu_social_hover_links_bg":"","ocean_menu_social_links_color":"","ocean_menu_social_hover_links_color":"","ocean_disable_title":"default","ocean_disable_heading":"default","ocean_post_title":"","ocean_post_subheading":"","ocean_post_title_style":"","ocean_post_title_background_color":"","ocean_post_title_background":0,"ocean_post_title_bg_image_position":"","ocean_post_title_bg_image_attachment":"","ocean_post_title_bg_image_repeat":"","ocean_post_title_bg_image_size":"","ocean_post_title_height":0,"ocean_post_title_bg_overlay":0.5,"ocean_post_title_bg_overlay_color":"","ocean_disable_breadcrumbs":"default","ocean_breadcrumbs_color":"","ocean_breadcrumbs_separator_color":"","ocean_breadcrumbs_links_color":"","ocean_breadcrumbs_links_hover_color":"","ocean_display_footer_widgets":"default","ocean_display_footer_bottom":"default","ocean_custom_footer_template":"0","osh_disable_topbar_sticky":"default","osh_disable_header_sticky":"default","osh_sticky_header_style":"default","osh_sticky_header_effect":"","osh_custom_sticky_logo":0,"osh_custom_retina_sticky_logo":0,"osh_custom_sticky_logo_height":0,"osh_background_color":"","osh_links_color":"","osh_links_hover_color":"","osh_links_active_color":"","osh_links_bg_color":"","osh_links_hover_bg_color":"","osh_links_active_bg_color":"","osh_menu_social_links_color":"","osh_menu_social_hover_links_color":""},"product_brand":[],"product_cat":[46],"product_tag":[74,73,75],"class_list":{"0":"post-1594","1":"product","2":"type-product","3":"status-publish","4":"has-post-thumbnail","6":"product_cat-strapping-dispenser","7":"product_tag-strapping-bracket","8":"product_tag-strapping-dispenser","9":"product_tag-strapping-tray-trolley","11":"entry","12":"has-media","14":"first","15":"instock","16":"shipping-taxable","17":"product-type-external","18":"col","19":"span_1_of_3","20":"owp-content-center","21":"owp-thumbs-layout-horizontal","22":"owp-btn-very-big","23":"owp-tabs-layout-horizontal"},"_links":{"self":[{"href":"https:\/\/www.qianyipack.com\/pt\/wp-json\/wp\/v2\/product\/1594","targetHints":{"allow":["GET"]}}],"collection":[{"href":"https:\/\/www.qianyipack.com\/pt\/wp-json\/wp\/v2\/product"}],"about":[{"href":"https:\/\/www.qianyipack.com\/pt\/wp-json\/wp\/v2\/types\/product"}],"wp:featuredmedia":[{"embeddable":true,"href":"https:\/\/www.qianyipack.com\/pt\/wp-json\/wp\/v2\/media\/1600"}],"wp:attachment":[{"href":"https:\/\/www.qianyipack.com\/pt\/wp-json\/wp\/v2\/media?parent=1594"}],"wp:term":[{"taxonomy":"product_brand","embeddable":true,"href":"https:\/\/www.qianyipack.com\/pt\/wp-json\/wp\/v2\/product_brand?post=1594"},{"taxonomy":"product_cat","embeddable":true,"href":"https:\/\/www.qianyipack.com\/pt\/wp-json\/wp\/v2\/product_cat?post=1594"},{"taxonomy":"product_tag","embeddable":true,"href":"https:\/\/www.qianyipack.com\/pt\/wp-json\/wp\/v2\/product_tag?post=1594"}],"curies":[{"name":"wp","href":"https:\/\/api.w.org\/{rel}","templated":true}]}}