{"id":1606,"date":"2021-10-18T00:55:17","date_gmt":"2021-10-18T08:55:17","guid":{"rendered":"https:\/\/www.qianyipack.com\/?post_type=product&#038;p=1606"},"modified":"2021-11-23T16:57:56","modified_gmt":"2021-11-24T00:57:56","slug":"l-shaped-pvc-plastic-edge-protector-for-packaging-strap","status":"publish","type":"product","link":"https:\/\/www.qianyipack.com\/pt\/produto\/l-shaped-pvc-plastic-edge-protector-for-packaging-strap","title":{"rendered":"Protetor de borda pl\u00e1stica em PVC em forma de L para cinta de embalagem"},"content":{"rendered":"<p>O material principal do <a href=\"https:\/\/www.qianyipack.com\/en\/product-category\/strapping-accessories\" target=\"_blank\" rel=\"noopener\">protetor de canto lateral de pl\u00e1stico<\/a> \u00e9 pl\u00e1stico flex\u00edvel. H\u00e1 uma ranhura no centro do protetor de canto para fixar a posi\u00e7\u00e3o da al\u00e7a. Ela \u00e9 usada com a al\u00e7a correspondente, al\u00e7a pl\u00e1stica de a\u00e7o e al\u00e7a de ferro. Evita que a cinta de embalagem danifique a mercadoria quando ela \u00e9 apertada fortemente. Atualmente, ela \u00e9 amplamente utilizada na frente, compensados, placas feitas pelo homem, cer\u00e2mica, pedra, papel, m\u00f3veis, eletrodom\u00e9sticos, vidro, artesanato, etc.<\/p>\n<figure id=\"attachment_1609\" aria-describedby=\"caption-attachment-1609\" style=\"width: 960px\" class=\"wp-caption alignnone\"><img fetchpriority=\"high\" decoding=\"async\" class=\"size-full wp-image-1609\" src=\"https:\/\/www.qianyipack.com\/wp-content\/uploads\/Edge-Protector-application-2.jpg\" alt=\"Edge Protector application 2\" width=\"960\" height=\"645\" srcset=\"https:\/\/www.qianyipack.com\/wp-content\/uploads\/Edge-Protector-application-2.jpg 960w, https:\/\/www.qianyipack.com\/wp-content\/uploads\/Edge-Protector-application-2-800x538.jpg 800w, https:\/\/www.qianyipack.com\/wp-content\/uploads\/Edge-Protector-application-2-300x202.jpg 300w, https:\/\/www.qianyipack.com\/wp-content\/uploads\/Edge-Protector-application-2-768x516.jpg 768w, https:\/\/www.qianyipack.com\/wp-content\/uploads\/Edge-Protector-application-2-18x12.jpg 18w\" sizes=\"(max-width: 960px) 100vw, 960px\" \/><figcaption id=\"caption-attachment-1609\" class=\"wp-caption-text\">Aplica\u00e7\u00e3o do protetor de borda 2<\/figcaption><\/figure>\n<h3>Destaque<\/h3>\n<p>Mat\u00e9ria-prima de alta qualidade. Utilizando mat\u00e9rias-primas de alta qualidade, materiais macios, atendendo \u00e0s exig\u00eancias de prote\u00e7\u00e3o ambiental, excelente f\u00f3rmula, o produto \u00e9 dur\u00e1vel, flex\u00edvel e n\u00e3o f\u00e1cil de quebrar.<br \/>\nEquipamento avan\u00e7ado de produ\u00e7\u00e3o. Equipamento totalmente novo, com muitos anos de empresas de produ\u00e7\u00e3o, alta produtividade, produ\u00e7\u00e3o de alta qualidade.<br \/>\nN\u00e3o danifica a embalagem. Adequado para pisos, ind\u00fastria de madeira, tijolos, produtos de cimento, caixas de papel\u00e3o, lingotes de alum\u00ednio, etc.<br \/>\nforte e robusto. F\u00e1cil de usar, evitar danos ao produto e usar mais \u00e0 vontade.<\/p>\n<h3>Especifica\u00e7\u00e3o<\/h3>\n<figure id=\"attachment_1608\" aria-describedby=\"caption-attachment-1608\" style=\"width: 960px\" class=\"wp-caption alignnone\"><img decoding=\"async\" class=\"size-full wp-image-1608\" src=\"https:\/\/www.qianyipack.com\/wp-content\/uploads\/Edge-Protector-specification.jpg\" alt=\"Edge protector specification\" width=\"960\" height=\"540\" srcset=\"https:\/\/www.qianyipack.com\/wp-content\/uploads\/Edge-Protector-specification.jpg 960w, https:\/\/www.qianyipack.com\/wp-content\/uploads\/Edge-Protector-specification-800x450.jpg 800w, https:\/\/www.qianyipack.com\/wp-content\/uploads\/Edge-Protector-specification-300x169.jpg 300w, https:\/\/www.qianyipack.com\/wp-content\/uploads\/Edge-Protector-specification-768x432.jpg 768w, https:\/\/www.qianyipack.com\/wp-content\/uploads\/Edge-Protector-specification-18x10.jpg 18w\" sizes=\"(max-width: 960px) 100vw, 960px\" \/><figcaption id=\"caption-attachment-1608\" class=\"wp-caption-text\">Especifica\u00e7\u00e3o do protetor de borda<\/figcaption><\/figure>\n<h3>Aplica\u00e7\u00e3o<\/h3>\n<p>O principal material do pl\u00e1stico <a href=\"https:\/\/www.qianyipack.com\/en\/product-tag\/plastic-edge-protector\" target=\"_blank\" rel=\"noopener\">protetor de canto lateral<\/a> \u00e9 pl\u00e1stico flex\u00edvel. H\u00e1 uma ranhura no centro do protetor de canto para fixar a posi\u00e7\u00e3o da al\u00e7a. Ela \u00e9 usada com a al\u00e7a correspondente, al\u00e7a pl\u00e1stica de a\u00e7o e al\u00e7a de ferro. Evita que a cinta de embalagem danifique a mercadoria quando ela \u00e9 apertada fortemente. Atualmente, ela \u00e9 amplamente utilizada na frente, compensados, placas feitas pelo homem, cer\u00e2mica, pedra, papel, m\u00f3veis, eletrodom\u00e9sticos, vidro, artesanato, etc.<\/p>\n<figure id=\"attachment_1607\" aria-describedby=\"caption-attachment-1607\" style=\"width: 900px\" class=\"wp-caption alignnone\"><img decoding=\"async\" class=\"size-full wp-image-1607\" src=\"https:\/\/www.qianyipack.com\/wp-content\/uploads\/Edge-Protector-application.jpg\" alt=\"strapping Edge Protector application\" width=\"900\" height=\"507\" srcset=\"https:\/\/www.qianyipack.com\/wp-content\/uploads\/Edge-Protector-application.jpg 900w, https:\/\/www.qianyipack.com\/wp-content\/uploads\/Edge-Protector-application-800x451.jpg 800w, https:\/\/www.qianyipack.com\/wp-content\/uploads\/Edge-Protector-application-300x169.jpg 300w, https:\/\/www.qianyipack.com\/wp-content\/uploads\/Edge-Protector-application-768x433.jpg 768w, https:\/\/www.qianyipack.com\/wp-content\/uploads\/Edge-Protector-application-18x10.jpg 18w\" sizes=\"(max-width: 900px) 100vw, 900px\" \/><figcaption id=\"caption-attachment-1607\" class=\"wp-caption-text\">Aplica\u00e7\u00e3o do protetor de borda de cinta<\/figcaption><\/figure>","protected":false},"excerpt":{"rendered":"<p>Este protetor de borda pl\u00e1stica \u00e9 um produto de apoio para a embalagem externa de itens de paletes grandes, tais como compensados, caixas de papel\u00e3o, papel, etc. \u00c9 utilizado para prote\u00e7\u00e3o terminal de itens e prote\u00e7\u00e3o de bordas durante a embalagem e o acondicionamento de mercadorias, o que pode evitar danos ao produto e proporcionar uma bela embalagem do produto.<\/p>","protected":false},"featured_media":1610,"template":"","meta":{"ocean_post_layout":"","ocean_both_sidebars_style":"","ocean_both_sidebars_content_width":0,"ocean_both_sidebars_sidebars_width":0,"ocean_sidebar":"0","ocean_second_sidebar":"0","ocean_disable_margins":"enable","ocean_add_body_class":"","ocean_shortcode_before_top_bar":"","ocean_shortcode_after_top_bar":"","ocean_shortcode_before_header":"","ocean_shortcode_after_header":"","ocean_has_shortcode":"","ocean_shortcode_after_title":"","ocean_shortcode_before_footer_widgets":"","ocean_shortcode_after_footer_widgets":"","ocean_shortcode_before_footer_bottom":"","ocean_shortcode_after_footer_bottom":"","ocean_display_top_bar":"default","ocean_display_header":"default","ocean_header_style":"","ocean_center_header_left_menu":"0","ocean_custom_header_template":"0","ocean_custom_logo":0,"ocean_custom_retina_logo":0,"ocean_custom_logo_max_width":0,"ocean_custom_logo_tablet_max_width":0,"ocean_custom_logo_mobile_max_width":0,"ocean_custom_logo_max_height":0,"ocean_custom_logo_tablet_max_height":0,"ocean_custom_logo_mobile_max_height":0,"ocean_header_custom_menu":"0","ocean_menu_typo_font_family":"0","ocean_menu_typo_font_subset":"","ocean_menu_typo_font_size":0,"ocean_menu_typo_font_size_tablet":0,"ocean_menu_typo_font_size_mobile":0,"ocean_menu_typo_font_size_unit":"px","ocean_menu_typo_font_weight":"","ocean_menu_typo_font_weight_tablet":"","ocean_menu_typo_font_weight_mobile":"","ocean_menu_typo_transform":"","ocean_menu_typo_transform_tablet":"","ocean_menu_typo_transform_mobile":"","ocean_menu_typo_line_height":0,"ocean_menu_typo_line_height_tablet":0,"ocean_menu_typo_line_height_mobile":0,"ocean_menu_typo_line_height_unit":"","ocean_menu_typo_spacing":0,"ocean_menu_typo_spacing_tablet":0,"ocean_menu_typo_spacing_mobile":0,"ocean_menu_typo_spacing_unit":"","ocean_menu_link_color":"","ocean_menu_link_color_hover":"","ocean_menu_link_color_active":"","ocean_menu_link_background":"","ocean_menu_link_hover_background":"","ocean_menu_link_active_background":"","ocean_menu_social_links_bg":"","ocean_menu_social_hover_links_bg":"","ocean_menu_social_links_color":"","ocean_menu_social_hover_links_color":"","ocean_disable_title":"default","ocean_disable_heading":"default","ocean_post_title":"","ocean_post_subheading":"","ocean_post_title_style":"","ocean_post_title_background_color":"","ocean_post_title_background":0,"ocean_post_title_bg_image_position":"","ocean_post_title_bg_image_attachment":"","ocean_post_title_bg_image_repeat":"","ocean_post_title_bg_image_size":"","ocean_post_title_height":0,"ocean_post_title_bg_overlay":0.5,"ocean_post_title_bg_overlay_color":"","ocean_disable_breadcrumbs":"default","ocean_breadcrumbs_color":"","ocean_breadcrumbs_separator_color":"","ocean_breadcrumbs_links_color":"","ocean_breadcrumbs_links_hover_color":"","ocean_display_footer_widgets":"default","ocean_display_footer_bottom":"default","ocean_custom_footer_template":"0","osh_disable_topbar_sticky":"default","osh_disable_header_sticky":"default","osh_sticky_header_style":"default","osh_sticky_header_effect":"","osh_custom_sticky_logo":0,"osh_custom_retina_sticky_logo":0,"osh_custom_sticky_logo_height":0,"osh_background_color":"","osh_links_color":"","osh_links_hover_color":"","osh_links_active_color":"","osh_links_bg_color":"","osh_links_hover_bg_color":"","osh_links_active_bg_color":"","osh_menu_social_links_color":"","osh_menu_social_hover_links_color":""},"product_brand":[],"product_cat":[47],"product_tag":[77,76,78],"class_list":{"0":"post-1606","1":"product","2":"type-product","3":"status-publish","4":"has-post-thumbnail","6":"product_cat-packaging-accessories","7":"product_tag-l-shaped-edge-protector","8":"product_tag-plastic-edge-protector","9":"product_tag-strapping-edge-protector","11":"entry","12":"has-media","14":"first","15":"instock","16":"shipping-taxable","17":"product-type-external","18":"col","19":"span_1_of_3","20":"owp-content-center","21":"owp-thumbs-layout-horizontal","22":"owp-btn-very-big","23":"owp-tabs-layout-horizontal"},"_links":{"self":[{"href":"https:\/\/www.qianyipack.com\/pt\/wp-json\/wp\/v2\/product\/1606","targetHints":{"allow":["GET"]}}],"collection":[{"href":"https:\/\/www.qianyipack.com\/pt\/wp-json\/wp\/v2\/product"}],"about":[{"href":"https:\/\/www.qianyipack.com\/pt\/wp-json\/wp\/v2\/types\/product"}],"wp:featuredmedia":[{"embeddable":true,"href":"https:\/\/www.qianyipack.com\/pt\/wp-json\/wp\/v2\/media\/1610"}],"wp:attachment":[{"href":"https:\/\/www.qianyipack.com\/pt\/wp-json\/wp\/v2\/media?parent=1606"}],"wp:term":[{"taxonomy":"product_brand","embeddable":true,"href":"https:\/\/www.qianyipack.com\/pt\/wp-json\/wp\/v2\/product_brand?post=1606"},{"taxonomy":"product_cat","embeddable":true,"href":"https:\/\/www.qianyipack.com\/pt\/wp-json\/wp\/v2\/product_cat?post=1606"},{"taxonomy":"product_tag","embeddable":true,"href":"https:\/\/www.qianyipack.com\/pt\/wp-json\/wp\/v2\/product_tag?post=1606"}],"curies":[{"name":"wp","href":"https:\/\/api.w.org\/{rel}","templated":true}]}}