{"id":2017,"date":"2021-10-27T00:30:39","date_gmt":"2021-10-27T08:30:39","guid":{"rendered":"https:\/\/www.qianyipack.com\/?post_type=product&#038;p=2017"},"modified":"2021-11-23T17:45:14","modified_gmt":"2021-11-24T01:45:14","slug":"40mm-soft-polyester-woven-heavy-duty-lashing-strap","status":"publish","type":"product","link":"https:\/\/www.qianyipack.com\/pt\/produto\/40mm-soft-polyester-woven-heavy-duty-lashing-strap","title":{"rendered":"Cinta de amarra\u00e7\u00e3o de poli\u00e9ster macio de 40 mm para servi\u00e7o pesado"},"content":{"rendered":"<p>Como o servi\u00e7o pesado <a href=\"https:\/\/www.qianyipack.com\/en\/product-tag\/woven-polyester-strapping\" target=\"_blank\" rel=\"noopener\">cinta tecida<\/a> \u00e9 resistente a \u00f3leo, gordura, \u00e1cido dilu\u00eddo, \u00e1lcali dilu\u00eddo e \u00e0 maioria dos solventes, \u00e9 \u00fatil para i\u00e7ar produtos de pintura, produtos pl\u00e1sticos, i\u00e7amento de m\u00e1quinas-ferramenta e tratamento de superf\u00edcie ou anti-corros\u00e3o e hidrata\u00e7\u00e3o de tubos e tubula\u00e7\u00f5es. Carregamento, descarregamento e fixa\u00e7\u00e3o de objetos.<br \/>\nO<a href=\"https:\/\/www.qianyipack.com\/en\/product-tag\/polyester-cord-strapping\" target=\"_blank\" rel=\"noopener\"> amarra\u00e7\u00e3o com cintagem<\/a> deve ser sucateado sob as seguintes condi\u00e7\u00f5es durante o uso:<br \/>\nA cinta, incluindo a cobertura de prote\u00e7\u00e3o, est\u00e1 muito desgastada, perfurada, envelhecida, cortada e rasgada.<br \/>\nA fibra da cinta portadora de carga \u00e9 envelhecida, amolecida, menos el\u00e1stica e mais fraca em for\u00e7a.<br \/>\nAs costuras est\u00e3o desgastadas e as costuras est\u00e3o desgastadas.<br \/>\nA superf\u00edcie da fibra \u00e9 \u00e1spera e f\u00e1cil de descascar.<br \/>\nA funda tem um n\u00f3 morto.<br \/>\nManchas excessivamente soltas na superf\u00edcie da funda, corros\u00e3o de \u00e1cido e \u00e1lcali, e derretimento t\u00e9rmico ou queimadura.<\/p>\n<figure id=\"attachment_2003\" aria-describedby=\"caption-attachment-2003\" style=\"width: 960px\" class=\"wp-caption alignnone\"><img fetchpriority=\"high\" decoding=\"async\" class=\"size-full wp-image-2003\" src=\"https:\/\/www.qianyipack.com\/wp-content\/uploads\/40mm-heavy-duty-strap-5.jpg\" alt=\"40mm heavy-duty strap (5)\" width=\"960\" height=\"540\" srcset=\"https:\/\/www.qianyipack.com\/wp-content\/uploads\/40mm-heavy-duty-strap-5.jpg 960w, https:\/\/www.qianyipack.com\/wp-content\/uploads\/40mm-heavy-duty-strap-5-800x450.jpg 800w, https:\/\/www.qianyipack.com\/wp-content\/uploads\/40mm-heavy-duty-strap-5-300x169.jpg 300w, https:\/\/www.qianyipack.com\/wp-content\/uploads\/40mm-heavy-duty-strap-5-768x432.jpg 768w, https:\/\/www.qianyipack.com\/wp-content\/uploads\/40mm-heavy-duty-strap-5-18x10.jpg 18w\" sizes=\"(max-width: 960px) 100vw, 960px\" \/><figcaption id=\"caption-attachment-2003\" class=\"wp-caption-text\">Correia para servi\u00e7o pesado de 40mm (5)<\/figcaption><\/figure>\n<h3>Especifica\u00e7\u00e3o<\/h3>\n<figure id=\"attachment_2005\" aria-describedby=\"caption-attachment-2005\" style=\"width: 960px\" class=\"wp-caption alignnone\"><img decoding=\"async\" class=\"size-full wp-image-2005\" src=\"https:\/\/www.qianyipack.com\/wp-content\/uploads\/40mm-woven-strapping-specification.jpg\" alt=\"40mm woven strapping specification\" width=\"960\" height=\"645\" srcset=\"https:\/\/www.qianyipack.com\/wp-content\/uploads\/40mm-woven-strapping-specification.jpg 960w, https:\/\/www.qianyipack.com\/wp-content\/uploads\/40mm-woven-strapping-specification-800x538.jpg 800w, https:\/\/www.qianyipack.com\/wp-content\/uploads\/40mm-woven-strapping-specification-300x202.jpg 300w, https:\/\/www.qianyipack.com\/wp-content\/uploads\/40mm-woven-strapping-specification-768x516.jpg 768w, https:\/\/www.qianyipack.com\/wp-content\/uploads\/40mm-woven-strapping-specification-18x12.jpg 18w\" sizes=\"(max-width: 960px) 100vw, 960px\" \/><figcaption id=\"caption-attachment-2005\" class=\"wp-caption-text\">Especifica\u00e7\u00e3o de cintas tecidas de 40mm<\/figcaption><\/figure>\n<h3>Destaque<\/h3>\n<p>\u00c9 leve em peso, 20% do peso de um espalhador de metal, e f\u00e1cil de usar.<br \/>\nEle n\u00e3o danifica a superf\u00edcie do objeto suspenso.<br \/>\nMelhora a efici\u00eancia da m\u00e3o-de-obra e economiza custos.<br \/>\nPossui boa resist\u00eancia \u00e0 corros\u00e3o e ao desgaste.<br \/>\nTem uma ampla gama de usos: utilizado em portos, produtos qu\u00edmicos, a\u00e7o, m\u00e1quinas, petr\u00f3leo, energia el\u00e9trica, ferrovias, minera\u00e7\u00e3o, metalurgia, constru\u00e7\u00e3o naval, autom\u00f3veis, aeroespacial, militar, instala\u00e7\u00e3o e outros campos industriais.<\/p>\n<h3>Aviso<\/h3>\n<p>N\u00e3o utilizar fundas danificadas.<br \/>\nAo i\u00e7ar, n\u00e3o tor\u00e7a ou tor\u00e7a a funda.<br \/>\nN\u00e3o deixe a funda ser atada.<br \/>\nEvite rasgar as juntas de costura ou sobrecarregar o trabalho.<br \/>\nAo mover a funda, n\u00e3o arraste-a.<br \/>\nEvite agarrar ou sacudir a carga.<br \/>\nCada funda deve ser verificada antes de cada utiliza\u00e7\u00e3o.<\/p>\n<figure id=\"attachment_2004\" aria-describedby=\"caption-attachment-2004\" style=\"width: 960px\" class=\"wp-caption alignnone\"><img decoding=\"async\" class=\"size-full wp-image-2004\" src=\"https:\/\/www.qianyipack.com\/wp-content\/uploads\/40mm-heavy-duty-strap-6.jpg\" alt=\"40mm heavy-duty strap (6)\" width=\"960\" height=\"540\" srcset=\"https:\/\/www.qianyipack.com\/wp-content\/uploads\/40mm-heavy-duty-strap-6.jpg 960w, https:\/\/www.qianyipack.com\/wp-content\/uploads\/40mm-heavy-duty-strap-6-800x450.jpg 800w, https:\/\/www.qianyipack.com\/wp-content\/uploads\/40mm-heavy-duty-strap-6-300x169.jpg 300w, https:\/\/www.qianyipack.com\/wp-content\/uploads\/40mm-heavy-duty-strap-6-768x432.jpg 768w, https:\/\/www.qianyipack.com\/wp-content\/uploads\/40mm-heavy-duty-strap-6-18x10.jpg 18w\" sizes=\"(max-width: 960px) 100vw, 960px\" \/><figcaption id=\"caption-attachment-2004\" class=\"wp-caption-text\">Correia para servi\u00e7o pesado de 40mm (6)<\/figcaption><\/figure>","protected":false},"excerpt":{"rendered":"<div id=\"outer-wrap\" class=\"site clr\">\n<div id=\"wrap\" class=\"clr\">\n<div id=\"outer-wrap\" class=\"site clr\">\n<div id=\"wrap\" class=\"clr\">\n<p>A amarra\u00e7\u00e3o pesada tem as caracter\u00edsticas de ser leve, macia, de alto coeficiente, boa resist\u00eancia \u00e0 dobra, longa vida \u00fatil, sem g\u00e1s e baixa permeabilidade ao vapor de \u00e1gua devido a sua ampla e plana \u00e1rea de contato, n\u00e3o danifica o objeto suspenso, e assim por diante. Amplamente utilizado em v\u00e1rios campos, substituindo gradualmente as lingas de cabo de a\u00e7o.<\/p>\n<\/div>\n<\/div>\n<\/div>\n<\/div>","protected":false},"featured_media":1999,"template":"","meta":{"ocean_post_layout":"","ocean_both_sidebars_style":"","ocean_both_sidebars_content_width":0,"ocean_both_sidebars_sidebars_width":0,"ocean_sidebar":"0","ocean_second_sidebar":"0","ocean_disable_margins":"enable","ocean_add_body_class":"","ocean_shortcode_before_top_bar":"","ocean_shortcode_after_top_bar":"","ocean_shortcode_before_header":"","ocean_shortcode_after_header":"","ocean_has_shortcode":"","ocean_shortcode_after_title":"","ocean_shortcode_before_footer_widgets":"","ocean_shortcode_after_footer_widgets":"","ocean_shortcode_before_footer_bottom":"","ocean_shortcode_after_footer_bottom":"","ocean_display_top_bar":"default","ocean_display_header":"default","ocean_header_style":"","ocean_center_header_left_menu":"0","ocean_custom_header_template":"0","ocean_custom_logo":0,"ocean_custom_retina_logo":0,"ocean_custom_logo_max_width":0,"ocean_custom_logo_tablet_max_width":0,"ocean_custom_logo_mobile_max_width":0,"ocean_custom_logo_max_height":0,"ocean_custom_logo_tablet_max_height":0,"ocean_custom_logo_mobile_max_height":0,"ocean_header_custom_menu":"0","ocean_menu_typo_font_family":"0","ocean_menu_typo_font_subset":"","ocean_menu_typo_font_size":0,"ocean_menu_typo_font_size_tablet":0,"ocean_menu_typo_font_size_mobile":0,"ocean_menu_typo_font_size_unit":"px","ocean_menu_typo_font_weight":"","ocean_menu_typo_font_weight_tablet":"","ocean_menu_typo_font_weight_mobile":"","ocean_menu_typo_transform":"","ocean_menu_typo_transform_tablet":"","ocean_menu_typo_transform_mobile":"","ocean_menu_typo_line_height":0,"ocean_menu_typo_line_height_tablet":0,"ocean_menu_typo_line_height_mobile":0,"ocean_menu_typo_line_height_unit":"","ocean_menu_typo_spacing":0,"ocean_menu_typo_spacing_tablet":0,"ocean_menu_typo_spacing_mobile":0,"ocean_menu_typo_spacing_unit":"","ocean_menu_link_color":"","ocean_menu_link_color_hover":"","ocean_menu_link_color_active":"","ocean_menu_link_background":"","ocean_menu_link_hover_background":"","ocean_menu_link_active_background":"","ocean_menu_social_links_bg":"","ocean_menu_social_hover_links_bg":"","ocean_menu_social_links_color":"","ocean_menu_social_hover_links_color":"","ocean_disable_title":"default","ocean_disable_heading":"default","ocean_post_title":"","ocean_post_subheading":"","ocean_post_title_style":"","ocean_post_title_background_color":"","ocean_post_title_background":0,"ocean_post_title_bg_image_position":"","ocean_post_title_bg_image_attachment":"","ocean_post_title_bg_image_repeat":"","ocean_post_title_bg_image_size":"","ocean_post_title_height":0,"ocean_post_title_bg_overlay":0.5,"ocean_post_title_bg_overlay_color":"","ocean_disable_breadcrumbs":"default","ocean_breadcrumbs_color":"","ocean_breadcrumbs_separator_color":"","ocean_breadcrumbs_links_color":"","ocean_breadcrumbs_links_hover_color":"","ocean_display_footer_widgets":"default","ocean_display_footer_bottom":"default","ocean_custom_footer_template":"0","osh_disable_topbar_sticky":"default","osh_disable_header_sticky":"default","osh_sticky_header_style":"default","osh_sticky_header_effect":"","osh_custom_sticky_logo":0,"osh_custom_retina_sticky_logo":0,"osh_custom_sticky_logo_height":0,"osh_background_color":"","osh_links_color":"","osh_links_hover_color":"","osh_links_active_color":"","osh_links_bg_color":"","osh_links_hover_bg_color":"","osh_links_active_bg_color":"","osh_menu_social_links_color":"","osh_menu_social_hover_links_color":""},"product_brand":[],"product_cat":[38],"product_tag":[89,90,88],"class_list":{"0":"post-2017","1":"product","2":"type-product","3":"status-publish","4":"has-post-thumbnail","6":"product_cat-woven-polyester-strap","7":"product_tag-polyester-cord-strapping","8":"product_tag-woven-polyester-strapping","9":"product_tag-woven-strap","11":"entry","12":"has-media","14":"first","15":"instock","16":"shipping-taxable","17":"product-type-external","18":"col","19":"span_1_of_3","20":"owp-content-center","21":"owp-thumbs-layout-horizontal","22":"owp-btn-very-big","23":"owp-tabs-layout-horizontal"},"_links":{"self":[{"href":"https:\/\/www.qianyipack.com\/pt\/wp-json\/wp\/v2\/product\/2017","targetHints":{"allow":["GET"]}}],"collection":[{"href":"https:\/\/www.qianyipack.com\/pt\/wp-json\/wp\/v2\/product"}],"about":[{"href":"https:\/\/www.qianyipack.com\/pt\/wp-json\/wp\/v2\/types\/product"}],"wp:featuredmedia":[{"embeddable":true,"href":"https:\/\/www.qianyipack.com\/pt\/wp-json\/wp\/v2\/media\/1999"}],"wp:attachment":[{"href":"https:\/\/www.qianyipack.com\/pt\/wp-json\/wp\/v2\/media?parent=2017"}],"wp:term":[{"taxonomy":"product_brand","embeddable":true,"href":"https:\/\/www.qianyipack.com\/pt\/wp-json\/wp\/v2\/product_brand?post=2017"},{"taxonomy":"product_cat","embeddable":true,"href":"https:\/\/www.qianyipack.com\/pt\/wp-json\/wp\/v2\/product_cat?post=2017"},{"taxonomy":"product_tag","embeddable":true,"href":"https:\/\/www.qianyipack.com\/pt\/wp-json\/wp\/v2\/product_tag?post=2017"}],"curies":[{"name":"wp","href":"https:\/\/api.w.org\/{rel}","templated":true}]}}