{"id":2018,"date":"2021-10-27T00:56:20","date_gmt":"2021-10-27T08:56:20","guid":{"rendered":"https:\/\/www.qianyipack.com\/?post_type=product&#038;p=2018"},"modified":"2021-11-23T17:44:30","modified_gmt":"2021-11-24T01:44:30","slug":"9mm-polyester-woven-strapping-for-fixation-of-goods","status":"publish","type":"product","link":"https:\/\/www.qianyipack.com\/pt\/produto\/9mm-polyester-woven-strapping-for-fixation-of-goods","title":{"rendered":"Cintas de poli\u00e9ster de 9 mm para fixa\u00e7\u00e3o de mercadorias"},"content":{"rendered":"<p><a href=\"https:\/\/www.qianyipack.com\/en\/product-tag\/polyester-strapping\" target=\"_blank\" rel=\"noopener\">Cintas de poli\u00e9ster tran\u00e7ado<\/a> tem as vantagens do peso leve, manuten\u00e7\u00e3o conveniente e boa resist\u00eancia qu\u00edmica, bem como excelentes caracter\u00edsticas como peso leve, alta resist\u00eancia e n\u00e3o f\u00e1cil de danificar a superf\u00edcie do objeto de eleva\u00e7\u00e3o. \u00c9 cada vez mais popular entre os usu\u00e1rios e gradualmente substituiu o cabo de a\u00e7o em muitos aspectos.<\/p>\n<figure id=\"attachment_1996\" aria-describedby=\"caption-attachment-1996\" style=\"width: 960px\" class=\"wp-caption alignnone\"><img fetchpriority=\"high\" decoding=\"async\" class=\"size-full wp-image-1996\" src=\"https:\/\/www.qianyipack.com\/wp-content\/uploads\/9mm-woven-packaging-strap-5.jpg\" alt=\"9mm woven packaging strap (5)\" width=\"960\" height=\"640\" srcset=\"https:\/\/www.qianyipack.com\/wp-content\/uploads\/9mm-woven-packaging-strap-5.jpg 960w, https:\/\/www.qianyipack.com\/wp-content\/uploads\/9mm-woven-packaging-strap-5-800x533.jpg 800w, https:\/\/www.qianyipack.com\/wp-content\/uploads\/9mm-woven-packaging-strap-5-300x200.jpg 300w, https:\/\/www.qianyipack.com\/wp-content\/uploads\/9mm-woven-packaging-strap-5-768x512.jpg 768w, https:\/\/www.qianyipack.com\/wp-content\/uploads\/9mm-woven-packaging-strap-5-18x12.jpg 18w\" sizes=\"(max-width: 960px) 100vw, 960px\" \/><figcaption id=\"caption-attachment-1996\" class=\"wp-caption-text\">Correia de embalagem tecida de 9 mm (5)<\/figcaption><\/figure>\n<h3>Destaque<\/h3>\n<p>Normas de especifica\u00e7\u00e3o. Controlar rigorosamente os padr\u00f5es de produ\u00e7\u00e3o da cinta, de modo que o erro seja controlado dentro da faixa aceit\u00e1vel, a for\u00e7a seja uniforme, a dureza seja alta, n\u00e3o seja f\u00e1cil de deformar, a vida \u00fatil seja longa, a resist\u00eancia \u00e0 corros\u00e3o e a resist\u00eancia ao desgaste seja boa.<br \/>\nArtesanato. A superf\u00edcie do <a href=\"https:\/\/www.qianyipack.com\/en\/product-tag\/packaging-strap\" target=\"_blank\" rel=\"noopener\">cinto tran\u00e7ado<\/a> \u00e9 liso e sem rebarbas, a apar\u00eancia \u00e9 requintada, o acabamento \u00e9 excelente, robusto e dur\u00e1vel, n\u00e3o prejudica a apar\u00eancia do objeto que est\u00e1 sendo pendurado, e a manuten\u00e7\u00e3o \u00e9 forte.<br \/>\nMateriais selecionados. Sele\u00e7\u00e3o rigorosa de materiais de cintagem, sele\u00e7\u00e3o de mat\u00e9rias-primas camada por camada, cada vez que os materiais s\u00e3o selecionados no local, e o fio de poli\u00e9ster macio de alta resist\u00eancia e alta qualidade \u00e9 selecionado, e o produto \u00e9 cuidadosamente trabalhado a partir da fonte.<br \/>\nTecelagem cient\u00edfica. A al\u00e7a adota uma textura tecida de alta estanqueidade para fazer o tecido de poli\u00e9ster em forma ociosa, evitando tens\u00e3o insuficiente causada por m\u00faltiplas juntas e alto coeficiente de seguran\u00e7a.<br \/>\nF\u00e1cil de usar. A cinta \u00e9 leve em peso, flex\u00edvel, resistente \u00e0 flu\u00eancia, \u00e0 fadiga, \u00e0 fric\u00e7\u00e3o, \u00e0 estabilidade e f\u00e1cil de manusear.<br \/>\nEngomagem a alta temperatura. Depois que nossa esteira tran\u00e7ada \u00e9 tecida e formada, ela deve ser engomada com cola especial a alta temperatura para aumentar a estanqueidade e a resist\u00eancia ao escorregamento da esteira tran\u00e7ada.<\/p>\n<figure id=\"attachment_1998\" aria-describedby=\"caption-attachment-1998\" style=\"width: 960px\" class=\"wp-caption alignnone\"><img decoding=\"async\" class=\"size-full wp-image-1998\" src=\"https:\/\/www.qianyipack.com\/wp-content\/uploads\/9mm-woven-strap-specification.jpg\" alt=\"9mm woven strap specification\" width=\"960\" height=\"506\" srcset=\"https:\/\/www.qianyipack.com\/wp-content\/uploads\/9mm-woven-strap-specification.jpg 960w, https:\/\/www.qianyipack.com\/wp-content\/uploads\/9mm-woven-strap-specification-800x422.jpg 800w, https:\/\/www.qianyipack.com\/wp-content\/uploads\/9mm-woven-strap-specification-300x158.jpg 300w, https:\/\/www.qianyipack.com\/wp-content\/uploads\/9mm-woven-strap-specification-768x405.jpg 768w, https:\/\/www.qianyipack.com\/wp-content\/uploads\/9mm-woven-strap-specification-18x9.jpg 18w\" sizes=\"(max-width: 960px) 100vw, 960px\" \/><figcaption id=\"caption-attachment-1998\" class=\"wp-caption-text\">Especifica\u00e7\u00e3o da cinta tecida de 9 mm<\/figcaption><\/figure>\n<h3>Aplica\u00e7\u00e3o<\/h3>\n<p>Usado principalmente para i\u00e7amento de guindastes de engenharia portu\u00e1ria, equipamentos de minera\u00e7\u00e3o metal\u00fargica, pre\u00e7o l\u00edquido de campos petrol\u00edferos, equipamentos de energia, sider\u00fargicas, campos de petr\u00f3leo, portos, eletromec\u00e2nicos, transporte e outras ind\u00fastrias.<\/p>\n<figure id=\"attachment_1997\" aria-describedby=\"caption-attachment-1997\" style=\"width: 960px\" class=\"wp-caption alignnone\"><img decoding=\"async\" class=\"size-full wp-image-1997\" src=\"https:\/\/www.qianyipack.com\/wp-content\/uploads\/9mm-woven-packaging-strap-6.jpg\" alt=\"9mm woven packaging strap (6)\" width=\"960\" height=\"540\" srcset=\"https:\/\/www.qianyipack.com\/wp-content\/uploads\/9mm-woven-packaging-strap-6.jpg 960w, https:\/\/www.qianyipack.com\/wp-content\/uploads\/9mm-woven-packaging-strap-6-800x450.jpg 800w, https:\/\/www.qianyipack.com\/wp-content\/uploads\/9mm-woven-packaging-strap-6-300x169.jpg 300w, https:\/\/www.qianyipack.com\/wp-content\/uploads\/9mm-woven-packaging-strap-6-768x432.jpg 768w, https:\/\/www.qianyipack.com\/wp-content\/uploads\/9mm-woven-packaging-strap-6-18x10.jpg 18w\" sizes=\"(max-width: 960px) 100vw, 960px\" \/><figcaption id=\"caption-attachment-1997\" class=\"wp-caption-text\">Correia de embalagem tecida de 9 mm (6)<\/figcaption><\/figure>","protected":false},"excerpt":{"rendered":"<div id=\"outer-wrap\" class=\"site clr\">\n<div id=\"wrap\" class=\"clr\">\n<p>A superf\u00edcie externa da cintagem \u00e9 fina e n\u00e3o causar\u00e1 danos a objetos vulner\u00e1veis. Al\u00e9m disso, h\u00e1 muitos m\u00e9todos de embalagem, e tamb\u00e9m pode ser usada para arrastar os objetos suspensos. Ela pode ser impressa com etiquetas relevantes, e a cor \u00e9 usada para distinguir a tonelagem de carga, mesmo que a cinta esteja desgastada, \u00e9 f\u00e1cil de identificar.<\/p>\n<\/div>\n<\/div>","protected":false},"featured_media":1995,"template":"","meta":{"ocean_post_layout":"","ocean_both_sidebars_style":"","ocean_both_sidebars_content_width":0,"ocean_both_sidebars_sidebars_width":0,"ocean_sidebar":"0","ocean_second_sidebar":"0","ocean_disable_margins":"enable","ocean_add_body_class":"","ocean_shortcode_before_top_bar":"","ocean_shortcode_after_top_bar":"","ocean_shortcode_before_header":"","ocean_shortcode_after_header":"","ocean_has_shortcode":"","ocean_shortcode_after_title":"","ocean_shortcode_before_footer_widgets":"","ocean_shortcode_after_footer_widgets":"","ocean_shortcode_before_footer_bottom":"","ocean_shortcode_after_footer_bottom":"","ocean_display_top_bar":"default","ocean_display_header":"default","ocean_header_style":"","ocean_center_header_left_menu":"0","ocean_custom_header_template":"0","ocean_custom_logo":0,"ocean_custom_retina_logo":0,"ocean_custom_logo_max_width":0,"ocean_custom_logo_tablet_max_width":0,"ocean_custom_logo_mobile_max_width":0,"ocean_custom_logo_max_height":0,"ocean_custom_logo_tablet_max_height":0,"ocean_custom_logo_mobile_max_height":0,"ocean_header_custom_menu":"0","ocean_menu_typo_font_family":"0","ocean_menu_typo_font_subset":"","ocean_menu_typo_font_size":0,"ocean_menu_typo_font_size_tablet":0,"ocean_menu_typo_font_size_mobile":0,"ocean_menu_typo_font_size_unit":"px","ocean_menu_typo_font_weight":"","ocean_menu_typo_font_weight_tablet":"","ocean_menu_typo_font_weight_mobile":"","ocean_menu_typo_transform":"","ocean_menu_typo_transform_tablet":"","ocean_menu_typo_transform_mobile":"","ocean_menu_typo_line_height":0,"ocean_menu_typo_line_height_tablet":0,"ocean_menu_typo_line_height_mobile":0,"ocean_menu_typo_line_height_unit":"","ocean_menu_typo_spacing":0,"ocean_menu_typo_spacing_tablet":0,"ocean_menu_typo_spacing_mobile":0,"ocean_menu_typo_spacing_unit":"","ocean_menu_link_color":"","ocean_menu_link_color_hover":"","ocean_menu_link_color_active":"","ocean_menu_link_background":"","ocean_menu_link_hover_background":"","ocean_menu_link_active_background":"","ocean_menu_social_links_bg":"","ocean_menu_social_hover_links_bg":"","ocean_menu_social_links_color":"","ocean_menu_social_hover_links_color":"","ocean_disable_title":"default","ocean_disable_heading":"default","ocean_post_title":"","ocean_post_subheading":"","ocean_post_title_style":"","ocean_post_title_background_color":"","ocean_post_title_background":0,"ocean_post_title_bg_image_position":"","ocean_post_title_bg_image_attachment":"","ocean_post_title_bg_image_repeat":"","ocean_post_title_bg_image_size":"","ocean_post_title_height":0,"ocean_post_title_bg_overlay":0.5,"ocean_post_title_bg_overlay_color":"","ocean_disable_breadcrumbs":"default","ocean_breadcrumbs_color":"","ocean_breadcrumbs_separator_color":"","ocean_breadcrumbs_links_color":"","ocean_breadcrumbs_links_hover_color":"","ocean_display_footer_widgets":"default","ocean_display_footer_bottom":"default","ocean_custom_footer_template":"0","osh_disable_topbar_sticky":"default","osh_disable_header_sticky":"default","osh_sticky_header_style":"default","osh_sticky_header_effect":"","osh_custom_sticky_logo":0,"osh_custom_retina_sticky_logo":0,"osh_custom_sticky_logo_height":0,"osh_background_color":"","osh_links_color":"","osh_links_hover_color":"","osh_links_active_color":"","osh_links_bg_color":"","osh_links_hover_bg_color":"","osh_links_active_bg_color":"","osh_menu_social_links_color":"","osh_menu_social_hover_links_color":""},"product_brand":[],"product_cat":[38],"product_tag":[49,92,52],"class_list":{"0":"post-2018","1":"product","2":"type-product","3":"status-publish","4":"has-post-thumbnail","6":"product_cat-woven-polyester-strap","7":"product_tag-packaging-strap","8":"product_tag-polyester-strapping","9":"product_tag-woven-cord-strap","11":"entry","12":"has-media","14":"first","15":"instock","16":"shipping-taxable","17":"product-type-external","18":"col","19":"span_1_of_3","20":"owp-content-center","21":"owp-thumbs-layout-horizontal","22":"owp-btn-very-big","23":"owp-tabs-layout-horizontal"},"_links":{"self":[{"href":"https:\/\/www.qianyipack.com\/pt\/wp-json\/wp\/v2\/product\/2018","targetHints":{"allow":["GET"]}}],"collection":[{"href":"https:\/\/www.qianyipack.com\/pt\/wp-json\/wp\/v2\/product"}],"about":[{"href":"https:\/\/www.qianyipack.com\/pt\/wp-json\/wp\/v2\/types\/product"}],"wp:featuredmedia":[{"embeddable":true,"href":"https:\/\/www.qianyipack.com\/pt\/wp-json\/wp\/v2\/media\/1995"}],"wp:attachment":[{"href":"https:\/\/www.qianyipack.com\/pt\/wp-json\/wp\/v2\/media?parent=2018"}],"wp:term":[{"taxonomy":"product_brand","embeddable":true,"href":"https:\/\/www.qianyipack.com\/pt\/wp-json\/wp\/v2\/product_brand?post=2018"},{"taxonomy":"product_cat","embeddable":true,"href":"https:\/\/www.qianyipack.com\/pt\/wp-json\/wp\/v2\/product_cat?post=2018"},{"taxonomy":"product_tag","embeddable":true,"href":"https:\/\/www.qianyipack.com\/pt\/wp-json\/wp\/v2\/product_tag?post=2018"}],"curies":[{"name":"wp","href":"https:\/\/api.w.org\/{rel}","templated":true}]}}