{"id":2019,"date":"2021-10-27T01:13:03","date_gmt":"2021-10-27T09:13:03","guid":{"rendered":"https:\/\/www.qianyipack.com\/?post_type=product&#038;p=2019"},"modified":"2021-11-23T17:10:57","modified_gmt":"2021-11-24T01:10:57","slug":"9-32mm-manual-strapping-tensioner-for-strapping-band","status":"publish","type":"product","link":"https:\/\/www.qianyipack.com\/pt\/produto\/9-32mm-manual-strapping-tensioner-for-strapping-band","title":{"rendered":"Tensor de cintagem manual de 9-32mm para cintagem"},"content":{"rendered":"<p>Al\u00e9m dos tensores manuais, tamb\u00e9m fornecemos tensores de correia de a\u00e7o sem fivela, tensores manuais de correia de a\u00e7o, cortadores manuais de correia de a\u00e7o, enfardadeiras pneum\u00e1ticas de correia de a\u00e7o, enfardadeiras pneum\u00e1ticas de correia de a\u00e7o, tensores manuais de correia de a\u00e7o-pl\u00e1stico, cortadores manuais de correia de a\u00e7o-pl\u00e1stico, cortadores manuais de correia de a\u00e7o, bobinas de correia de a\u00e7o-pl\u00e1stico e <a href=\"https:\/\/www.qianyipack.com\/en\/product-tag\/strapping-tools\" target=\"_blank\" rel=\"noopener\">tensor de correia de fibra<\/a>, enfardadeira el\u00e9trica de cinta pl\u00e1stica, enfardadeira el\u00e9trica de cinta de a\u00e7o e outras enfardadeiras ou tensoras.<\/p>\n<figure id=\"attachment_2010\" aria-describedby=\"caption-attachment-2010\" style=\"width: 960px\" class=\"wp-caption alignnone\"><img fetchpriority=\"high\" decoding=\"async\" class=\"size-full wp-image-2010\" src=\"https:\/\/www.qianyipack.com\/wp-content\/uploads\/blue-strapping-tensioner-5.jpg\" alt=\"blue strapping tensioner (5)\" width=\"960\" height=\"640\" srcset=\"https:\/\/www.qianyipack.com\/wp-content\/uploads\/blue-strapping-tensioner-5.jpg 960w, https:\/\/www.qianyipack.com\/wp-content\/uploads\/blue-strapping-tensioner-5-800x533.jpg 800w, https:\/\/www.qianyipack.com\/wp-content\/uploads\/blue-strapping-tensioner-5-300x200.jpg 300w, https:\/\/www.qianyipack.com\/wp-content\/uploads\/blue-strapping-tensioner-5-768x512.jpg 768w, https:\/\/www.qianyipack.com\/wp-content\/uploads\/blue-strapping-tensioner-5-18x12.jpg 18w\" sizes=\"(max-width: 960px) 100vw, 960px\" \/><figcaption id=\"caption-attachment-2010\" class=\"wp-caption-text\">tensor de cinta azul (5)<\/figcaption><\/figure>\n<h3>Especifica\u00e7\u00e3o<\/h3>\n<p>Design ergon\u00f4mico. O cabo do <a href=\"https:\/\/www.qianyipack.com\/en\/product-category\/strapping-tensioner\" target=\"_blank\" rel=\"noopener\">tensor<\/a> \u00e9 projetado de acordo com a mec\u00e2nica humana, o que aumenta o conforto da garra e efetivamente evita a fadiga e protege as m\u00e3os.<br \/>\nProjeto do guincho. O tensionador adota um m\u00e9todo de aperto rotativo, que tem uma grande for\u00e7a de aperto, uma correia longa e uma opera\u00e7\u00e3o conveniente.<br \/>\nProjeto de engrenagens antiderrapantes. O tensionador tem uma engrenagem profunda para segur\u00e1-lo firmemente e economiza tempo para embalar a junta antiderrapante.<br \/>\nGirar a porta de corte. O tensionador \u00e9 equipado com um cortador rotativo resistente ao desgaste e um cortador afiado, o que \u00e9 conveniente e economiza tempo.<\/p>\n<figure id=\"attachment_1096\" aria-describedby=\"caption-attachment-1096\" style=\"width: 750px\" class=\"wp-caption alignnone\"><img decoding=\"async\" class=\"size-full wp-image-1096\" src=\"https:\/\/www.qianyipack.com\/wp-content\/uploads\/2021\/10\/strapping-tensioner-specification.jpg\" alt=\"strapping-tensioner-specification\" width=\"750\" height=\"866\" srcset=\"https:\/\/www.qianyipack.com\/wp-content\/uploads\/2021\/10\/strapping-tensioner-specification.jpg 750w, https:\/\/www.qianyipack.com\/wp-content\/uploads\/2021\/10\/strapping-tensioner-specification-260x300.jpg 260w, https:\/\/www.qianyipack.com\/wp-content\/uploads\/2021\/10\/strapping-tensioner-specification-600x693.jpg 600w\" sizes=\"(max-width: 750px) 100vw, 750px\" \/><figcaption id=\"caption-attachment-1096\" class=\"wp-caption-text\">especifica\u00e7\u00e3o do tensor de cintagem<\/figcaption><\/figure>\n<h3>Usando etapas<\/h3>\n<p>\u2460Put a esteira de embalagem atrav\u00e9s do tensor e pressiona-a.<br \/>\n\u2461Slide a esteira de embalagem na ranhura do cortador e na ranhura do guincho.<br \/>\n\u2462 Balance a alavanca para cima e para baixo para apert\u00e1-la.<br \/>\n\u2463 Colocar a fivela de embalagem na esteira de embalagem.<br \/>\n\u2464Press o cabo de aperto \u00e0 m\u00e3o, e a esteira de embalagem \u00e9 dividida.<br \/>\n\u2465 Continue pressionando a al\u00e7a de aperto e retire-a da correia.<\/p>\n<figure id=\"attachment_2011\" aria-describedby=\"caption-attachment-2011\" style=\"width: 960px\" class=\"wp-caption alignnone\"><img decoding=\"async\" class=\"size-full wp-image-2011\" src=\"https:\/\/www.qianyipack.com\/wp-content\/uploads\/blue-strapping-tensioner-6.jpg\" alt=\"blue strapping tensioner (6)\" width=\"960\" height=\"675\" srcset=\"https:\/\/www.qianyipack.com\/wp-content\/uploads\/blue-strapping-tensioner-6.jpg 960w, https:\/\/www.qianyipack.com\/wp-content\/uploads\/blue-strapping-tensioner-6-800x563.jpg 800w, https:\/\/www.qianyipack.com\/wp-content\/uploads\/blue-strapping-tensioner-6-300x211.jpg 300w, https:\/\/www.qianyipack.com\/wp-content\/uploads\/blue-strapping-tensioner-6-768x540.jpg 768w, https:\/\/www.qianyipack.com\/wp-content\/uploads\/blue-strapping-tensioner-6-18x12.jpg 18w\" sizes=\"(max-width: 960px) 100vw, 960px\" \/><figcaption id=\"caption-attachment-2011\" class=\"wp-caption-text\">tensor de cinta azul (6)<\/figcaption><\/figure>\n<h3>Aplica\u00e7\u00e3o<\/h3>\n<p>Fazer com que a embalagem n\u00e3o seja mais um inc\u00f4modo. Ela \u00e9 amplamente utilizada na ind\u00fastria de papel, ind\u00fastria de alum\u00ednio, a\u00e7o, madeira, embalagem de caixas de madeira de fibra qu\u00edmica, fia\u00e7\u00e3o de algod\u00e3o, ind\u00fastria qu\u00edmica, produtos met\u00e1licos e outras ind\u00fastrias.<\/p>\n<figure id=\"attachment_1095\" aria-describedby=\"caption-attachment-1095\" style=\"width: 960px\" class=\"wp-caption alignnone\"><img loading=\"lazy\" decoding=\"async\" class=\"size-full wp-image-1095\" src=\"https:\/\/www.qianyipack.com\/wp-content\/uploads\/2021\/10\/Heavy-duty-strap-application-1.jpg\" alt=\"strap tensioner application\" width=\"960\" height=\"540\" srcset=\"https:\/\/www.qianyipack.com\/wp-content\/uploads\/2021\/10\/Heavy-duty-strap-application-1.jpg 960w, https:\/\/www.qianyipack.com\/wp-content\/uploads\/2021\/10\/Heavy-duty-strap-application-1-800x450.jpg 800w, https:\/\/www.qianyipack.com\/wp-content\/uploads\/2021\/10\/Heavy-duty-strap-application-1-300x169.jpg 300w, https:\/\/www.qianyipack.com\/wp-content\/uploads\/2021\/10\/Heavy-duty-strap-application-1-768x432.jpg 768w\" sizes=\"(max-width: 960px) 100vw, 960px\" \/><figcaption id=\"caption-attachment-1095\" class=\"wp-caption-text\">aplica\u00e7\u00e3o do tensionador de correia<\/figcaption><\/figure>","protected":false},"excerpt":{"rendered":"<p>Este tensor manual de cinta \u00e9 adequado para cintas de fibra composta e cintas tecidas de poli\u00e9ster com uma largura de 9-32 mm. Quando em uso, ele pode ser usado com uma fivela de fecho, uma fivela de cinta de fio de ferro (fivela de retorno) ou Uso com a fivela de embalagem quadrada. E o tensionador vem com um cortador rotativo, que \u00e9 conveniente de usar.<\/p>","protected":false},"featured_media":2009,"template":"","meta":{"ocean_post_layout":"","ocean_both_sidebars_style":"","ocean_both_sidebars_content_width":0,"ocean_both_sidebars_sidebars_width":0,"ocean_sidebar":"0","ocean_second_sidebar":"0","ocean_disable_margins":"enable","ocean_add_body_class":"","ocean_shortcode_before_top_bar":"","ocean_shortcode_after_top_bar":"","ocean_shortcode_before_header":"","ocean_shortcode_after_header":"","ocean_has_shortcode":"","ocean_shortcode_after_title":"","ocean_shortcode_before_footer_widgets":"","ocean_shortcode_after_footer_widgets":"","ocean_shortcode_before_footer_bottom":"","ocean_shortcode_after_footer_bottom":"","ocean_display_top_bar":"default","ocean_display_header":"default","ocean_header_style":"","ocean_center_header_left_menu":"0","ocean_custom_header_template":"0","ocean_custom_logo":0,"ocean_custom_retina_logo":0,"ocean_custom_logo_max_width":0,"ocean_custom_logo_tablet_max_width":0,"ocean_custom_logo_mobile_max_width":0,"ocean_custom_logo_max_height":0,"ocean_custom_logo_tablet_max_height":0,"ocean_custom_logo_mobile_max_height":0,"ocean_header_custom_menu":"0","ocean_menu_typo_font_family":"0","ocean_menu_typo_font_subset":"","ocean_menu_typo_font_size":0,"ocean_menu_typo_font_size_tablet":0,"ocean_menu_typo_font_size_mobile":0,"ocean_menu_typo_font_size_unit":"px","ocean_menu_typo_font_weight":"","ocean_menu_typo_font_weight_tablet":"","ocean_menu_typo_font_weight_mobile":"","ocean_menu_typo_transform":"","ocean_menu_typo_transform_tablet":"","ocean_menu_typo_transform_mobile":"","ocean_menu_typo_line_height":0,"ocean_menu_typo_line_height_tablet":0,"ocean_menu_typo_line_height_mobile":0,"ocean_menu_typo_line_height_unit":"","ocean_menu_typo_spacing":0,"ocean_menu_typo_spacing_tablet":0,"ocean_menu_typo_spacing_mobile":0,"ocean_menu_typo_spacing_unit":"","ocean_menu_link_color":"","ocean_menu_link_color_hover":"","ocean_menu_link_color_active":"","ocean_menu_link_background":"","ocean_menu_link_hover_background":"","ocean_menu_link_active_background":"","ocean_menu_social_links_bg":"","ocean_menu_social_hover_links_bg":"","ocean_menu_social_links_color":"","ocean_menu_social_hover_links_color":"","ocean_disable_title":"default","ocean_disable_heading":"default","ocean_post_title":"","ocean_post_subheading":"","ocean_post_title_style":"","ocean_post_title_background_color":"","ocean_post_title_background":0,"ocean_post_title_bg_image_position":"","ocean_post_title_bg_image_attachment":"","ocean_post_title_bg_image_repeat":"","ocean_post_title_bg_image_size":"","ocean_post_title_height":0,"ocean_post_title_bg_overlay":0.5,"ocean_post_title_bg_overlay_color":"","ocean_disable_breadcrumbs":"default","ocean_breadcrumbs_color":"","ocean_breadcrumbs_separator_color":"","ocean_breadcrumbs_links_color":"","ocean_breadcrumbs_links_hover_color":"","ocean_display_footer_widgets":"default","ocean_display_footer_bottom":"default","ocean_custom_footer_template":"0","osh_disable_topbar_sticky":"default","osh_disable_header_sticky":"default","osh_sticky_header_style":"default","osh_sticky_header_effect":"","osh_custom_sticky_logo":0,"osh_custom_retina_sticky_logo":0,"osh_custom_sticky_logo_height":0,"osh_background_color":"","osh_links_color":"","osh_links_hover_color":"","osh_links_active_color":"","osh_links_bg_color":"","osh_links_hover_bg_color":"","osh_links_active_bg_color":"","osh_menu_social_links_color":"","osh_menu_social_hover_links_color":""},"product_brand":[],"product_cat":[45],"product_tag":[94,93,63],"class_list":{"0":"post-2019","1":"product","2":"type-product","3":"status-publish","4":"has-post-thumbnail","6":"product_cat-strapping-tensioner","7":"product_tag-pet-strapping-tensioner","8":"product_tag-steel-strapping-tool","9":"product_tag-strapping-tools","11":"entry","12":"has-media","14":"first","15":"instock","16":"shipping-taxable","17":"product-type-external","18":"col","19":"span_1_of_3","20":"owp-content-center","21":"owp-thumbs-layout-horizontal","22":"owp-btn-very-big","23":"owp-tabs-layout-horizontal"},"_links":{"self":[{"href":"https:\/\/www.qianyipack.com\/pt\/wp-json\/wp\/v2\/product\/2019","targetHints":{"allow":["GET"]}}],"collection":[{"href":"https:\/\/www.qianyipack.com\/pt\/wp-json\/wp\/v2\/product"}],"about":[{"href":"https:\/\/www.qianyipack.com\/pt\/wp-json\/wp\/v2\/types\/product"}],"wp:featuredmedia":[{"embeddable":true,"href":"https:\/\/www.qianyipack.com\/pt\/wp-json\/wp\/v2\/media\/2009"}],"wp:attachment":[{"href":"https:\/\/www.qianyipack.com\/pt\/wp-json\/wp\/v2\/media?parent=2019"}],"wp:term":[{"taxonomy":"product_brand","embeddable":true,"href":"https:\/\/www.qianyipack.com\/pt\/wp-json\/wp\/v2\/product_brand?post=2019"},{"taxonomy":"product_cat","embeddable":true,"href":"https:\/\/www.qianyipack.com\/pt\/wp-json\/wp\/v2\/product_cat?post=2019"},{"taxonomy":"product_tag","embeddable":true,"href":"https:\/\/www.qianyipack.com\/pt\/wp-json\/wp\/v2\/product_tag?post=2019"}],"curies":[{"name":"wp","href":"https:\/\/api.w.org\/{rel}","templated":true}]}}