{"id":2061,"date":"2021-10-28T18:11:07","date_gmt":"2021-10-29T02:11:07","guid":{"rendered":"https:\/\/www.qianyipack.com\/?post_type=product&#038;p=2061"},"modified":"2021-11-23T17:27:33","modified_gmt":"2021-11-24T01:27:33","slug":"13mm-steel-wire-buckle-for-polyester-packing-strap","status":"publish","type":"product","link":"https:\/\/www.qianyipack.com\/pt\/produto\/13mm-steel-wire-buckle-for-polyester-packing-strap","title":{"rendered":"Fivela de arame de a\u00e7o de 13 mm para cinta de embalagem de poli\u00e9ster"},"content":{"rendered":"<p>Alta resist\u00eancia. A fivela de embalagem \u00e9 uma fivela de embalagem de alta resist\u00eancia que \u00e9 feita de a\u00e7o de alta qualidade atrav\u00e9s de um <a href=\"https:\/\/www.buckleforming.com\/products-15025\" target=\"_blank\" rel=\"noopener\">m\u00e1quina de dobrar<\/a> com curvatura \u00fanica. Tem forte desempenho de tra\u00e7\u00e3o, forte resist\u00eancia \u00e0 tra\u00e7\u00e3o, e tipo resistente ao fogo.<br \/>\nforte e robusto. O produto n\u00e3o \u00e9 f\u00e1cil de cair durante o uso, \u00e9 forte e dur\u00e1vel, e \u00e9 adequado para uso com v\u00e1rias correias de embalagem.<br \/>\nA superf\u00edcie \u00e9 <a href=\"https:\/\/www.qianyipack.com\/en\/product\/16mm-wholesale-galvanized-steel-wire-strapping-buckle\" target=\"_blank\" rel=\"noopener\">galvanizado<\/a>. A fivela de embalagem foi galvanizada com tratamento de superf\u00edcie, a galvaniza\u00e7\u00e3o totalmente em a\u00e7o \u00e9 bela e atmosf\u00e9rica, o que pode evitar que a fivela de embalagem enferruje em um ambiente \u00famido.<br \/>\nV\u00e1rias especifica\u00e7\u00f5es. O <a href=\"https:\/\/www.qianyipack.com\/en\/product-category\/wire-strapping-buckle\" target=\"_blank\" rel=\"noopener\">fivela de embalagem<\/a> \u00e9 feito de fibra de a\u00e7o e tem uma variedade de especifica\u00e7\u00f5es para escolher, o que \u00e9 conveniente de usar.<br \/>\nF\u00e1cil de cortar. \u00c9 leve e macio, n\u00e3o precisa de luvas para trabalhar e, quando \u00e9 cortado, n\u00e3o ricocheteia, prejudicando os trabalhadores do transporte.<\/p>\n<figure id=\"attachment_2050\" aria-describedby=\"caption-attachment-2050\" style=\"width: 960px\" class=\"wp-caption alignnone\"><img fetchpriority=\"high\" decoding=\"async\" class=\"size-full wp-image-2050\" src=\"https:\/\/www.qianyipack.com\/wp-content\/uploads\/Galvanized-wire-buckle-13mm-6.jpg\" alt=\"Galvanized wire buckle 13mm (6)\" width=\"960\" height=\"540\" srcset=\"https:\/\/www.qianyipack.com\/wp-content\/uploads\/Galvanized-wire-buckle-13mm-6.jpg 960w, https:\/\/www.qianyipack.com\/wp-content\/uploads\/Galvanized-wire-buckle-13mm-6-800x450.jpg 800w, https:\/\/www.qianyipack.com\/wp-content\/uploads\/Galvanized-wire-buckle-13mm-6-300x169.jpg 300w, https:\/\/www.qianyipack.com\/wp-content\/uploads\/Galvanized-wire-buckle-13mm-6-768x432.jpg 768w, https:\/\/www.qianyipack.com\/wp-content\/uploads\/Galvanized-wire-buckle-13mm-6-18x10.jpg 18w\" sizes=\"(max-width: 960px) 100vw, 960px\" \/><figcaption id=\"caption-attachment-2050\" class=\"wp-caption-text\">Fivela de arame galvanizado 13mm (6)<\/figcaption><\/figure>\n<figure id=\"attachment_1057\" aria-describedby=\"caption-attachment-1057\" style=\"width: 960px\" class=\"wp-caption alignnone\"><img decoding=\"async\" class=\"size-full wp-image-1057\" src=\"https:\/\/www.qianyipack.com\/wp-content\/uploads\/2021\/10\/wire-strapping-buckle.jpg\" alt=\"wire-strapping-buckle\" width=\"960\" height=\"540\" srcset=\"https:\/\/www.qianyipack.com\/wp-content\/uploads\/2021\/10\/wire-strapping-buckle.jpg 960w, https:\/\/www.qianyipack.com\/wp-content\/uploads\/2021\/10\/wire-strapping-buckle-800x450.jpg 800w, https:\/\/www.qianyipack.com\/wp-content\/uploads\/2021\/10\/wire-strapping-buckle-300x169.jpg 300w, https:\/\/www.qianyipack.com\/wp-content\/uploads\/2021\/10\/wire-strapping-buckle-768x432.jpg 768w\" sizes=\"(max-width: 960px) 100vw, 960px\" \/><figcaption id=\"caption-attachment-1057\" class=\"wp-caption-text\">fivela de amarra\u00e7\u00e3o de arame<\/figcaption><\/figure>\n<h3>Especifica\u00e7\u00e3o<\/h3>\n<p>\u00c9 usado como padr\u00e3o em combina\u00e7\u00e3o com al\u00e7a de cabo composto, armadilha tecida de poli\u00e9ster, dispon\u00edvel em largura de 13 a 32mm. Basicamente a fivela galvanizada \u00e9 para a cinta composta, e a fivela fosfatizada \u00e9 para a cinta tecida.<\/p>\n<figure id=\"attachment_1058\" aria-describedby=\"caption-attachment-1058\" style=\"width: 960px\" class=\"wp-caption alignnone\"><img decoding=\"async\" class=\"size-full wp-image-1058\" src=\"https:\/\/www.qianyipack.com\/wp-content\/uploads\/2021\/10\/wire-strapping-buckle-specifi.jpg\" alt=\"wire-strapping-buckle-specifi\" width=\"960\" height=\"642\" srcset=\"https:\/\/www.qianyipack.com\/wp-content\/uploads\/2021\/10\/wire-strapping-buckle-specifi.jpg 960w, https:\/\/www.qianyipack.com\/wp-content\/uploads\/2021\/10\/wire-strapping-buckle-specifi-800x535.jpg 800w, https:\/\/www.qianyipack.com\/wp-content\/uploads\/2021\/10\/wire-strapping-buckle-specifi-300x201.jpg 300w, https:\/\/www.qianyipack.com\/wp-content\/uploads\/2021\/10\/wire-strapping-buckle-specifi-768x514.jpg 768w\" sizes=\"(max-width: 960px) 100vw, 960px\" \/><figcaption id=\"caption-attachment-1058\" class=\"wp-caption-text\">Fivela de amarra\u00e7\u00e3o-esp\u00e9cifi<\/figcaption><\/figure>\n<h3>Passos para o uso<\/h3>\n<figure id=\"attachment_1056\" aria-describedby=\"caption-attachment-1056\" style=\"width: 960px\" class=\"wp-caption alignnone\"><img loading=\"lazy\" decoding=\"async\" class=\"size-full wp-image-1056\" src=\"https:\/\/www.qianyipack.com\/wp-content\/uploads\/2021\/10\/STEPS-FOR-USAGE.jpg\" alt=\"steps-for-usage\" width=\"960\" height=\"640\" srcset=\"https:\/\/www.qianyipack.com\/wp-content\/uploads\/2021\/10\/STEPS-FOR-USAGE.jpg 960w, https:\/\/www.qianyipack.com\/wp-content\/uploads\/2021\/10\/STEPS-FOR-USAGE-800x533.jpg 800w, https:\/\/www.qianyipack.com\/wp-content\/uploads\/2021\/10\/STEPS-FOR-USAGE-300x200.jpg 300w, https:\/\/www.qianyipack.com\/wp-content\/uploads\/2021\/10\/STEPS-FOR-USAGE-768x512.jpg 768w\" sizes=\"(max-width: 960px) 100vw, 960px\" \/><figcaption id=\"caption-attachment-1056\" class=\"wp-caption-text\">passos para a utiliza\u00e7\u00e3o<\/figcaption><\/figure>\n<h3>Aplica\u00e7\u00e3o<\/h3>\n<p>\u00c9 amplamente utilizado na embalagem de recipientes, grandes m\u00e1quinas, vidro, acess\u00f3rios para tubos, tambores de \u00f3leo, a\u00e7o, madeira, fabrica\u00e7\u00e3o de papel, ind\u00fastria qu\u00edmica e outras ind\u00fastrias, o que melhora muito a efici\u00eancia do trabalho da empresa cliente e economiza o custo da empresa cliente.<\/p>\n<figure id=\"attachment_2060\" aria-describedby=\"caption-attachment-2060\" style=\"width: 960px\" class=\"wp-caption alignnone\"><img loading=\"lazy\" decoding=\"async\" class=\"size-full wp-image-2060\" src=\"https:\/\/www.qianyipack.com\/wp-content\/uploads\/wire-buckle-application.jpg\" alt=\"wire buckle application\" width=\"960\" height=\"674\" srcset=\"https:\/\/www.qianyipack.com\/wp-content\/uploads\/wire-buckle-application.jpg 960w, https:\/\/www.qianyipack.com\/wp-content\/uploads\/wire-buckle-application-800x562.jpg 800w, https:\/\/www.qianyipack.com\/wp-content\/uploads\/wire-buckle-application-300x211.jpg 300w, https:\/\/www.qianyipack.com\/wp-content\/uploads\/wire-buckle-application-768x539.jpg 768w, https:\/\/www.qianyipack.com\/wp-content\/uploads\/wire-buckle-application-18x12.jpg 18w\" sizes=\"(max-width: 960px) 100vw, 960px\" \/><figcaption id=\"caption-attachment-2060\" class=\"wp-caption-text\">aplica\u00e7\u00e3o da fivela de arame<\/figcaption><\/figure>","protected":false},"excerpt":{"rendered":"<div id=\"outer-wrap\" class=\"site clr\">\n<div id=\"wrap\" class=\"clr\">\n<div id=\"outer-wrap\" class=\"site clr\">\n<div id=\"wrap\" class=\"clr\">\n<p>A fivela de embalagem com fio de a\u00e7o tamb\u00e9m \u00e9 chamada de fivela de embalagem com fio met\u00e1lico ou fivela de embalagem tipo anel para ser usada com cinta de fibra PET ou cinta flex\u00edvel para embalagem (especifica\u00e7\u00e3o: 16\/19\/25\/32), que \u00e9 usada para conectar a cinta de embalagem durante o processo de embalagem.<\/p>\n<\/div>\n<\/div>\n<\/div>\n<\/div>","protected":false},"featured_media":2062,"template":"","meta":{"ocean_post_layout":"","ocean_both_sidebars_style":"","ocean_both_sidebars_content_width":0,"ocean_both_sidebars_sidebars_width":0,"ocean_sidebar":"0","ocean_second_sidebar":"0","ocean_disable_margins":"enable","ocean_add_body_class":"","ocean_shortcode_before_top_bar":"","ocean_shortcode_after_top_bar":"","ocean_shortcode_before_header":"","ocean_shortcode_after_header":"","ocean_has_shortcode":"","ocean_shortcode_after_title":"","ocean_shortcode_before_footer_widgets":"","ocean_shortcode_after_footer_widgets":"","ocean_shortcode_before_footer_bottom":"","ocean_shortcode_after_footer_bottom":"","ocean_display_top_bar":"default","ocean_display_header":"default","ocean_header_style":"","ocean_center_header_left_menu":"0","ocean_custom_header_template":"0","ocean_custom_logo":0,"ocean_custom_retina_logo":0,"ocean_custom_logo_max_width":0,"ocean_custom_logo_tablet_max_width":0,"ocean_custom_logo_mobile_max_width":0,"ocean_custom_logo_max_height":0,"ocean_custom_logo_tablet_max_height":0,"ocean_custom_logo_mobile_max_height":0,"ocean_header_custom_menu":"0","ocean_menu_typo_font_family":"0","ocean_menu_typo_font_subset":"","ocean_menu_typo_font_size":0,"ocean_menu_typo_font_size_tablet":0,"ocean_menu_typo_font_size_mobile":0,"ocean_menu_typo_font_size_unit":"px","ocean_menu_typo_font_weight":"","ocean_menu_typo_font_weight_tablet":"","ocean_menu_typo_font_weight_mobile":"","ocean_menu_typo_transform":"","ocean_menu_typo_transform_tablet":"","ocean_menu_typo_transform_mobile":"","ocean_menu_typo_line_height":0,"ocean_menu_typo_line_height_tablet":0,"ocean_menu_typo_line_height_mobile":0,"ocean_menu_typo_line_height_unit":"","ocean_menu_typo_spacing":0,"ocean_menu_typo_spacing_tablet":0,"ocean_menu_typo_spacing_mobile":0,"ocean_menu_typo_spacing_unit":"","ocean_menu_link_color":"","ocean_menu_link_color_hover":"","ocean_menu_link_color_active":"","ocean_menu_link_background":"","ocean_menu_link_hover_background":"","ocean_menu_link_active_background":"","ocean_menu_social_links_bg":"","ocean_menu_social_hover_links_bg":"","ocean_menu_social_links_color":"","ocean_menu_social_hover_links_color":"","ocean_disable_title":"default","ocean_disable_heading":"default","ocean_post_title":"","ocean_post_subheading":"","ocean_post_title_style":"","ocean_post_title_background_color":"","ocean_post_title_background":0,"ocean_post_title_bg_image_position":"","ocean_post_title_bg_image_attachment":"","ocean_post_title_bg_image_repeat":"","ocean_post_title_bg_image_size":"","ocean_post_title_height":0,"ocean_post_title_bg_overlay":0.5,"ocean_post_title_bg_overlay_color":"","ocean_disable_breadcrumbs":"default","ocean_breadcrumbs_color":"","ocean_breadcrumbs_separator_color":"","ocean_breadcrumbs_links_color":"","ocean_breadcrumbs_links_hover_color":"","ocean_display_footer_widgets":"default","ocean_display_footer_bottom":"default","ocean_custom_footer_template":"0","osh_disable_topbar_sticky":"default","osh_disable_header_sticky":"default","osh_sticky_header_style":"default","osh_sticky_header_effect":"","osh_custom_sticky_logo":0,"osh_custom_retina_sticky_logo":0,"osh_custom_sticky_logo_height":0,"osh_background_color":"","osh_links_color":"","osh_links_hover_color":"","osh_links_active_color":"","osh_links_bg_color":"","osh_links_hover_bg_color":"","osh_links_active_bg_color":"","osh_menu_social_links_color":"","osh_menu_social_hover_links_color":""},"product_brand":[],"product_cat":[43],"product_tag":[70,54,55],"class_list":{"0":"post-2061","1":"product","2":"type-product","3":"status-publish","4":"has-post-thumbnail","6":"product_cat-wire-strapping-buckle","7":"product_tag-packing-buckle","8":"product_tag-strapping-buckle","9":"product_tag-wire-buckle","11":"entry","12":"has-media","14":"first","15":"instock","16":"shipping-taxable","17":"product-type-external","18":"col","19":"span_1_of_3","20":"owp-content-center","21":"owp-thumbs-layout-horizontal","22":"owp-btn-very-big","23":"owp-tabs-layout-horizontal"},"_links":{"self":[{"href":"https:\/\/www.qianyipack.com\/pt\/wp-json\/wp\/v2\/product\/2061","targetHints":{"allow":["GET"]}}],"collection":[{"href":"https:\/\/www.qianyipack.com\/pt\/wp-json\/wp\/v2\/product"}],"about":[{"href":"https:\/\/www.qianyipack.com\/pt\/wp-json\/wp\/v2\/types\/product"}],"wp:featuredmedia":[{"embeddable":true,"href":"https:\/\/www.qianyipack.com\/pt\/wp-json\/wp\/v2\/media\/2062"}],"wp:attachment":[{"href":"https:\/\/www.qianyipack.com\/pt\/wp-json\/wp\/v2\/media?parent=2061"}],"wp:term":[{"taxonomy":"product_brand","embeddable":true,"href":"https:\/\/www.qianyipack.com\/pt\/wp-json\/wp\/v2\/product_brand?post=2061"},{"taxonomy":"product_cat","embeddable":true,"href":"https:\/\/www.qianyipack.com\/pt\/wp-json\/wp\/v2\/product_cat?post=2061"},{"taxonomy":"product_tag","embeddable":true,"href":"https:\/\/www.qianyipack.com\/pt\/wp-json\/wp\/v2\/product_tag?post=2061"}],"curies":[{"name":"wp","href":"https:\/\/api.w.org\/{rel}","templated":true}]}}