{"id":2084,"date":"2021-10-28T20:03:38","date_gmt":"2021-10-29T04:03:38","guid":{"rendered":"https:\/\/www.qianyipack.com\/?post_type=product&#038;p=2084"},"modified":"2021-11-23T01:12:09","modified_gmt":"2021-11-23T09:12:09","slug":"54mm-heavy-duty-forged-square-packaging-buckles","status":"publish","type":"product","link":"https:\/\/www.qianyipack.com\/pt\/produto\/54mm-heavy-duty-forged-square-packaging-buckles","title":{"rendered":"Fivelas de embalagem quadradas forjadas de 54 mm para servi\u00e7o pesado"},"content":{"rendered":"<p>Alta resist\u00eancia. O <a href=\"https:\/\/www.qianyipack.com\/en\/product-category\/square-lashing-buckle\" target=\"_blank\" rel=\"noopener\">fivela quadrada<\/a> \u00e9 feita de fundi\u00e7\u00e3o sob press\u00e3o de a\u00e7o redondo de alta qualidade. O produto acabado tem super for\u00e7a de tra\u00e7\u00e3o, boa resist\u00eancia s\u00edsmica, firmeza e durabilidade. Adota tecnologia avan\u00e7ada e estrutura simples.<br \/>\nzincagem colorida na superf\u00edcie. A superf\u00edcie da fivela da embalagem \u00e9 galvanizada, que \u00e9 ecologicamente correta, n\u00e3o \u00e9 f\u00e1cil de enferrujar, tem resist\u00eancia \u00e0 corros\u00e3o e pode ser reciclada.<br \/>\nA estrutura de forjamento \u00e9 simples. A fivela quadrada \u00e9 fabricada por tecnologia avan\u00e7ada, com estrutura de forjamento simples e de uso conveniente. Ela \u00e9 adequada para embalagem em uma variedade de ind\u00fastrias.<br \/>\nA conex\u00e3o \u00e9 firme. A fivela de embalagem pode suportar uma variedade de pesos e tem uma forte for\u00e7a de tra\u00e7\u00e3o. Ela \u00e9 firmemente conectada com a esteira de amarra\u00e7\u00e3o tecida. \u00c9 conveniente para embalar e n\u00e3o \u00e9 f\u00e1cil de cair.<br \/>\nEspecifica\u00e7\u00f5es completas. Este tipo de <a href=\"https:\/\/www.qianyipack.com\/en\/product-tag\/square-packing-buckle\" target=\"_blank\" rel=\"noopener\">fivela de embalagem<\/a> tem uma variedade de especifica\u00e7\u00f5es para escolher. Diferentes tamanhos t\u00eam diferentes for\u00e7as de tra\u00e7\u00e3o aplic\u00e1veis. Os tamanhos comumente utilizados s\u00e3o 32mm, 42mm, 54mm e assim por diante.<\/p>\n<figure id=\"attachment_2085\" aria-describedby=\"caption-attachment-2085\" style=\"width: 960px\" class=\"wp-caption alignnone\"><img fetchpriority=\"high\" decoding=\"async\" class=\"size-full wp-image-2085\" src=\"https:\/\/www.qianyipack.com\/wp-content\/uploads\/square-buckle-54mm-7.jpg\" alt=\"square buckle 54mm (7)\" width=\"960\" height=\"540\" srcset=\"https:\/\/www.qianyipack.com\/wp-content\/uploads\/square-buckle-54mm-7.jpg 960w, https:\/\/www.qianyipack.com\/wp-content\/uploads\/square-buckle-54mm-7-800x450.jpg 800w, https:\/\/www.qianyipack.com\/wp-content\/uploads\/square-buckle-54mm-7-300x169.jpg 300w, https:\/\/www.qianyipack.com\/wp-content\/uploads\/square-buckle-54mm-7-768x432.jpg 768w, https:\/\/www.qianyipack.com\/wp-content\/uploads\/square-buckle-54mm-7-18x10.jpg 18w\" sizes=\"(max-width: 960px) 100vw, 960px\" \/><figcaption id=\"caption-attachment-2085\" class=\"wp-caption-text\">fivela quadrada 54mm (7)<\/figcaption><\/figure>\n<figure id=\"attachment_1589\" aria-describedby=\"caption-attachment-1589\" style=\"width: 958px\" class=\"wp-caption alignnone\"><img decoding=\"async\" class=\"size-full wp-image-1589\" src=\"https:\/\/www.qianyipack.com\/wp-content\/uploads\/square-buckle-using-steps.jpg\" alt=\"square buckle using steps\" width=\"958\" height=\"539\" srcset=\"https:\/\/www.qianyipack.com\/wp-content\/uploads\/square-buckle-using-steps.jpg 958w, https:\/\/www.qianyipack.com\/wp-content\/uploads\/square-buckle-using-steps-800x450.jpg 800w, https:\/\/www.qianyipack.com\/wp-content\/uploads\/square-buckle-using-steps-300x169.jpg 300w, https:\/\/www.qianyipack.com\/wp-content\/uploads\/square-buckle-using-steps-768x432.jpg 768w, https:\/\/www.qianyipack.com\/wp-content\/uploads\/square-buckle-using-steps-18x10.jpg 18w\" sizes=\"(max-width: 958px) 100vw, 958px\" \/><figcaption id=\"caption-attachment-1589\" class=\"wp-caption-text\">fivela quadrada usando degraus<\/figcaption><\/figure>\n<h3>Especifica\u00e7\u00e3o<\/h3>\n<figure id=\"attachment_1587\" aria-describedby=\"caption-attachment-1587\" style=\"width: 960px\" class=\"wp-caption alignnone\"><img decoding=\"async\" class=\"size-full wp-image-1587\" src=\"https:\/\/www.qianyipack.com\/wp-content\/uploads\/square-buckle-specification.jpg\" alt=\"square-buckle-specification\" width=\"960\" height=\"960\" srcset=\"https:\/\/www.qianyipack.com\/wp-content\/uploads\/square-buckle-specification.jpg 960w, https:\/\/www.qianyipack.com\/wp-content\/uploads\/square-buckle-specification-300x300.jpg 300w, https:\/\/www.qianyipack.com\/wp-content\/uploads\/square-buckle-specification-100x100.jpg 100w, https:\/\/www.qianyipack.com\/wp-content\/uploads\/square-buckle-specification-800x800.jpg 800w, https:\/\/www.qianyipack.com\/wp-content\/uploads\/square-buckle-specification-150x150.jpg 150w, https:\/\/www.qianyipack.com\/wp-content\/uploads\/square-buckle-specification-768x768.jpg 768w, https:\/\/www.qianyipack.com\/wp-content\/uploads\/square-buckle-specification-12x12.jpg 12w\" sizes=\"(max-width: 960px) 100vw, 960px\" \/><figcaption id=\"caption-attachment-1587\" class=\"wp-caption-text\">Especifica\u00e7\u00e3o de fivela quadrada<\/figcaption><\/figure>\n<h3>Aplica\u00e7\u00e3o<\/h3>\n<p>O anel quadrado e a fivela de embalagem quadrada t\u00eam alta resist\u00eancia \u00e0 tra\u00e7\u00e3o, conveniente e prote\u00e7\u00e3o ambiental, e podem ser reutilizados. Amplamente utilizada para embalagem e transporte de containers, maquinaria pesada, vidro, acess\u00f3rios para tubos, tambores de \u00f3leo, a\u00e7o, madeira, papel, produtos qu\u00edmicos, artigos de metais preciosos, etc. Tem forte capacidade de carga de press\u00e3o e pode efetivamente proteger o produto contra danos.<\/p>\n<figure id=\"attachment_2087\" aria-describedby=\"caption-attachment-2087\" style=\"width: 960px\" class=\"wp-caption alignnone\"><img loading=\"lazy\" decoding=\"async\" class=\"size-full wp-image-2087\" src=\"https:\/\/www.qianyipack.com\/wp-content\/uploads\/square-buckle-application-1.jpg\" alt=\"square buckle application\" width=\"960\" height=\"676\" srcset=\"https:\/\/www.qianyipack.com\/wp-content\/uploads\/square-buckle-application-1.jpg 960w, https:\/\/www.qianyipack.com\/wp-content\/uploads\/square-buckle-application-1-800x563.jpg 800w, https:\/\/www.qianyipack.com\/wp-content\/uploads\/square-buckle-application-1-300x211.jpg 300w, https:\/\/www.qianyipack.com\/wp-content\/uploads\/square-buckle-application-1-768x541.jpg 768w, https:\/\/www.qianyipack.com\/wp-content\/uploads\/square-buckle-application-1-18x12.jpg 18w\" sizes=\"(max-width: 960px) 100vw, 960px\" \/><figcaption id=\"caption-attachment-2087\" class=\"wp-caption-text\">aplica\u00e7\u00e3o de fivela quadrada<\/figcaption><\/figure>","protected":false},"excerpt":{"rendered":"<p>A fivela quadrada recentemente desenvolvida pela empresa \u00e9 mais econ\u00f4mica e aplic\u00e1vel. Em muitas aplica\u00e7\u00f5es, especialmente quando a tens\u00e3o no recipiente \u00e9 de 2-3 toneladas, a tens\u00e3o deste bot\u00e3o \u00e9 suficiente para atender \u00e0 demanda.<\/p>","protected":false},"featured_media":2053,"template":"","meta":{"ocean_post_layout":"","ocean_both_sidebars_style":"","ocean_both_sidebars_content_width":0,"ocean_both_sidebars_sidebars_width":0,"ocean_sidebar":"0","ocean_second_sidebar":"0","ocean_disable_margins":"enable","ocean_add_body_class":"","ocean_shortcode_before_top_bar":"","ocean_shortcode_after_top_bar":"","ocean_shortcode_before_header":"","ocean_shortcode_after_header":"","ocean_has_shortcode":"","ocean_shortcode_after_title":"","ocean_shortcode_before_footer_widgets":"","ocean_shortcode_after_footer_widgets":"","ocean_shortcode_before_footer_bottom":"","ocean_shortcode_after_footer_bottom":"","ocean_display_top_bar":"default","ocean_display_header":"default","ocean_header_style":"","ocean_center_header_left_menu":"0","ocean_custom_header_template":"0","ocean_custom_logo":0,"ocean_custom_retina_logo":0,"ocean_custom_logo_max_width":0,"ocean_custom_logo_tablet_max_width":0,"ocean_custom_logo_mobile_max_width":0,"ocean_custom_logo_max_height":0,"ocean_custom_logo_tablet_max_height":0,"ocean_custom_logo_mobile_max_height":0,"ocean_header_custom_menu":"0","ocean_menu_typo_font_family":"0","ocean_menu_typo_font_subset":"","ocean_menu_typo_font_size":0,"ocean_menu_typo_font_size_tablet":0,"ocean_menu_typo_font_size_mobile":0,"ocean_menu_typo_font_size_unit":"px","ocean_menu_typo_font_weight":"","ocean_menu_typo_font_weight_tablet":"","ocean_menu_typo_font_weight_mobile":"","ocean_menu_typo_transform":"","ocean_menu_typo_transform_tablet":"","ocean_menu_typo_transform_mobile":"","ocean_menu_typo_line_height":0,"ocean_menu_typo_line_height_tablet":0,"ocean_menu_typo_line_height_mobile":0,"ocean_menu_typo_line_height_unit":"","ocean_menu_typo_spacing":0,"ocean_menu_typo_spacing_tablet":0,"ocean_menu_typo_spacing_mobile":0,"ocean_menu_typo_spacing_unit":"","ocean_menu_link_color":"","ocean_menu_link_color_hover":"","ocean_menu_link_color_active":"","ocean_menu_link_background":"","ocean_menu_link_hover_background":"","ocean_menu_link_active_background":"","ocean_menu_social_links_bg":"","ocean_menu_social_hover_links_bg":"","ocean_menu_social_links_color":"","ocean_menu_social_hover_links_color":"","ocean_disable_title":"default","ocean_disable_heading":"default","ocean_post_title":"","ocean_post_subheading":"","ocean_post_title_style":"","ocean_post_title_background_color":"","ocean_post_title_background":0,"ocean_post_title_bg_image_position":"","ocean_post_title_bg_image_attachment":"","ocean_post_title_bg_image_repeat":"","ocean_post_title_bg_image_size":"","ocean_post_title_height":0,"ocean_post_title_bg_overlay":0.5,"ocean_post_title_bg_overlay_color":"","ocean_disable_breadcrumbs":"default","ocean_breadcrumbs_color":"","ocean_breadcrumbs_separator_color":"","ocean_breadcrumbs_links_color":"","ocean_breadcrumbs_links_hover_color":"","ocean_display_footer_widgets":"default","ocean_display_footer_bottom":"default","ocean_custom_footer_template":"0","osh_disable_topbar_sticky":"default","osh_disable_header_sticky":"default","osh_sticky_header_style":"default","osh_sticky_header_effect":"","osh_custom_sticky_logo":0,"osh_custom_retina_sticky_logo":0,"osh_custom_sticky_logo_height":0,"osh_background_color":"","osh_links_color":"","osh_links_hover_color":"","osh_links_active_color":"","osh_links_bg_color":"","osh_links_hover_bg_color":"","osh_links_active_bg_color":"","osh_menu_social_links_color":"","osh_menu_social_hover_links_color":""},"product_brand":[],"product_cat":[44],"product_tag":[101,98,100],"class_list":{"0":"post-2084","1":"product","2":"type-product","3":"status-publish","4":"has-post-thumbnail","6":"product_cat-square-lashing-buckle","7":"product_tag-square-buckle","8":"product_tag-square-packing-buckle","9":"product_tag-tension-buckle","11":"entry","12":"has-media","14":"first","15":"instock","16":"shipping-taxable","17":"product-type-external","18":"col","19":"span_1_of_3","20":"owp-content-center","21":"owp-thumbs-layout-horizontal","22":"owp-btn-very-big","23":"owp-tabs-layout-horizontal"},"_links":{"self":[{"href":"https:\/\/www.qianyipack.com\/pt\/wp-json\/wp\/v2\/product\/2084","targetHints":{"allow":["GET"]}}],"collection":[{"href":"https:\/\/www.qianyipack.com\/pt\/wp-json\/wp\/v2\/product"}],"about":[{"href":"https:\/\/www.qianyipack.com\/pt\/wp-json\/wp\/v2\/types\/product"}],"wp:featuredmedia":[{"embeddable":true,"href":"https:\/\/www.qianyipack.com\/pt\/wp-json\/wp\/v2\/media\/2053"}],"wp:attachment":[{"href":"https:\/\/www.qianyipack.com\/pt\/wp-json\/wp\/v2\/media?parent=2084"}],"wp:term":[{"taxonomy":"product_brand","embeddable":true,"href":"https:\/\/www.qianyipack.com\/pt\/wp-json\/wp\/v2\/product_brand?post=2084"},{"taxonomy":"product_cat","embeddable":true,"href":"https:\/\/www.qianyipack.com\/pt\/wp-json\/wp\/v2\/product_cat?post=2084"},{"taxonomy":"product_tag","embeddable":true,"href":"https:\/\/www.qianyipack.com\/pt\/wp-json\/wp\/v2\/product_tag?post=2084"}],"curies":[{"name":"wp","href":"https:\/\/api.w.org\/{rel}","templated":true}]}}