{"id":2098,"date":"2021-10-31T22:50:13","date_gmt":"2021-11-01T06:50:13","guid":{"rendered":"https:\/\/www.qianyipack.com\/?post_type=product&#038;p=2098"},"modified":"2021-11-23T17:21:01","modified_gmt":"2021-11-24T01:21:01","slug":"13mm-phosphating-wire-buckle-for-polyester-strap","status":"publish","type":"product","link":"https:\/\/www.qianyipack.com\/pt\/produto\/13mm-phosphating-wire-buckle-for-polyester-strap","title":{"rendered":"Fivela de arame fosfatizado de 13 mm para cinta de poli\u00e9ster"},"content":{"rendered":"<p>As mat\u00e9rias-primas selecionadas para a fabrica\u00e7\u00e3o de fivelas de embalagem s\u00e3o de alta resist\u00eancia, portanto nossa <a href=\"https:\/\/www.qianyipack.com\/en\/product-tag\/phosphating-packing-buckle\" target=\"_blank\" rel=\"noopener\">fosfatiza\u00e7\u00e3o<\/a> As fivelas de embalagem t\u00eam as caracter\u00edsticas de forte desempenho de tra\u00e7\u00e3o e alta resist\u00eancia \u00e0 tra\u00e7\u00e3o.<br \/>\nA fivela de embalagem n\u00e3o \u00e9 f\u00e1cil de cair durante o uso, \u00e9 muito forte e dur\u00e1vel, adequada para uso em v\u00e1rias embalagens em v\u00e1rias ocasi\u00f5es, e a seguran\u00e7a do pessoal e dos bens \u00e9 garantida.<br \/>\nO tratamento de superf\u00edcie da fivela de embalagem \u00e9 fosfatizante. O tratamento de fosfatiza\u00e7\u00e3o pode n\u00e3o s\u00f3 proporcionar prote\u00e7\u00e3o ao metal, mas tamb\u00e9m evitar que o metal seja corro\u00eddo at\u00e9 certo ponto, e a apar\u00eancia geral do produto \u00e9 bela e atmosf\u00e9rica.<br \/>\nA estrutura do <a href=\"https:\/\/www.qianyipack.com\/en\/product-tag\/packaging-buckle\">fivela de embalagem<\/a> \u00e9 simples e o princ\u00edpio \u00e9 simples e f\u00e1cil de entender, portanto, quando a embalagem \u00e9 acess\u00edvel, a opera\u00e7\u00e3o da fivela de embalagem e da esteira de embalagem tamb\u00e9m \u00e9 segura e conveniente, e o efeito de embalagem desejado pode ser facilmente alcan\u00e7ado.<br \/>\nProduzimos v\u00e1rias especifica\u00e7\u00f5es de fivelas de embalagem de acordo com v\u00e1rios tipos de correias de embalagem. Dentre elas, as especifica\u00e7\u00f5es das fivelas de a\u00e7o para embalagem s\u00e3o as mais importantes. Se houver necessidades especiais, voc\u00ea tamb\u00e9m pode personalizar as fivelas de embalagem.<\/p>\n<figure id=\"attachment_2124\" aria-describedby=\"caption-attachment-2124\" style=\"width: 960px\" class=\"wp-caption alignnone\"><img fetchpriority=\"high\" decoding=\"async\" class=\"size-full wp-image-2124\" src=\"https:\/\/www.qianyipack.com\/wp-content\/uploads\/16mm-phosphated-buckle-7.jpg\" alt=\"16mm phosphated buckle (7)\" width=\"960\" height=\"540\" srcset=\"https:\/\/www.qianyipack.com\/wp-content\/uploads\/16mm-phosphated-buckle-7.jpg 960w, https:\/\/www.qianyipack.com\/wp-content\/uploads\/16mm-phosphated-buckle-7-800x450.jpg 800w, https:\/\/www.qianyipack.com\/wp-content\/uploads\/16mm-phosphated-buckle-7-300x169.jpg 300w, https:\/\/www.qianyipack.com\/wp-content\/uploads\/16mm-phosphated-buckle-7-768x432.jpg 768w, https:\/\/www.qianyipack.com\/wp-content\/uploads\/16mm-phosphated-buckle-7-18x10.jpg 18w\" sizes=\"(max-width: 960px) 100vw, 960px\" \/><figcaption id=\"caption-attachment-2124\" class=\"wp-caption-text\">Fivela fosfatizada de 16mm (7)<\/figcaption><\/figure>\n<figure id=\"attachment_1057\" aria-describedby=\"caption-attachment-1057\" style=\"width: 960px\" class=\"wp-caption alignnone\"><img decoding=\"async\" class=\"size-full wp-image-1057\" src=\"https:\/\/www.qianyipack.com\/wp-content\/uploads\/2021\/10\/wire-strapping-buckle.jpg\" alt=\"wire-strapping-buckle\" width=\"960\" height=\"540\" srcset=\"https:\/\/www.qianyipack.com\/wp-content\/uploads\/2021\/10\/wire-strapping-buckle.jpg 960w, https:\/\/www.qianyipack.com\/wp-content\/uploads\/2021\/10\/wire-strapping-buckle-800x450.jpg 800w, https:\/\/www.qianyipack.com\/wp-content\/uploads\/2021\/10\/wire-strapping-buckle-300x169.jpg 300w, https:\/\/www.qianyipack.com\/wp-content\/uploads\/2021\/10\/wire-strapping-buckle-768x432.jpg 768w\" sizes=\"(max-width: 960px) 100vw, 960px\" \/><figcaption id=\"caption-attachment-1057\" class=\"wp-caption-text\">fivela de amarra\u00e7\u00e3o de arame<\/figcaption><\/figure>\n<h3>Especifica\u00e7\u00e3o<\/h3>\n<p>\u00c9 usado como padr\u00e3o em combina\u00e7\u00e3o com al\u00e7a de cabo composto, armadilha tecida de poli\u00e9ster, dispon\u00edvel em largura de 13 a 32mm. Basicamente a fivela galvanizada \u00e9 para a cinta composta, e a fivela fosfatizada \u00e9 para a cinta tecida.<\/p>\n<figure id=\"attachment_1058\" aria-describedby=\"caption-attachment-1058\" style=\"width: 960px\" class=\"wp-caption alignnone\"><img decoding=\"async\" class=\"size-full wp-image-1058\" src=\"https:\/\/www.qianyipack.com\/wp-content\/uploads\/2021\/10\/wire-strapping-buckle-specifi.jpg\" alt=\"wire-strapping-buckle-specifi\" width=\"960\" height=\"642\" srcset=\"https:\/\/www.qianyipack.com\/wp-content\/uploads\/2021\/10\/wire-strapping-buckle-specifi.jpg 960w, https:\/\/www.qianyipack.com\/wp-content\/uploads\/2021\/10\/wire-strapping-buckle-specifi-800x535.jpg 800w, https:\/\/www.qianyipack.com\/wp-content\/uploads\/2021\/10\/wire-strapping-buckle-specifi-300x201.jpg 300w, https:\/\/www.qianyipack.com\/wp-content\/uploads\/2021\/10\/wire-strapping-buckle-specifi-768x514.jpg 768w\" sizes=\"(max-width: 960px) 100vw, 960px\" \/><figcaption id=\"caption-attachment-1058\" class=\"wp-caption-text\">Fivela de amarra\u00e7\u00e3o-esp\u00e9cifi<\/figcaption><\/figure>\n<h3>Passos para o uso<\/h3>\n<figure id=\"attachment_1056\" aria-describedby=\"caption-attachment-1056\" style=\"width: 960px\" class=\"wp-caption alignnone\"><img loading=\"lazy\" decoding=\"async\" class=\"size-full wp-image-1056\" src=\"https:\/\/www.qianyipack.com\/wp-content\/uploads\/2021\/10\/STEPS-FOR-USAGE.jpg\" alt=\"steps-for-usage\" width=\"960\" height=\"640\" srcset=\"https:\/\/www.qianyipack.com\/wp-content\/uploads\/2021\/10\/STEPS-FOR-USAGE.jpg 960w, https:\/\/www.qianyipack.com\/wp-content\/uploads\/2021\/10\/STEPS-FOR-USAGE-800x533.jpg 800w, https:\/\/www.qianyipack.com\/wp-content\/uploads\/2021\/10\/STEPS-FOR-USAGE-300x200.jpg 300w, https:\/\/www.qianyipack.com\/wp-content\/uploads\/2021\/10\/STEPS-FOR-USAGE-768x512.jpg 768w\" sizes=\"(max-width: 960px) 100vw, 960px\" \/><figcaption id=\"caption-attachment-1056\" class=\"wp-caption-text\">passos para a utiliza\u00e7\u00e3o<\/figcaption><\/figure>\n<h3>Aplica\u00e7\u00e3o<\/h3>\n<p>Nossas fivelas de embalagem com fio de a\u00e7o fosfatizado s\u00e3o amplamente utilizadas na embalagem de recipientes, grandes m\u00e1quinas, vidros, acess\u00f3rios para tubos, tambores de \u00f3leo, a\u00e7o e madeira, fabrica\u00e7\u00e3o de papel, ind\u00fastria qu\u00edmica, lingotes de alum\u00ednio, instrumentos de precis\u00e3o e outras ind\u00fastrias, e suportam a personaliza\u00e7\u00e3o.<\/p>\n<figure id=\"attachment_2122\" aria-describedby=\"caption-attachment-2122\" style=\"width: 960px\" class=\"wp-caption alignnone\"><img loading=\"lazy\" decoding=\"async\" class=\"size-full wp-image-2122\" src=\"https:\/\/www.qianyipack.com\/wp-content\/uploads\/strap-buckle-application-2.jpg\" alt=\"strap buckle application (2)\" width=\"960\" height=\"672\" srcset=\"https:\/\/www.qianyipack.com\/wp-content\/uploads\/strap-buckle-application-2.jpg 960w, https:\/\/www.qianyipack.com\/wp-content\/uploads\/strap-buckle-application-2-800x560.jpg 800w, https:\/\/www.qianyipack.com\/wp-content\/uploads\/strap-buckle-application-2-300x210.jpg 300w, https:\/\/www.qianyipack.com\/wp-content\/uploads\/strap-buckle-application-2-768x538.jpg 768w, https:\/\/www.qianyipack.com\/wp-content\/uploads\/strap-buckle-application-2-18x12.jpg 18w\" sizes=\"(max-width: 960px) 100vw, 960px\" \/><figcaption id=\"caption-attachment-2122\" class=\"wp-caption-text\">aplica\u00e7\u00e3o de fivela de al\u00e7a (2)<\/figcaption><\/figure>","protected":false},"excerpt":{"rendered":"<div id=\"outer-wrap\" class=\"site clr\">\n<div id=\"wrap\" class=\"clr\">\n<div id=\"outer-wrap\" class=\"site clr\">\n<div id=\"wrap\" class=\"clr\">\n<p>A fivela de embalagem \u00e9 usada para fixar as cintas e tornar a conex\u00e3o entre as cintas de embalagem mais forte quando se usam cintas de embalagem. As fivelas de embalagem s\u00e3o classificadas de acordo com diferentes materiais: fivelas de embalagem pl\u00e1sticas, fivelas de embalagem com fio de a\u00e7o, fivelas de embalagem forjadas e fivelas de embalagem de ferro, etc.<\/p>\n<\/div>\n<\/div>\n<\/div>\n<\/div>","protected":false},"featured_media":2099,"template":"","meta":{"ocean_post_layout":"","ocean_both_sidebars_style":"","ocean_both_sidebars_content_width":0,"ocean_both_sidebars_sidebars_width":0,"ocean_sidebar":"0","ocean_second_sidebar":"0","ocean_disable_margins":"enable","ocean_add_body_class":"","ocean_shortcode_before_top_bar":"","ocean_shortcode_after_top_bar":"","ocean_shortcode_before_header":"","ocean_shortcode_after_header":"","ocean_has_shortcode":"","ocean_shortcode_after_title":"","ocean_shortcode_before_footer_widgets":"","ocean_shortcode_after_footer_widgets":"","ocean_shortcode_before_footer_bottom":"","ocean_shortcode_after_footer_bottom":"","ocean_display_top_bar":"default","ocean_display_header":"default","ocean_header_style":"","ocean_center_header_left_menu":"0","ocean_custom_header_template":"0","ocean_custom_logo":0,"ocean_custom_retina_logo":0,"ocean_custom_logo_max_width":0,"ocean_custom_logo_tablet_max_width":0,"ocean_custom_logo_mobile_max_width":0,"ocean_custom_logo_max_height":0,"ocean_custom_logo_tablet_max_height":0,"ocean_custom_logo_mobile_max_height":0,"ocean_header_custom_menu":"0","ocean_menu_typo_font_family":"0","ocean_menu_typo_font_subset":"","ocean_menu_typo_font_size":0,"ocean_menu_typo_font_size_tablet":0,"ocean_menu_typo_font_size_mobile":0,"ocean_menu_typo_font_size_unit":"px","ocean_menu_typo_font_weight":"","ocean_menu_typo_font_weight_tablet":"","ocean_menu_typo_font_weight_mobile":"","ocean_menu_typo_transform":"","ocean_menu_typo_transform_tablet":"","ocean_menu_typo_transform_mobile":"","ocean_menu_typo_line_height":0,"ocean_menu_typo_line_height_tablet":0,"ocean_menu_typo_line_height_mobile":0,"ocean_menu_typo_line_height_unit":"","ocean_menu_typo_spacing":0,"ocean_menu_typo_spacing_tablet":0,"ocean_menu_typo_spacing_mobile":0,"ocean_menu_typo_spacing_unit":"","ocean_menu_link_color":"","ocean_menu_link_color_hover":"","ocean_menu_link_color_active":"","ocean_menu_link_background":"","ocean_menu_link_hover_background":"","ocean_menu_link_active_background":"","ocean_menu_social_links_bg":"","ocean_menu_social_hover_links_bg":"","ocean_menu_social_links_color":"","ocean_menu_social_hover_links_color":"","ocean_disable_title":"default","ocean_disable_heading":"default","ocean_post_title":"","ocean_post_subheading":"","ocean_post_title_style":"","ocean_post_title_background_color":"","ocean_post_title_background":0,"ocean_post_title_bg_image_position":"","ocean_post_title_bg_image_attachment":"","ocean_post_title_bg_image_repeat":"","ocean_post_title_bg_image_size":"","ocean_post_title_height":0,"ocean_post_title_bg_overlay":0.5,"ocean_post_title_bg_overlay_color":"","ocean_disable_breadcrumbs":"default","ocean_breadcrumbs_color":"","ocean_breadcrumbs_separator_color":"","ocean_breadcrumbs_links_color":"","ocean_breadcrumbs_links_hover_color":"","ocean_display_footer_widgets":"default","ocean_display_footer_bottom":"default","ocean_custom_footer_template":"0","osh_disable_topbar_sticky":"default","osh_disable_header_sticky":"default","osh_sticky_header_style":"default","osh_sticky_header_effect":"","osh_custom_sticky_logo":0,"osh_custom_retina_sticky_logo":0,"osh_custom_sticky_logo_height":0,"osh_background_color":"","osh_links_color":"","osh_links_hover_color":"","osh_links_active_color":"","osh_links_bg_color":"","osh_links_hover_bg_color":"","osh_links_active_bg_color":"","osh_menu_social_links_color":"","osh_menu_social_hover_links_color":""},"product_brand":[],"product_cat":[43],"product_tag":[104,102,54],"class_list":{"0":"post-2098","1":"product","2":"type-product","3":"status-publish","4":"has-post-thumbnail","6":"product_cat-wire-strapping-buckle","7":"product_tag-packaging-buckle","8":"product_tag-phosphating-packing-buckle","9":"product_tag-strapping-buckle","11":"entry","12":"has-media","14":"first","15":"instock","16":"shipping-taxable","17":"product-type-external","18":"col","19":"span_1_of_3","20":"owp-content-center","21":"owp-thumbs-layout-horizontal","22":"owp-btn-very-big","23":"owp-tabs-layout-horizontal"},"_links":{"self":[{"href":"https:\/\/www.qianyipack.com\/pt\/wp-json\/wp\/v2\/product\/2098","targetHints":{"allow":["GET"]}}],"collection":[{"href":"https:\/\/www.qianyipack.com\/pt\/wp-json\/wp\/v2\/product"}],"about":[{"href":"https:\/\/www.qianyipack.com\/pt\/wp-json\/wp\/v2\/types\/product"}],"wp:featuredmedia":[{"embeddable":true,"href":"https:\/\/www.qianyipack.com\/pt\/wp-json\/wp\/v2\/media\/2099"}],"wp:attachment":[{"href":"https:\/\/www.qianyipack.com\/pt\/wp-json\/wp\/v2\/media?parent=2098"}],"wp:term":[{"taxonomy":"product_brand","embeddable":true,"href":"https:\/\/www.qianyipack.com\/pt\/wp-json\/wp\/v2\/product_brand?post=2098"},{"taxonomy":"product_cat","embeddable":true,"href":"https:\/\/www.qianyipack.com\/pt\/wp-json\/wp\/v2\/product_cat?post=2098"},{"taxonomy":"product_tag","embeddable":true,"href":"https:\/\/www.qianyipack.com\/pt\/wp-json\/wp\/v2\/product_tag?post=2098"}],"curies":[{"name":"wp","href":"https:\/\/api.w.org\/{rel}","templated":true}]}}