{"id":2129,"date":"2021-10-31T23:31:38","date_gmt":"2021-11-01T07:31:38","guid":{"rendered":"https:\/\/www.qianyipack.com\/?post_type=product&#038;p=2129"},"modified":"2021-11-23T17:19:05","modified_gmt":"2021-11-24T01:19:05","slug":"19mm-strap-wire-buckles-for-19mm-polyester-cord-strap","status":"publish","type":"product","link":"https:\/\/www.qianyipack.com\/pt\/produto\/19mm-strap-wire-buckles-for-19mm-polyester-cord-strap","title":{"rendered":"Fivelas de arame de 19 mm para corda de poli\u00e9ster de 19 mm"},"content":{"rendered":"<p>O processo de produ\u00e7\u00e3o do<a href=\"https:\/\/www.qianyipack.com\/en\/product-tag\/metal-buuckle\" target=\"_blank\" rel=\"noopener\"> fivela de embalagem<\/a> adota um processo especial, que o torna imperme\u00e1vel e anticorrosivo durante o uso, e tem uma vida \u00fatil mais longa, podendo at\u00e9 mesmo ser reutilizado.<br \/>\nO projeto da fivela de embalagem \u00e9 simples e o trabalho \u00e9 meticuloso. A fivela de embalagem de a\u00e7o \u00e9 formada principalmente por uma m\u00e1quina de dobra. Ela tem uma sensa\u00e7\u00e3o de suavidade na m\u00e3o e uma forte textura geral. \u00c9 de alta qualidade e baixo pre\u00e7o.<br \/>\nA fivela de embalagem \u00e9 feita de a\u00e7o de alta qualidade como um todo, que tem as caracter\u00edsticas de alta resist\u00eancia \u00e0 tra\u00e7\u00e3o e resist\u00eancia ao impacto. A fosfatiza\u00e7\u00e3o evita efetivamente a ferrugem comum, corros\u00e3o e outras condi\u00e7\u00f5es, de modo que a fivela \u00e9 dur\u00e1vel e mant\u00e9m uma apar\u00eancia perfeita.<br \/>\nDesde nossa <a href=\"https:\/\/www.qianyipack.com\/en\/product-tag\/wire-buckle\" target=\"_blank\" rel=\"noopener\">fivelas de embalagem<\/a> s\u00e3o produzidos em nossa f\u00e1brica, eles s\u00e3o garantidos em termos de quantidade e qualidade. Al\u00e9m disso, o prazo de entrega dos produtos tamb\u00e9m foi rapidamente melhorado. Este \u00e9 o caso, o custo-benef\u00edcio e o servi\u00e7o p\u00f3s-venda das fivelas de embalagem. O servi\u00e7o tamb\u00e9m tem boas vantagens.<\/p>\n<figure id=\"attachment_2125\" aria-describedby=\"caption-attachment-2125\" style=\"width: 960px\" class=\"wp-caption alignnone\"><img fetchpriority=\"high\" decoding=\"async\" class=\"size-full wp-image-2125\" src=\"https:\/\/www.qianyipack.com\/wp-content\/uploads\/25mm-phosphated-buckle-7.jpg\" alt=\"25mm phosphated buckle (7)\" width=\"960\" height=\"641\" srcset=\"https:\/\/www.qianyipack.com\/wp-content\/uploads\/25mm-phosphated-buckle-7.jpg 960w, https:\/\/www.qianyipack.com\/wp-content\/uploads\/25mm-phosphated-buckle-7-800x534.jpg 800w, https:\/\/www.qianyipack.com\/wp-content\/uploads\/25mm-phosphated-buckle-7-300x200.jpg 300w, https:\/\/www.qianyipack.com\/wp-content\/uploads\/25mm-phosphated-buckle-7-768x513.jpg 768w, https:\/\/www.qianyipack.com\/wp-content\/uploads\/25mm-phosphated-buckle-7-18x12.jpg 18w\" sizes=\"(max-width: 960px) 100vw, 960px\" \/><figcaption id=\"caption-attachment-2125\" class=\"wp-caption-text\">Fivela fosfatizada de 25mm (7)<\/figcaption><\/figure>\n<figure id=\"attachment_1057\" aria-describedby=\"caption-attachment-1057\" style=\"width: 960px\" class=\"wp-caption alignnone\"><img decoding=\"async\" class=\"size-full wp-image-1057\" src=\"https:\/\/www.qianyipack.com\/wp-content\/uploads\/2021\/10\/wire-strapping-buckle.jpg\" alt=\"wire-strapping-buckle\" width=\"960\" height=\"540\" srcset=\"https:\/\/www.qianyipack.com\/wp-content\/uploads\/2021\/10\/wire-strapping-buckle.jpg 960w, https:\/\/www.qianyipack.com\/wp-content\/uploads\/2021\/10\/wire-strapping-buckle-800x450.jpg 800w, https:\/\/www.qianyipack.com\/wp-content\/uploads\/2021\/10\/wire-strapping-buckle-300x169.jpg 300w, https:\/\/www.qianyipack.com\/wp-content\/uploads\/2021\/10\/wire-strapping-buckle-768x432.jpg 768w\" sizes=\"(max-width: 960px) 100vw, 960px\" \/><figcaption id=\"caption-attachment-1057\" class=\"wp-caption-text\">fivela de amarra\u00e7\u00e3o de arame<\/figcaption><\/figure>\n<h3>Especifica\u00e7\u00e3o<\/h3>\n<p>Com a crescente diversifica\u00e7\u00e3o da demanda dos consumidores, h\u00e1 cada vez mais variedades de bot\u00f5es de embalagem. Os clientes gastam muito tempo para selecionar os bot\u00f5es, o que aumenta o custo de compra. Para isso, a fim de nos adaptarmos \u00e0 tend\u00eancia do tempo, introduzimos um m\u00e9todo de produ\u00e7\u00e3o personalizado em nossa gest\u00e3o de produ\u00e7\u00e3o.<\/p>\n<figure id=\"attachment_1058\" aria-describedby=\"caption-attachment-1058\" style=\"width: 960px\" class=\"wp-caption alignnone\"><img decoding=\"async\" class=\"size-full wp-image-1058\" src=\"https:\/\/www.qianyipack.com\/wp-content\/uploads\/2021\/10\/wire-strapping-buckle-specifi.jpg\" alt=\"wire-strapping-buckle-specifi\" width=\"960\" height=\"642\" srcset=\"https:\/\/www.qianyipack.com\/wp-content\/uploads\/2021\/10\/wire-strapping-buckle-specifi.jpg 960w, https:\/\/www.qianyipack.com\/wp-content\/uploads\/2021\/10\/wire-strapping-buckle-specifi-800x535.jpg 800w, https:\/\/www.qianyipack.com\/wp-content\/uploads\/2021\/10\/wire-strapping-buckle-specifi-300x201.jpg 300w, https:\/\/www.qianyipack.com\/wp-content\/uploads\/2021\/10\/wire-strapping-buckle-specifi-768x514.jpg 768w\" sizes=\"(max-width: 960px) 100vw, 960px\" \/><figcaption id=\"caption-attachment-1058\" class=\"wp-caption-text\">Fivela de amarra\u00e7\u00e3o-esp\u00e9cifi<\/figcaption><\/figure>\n<h3>Passos para o uso<\/h3>\n<figure id=\"attachment_1056\" aria-describedby=\"caption-attachment-1056\" style=\"width: 960px\" class=\"wp-caption alignnone\"><img loading=\"lazy\" decoding=\"async\" class=\"size-full wp-image-1056\" src=\"https:\/\/www.qianyipack.com\/wp-content\/uploads\/2021\/10\/STEPS-FOR-USAGE.jpg\" alt=\"steps-for-usage\" width=\"960\" height=\"640\" srcset=\"https:\/\/www.qianyipack.com\/wp-content\/uploads\/2021\/10\/STEPS-FOR-USAGE.jpg 960w, https:\/\/www.qianyipack.com\/wp-content\/uploads\/2021\/10\/STEPS-FOR-USAGE-800x533.jpg 800w, https:\/\/www.qianyipack.com\/wp-content\/uploads\/2021\/10\/STEPS-FOR-USAGE-300x200.jpg 300w, https:\/\/www.qianyipack.com\/wp-content\/uploads\/2021\/10\/STEPS-FOR-USAGE-768x512.jpg 768w\" sizes=\"(max-width: 960px) 100vw, 960px\" \/><figcaption id=\"caption-attachment-1056\" class=\"wp-caption-text\">passos para a utiliza\u00e7\u00e3o<\/figcaption><\/figure>\n<h3>Aplica\u00e7\u00e3o<\/h3>\n<p>Nossos produtos incluem fitas de fibra de poli\u00e9ster, fitas tecidas de fibra de poli\u00e9ster, fivelas de fio de a\u00e7o, fivelas de fitas forjadas, tensores de catraca, fitas pl\u00e1sticas de a\u00e7o PET e outros produtos, que s\u00e3o amplamente utilizados em empresas industriais e de minera\u00e7\u00e3o, ferrovias, avia\u00e7\u00e3o, navega\u00e7\u00e3o e rodovias. O transporte ou qualquer combina\u00e7\u00e3o de transporte \u00e9 conveniente, eficiente e ecologicamente correto.<\/p>\n<figure id=\"attachment_2121\" aria-describedby=\"caption-attachment-2121\" style=\"width: 960px\" class=\"wp-caption alignnone\"><img loading=\"lazy\" decoding=\"async\" class=\"size-full wp-image-2121\" src=\"https:\/\/www.qianyipack.com\/wp-content\/uploads\/strap-buckle-application-1.jpg\" alt=\"strap buckle application (1)\" width=\"960\" height=\"672\" srcset=\"https:\/\/www.qianyipack.com\/wp-content\/uploads\/strap-buckle-application-1.jpg 960w, https:\/\/www.qianyipack.com\/wp-content\/uploads\/strap-buckle-application-1-800x560.jpg 800w, https:\/\/www.qianyipack.com\/wp-content\/uploads\/strap-buckle-application-1-300x210.jpg 300w, https:\/\/www.qianyipack.com\/wp-content\/uploads\/strap-buckle-application-1-768x538.jpg 768w, https:\/\/www.qianyipack.com\/wp-content\/uploads\/strap-buckle-application-1-18x12.jpg 18w\" sizes=\"(max-width: 960px) 100vw, 960px\" \/><figcaption id=\"caption-attachment-2121\" class=\"wp-caption-text\">aplica\u00e7\u00e3o de fivela de al\u00e7a (1)<\/figcaption><\/figure>","protected":false},"excerpt":{"rendered":"<div id=\"outer-wrap\" class=\"site clr\">\n<div id=\"wrap\" class=\"clr\">\n<div id=\"outer-wrap\" class=\"site clr\">\n<div id=\"wrap\" class=\"clr\">\n<p>A fivela de embalagem de arame de a\u00e7o fosfatizado de nossa empresa n\u00e3o teve nenhum problema de qualidade no uso. A superf\u00edcie \u00e9 fosfatizada e o projeto especial do processo faz com que tenha um atrito mais forte em uso para garantir que a esteira de embalagem n\u00e3o escorregue e a proteja. Para garantir a seguran\u00e7a dos bens e do pessoal.<\/p>\n<\/div>\n<\/div>\n<\/div>\n<\/div>","protected":false},"featured_media":2108,"template":"","meta":{"ocean_post_layout":"","ocean_both_sidebars_style":"","ocean_both_sidebars_content_width":0,"ocean_both_sidebars_sidebars_width":0,"ocean_sidebar":"0","ocean_second_sidebar":"0","ocean_disable_margins":"enable","ocean_add_body_class":"","ocean_shortcode_before_top_bar":"","ocean_shortcode_after_top_bar":"","ocean_shortcode_before_header":"","ocean_shortcode_after_header":"","ocean_has_shortcode":"","ocean_shortcode_after_title":"","ocean_shortcode_before_footer_widgets":"","ocean_shortcode_after_footer_widgets":"","ocean_shortcode_before_footer_bottom":"","ocean_shortcode_after_footer_bottom":"","ocean_display_top_bar":"default","ocean_display_header":"default","ocean_header_style":"","ocean_center_header_left_menu":"0","ocean_custom_header_template":"0","ocean_custom_logo":0,"ocean_custom_retina_logo":0,"ocean_custom_logo_max_width":0,"ocean_custom_logo_tablet_max_width":0,"ocean_custom_logo_mobile_max_width":0,"ocean_custom_logo_max_height":0,"ocean_custom_logo_tablet_max_height":0,"ocean_custom_logo_mobile_max_height":0,"ocean_header_custom_menu":"0","ocean_menu_typo_font_family":"0","ocean_menu_typo_font_subset":"","ocean_menu_typo_font_size":0,"ocean_menu_typo_font_size_tablet":0,"ocean_menu_typo_font_size_mobile":0,"ocean_menu_typo_font_size_unit":"px","ocean_menu_typo_font_weight":"","ocean_menu_typo_font_weight_tablet":"","ocean_menu_typo_font_weight_mobile":"","ocean_menu_typo_transform":"","ocean_menu_typo_transform_tablet":"","ocean_menu_typo_transform_mobile":"","ocean_menu_typo_line_height":0,"ocean_menu_typo_line_height_tablet":0,"ocean_menu_typo_line_height_mobile":0,"ocean_menu_typo_line_height_unit":"","ocean_menu_typo_spacing":0,"ocean_menu_typo_spacing_tablet":0,"ocean_menu_typo_spacing_mobile":0,"ocean_menu_typo_spacing_unit":"","ocean_menu_link_color":"","ocean_menu_link_color_hover":"","ocean_menu_link_color_active":"","ocean_menu_link_background":"","ocean_menu_link_hover_background":"","ocean_menu_link_active_background":"","ocean_menu_social_links_bg":"","ocean_menu_social_hover_links_bg":"","ocean_menu_social_links_color":"","ocean_menu_social_hover_links_color":"","ocean_disable_title":"default","ocean_disable_heading":"default","ocean_post_title":"","ocean_post_subheading":"","ocean_post_title_style":"","ocean_post_title_background_color":"","ocean_post_title_background":0,"ocean_post_title_bg_image_position":"","ocean_post_title_bg_image_attachment":"","ocean_post_title_bg_image_repeat":"","ocean_post_title_bg_image_size":"","ocean_post_title_height":0,"ocean_post_title_bg_overlay":0.5,"ocean_post_title_bg_overlay_color":"","ocean_disable_breadcrumbs":"default","ocean_breadcrumbs_color":"","ocean_breadcrumbs_separator_color":"","ocean_breadcrumbs_links_color":"","ocean_breadcrumbs_links_hover_color":"","ocean_display_footer_widgets":"default","ocean_display_footer_bottom":"default","ocean_custom_footer_template":"0","osh_disable_topbar_sticky":"default","osh_disable_header_sticky":"default","osh_sticky_header_style":"default","osh_sticky_header_effect":"","osh_custom_sticky_logo":0,"osh_custom_retina_sticky_logo":0,"osh_custom_sticky_logo_height":0,"osh_background_color":"","osh_links_color":"","osh_links_hover_color":"","osh_links_active_color":"","osh_links_bg_color":"","osh_links_hover_bg_color":"","osh_links_active_bg_color":"","osh_menu_social_links_color":"","osh_menu_social_hover_links_color":""},"product_brand":[],"product_cat":[43],"product_tag":[110,54,55],"class_list":{"0":"post-2129","1":"product","2":"type-product","3":"status-publish","4":"has-post-thumbnail","6":"product_cat-wire-strapping-buckle","7":"product_tag-metal-buuckle","8":"product_tag-strapping-buckle","9":"product_tag-wire-buckle","11":"entry","12":"has-media","14":"first","15":"instock","16":"shipping-taxable","17":"product-type-external","18":"col","19":"span_1_of_3","20":"owp-content-center","21":"owp-thumbs-layout-horizontal","22":"owp-btn-very-big","23":"owp-tabs-layout-horizontal"},"_links":{"self":[{"href":"https:\/\/www.qianyipack.com\/pt\/wp-json\/wp\/v2\/product\/2129","targetHints":{"allow":["GET"]}}],"collection":[{"href":"https:\/\/www.qianyipack.com\/pt\/wp-json\/wp\/v2\/product"}],"about":[{"href":"https:\/\/www.qianyipack.com\/pt\/wp-json\/wp\/v2\/types\/product"}],"wp:featuredmedia":[{"embeddable":true,"href":"https:\/\/www.qianyipack.com\/pt\/wp-json\/wp\/v2\/media\/2108"}],"wp:attachment":[{"href":"https:\/\/www.qianyipack.com\/pt\/wp-json\/wp\/v2\/media?parent=2129"}],"wp:term":[{"taxonomy":"product_brand","embeddable":true,"href":"https:\/\/www.qianyipack.com\/pt\/wp-json\/wp\/v2\/product_brand?post=2129"},{"taxonomy":"product_cat","embeddable":true,"href":"https:\/\/www.qianyipack.com\/pt\/wp-json\/wp\/v2\/product_cat?post=2129"},{"taxonomy":"product_tag","embeddable":true,"href":"https:\/\/www.qianyipack.com\/pt\/wp-json\/wp\/v2\/product_tag?post=2129"}],"curies":[{"name":"wp","href":"https:\/\/api.w.org\/{rel}","templated":true}]}}