{"id":2135,"date":"2021-11-05T00:23:21","date_gmt":"2021-11-05T08:23:21","guid":{"rendered":"https:\/\/www.qianyipack.com\/?post_type=product&#038;p=2135"},"modified":"2021-11-23T16:59:51","modified_gmt":"2021-11-24T00:59:51","slug":"steel-strapping-dispenser-for-pp-pet-packaging-strapping","status":"publish","type":"product","link":"https:\/\/www.qianyipack.com\/pt\/produto\/steel-strapping-dispenser-for-pp-pet-packaging-strapping","title":{"rendered":"Dispensador de cintas de a\u00e7o para cintas de embalagem PP\/PET"},"content":{"rendered":"<p><a href=\"https:\/\/www.qianyipack.com\/\" target=\"_blank\" rel=\"noopener\">Qianyi<\/a> A Packaging Products Co., Ltd. \u00e9 especializada na produ\u00e7\u00e3o de todos os tipos de acess\u00f3rios de embalagem, tais como cintas de embalagem, ferramentas de embalagem e materiais de embalagem, incluindo cintas de embalagem PP, cintas de embalagem PET, fivelas de fio de a\u00e7o, fivelas quadradas, tensionadores de cintas de embalagem, carrinho de cintas de embalagem, etc. Continuamos a lan\u00e7ar solu\u00e7\u00f5es inovadoras cient\u00edficas e tecnol\u00f3gicas de embalagem para reduzir o custo dos materiais de embalagem e melhorar a imagem do produto para os clientes, o que \u00e9 prop\u00edcio \u00e0 competitividade no mercado.<\/p>\n<figure id=\"attachment_2137\" aria-describedby=\"caption-attachment-2137\" style=\"width: 960px\" class=\"wp-caption alignnone\"><img fetchpriority=\"high\" decoding=\"async\" class=\"size-full wp-image-2137\" src=\"https:\/\/www.qianyipack.com\/wp-content\/uploads\/banding-dispenser-description.jpg\" alt=\"banding dispenser description\" width=\"960\" height=\"452\" srcset=\"https:\/\/www.qianyipack.com\/wp-content\/uploads\/banding-dispenser-description.jpg 960w, https:\/\/www.qianyipack.com\/wp-content\/uploads\/banding-dispenser-description-800x377.jpg 800w, https:\/\/www.qianyipack.com\/wp-content\/uploads\/banding-dispenser-description-300x141.jpg 300w, https:\/\/www.qianyipack.com\/wp-content\/uploads\/banding-dispenser-description-768x362.jpg 768w, https:\/\/www.qianyipack.com\/wp-content\/uploads\/banding-dispenser-description-18x8.jpg 18w\" sizes=\"(max-width: 960px) 100vw, 960px\" \/><figcaption id=\"caption-attachment-2137\" class=\"wp-caption-text\">descri\u00e7\u00e3o do distribuidor de fitas<\/figcaption><\/figure>\n<h3>Destaque<\/h3>\n<p>Corpo inteligente. O <a href=\"https:\/\/www.qianyipack.com\/en\/product-category\/strapping-dispenser\" target=\"_blank\" rel=\"noopener\">dispensador de cintas<\/a> pode mover o corpo \u00e0 vontade ao embalar. A aplica\u00e7\u00e3o flex\u00edvel \u00e9 conveniente para embalar. Ao utilizar a esteira de embalagem, \u00e9 conveniente e economiza m\u00e3o-de-obra, o que favorece a arruma\u00e7\u00e3o do local de trabalho.<br \/>\nCabo em forma de curva. O carrinho de cintagem \u00e9 feito de acordo com a ergonomia, a altura do corpo \u00e9 confort\u00e1vel para as m\u00e3os comuns segurarem o carro. O design curvo da al\u00e7a com o volante faz com que a al\u00e7a se sinta confort\u00e1vel e evita efetivamente a possibilidade de ferimentos nas m\u00e3os.<br \/>\nRolo de borracha. Rolo com material de borracha, alta elasticidade, grande peso, sem necessidade de se preocupar com deforma\u00e7\u00f5es, longa vida \u00fatil.<br \/>\nO kit de ferramentas. O corpo do distribuidor de cintas est\u00e1 equipado com uma caixa de ferramentas para armazenar todos os tipos de ferramentas de embalagem para facilitar o trabalho.<br \/>\nPorca com cabo. Sua bandeja possui uma porca fixa, cabo embutido, f\u00e1cil de desmontar.<\/p>\n<figure id=\"attachment_2138\" aria-describedby=\"caption-attachment-2138\" style=\"width: 960px\" class=\"wp-caption alignnone\"><img decoding=\"async\" class=\"size-full wp-image-2138\" src=\"https:\/\/www.qianyipack.com\/wp-content\/uploads\/strap-dispenser-application.jpg\" alt=\"strap dispenser application\" width=\"960\" height=\"458\" srcset=\"https:\/\/www.qianyipack.com\/wp-content\/uploads\/strap-dispenser-application.jpg 960w, https:\/\/www.qianyipack.com\/wp-content\/uploads\/strap-dispenser-application-800x382.jpg 800w, https:\/\/www.qianyipack.com\/wp-content\/uploads\/strap-dispenser-application-300x143.jpg 300w, https:\/\/www.qianyipack.com\/wp-content\/uploads\/strap-dispenser-application-768x366.jpg 768w, https:\/\/www.qianyipack.com\/wp-content\/uploads\/strap-dispenser-application-18x9.jpg 18w\" sizes=\"(max-width: 960px) 100vw, 960px\" \/><figcaption id=\"caption-attachment-2138\" class=\"wp-caption-text\">aplica\u00e7\u00e3o do dispensador de al\u00e7as<\/figcaption><\/figure>\n<h3>Especifica\u00e7\u00e3o<\/h3>\n<p>Nome do produto: Distribuidor de cintas transversal grande com mecanismo de giro<br \/>\nDimens\u00e3o do dispensador de cinta: 550x400x1050mm<br \/>\nDimens\u00e3o da caixa de ferramentas: 370x200x100mm<br \/>\nPeso do carrinho de cintagem: 15kg \/ 17kg<br \/>\nObjetos aplic\u00e1veis: cinta pl\u00e1stica de a\u00e7o \/ cinta de embalagem PP \/ cinta de embalagem Pet<br \/>\nEspecifica\u00e7\u00e3o da correia de giro: di\u00e2metro interno da cinta de embalagem de 200-400mm<br \/>\nCarga do dispensador: 80kg<br \/>\nVantagens: roda de borracha resistente ao desgaste, freio interno<\/p>\n<h3>Aplica\u00e7\u00e3o<\/h3>\n<p>Cooperar principalmente com o trabalho de embalagem de PP, PET, cintas de fibra de poli\u00e9ster e cintas de a\u00e7o. Com caixa de ferramentas, pode armazenar ferramentas de embalagem e acess\u00f3rios. F\u00e1cil de usar, leve e dur\u00e1vel. Principalmente utilizado em pedra, materiais de constru\u00e7\u00e3o, m\u00e1quinas, madeira, a\u00e7o, eletr\u00f4nica, log\u00edstica, impress\u00e3o e outras ind\u00fastrias.<\/p>\n<figure id=\"attachment_1846\" aria-describedby=\"caption-attachment-1846\" style=\"width: 900px\" class=\"wp-caption alignnone\"><img decoding=\"async\" class=\"size-full wp-image-1846\" src=\"https:\/\/www.qianyipack.com\/wp-content\/uploads\/iron-strapping-dispenser-application-2.jpg\" alt=\"iron strapping dispenser application (2)\" width=\"900\" height=\"506\" srcset=\"https:\/\/www.qianyipack.com\/wp-content\/uploads\/iron-strapping-dispenser-application-2.jpg 900w, https:\/\/www.qianyipack.com\/wp-content\/uploads\/iron-strapping-dispenser-application-2-800x450.jpg 800w, https:\/\/www.qianyipack.com\/wp-content\/uploads\/iron-strapping-dispenser-application-2-300x169.jpg 300w, https:\/\/www.qianyipack.com\/wp-content\/uploads\/iron-strapping-dispenser-application-2-768x432.jpg 768w, https:\/\/www.qianyipack.com\/wp-content\/uploads\/iron-strapping-dispenser-application-2-18x10.jpg 18w\" sizes=\"(max-width: 900px) 100vw, 900px\" \/><figcaption id=\"caption-attachment-1846\" class=\"wp-caption-text\">aplica\u00e7\u00e3o do dispensador de cintas de ferro (2)<\/figcaption><\/figure>","protected":false},"excerpt":{"rendered":"<p>O dispensador de cintas \u00e9 uma ferramenta auxiliar importante ao utilizar o empacotador port\u00e1til, o que torna o ambiente bagun\u00e7ado da embalagem padronizado e arrumado. Este carrinho de cintagem \u00e9 dividido em tipo geral e tipo especial de acordo com a especifica\u00e7\u00e3o de cintagem de embalagem.<\/p>","protected":false},"featured_media":2141,"template":"","meta":{"ocean_post_layout":"","ocean_both_sidebars_style":"","ocean_both_sidebars_content_width":0,"ocean_both_sidebars_sidebars_width":0,"ocean_sidebar":"0","ocean_second_sidebar":"0","ocean_disable_margins":"enable","ocean_add_body_class":"","ocean_shortcode_before_top_bar":"","ocean_shortcode_after_top_bar":"","ocean_shortcode_before_header":"","ocean_shortcode_after_header":"","ocean_has_shortcode":"","ocean_shortcode_after_title":"","ocean_shortcode_before_footer_widgets":"","ocean_shortcode_after_footer_widgets":"","ocean_shortcode_before_footer_bottom":"","ocean_shortcode_after_footer_bottom":"","ocean_display_top_bar":"default","ocean_display_header":"default","ocean_header_style":"","ocean_center_header_left_menu":"0","ocean_custom_header_template":"0","ocean_custom_logo":0,"ocean_custom_retina_logo":0,"ocean_custom_logo_max_width":0,"ocean_custom_logo_tablet_max_width":0,"ocean_custom_logo_mobile_max_width":0,"ocean_custom_logo_max_height":0,"ocean_custom_logo_tablet_max_height":0,"ocean_custom_logo_mobile_max_height":0,"ocean_header_custom_menu":"0","ocean_menu_typo_font_family":"0","ocean_menu_typo_font_subset":"","ocean_menu_typo_font_size":0,"ocean_menu_typo_font_size_tablet":0,"ocean_menu_typo_font_size_mobile":0,"ocean_menu_typo_font_size_unit":"px","ocean_menu_typo_font_weight":"","ocean_menu_typo_font_weight_tablet":"","ocean_menu_typo_font_weight_mobile":"","ocean_menu_typo_transform":"","ocean_menu_typo_transform_tablet":"","ocean_menu_typo_transform_mobile":"","ocean_menu_typo_line_height":0,"ocean_menu_typo_line_height_tablet":0,"ocean_menu_typo_line_height_mobile":0,"ocean_menu_typo_line_height_unit":"","ocean_menu_typo_spacing":0,"ocean_menu_typo_spacing_tablet":0,"ocean_menu_typo_spacing_mobile":0,"ocean_menu_typo_spacing_unit":"","ocean_menu_link_color":"","ocean_menu_link_color_hover":"","ocean_menu_link_color_active":"","ocean_menu_link_background":"","ocean_menu_link_hover_background":"","ocean_menu_link_active_background":"","ocean_menu_social_links_bg":"","ocean_menu_social_hover_links_bg":"","ocean_menu_social_links_color":"","ocean_menu_social_hover_links_color":"","ocean_disable_title":"default","ocean_disable_heading":"default","ocean_post_title":"","ocean_post_subheading":"","ocean_post_title_style":"","ocean_post_title_background_color":"","ocean_post_title_background":0,"ocean_post_title_bg_image_position":"","ocean_post_title_bg_image_attachment":"","ocean_post_title_bg_image_repeat":"","ocean_post_title_bg_image_size":"","ocean_post_title_height":0,"ocean_post_title_bg_overlay":0.5,"ocean_post_title_bg_overlay_color":"","ocean_disable_breadcrumbs":"default","ocean_breadcrumbs_color":"","ocean_breadcrumbs_separator_color":"","ocean_breadcrumbs_links_color":"","ocean_breadcrumbs_links_hover_color":"","ocean_display_footer_widgets":"default","ocean_display_footer_bottom":"default","ocean_custom_footer_template":"0","osh_disable_topbar_sticky":"default","osh_disable_header_sticky":"default","osh_sticky_header_style":"default","osh_sticky_header_effect":"","osh_custom_sticky_logo":0,"osh_custom_retina_sticky_logo":0,"osh_custom_sticky_logo_height":0,"osh_background_color":"","osh_links_color":"","osh_links_hover_color":"","osh_links_active_color":"","osh_links_bg_color":"","osh_links_hover_bg_color":"","osh_links_active_bg_color":"","osh_menu_social_links_color":"","osh_menu_social_hover_links_color":""},"product_brand":[],"product_cat":[46],"product_tag":[113,73,111],"class_list":{"0":"post-2135","1":"product","2":"type-product","3":"status-publish","4":"has-post-thumbnail","6":"product_cat-strapping-dispenser","7":"product_tag-pet-strap-dispenser","8":"product_tag-strapping-dispenser","9":"product_tag-strapping-dispenser-cart","11":"entry","12":"has-media","14":"first","15":"instock","16":"shipping-taxable","17":"product-type-external","18":"col","19":"span_1_of_3","20":"owp-content-center","21":"owp-thumbs-layout-horizontal","22":"owp-btn-very-big","23":"owp-tabs-layout-horizontal"},"_links":{"self":[{"href":"https:\/\/www.qianyipack.com\/pt\/wp-json\/wp\/v2\/product\/2135","targetHints":{"allow":["GET"]}}],"collection":[{"href":"https:\/\/www.qianyipack.com\/pt\/wp-json\/wp\/v2\/product"}],"about":[{"href":"https:\/\/www.qianyipack.com\/pt\/wp-json\/wp\/v2\/types\/product"}],"wp:featuredmedia":[{"embeddable":true,"href":"https:\/\/www.qianyipack.com\/pt\/wp-json\/wp\/v2\/media\/2141"}],"wp:attachment":[{"href":"https:\/\/www.qianyipack.com\/pt\/wp-json\/wp\/v2\/media?parent=2135"}],"wp:term":[{"taxonomy":"product_brand","embeddable":true,"href":"https:\/\/www.qianyipack.com\/pt\/wp-json\/wp\/v2\/product_brand?post=2135"},{"taxonomy":"product_cat","embeddable":true,"href":"https:\/\/www.qianyipack.com\/pt\/wp-json\/wp\/v2\/product_cat?post=2135"},{"taxonomy":"product_tag","embeddable":true,"href":"https:\/\/www.qianyipack.com\/pt\/wp-json\/wp\/v2\/product_tag?post=2135"}],"curies":[{"name":"wp","href":"https:\/\/api.w.org\/{rel}","templated":true}]}}