{"id":2145,"date":"2021-11-07T17:59:24","date_gmt":"2021-11-08T01:59:24","guid":{"rendered":"https:\/\/www.qianyipack.com\/?post_type=product&#038;p=2145"},"modified":"2021-11-23T01:02:00","modified_gmt":"2021-11-23T09:02:00","slug":"25mm-heavy-duty-flexible-strapping-band-for-logistics","status":"publish","type":"product","link":"https:\/\/www.qianyipack.com\/pt\/produto\/25mm-heavy-duty-flexible-strapping-band-for-logistics","title":{"rendered":"Faixa de cintagem flex\u00edvel de 25mm para servi\u00e7o pesado de log\u00edstica"},"content":{"rendered":"<p>Materiais de alta qualidade. Nossas cintas flex\u00edveis de fibra composta s\u00e3o feitas de poli\u00e9ster de alta resist\u00eancia, que \u00e9 mais forte, mais macio, mais dur\u00e1vel e tem uma gama mais ampla de aplica\u00e7\u00f5es do que as cintas tradicionais.<br \/>\nResistente \u00e0 flex\u00e3o e n\u00e3o f\u00e1cil de deformar. O <a href=\"https:\/\/www.qianyipack.com\/\" target=\"_blank\" rel=\"noopener\">cinta de poli\u00e9ster composto<\/a> tem bom desempenho de dobra e n\u00e3o \u00e9 f\u00e1cil de deformar. Pode ser usado com fivelas de a\u00e7o.<br \/>\nBoa resist\u00eancia ao impacto. As cintas de fibra t\u00eam boa resist\u00eancia ao impacto e n\u00e3o s\u00e3o f\u00e1ceis de quebrar, o que pode garantir o transporte suave de seus produtos.<br \/>\nBoa resist\u00eancia \u00e0 corros\u00e3o. A al\u00e7a de fio de poli\u00e9ster tem boa resist\u00eancia \u00e0 corros\u00e3o, \u00e9 \u00e0 prova d'\u00e1gua e \u00e0 umidade e n\u00e3o h\u00e1 risco de enferrujar a al\u00e7a de a\u00e7o e contaminar os objetos amarrados.<br \/>\nBoa cobertura e rigidez do pacote. A embalagem se expandir\u00e1 e se contrair\u00e1 ap\u00f3s o transporte de longa dist\u00e2ncia, e a fita de fibra para embalagem tamb\u00e9m pode manter uma boa tens\u00e3o no objeto embalado.<\/p>\n<figure id=\"attachment_2147\" aria-describedby=\"caption-attachment-2147\" style=\"width: 960px\" class=\"wp-caption alignnone\"><img fetchpriority=\"high\" decoding=\"async\" class=\"size-full wp-image-2147\" src=\"https:\/\/www.qianyipack.com\/wp-content\/uploads\/25mm-packing-strap-description.jpg\" alt=\"25mm packing strap description\" width=\"960\" height=\"540\" srcset=\"https:\/\/www.qianyipack.com\/wp-content\/uploads\/25mm-packing-strap-description.jpg 960w, https:\/\/www.qianyipack.com\/wp-content\/uploads\/25mm-packing-strap-description-800x450.jpg 800w, https:\/\/www.qianyipack.com\/wp-content\/uploads\/25mm-packing-strap-description-300x169.jpg 300w, https:\/\/www.qianyipack.com\/wp-content\/uploads\/25mm-packing-strap-description-768x432.jpg 768w, https:\/\/www.qianyipack.com\/wp-content\/uploads\/25mm-packing-strap-description-18x10.jpg 18w\" sizes=\"(max-width: 960px) 100vw, 960px\" \/><figcaption id=\"caption-attachment-2147\" class=\"wp-caption-text\">Descri\u00e7\u00e3o da cinta de embalagem de 25mm<\/figcaption><\/figure>\n<h3>Especifica\u00e7\u00e3o<\/h3>\n<figure id=\"attachment_1572\" aria-describedby=\"caption-attachment-1572\" style=\"width: 960px\" class=\"wp-caption alignnone\"><img decoding=\"async\" class=\"size-full wp-image-1572\" src=\"https:\/\/www.qianyipack.com\/wp-content\/uploads\/32mm-cord-strap-specification.jpg\" alt=\"32mm-cord-strap-specification\" width=\"960\" height=\"407\" srcset=\"https:\/\/www.qianyipack.com\/wp-content\/uploads\/32mm-cord-strap-specification.jpg 960w, https:\/\/www.qianyipack.com\/wp-content\/uploads\/32mm-cord-strap-specification-800x339.jpg 800w, https:\/\/www.qianyipack.com\/wp-content\/uploads\/32mm-cord-strap-specification-300x127.jpg 300w, https:\/\/www.qianyipack.com\/wp-content\/uploads\/32mm-cord-strap-specification-768x326.jpg 768w, https:\/\/www.qianyipack.com\/wp-content\/uploads\/32mm-cord-strap-specification-18x8.jpg 18w\" sizes=\"(max-width: 960px) 100vw, 960px\" \/><figcaption id=\"caption-attachment-1572\" class=\"wp-caption-text\">32mm-cord-especifica\u00e7\u00e3o da cinta<\/figcaption><\/figure>\n<h3>Aplica\u00e7\u00e3o<\/h3>\n<p>QIANYI produz principalmente cintas PP, cintas, cintas de a\u00e7o, produtos de embalagem de pl\u00e1stico, cintas de material puro, cintas pl\u00e1sticas de a\u00e7o, cintas de ferro, cintas coloridas, <a href=\"https:\/\/www.qianyipack.com\/en\/about\" target=\"_blank\" rel=\"noopener\">cintas manuais<\/a>, cintas pl\u00e1sticas de a\u00e7o, cintas autom\u00e1ticas, cintas flex\u00edveis, fivela de embalagem manual, correia de extremidade PP, correia de embalagem PET, correia de embalagem de fibra, m\u00e1quina de embalagem manual, fivela de embalagem pl\u00e1stica e outros produtos, com um armaz\u00e9m moderno de mais de 10.000 metros quadrados.<\/p>\n<figure id=\"attachment_2146\" aria-describedby=\"caption-attachment-2146\" style=\"width: 960px\" class=\"wp-caption alignnone\"><img decoding=\"async\" class=\"size-full wp-image-2146\" src=\"https:\/\/www.qianyipack.com\/wp-content\/uploads\/25mm-strapping-application.jpg\" alt=\"25mm strapping application\" width=\"960\" height=\"519\" srcset=\"https:\/\/www.qianyipack.com\/wp-content\/uploads\/25mm-strapping-application.jpg 960w, https:\/\/www.qianyipack.com\/wp-content\/uploads\/25mm-strapping-application-800x433.jpg 800w, https:\/\/www.qianyipack.com\/wp-content\/uploads\/25mm-strapping-application-300x162.jpg 300w, https:\/\/www.qianyipack.com\/wp-content\/uploads\/25mm-strapping-application-768x415.jpg 768w, https:\/\/www.qianyipack.com\/wp-content\/uploads\/25mm-strapping-application-18x10.jpg 18w\" sizes=\"(max-width: 960px) 100vw, 960px\" \/><figcaption id=\"caption-attachment-2146\" class=\"wp-caption-text\">Aplica\u00e7\u00e3o de cintas de 25mm<\/figcaption><\/figure>","protected":false},"excerpt":{"rendered":"<p>A cinta de fibra adota uma m\u00e1quina de teste de tens\u00e3o de cinta de grau profissional para testar rigorosamente cada par\u00e2metro para garantir que cada cinta de fibra atinja um n\u00edvel de alta qualidade. Incluindo teste de tens\u00e3o de tra\u00e7\u00e3o, teste de resist\u00eancia \u00e0 tra\u00e7\u00e3o, teste de resist\u00eancia ao rasgo, teste de resist\u00eancia ao rasgo de flex\u00e3o.<\/p>","protected":false},"featured_media":2150,"template":"","meta":{"ocean_post_layout":"","ocean_both_sidebars_style":"","ocean_both_sidebars_content_width":0,"ocean_both_sidebars_sidebars_width":0,"ocean_sidebar":"0","ocean_second_sidebar":"0","ocean_disable_margins":"enable","ocean_add_body_class":"","ocean_shortcode_before_top_bar":"","ocean_shortcode_after_top_bar":"","ocean_shortcode_before_header":"","ocean_shortcode_after_header":"","ocean_has_shortcode":"","ocean_shortcode_after_title":"","ocean_shortcode_before_footer_widgets":"","ocean_shortcode_after_footer_widgets":"","ocean_shortcode_before_footer_bottom":"","ocean_shortcode_after_footer_bottom":"","ocean_display_top_bar":"default","ocean_display_header":"default","ocean_header_style":"","ocean_center_header_left_menu":"0","ocean_custom_header_template":"0","ocean_custom_logo":0,"ocean_custom_retina_logo":0,"ocean_custom_logo_max_width":0,"ocean_custom_logo_tablet_max_width":0,"ocean_custom_logo_mobile_max_width":0,"ocean_custom_logo_max_height":0,"ocean_custom_logo_tablet_max_height":0,"ocean_custom_logo_mobile_max_height":0,"ocean_header_custom_menu":"0","ocean_menu_typo_font_family":"0","ocean_menu_typo_font_subset":"","ocean_menu_typo_font_size":0,"ocean_menu_typo_font_size_tablet":0,"ocean_menu_typo_font_size_mobile":0,"ocean_menu_typo_font_size_unit":"px","ocean_menu_typo_font_weight":"","ocean_menu_typo_font_weight_tablet":"","ocean_menu_typo_font_weight_mobile":"","ocean_menu_typo_transform":"","ocean_menu_typo_transform_tablet":"","ocean_menu_typo_transform_mobile":"","ocean_menu_typo_line_height":0,"ocean_menu_typo_line_height_tablet":0,"ocean_menu_typo_line_height_mobile":0,"ocean_menu_typo_line_height_unit":"","ocean_menu_typo_spacing":0,"ocean_menu_typo_spacing_tablet":0,"ocean_menu_typo_spacing_mobile":0,"ocean_menu_typo_spacing_unit":"","ocean_menu_link_color":"","ocean_menu_link_color_hover":"","ocean_menu_link_color_active":"","ocean_menu_link_background":"","ocean_menu_link_hover_background":"","ocean_menu_link_active_background":"","ocean_menu_social_links_bg":"","ocean_menu_social_hover_links_bg":"","ocean_menu_social_links_color":"","ocean_menu_social_hover_links_color":"","ocean_disable_title":"default","ocean_disable_heading":"default","ocean_post_title":"","ocean_post_subheading":"","ocean_post_title_style":"","ocean_post_title_background_color":"","ocean_post_title_background":0,"ocean_post_title_bg_image_position":"","ocean_post_title_bg_image_attachment":"","ocean_post_title_bg_image_repeat":"","ocean_post_title_bg_image_size":"","ocean_post_title_height":0,"ocean_post_title_bg_overlay":0.5,"ocean_post_title_bg_overlay_color":"","ocean_disable_breadcrumbs":"default","ocean_breadcrumbs_color":"","ocean_breadcrumbs_separator_color":"","ocean_breadcrumbs_links_color":"","ocean_breadcrumbs_links_hover_color":"","ocean_display_footer_widgets":"default","ocean_display_footer_bottom":"default","ocean_custom_footer_template":"0","osh_disable_topbar_sticky":"default","osh_disable_header_sticky":"default","osh_sticky_header_style":"default","osh_sticky_header_effect":"","osh_custom_sticky_logo":0,"osh_custom_retina_sticky_logo":0,"osh_custom_sticky_logo_height":0,"osh_background_color":"","osh_links_color":"","osh_links_hover_color":"","osh_links_active_color":"","osh_links_bg_color":"","osh_links_hover_bg_color":"","osh_links_active_bg_color":"","osh_menu_social_links_color":"","osh_menu_social_hover_links_color":""},"product_brand":[],"product_cat":[36],"product_tag":[114,115,50],"class_list":{"0":"post-2145","1":"product","2":"type-product","3":"status-publish","4":"has-post-thumbnail","6":"product_cat-composite-cord-strap","7":"product_tag-composite-cord-strapping","8":"product_tag-lashing-straps","9":"product_tag-strapping-band","11":"entry","12":"has-media","14":"first","15":"instock","16":"shipping-taxable","17":"product-type-external","18":"col","19":"span_1_of_3","20":"owp-content-center","21":"owp-thumbs-layout-horizontal","22":"owp-btn-very-big","23":"owp-tabs-layout-horizontal"},"_links":{"self":[{"href":"https:\/\/www.qianyipack.com\/pt\/wp-json\/wp\/v2\/product\/2145","targetHints":{"allow":["GET"]}}],"collection":[{"href":"https:\/\/www.qianyipack.com\/pt\/wp-json\/wp\/v2\/product"}],"about":[{"href":"https:\/\/www.qianyipack.com\/pt\/wp-json\/wp\/v2\/types\/product"}],"wp:featuredmedia":[{"embeddable":true,"href":"https:\/\/www.qianyipack.com\/pt\/wp-json\/wp\/v2\/media\/2150"}],"wp:attachment":[{"href":"https:\/\/www.qianyipack.com\/pt\/wp-json\/wp\/v2\/media?parent=2145"}],"wp:term":[{"taxonomy":"product_brand","embeddable":true,"href":"https:\/\/www.qianyipack.com\/pt\/wp-json\/wp\/v2\/product_brand?post=2145"},{"taxonomy":"product_cat","embeddable":true,"href":"https:\/\/www.qianyipack.com\/pt\/wp-json\/wp\/v2\/product_cat?post=2145"},{"taxonomy":"product_tag","embeddable":true,"href":"https:\/\/www.qianyipack.com\/pt\/wp-json\/wp\/v2\/product_tag?post=2145"}],"curies":[{"name":"wp","href":"https:\/\/api.w.org\/{rel}","templated":true}]}}