{"id":2282,"date":"2021-11-11T23:52:19","date_gmt":"2021-11-12T07:52:19","guid":{"rendered":"https:\/\/www.qianyipack.com\/?post_type=product&#038;p=2282"},"modified":"2021-11-23T17:38:58","modified_gmt":"2021-11-24T01:38:58","slug":"16mm-woven-polyester-cord-strapping-roll-band-kit","status":"publish","type":"product","link":"https:\/\/www.qianyipack.com\/pt\/produto\/16mm-woven-polyester-cord-strapping-roll-band-kit","title":{"rendered":"Kit de rolos de fita de poli\u00e9ster de 16 mm"},"content":{"rendered":"<p>A vida \u00fatil do tensionador afetar\u00e1 o grau de correspond\u00eancia da banda de embalagem, de modo que v\u00e1rios problemas aparecer\u00e3o. Exceto pela rachadura e fragilidade da cinta, ela \u00e9 geralmente causada pelo descasamento entre o modelo de cintagem e o tensionador utilizado. N\u00e3o \u00e9 um problema de qualidade. Voc\u00ea pode entrar em contato conosco para encontrar uma solu\u00e7\u00e3o de embalagem de cintagem. Recomenda-se consultar o servi\u00e7o de atendimento ao cliente antes de adquirir quais especifica\u00e7\u00f5es e modelos s\u00e3o adequados, de forma a n\u00e3o causar inconvenientes ao seu uso.<\/p>\n<figure id=\"attachment_2283\" aria-describedby=\"caption-attachment-2283\" style=\"width: 960px\" class=\"wp-caption alignnone\"><img fetchpriority=\"high\" decoding=\"async\" class=\"size-full wp-image-2283\" src=\"https:\/\/www.qianyipack.com\/wp-content\/uploads\/16mm-banding-strapping-6.jpg\" alt=\"16mm banding strapping (6)\" width=\"960\" height=\"540\" srcset=\"https:\/\/www.qianyipack.com\/wp-content\/uploads\/16mm-banding-strapping-6.jpg 960w, https:\/\/www.qianyipack.com\/wp-content\/uploads\/16mm-banding-strapping-6-800x450.jpg 800w, https:\/\/www.qianyipack.com\/wp-content\/uploads\/16mm-banding-strapping-6-300x169.jpg 300w, https:\/\/www.qianyipack.com\/wp-content\/uploads\/16mm-banding-strapping-6-768x432.jpg 768w, https:\/\/www.qianyipack.com\/wp-content\/uploads\/16mm-banding-strapping-6-18x10.jpg 18w\" sizes=\"(max-width: 960px) 100vw, 960px\" \/><figcaption id=\"caption-attachment-2283\" class=\"wp-caption-text\">Cinta de 16mm de cintagem (6)<\/figcaption><\/figure>\n<h3>Vantagens<\/h3>\n<p>Geralmente boas esteiras de embalagem s\u00e3o feitas de part\u00edculas de poli\u00e9ster puro, e as part\u00edculas de poli\u00e9ster puro s\u00e3o transparentes, portanto a esteira de embalagem produzida tamb\u00e9m deve ser transparente e brilhante. Se ela for opaca, tamb\u00e9m deve ser O acabamento \u00e9 muito bom. Entretanto, se a esteira for feita de materiais reciclados, a cor ser\u00e1 muito pior, e parecer\u00e1 cinza escuro. Isto porque o material reciclado \u00e9 misturado com cal viva e \u00f3xido de c\u00e1lcio. Tais cintas s\u00e3o relativamente baratas, mas t\u00eam baixa resist\u00eancia \u00e0 tra\u00e7\u00e3o.<\/p>\n<figure id=\"attachment_1047\" aria-describedby=\"caption-attachment-1047\" style=\"width: 960px\" class=\"wp-caption alignnone\"><img decoding=\"async\" class=\"size-full wp-image-1047\" src=\"https:\/\/www.qianyipack.com\/wp-content\/uploads\/2021\/10\/woven-strapping-specification.jpg\" alt=\"woven-strapping-specification\" width=\"960\" height=\"955\" srcset=\"https:\/\/www.qianyipack.com\/wp-content\/uploads\/2021\/10\/woven-strapping-specification.jpg 960w, https:\/\/www.qianyipack.com\/wp-content\/uploads\/2021\/10\/woven-strapping-specification-100x100.jpg 100w, https:\/\/www.qianyipack.com\/wp-content\/uploads\/2021\/10\/woven-strapping-specification-800x796.jpg 800w, https:\/\/www.qianyipack.com\/wp-content\/uploads\/2021\/10\/woven-strapping-specification-300x298.jpg 300w, https:\/\/www.qianyipack.com\/wp-content\/uploads\/2021\/10\/woven-strapping-specification-150x150.jpg 150w, https:\/\/www.qianyipack.com\/wp-content\/uploads\/2021\/10\/woven-strapping-specification-768x764.jpg 768w\" sizes=\"(max-width: 960px) 100vw, 960px\" \/><figcaption id=\"caption-attachment-1047\" class=\"wp-caption-text\">tecelagem-especifica\u00e7\u00e3o<\/figcaption><\/figure>\n<h3>Aplica\u00e7\u00e3o<\/h3>\n<p>Nossos principais produtos incluem cintas compostas de fibra de poli\u00e9ster, fibra de poli\u00e9ster <a href=\"https:\/\/www.qianyipack.com\/en\/product-tag\/container-strap\" target=\"_blank\" rel=\"noopener\">cintas tecidas<\/a>, poli\u00e9ster para servi\u00e7o pesado <a href=\"https:\/\/www.qianyipack.com\/en\/product-tag\/container-strap\" target=\"_blank\" rel=\"noopener\">cintas para cordas<\/a>A cinta de seguran\u00e7a, sacos de papel kraft, sacos de ar tecidos em PP, amarra\u00e7\u00e3o de carga, cinta de cont\u00eainer, cantos de prote\u00e7\u00e3o, suportes de prote\u00e7\u00e3o, tensores de cintagem, carrinho de cintagem, fivelas met\u00e1licas para cintagem de poli\u00e9ster, clipes de cintagem met\u00e1licos, gancho de seguran\u00e7a, etc.<\/p>\n<figure id=\"attachment_2284\" aria-describedby=\"caption-attachment-2284\" style=\"width: 960px\" class=\"wp-caption alignnone\"><img decoding=\"async\" class=\"size-full wp-image-2284\" src=\"https:\/\/www.qianyipack.com\/wp-content\/uploads\/cord-strap-application.jpg\" alt=\"cord strap application\" width=\"960\" height=\"540\" srcset=\"https:\/\/www.qianyipack.com\/wp-content\/uploads\/cord-strap-application.jpg 960w, https:\/\/www.qianyipack.com\/wp-content\/uploads\/cord-strap-application-800x450.jpg 800w, https:\/\/www.qianyipack.com\/wp-content\/uploads\/cord-strap-application-300x169.jpg 300w, https:\/\/www.qianyipack.com\/wp-content\/uploads\/cord-strap-application-768x432.jpg 768w, https:\/\/www.qianyipack.com\/wp-content\/uploads\/cord-strap-application-18x10.jpg 18w\" sizes=\"(max-width: 960px) 100vw, 960px\" \/><figcaption id=\"caption-attachment-2284\" class=\"wp-caption-text\">aplica\u00e7\u00e3o de al\u00e7a de cabo<\/figcaption><\/figure>","protected":false},"excerpt":{"rendered":"<p>As correias de cont\u00eaineres s\u00e3o geralmente usadas para transportar objetos pesados ou fr\u00e1geis como um todo. Durante o processo, os objetos s\u00e3o fixados em vag\u00f5es de caminh\u00e3o, vag\u00f5es de trem, reboques ou cargueiros mar\u00edtimos para transporte. as cintas de amarra\u00e7\u00e3o tamb\u00e9m s\u00e3o usadas para itens que se arqueam ou se deslocam depois de serem amarrados. Ela pode amarrar com firmeza e comprimir objetos encolh\u00edveis.<\/p>","protected":false},"featured_media":2278,"template":"","meta":{"ocean_post_layout":"","ocean_both_sidebars_style":"","ocean_both_sidebars_content_width":0,"ocean_both_sidebars_sidebars_width":0,"ocean_sidebar":"0","ocean_second_sidebar":"0","ocean_disable_margins":"enable","ocean_add_body_class":"","ocean_shortcode_before_top_bar":"","ocean_shortcode_after_top_bar":"","ocean_shortcode_before_header":"","ocean_shortcode_after_header":"","ocean_has_shortcode":"","ocean_shortcode_after_title":"","ocean_shortcode_before_footer_widgets":"","ocean_shortcode_after_footer_widgets":"","ocean_shortcode_before_footer_bottom":"","ocean_shortcode_after_footer_bottom":"","ocean_display_top_bar":"default","ocean_display_header":"default","ocean_header_style":"","ocean_center_header_left_menu":"0","ocean_custom_header_template":"0","ocean_custom_logo":0,"ocean_custom_retina_logo":0,"ocean_custom_logo_max_width":0,"ocean_custom_logo_tablet_max_width":0,"ocean_custom_logo_mobile_max_width":0,"ocean_custom_logo_max_height":0,"ocean_custom_logo_tablet_max_height":0,"ocean_custom_logo_mobile_max_height":0,"ocean_header_custom_menu":"0","ocean_menu_typo_font_family":"0","ocean_menu_typo_font_subset":"","ocean_menu_typo_font_size":0,"ocean_menu_typo_font_size_tablet":0,"ocean_menu_typo_font_size_mobile":0,"ocean_menu_typo_font_size_unit":"px","ocean_menu_typo_font_weight":"","ocean_menu_typo_font_weight_tablet":"","ocean_menu_typo_font_weight_mobile":"","ocean_menu_typo_transform":"","ocean_menu_typo_transform_tablet":"","ocean_menu_typo_transform_mobile":"","ocean_menu_typo_line_height":0,"ocean_menu_typo_line_height_tablet":0,"ocean_menu_typo_line_height_mobile":0,"ocean_menu_typo_line_height_unit":"","ocean_menu_typo_spacing":0,"ocean_menu_typo_spacing_tablet":0,"ocean_menu_typo_spacing_mobile":0,"ocean_menu_typo_spacing_unit":"","ocean_menu_link_color":"","ocean_menu_link_color_hover":"","ocean_menu_link_color_active":"","ocean_menu_link_background":"","ocean_menu_link_hover_background":"","ocean_menu_link_active_background":"","ocean_menu_social_links_bg":"","ocean_menu_social_hover_links_bg":"","ocean_menu_social_links_color":"","ocean_menu_social_hover_links_color":"","ocean_disable_title":"default","ocean_disable_heading":"default","ocean_post_title":"","ocean_post_subheading":"","ocean_post_title_style":"","ocean_post_title_background_color":"","ocean_post_title_background":0,"ocean_post_title_bg_image_position":"","ocean_post_title_bg_image_attachment":"","ocean_post_title_bg_image_repeat":"","ocean_post_title_bg_image_size":"","ocean_post_title_height":0,"ocean_post_title_bg_overlay":0.5,"ocean_post_title_bg_overlay_color":"","ocean_disable_breadcrumbs":"default","ocean_breadcrumbs_color":"","ocean_breadcrumbs_separator_color":"","ocean_breadcrumbs_links_color":"","ocean_breadcrumbs_links_hover_color":"","ocean_display_footer_widgets":"default","ocean_display_footer_bottom":"default","ocean_custom_footer_template":"0","osh_disable_topbar_sticky":"default","osh_disable_header_sticky":"default","osh_sticky_header_style":"default","osh_sticky_header_effect":"","osh_custom_sticky_logo":0,"osh_custom_retina_sticky_logo":0,"osh_custom_sticky_logo_height":0,"osh_background_color":"","osh_links_color":"","osh_links_hover_color":"","osh_links_active_color":"","osh_links_bg_color":"","osh_links_hover_bg_color":"","osh_links_active_bg_color":"","osh_menu_social_links_color":"","osh_menu_social_hover_links_color":""},"product_brand":[],"product_cat":[38],"product_tag":[122,90,117],"class_list":{"0":"post-2282","1":"product","2":"type-product","3":"status-publish","4":"has-post-thumbnail","6":"product_cat-woven-polyester-strap","7":"product_tag-container-strap","8":"product_tag-woven-polyester-strapping","9":"product_tag-woven-strapping","11":"entry","12":"has-media","14":"first","15":"instock","16":"shipping-taxable","17":"product-type-external","18":"col","19":"span_1_of_3","20":"owp-content-center","21":"owp-thumbs-layout-horizontal","22":"owp-btn-very-big","23":"owp-tabs-layout-horizontal"},"_links":{"self":[{"href":"https:\/\/www.qianyipack.com\/pt\/wp-json\/wp\/v2\/product\/2282","targetHints":{"allow":["GET"]}}],"collection":[{"href":"https:\/\/www.qianyipack.com\/pt\/wp-json\/wp\/v2\/product"}],"about":[{"href":"https:\/\/www.qianyipack.com\/pt\/wp-json\/wp\/v2\/types\/product"}],"wp:featuredmedia":[{"embeddable":true,"href":"https:\/\/www.qianyipack.com\/pt\/wp-json\/wp\/v2\/media\/2278"}],"wp:attachment":[{"href":"https:\/\/www.qianyipack.com\/pt\/wp-json\/wp\/v2\/media?parent=2282"}],"wp:term":[{"taxonomy":"product_brand","embeddable":true,"href":"https:\/\/www.qianyipack.com\/pt\/wp-json\/wp\/v2\/product_brand?post=2282"},{"taxonomy":"product_cat","embeddable":true,"href":"https:\/\/www.qianyipack.com\/pt\/wp-json\/wp\/v2\/product_cat?post=2282"},{"taxonomy":"product_tag","embeddable":true,"href":"https:\/\/www.qianyipack.com\/pt\/wp-json\/wp\/v2\/product_tag?post=2282"}],"curies":[{"name":"wp","href":"https:\/\/api.w.org\/{rel}","templated":true}]}}