{"id":2288,"date":"2021-11-15T00:10:15","date_gmt":"2021-11-15T08:10:15","guid":{"rendered":"https:\/\/www.qianyipack.com\/?post_type=product&#038;p=2288"},"modified":"2021-11-23T17:36:07","modified_gmt":"2021-11-24T01:36:07","slug":"19mm-woven-polyester-strapping-for-cargo-protection","status":"publish","type":"product","link":"https:\/\/www.qianyipack.com\/pt\/produto\/19mm-woven-polyester-strapping-for-cargo-protection","title":{"rendered":"Cintas de poli\u00e9ster tecidas de 19 mm para prote\u00e7\u00e3o de carga"},"content":{"rendered":"<p>Como identificar as cintas tecidas?<br \/>\nAs cintas do cord\u00e3o de mat\u00e9ria prima pura parecem firmes, e os lados s\u00e3o relativamente lisos sem rebarbas. Tal cinta de cord\u00e3o funcionar\u00e1 muito suavemente no caminho da m\u00e1quina de embalagem ou do tensionador, n\u00e3o \u00e9 propensa a problemas e tem alta efici\u00eancia de trabalho.<br \/>\nMe\u00e7a o comprimento. Como o material de poli\u00e9ster puro n\u00e3o \u00e9 misturado com nenhum outro material, ele \u00e9 particularmente el\u00e1stico. Cada rolo de cintas de poli\u00e9ster tran\u00e7ado pode ser esticado por muito tempo, de modo que tais cintas podem geralmente atingir 3000 metros\/rolo. As cintas de materiais reciclados t\u00eam baixa ductilidade, portanto n\u00e3o podem ser feitas por muito tempo.<br \/>\nCarregamento. Pela mesma raz\u00e3o que acima, o tecido <a href=\"https:\/\/www.qianyipack.com\/en\/product-tag\/polyester-strapping\" target=\"_blank\" rel=\"noopener\">cintas de poli\u00e9ster<\/a> de material puro pode ser esticado por muito tempo durante o processo de produ\u00e7\u00e3o, de modo que o peso pode ser muito leve. O material reciclado determina que as cintas de embalagem feitas a partir dele ser\u00e3o muito pesadas.<\/p>\n<figure id=\"attachment_2283\" aria-describedby=\"caption-attachment-2283\" style=\"width: 960px\" class=\"wp-caption alignnone\"><img fetchpriority=\"high\" decoding=\"async\" class=\"size-full wp-image-2283\" src=\"https:\/\/www.qianyipack.com\/wp-content\/uploads\/16mm-banding-strapping-6.jpg\" alt=\"16mm banding strapping (6)\" width=\"960\" height=\"540\" srcset=\"https:\/\/www.qianyipack.com\/wp-content\/uploads\/16mm-banding-strapping-6.jpg 960w, https:\/\/www.qianyipack.com\/wp-content\/uploads\/16mm-banding-strapping-6-800x450.jpg 800w, https:\/\/www.qianyipack.com\/wp-content\/uploads\/16mm-banding-strapping-6-300x169.jpg 300w, https:\/\/www.qianyipack.com\/wp-content\/uploads\/16mm-banding-strapping-6-768x432.jpg 768w, https:\/\/www.qianyipack.com\/wp-content\/uploads\/16mm-banding-strapping-6-18x10.jpg 18w\" sizes=\"(max-width: 960px) 100vw, 960px\" \/><figcaption id=\"caption-attachment-2283\" class=\"wp-caption-text\">Cinta de 16mm de cintagem (6)<\/figcaption><\/figure>\n<h3>Vantagens<\/h3>\n<p>Garantia de qualidade. Somos uma f\u00e1brica experiente, e nossas cintas de poli\u00e9ster tecidas s\u00e3o exportadas para pa\u00edses de todo o mundo, incluindo a Uni\u00e3o Europ\u00e9ia. As cintas de poli\u00e9ster tecidas possuem relat\u00f3rios de testes relevantes e passaram nas certifica\u00e7\u00f5es pertinentes.<br \/>\nAlto desempenho em termos de custos. Todos <a href=\"https:\/\/www.qianyipack.com\/en\/product-tag\/container-strap\" target=\"_blank\" rel=\"noopener\">cintas de poliuretano<\/a> s\u00e3o fornecidos diretamente por nossa f\u00e1brica. As cintas de polietileno s\u00e3o de alta qualidade e est\u00e1veis sem elos intermedi\u00e1rios, por isso s\u00e3o econ\u00f4micas e proporcionam \u00e0s empresas cintas tecidas de alta qualidade, de baixo custo e convenientes.<br \/>\nGarantia p\u00f3s-venda. Temos um servi\u00e7o p\u00f3s-venda profissional e de f\u00e1cil utiliza\u00e7\u00e3o para resolver a tempo seus problemas de cintagem de cordas tecidas. A equipe de profissionais fornece a voc\u00ea um programa de seguran\u00e7a de transporte e embalagem de uma s\u00f3 vez, poupando-lhe m\u00e3o-de-obra e recursos materiais.<\/p>\n<figure id=\"attachment_1047\" aria-describedby=\"caption-attachment-1047\" style=\"width: 960px\" class=\"wp-caption alignnone\"><img decoding=\"async\" class=\"size-full wp-image-1047\" src=\"https:\/\/www.qianyipack.com\/wp-content\/uploads\/2021\/10\/woven-strapping-specification.jpg\" alt=\"woven-strapping-specification\" width=\"960\" height=\"955\" srcset=\"https:\/\/www.qianyipack.com\/wp-content\/uploads\/2021\/10\/woven-strapping-specification.jpg 960w, https:\/\/www.qianyipack.com\/wp-content\/uploads\/2021\/10\/woven-strapping-specification-100x100.jpg 100w, https:\/\/www.qianyipack.com\/wp-content\/uploads\/2021\/10\/woven-strapping-specification-800x796.jpg 800w, https:\/\/www.qianyipack.com\/wp-content\/uploads\/2021\/10\/woven-strapping-specification-300x298.jpg 300w, https:\/\/www.qianyipack.com\/wp-content\/uploads\/2021\/10\/woven-strapping-specification-150x150.jpg 150w, https:\/\/www.qianyipack.com\/wp-content\/uploads\/2021\/10\/woven-strapping-specification-768x764.jpg 768w\" sizes=\"(max-width: 960px) 100vw, 960px\" \/><figcaption id=\"caption-attachment-1047\" class=\"wp-caption-text\">tecelagem-especifica\u00e7\u00e3o<\/figcaption><\/figure>\n<h3>Aplica\u00e7\u00e3o<\/h3>\n<p>Escopo de aplica\u00e7\u00e3o: As cintas de polietileno s\u00e3o usadas principalmente para fixar e apertar as mercadorias em caminh\u00f5es, navios de carga, cont\u00eaineres, reboques e trens, e absorver o impacto gerado durante o transporte. Portanto, as cintas tran\u00e7adas podem substituir o sistema de catraca e as almofadas de madeira. Ou suportes de madeira, cabos de a\u00e7o, correntes, etc.<\/p>\n<figure id=\"attachment_2289\" aria-describedby=\"caption-attachment-2289\" style=\"width: 960px\" class=\"wp-caption alignnone\"><img decoding=\"async\" class=\"size-full wp-image-2289\" src=\"https:\/\/www.qianyipack.com\/wp-content\/uploads\/19mm-woven-strap-application.jpg\" alt=\"19mm woven strap application\" width=\"960\" height=\"540\" srcset=\"https:\/\/www.qianyipack.com\/wp-content\/uploads\/19mm-woven-strap-application.jpg 960w, https:\/\/www.qianyipack.com\/wp-content\/uploads\/19mm-woven-strap-application-800x450.jpg 800w, https:\/\/www.qianyipack.com\/wp-content\/uploads\/19mm-woven-strap-application-300x169.jpg 300w, https:\/\/www.qianyipack.com\/wp-content\/uploads\/19mm-woven-strap-application-768x432.jpg 768w, https:\/\/www.qianyipack.com\/wp-content\/uploads\/19mm-woven-strap-application-18x10.jpg 18w\" sizes=\"(max-width: 960px) 100vw, 960px\" \/><figcaption id=\"caption-attachment-2289\" class=\"wp-caption-text\">Aplica\u00e7\u00e3o de al\u00e7a tecida de 19mm<\/figcaption><\/figure>","protected":false},"excerpt":{"rendered":"<p>Esta cinta \u00e9 feita de fios de poli\u00e9ster de alta resist\u00eancia tecidos e colados. N\u00e3o \u00e9 f\u00e1cil de soltar, \u00e9 conveniente e r\u00e1pida de usar, e tem uma ampla gama de aplica\u00e7\u00f5es. \u00c9 recomendada para uso com nossa fivela de embalagem de fio de a\u00e7o fosfatizado ou galvanizado.<\/p>","protected":false},"featured_media":2291,"template":"","meta":{"ocean_post_layout":"","ocean_both_sidebars_style":"","ocean_both_sidebars_content_width":0,"ocean_both_sidebars_sidebars_width":0,"ocean_sidebar":"0","ocean_second_sidebar":"0","ocean_disable_margins":"enable","ocean_add_body_class":"","ocean_shortcode_before_top_bar":"","ocean_shortcode_after_top_bar":"","ocean_shortcode_before_header":"","ocean_shortcode_after_header":"","ocean_has_shortcode":"","ocean_shortcode_after_title":"","ocean_shortcode_before_footer_widgets":"","ocean_shortcode_after_footer_widgets":"","ocean_shortcode_before_footer_bottom":"","ocean_shortcode_after_footer_bottom":"","ocean_display_top_bar":"default","ocean_display_header":"default","ocean_header_style":"","ocean_center_header_left_menu":"0","ocean_custom_header_template":"0","ocean_custom_logo":0,"ocean_custom_retina_logo":0,"ocean_custom_logo_max_width":0,"ocean_custom_logo_tablet_max_width":0,"ocean_custom_logo_mobile_max_width":0,"ocean_custom_logo_max_height":0,"ocean_custom_logo_tablet_max_height":0,"ocean_custom_logo_mobile_max_height":0,"ocean_header_custom_menu":"0","ocean_menu_typo_font_family":"0","ocean_menu_typo_font_subset":"","ocean_menu_typo_font_size":0,"ocean_menu_typo_font_size_tablet":0,"ocean_menu_typo_font_size_mobile":0,"ocean_menu_typo_font_size_unit":"px","ocean_menu_typo_font_weight":"","ocean_menu_typo_font_weight_tablet":"","ocean_menu_typo_font_weight_mobile":"","ocean_menu_typo_transform":"","ocean_menu_typo_transform_tablet":"","ocean_menu_typo_transform_mobile":"","ocean_menu_typo_line_height":0,"ocean_menu_typo_line_height_tablet":0,"ocean_menu_typo_line_height_mobile":0,"ocean_menu_typo_line_height_unit":"","ocean_menu_typo_spacing":0,"ocean_menu_typo_spacing_tablet":0,"ocean_menu_typo_spacing_mobile":0,"ocean_menu_typo_spacing_unit":"","ocean_menu_link_color":"","ocean_menu_link_color_hover":"","ocean_menu_link_color_active":"","ocean_menu_link_background":"","ocean_menu_link_hover_background":"","ocean_menu_link_active_background":"","ocean_menu_social_links_bg":"","ocean_menu_social_hover_links_bg":"","ocean_menu_social_links_color":"","ocean_menu_social_hover_links_color":"","ocean_disable_title":"default","ocean_disable_heading":"default","ocean_post_title":"","ocean_post_subheading":"","ocean_post_title_style":"","ocean_post_title_background_color":"","ocean_post_title_background":0,"ocean_post_title_bg_image_position":"","ocean_post_title_bg_image_attachment":"","ocean_post_title_bg_image_repeat":"","ocean_post_title_bg_image_size":"","ocean_post_title_height":0,"ocean_post_title_bg_overlay":0.5,"ocean_post_title_bg_overlay_color":"","ocean_disable_breadcrumbs":"default","ocean_breadcrumbs_color":"","ocean_breadcrumbs_separator_color":"","ocean_breadcrumbs_links_color":"","ocean_breadcrumbs_links_hover_color":"","ocean_display_footer_widgets":"default","ocean_display_footer_bottom":"default","ocean_custom_footer_template":"0","osh_disable_topbar_sticky":"default","osh_disable_header_sticky":"default","osh_sticky_header_style":"default","osh_sticky_header_effect":"","osh_custom_sticky_logo":0,"osh_custom_retina_sticky_logo":0,"osh_custom_sticky_logo_height":0,"osh_background_color":"","osh_links_color":"","osh_links_hover_color":"","osh_links_active_color":"","osh_links_bg_color":"","osh_links_hover_bg_color":"","osh_links_active_bg_color":"","osh_menu_social_links_color":"","osh_menu_social_hover_links_color":""},"product_brand":[],"product_cat":[38],"product_tag":[122,92,90],"class_list":{"0":"post-2288","1":"product","2":"type-product","3":"status-publish","4":"has-post-thumbnail","6":"product_cat-woven-polyester-strap","7":"product_tag-container-strap","8":"product_tag-polyester-strapping","9":"product_tag-woven-polyester-strapping","11":"entry","12":"has-media","14":"first","15":"instock","16":"shipping-taxable","17":"product-type-external","18":"col","19":"span_1_of_3","20":"owp-content-center","21":"owp-thumbs-layout-horizontal","22":"owp-btn-very-big","23":"owp-tabs-layout-horizontal"},"_links":{"self":[{"href":"https:\/\/www.qianyipack.com\/pt\/wp-json\/wp\/v2\/product\/2288","targetHints":{"allow":["GET"]}}],"collection":[{"href":"https:\/\/www.qianyipack.com\/pt\/wp-json\/wp\/v2\/product"}],"about":[{"href":"https:\/\/www.qianyipack.com\/pt\/wp-json\/wp\/v2\/types\/product"}],"wp:featuredmedia":[{"embeddable":true,"href":"https:\/\/www.qianyipack.com\/pt\/wp-json\/wp\/v2\/media\/2291"}],"wp:attachment":[{"href":"https:\/\/www.qianyipack.com\/pt\/wp-json\/wp\/v2\/media?parent=2288"}],"wp:term":[{"taxonomy":"product_brand","embeddable":true,"href":"https:\/\/www.qianyipack.com\/pt\/wp-json\/wp\/v2\/product_brand?post=2288"},{"taxonomy":"product_cat","embeddable":true,"href":"https:\/\/www.qianyipack.com\/pt\/wp-json\/wp\/v2\/product_cat?post=2288"},{"taxonomy":"product_tag","embeddable":true,"href":"https:\/\/www.qianyipack.com\/pt\/wp-json\/wp\/v2\/product_tag?post=2288"}],"curies":[{"name":"wp","href":"https:\/\/api.w.org\/{rel}","templated":true}]}}