{"id":2295,"date":"2021-11-15T22:47:12","date_gmt":"2021-11-16T06:47:12","guid":{"rendered":"https:\/\/www.qianyipack.com\/?post_type=product&#038;p=2295"},"modified":"2021-11-23T17:34:49","modified_gmt":"2021-11-24T01:34:49","slug":"38mm-heavy-duty-polyester-cord-strapping-for-container","status":"publish","type":"product","link":"https:\/\/www.qianyipack.com\/pt\/produto\/38mm-heavy-duty-polyester-cord-strapping-for-container","title":{"rendered":"Cintas de poli\u00e9ster para cont\u00eaineres de 38mm para servi\u00e7o pesado"},"content":{"rendered":"<p>No estado padr\u00e3o, a recupera\u00e7\u00e3o de umidade de <a href=\"https:\/\/www.qianyipack.com\/en\/product-tag\/lashing-band\" target=\"_blank\" rel=\"noopener\">cintas de poli\u00e9ster tran\u00e7adas<\/a> \u00e9 0,4%, que \u00e9 inferior a 1%~2% de fibra acr\u00edlica e 4% de nylon. Devido \u00e0 sua higroscopicidade, sua resist\u00eancia a \u00famido diminui menos e sua resist\u00eancia \u00e9 relativamente est\u00e1vel.<br \/>\nAs cintas de poli\u00e9ster tecidas t\u00eam baixa condutividade devido a sua baixa absor\u00e7\u00e3o de umidade. A constante diel\u00e9trica na faixa de -100~+160\u2103 \u00e9 de 3,0~3,8. \u00c9 um excelente isolante e \u00e9 adequado para embalar uma gama mais ampla de mercadorias.<br \/>\nA for\u00e7a seca de<a href=\"https:\/\/www.qianyipack.com\/en\/product-tag\/cargo-lashing\" target=\"_blank\" rel=\"noopener\"> cintas de poli\u00e9ster tran\u00e7ado<\/a> \u00e9 4~7cN\/dex, e sua resist\u00eancia \u00e0 abras\u00e3o \u00e9 a segunda maior do que a do nylon, e tem maior resist\u00eancia \u00e0 abras\u00e3o e resist\u00eancia do que outras fibras sint\u00e9ticas.<br \/>\nA elasticidade do tecido de poli\u00e9ster \u00e9 pr\u00f3xima da da l\u00e3. Quando \u00e9 esticada por 5%, ela quase pode ser restaurada ap\u00f3s a remo\u00e7\u00e3o da carga, de modo que a resist\u00eancia \u00e0s rugas do tecido de poli\u00e9ster \u00e9 maior do que a de outros tecidos de fibra.<br \/>\nAs cintas de poli\u00e9ster tecidas s\u00e3o est\u00e1veis aos \u00e1cidos org\u00e2nicos e possuem forte resist\u00eancia aos solventes org\u00e2nicos. Ao mesmo tempo, a cinta de poli\u00e9ster tecida \u00e9 resistente a microorganismos, n\u00e3o \u00e9 afetada por tra\u00e7as, moldes, etc., n\u00e3o precisa ser \u00e0 prova de tra\u00e7as, e \u00e9 menos afetada por microorganismos durante o uso.<\/p>\n<figure id=\"attachment_2296\" aria-describedby=\"caption-attachment-2296\" style=\"width: 960px\" class=\"wp-caption alignnone\"><img fetchpriority=\"high\" decoding=\"async\" class=\"size-full wp-image-2296\" src=\"https:\/\/www.qianyipack.com\/wp-content\/uploads\/woven-lashing-TUV-test.jpg\" alt=\"woven lashing TUV test\" width=\"960\" height=\"730\" srcset=\"https:\/\/www.qianyipack.com\/wp-content\/uploads\/woven-lashing-TUV-test.jpg 960w, https:\/\/www.qianyipack.com\/wp-content\/uploads\/woven-lashing-TUV-test-800x608.jpg 800w, https:\/\/www.qianyipack.com\/wp-content\/uploads\/woven-lashing-TUV-test-300x228.jpg 300w, https:\/\/www.qianyipack.com\/wp-content\/uploads\/woven-lashing-TUV-test-768x584.jpg 768w, https:\/\/www.qianyipack.com\/wp-content\/uploads\/woven-lashing-TUV-test-16x12.jpg 16w\" sizes=\"(max-width: 960px) 100vw, 960px\" \/><figcaption id=\"caption-attachment-2296\" class=\"wp-caption-text\">teste TUV de amarra\u00e7\u00e3o tecida<\/figcaption><\/figure>\n<h3>Especifica\u00e7\u00e3o<\/h3>\n<figure id=\"attachment_2005\" aria-describedby=\"caption-attachment-2005\" style=\"width: 960px\" class=\"wp-caption alignnone\"><img decoding=\"async\" class=\"size-full wp-image-2005\" src=\"https:\/\/www.qianyipack.com\/wp-content\/uploads\/40mm-woven-strapping-specification.jpg\" alt=\"40mm woven strapping specification\" width=\"960\" height=\"645\" srcset=\"https:\/\/www.qianyipack.com\/wp-content\/uploads\/40mm-woven-strapping-specification.jpg 960w, https:\/\/www.qianyipack.com\/wp-content\/uploads\/40mm-woven-strapping-specification-800x538.jpg 800w, https:\/\/www.qianyipack.com\/wp-content\/uploads\/40mm-woven-strapping-specification-300x202.jpg 300w, https:\/\/www.qianyipack.com\/wp-content\/uploads\/40mm-woven-strapping-specification-768x516.jpg 768w, https:\/\/www.qianyipack.com\/wp-content\/uploads\/40mm-woven-strapping-specification-18x12.jpg 18w\" sizes=\"(max-width: 960px) 100vw, 960px\" \/><figcaption id=\"caption-attachment-2005\" class=\"wp-caption-text\">Especifica\u00e7\u00e3o de cintas tecidas de 40mm<\/figcaption><\/figure>\n<h3>Destaque<\/h3>\n<p>Alta resist\u00eancia \u00e0 tra\u00e7\u00e3o e f\u00e1cil manuseio.<br \/>\nCertificado pela TUV, Adequado para todos os transportadores.<br \/>\nCombin\u00e1vel com outros sistemas de acondicionamento de carga - por exemplo, sacos de Dunnage.<br \/>\nCintas unidirecionais para fixa\u00e7\u00e3o (amarra\u00e7\u00e3o) em apartamentos, trilhos e em cont\u00eaineres.<br \/>\nN\u00e3o h\u00e1 risco de ferimentos para expedidores e consignat\u00e1rios ao usar ou abrir as cintas.<br \/>\nAlternativa \u00e0s cintas caras de catraca e aos fios de amarra\u00e7\u00e3o volumosos.<\/p>\n<figure id=\"attachment_2297\" aria-describedby=\"caption-attachment-2297\" style=\"width: 960px\" class=\"wp-caption alignnone\"><img decoding=\"async\" class=\"size-full wp-image-2297\" src=\"https:\/\/www.qianyipack.com\/wp-content\/uploads\/38mm-woven-lashing-application.jpg\" alt=\"38mm woven lashing application\" width=\"960\" height=\"540\" srcset=\"https:\/\/www.qianyipack.com\/wp-content\/uploads\/38mm-woven-lashing-application.jpg 960w, https:\/\/www.qianyipack.com\/wp-content\/uploads\/38mm-woven-lashing-application-800x450.jpg 800w, https:\/\/www.qianyipack.com\/wp-content\/uploads\/38mm-woven-lashing-application-300x169.jpg 300w, https:\/\/www.qianyipack.com\/wp-content\/uploads\/38mm-woven-lashing-application-768x432.jpg 768w, https:\/\/www.qianyipack.com\/wp-content\/uploads\/38mm-woven-lashing-application-18x10.jpg 18w\" sizes=\"(max-width: 960px) 100vw, 960px\" \/><figcaption id=\"caption-attachment-2297\" class=\"wp-caption-text\">Aplica\u00e7\u00e3o de amarra\u00e7\u00e3o tecida de 38mm<\/figcaption><\/figure>","protected":false},"excerpt":{"rendered":"<div id=\"outer-wrap\" class=\"site clr\">\n<div id=\"wrap\" class=\"clr\">\n<div id=\"outer-wrap\" class=\"site clr\">\n<div id=\"wrap\" class=\"clr\">\n<p>As cintas de amarra\u00e7\u00e3o unidirecional de poli\u00e9ster t\u00eam uma alta resist\u00eancia \u00e0 tra\u00e7\u00e3o de 2000 a 7500 daN. Por esta raz\u00e3o, a amarra\u00e7\u00e3o \u00e9 a alternativa para as cintas multidirecionais caras, caixotes de madeira complexos e fios de amarra\u00e7\u00e3o volumosos e cintas de a\u00e7o com arestas afiadas.<\/p>\n<\/div>\n<\/div>\n<\/div>\n<\/div>","protected":false},"featured_media":2298,"template":"","meta":{"ocean_post_layout":"","ocean_both_sidebars_style":"","ocean_both_sidebars_content_width":0,"ocean_both_sidebars_sidebars_width":0,"ocean_sidebar":"0","ocean_second_sidebar":"0","ocean_disable_margins":"enable","ocean_add_body_class":"","ocean_shortcode_before_top_bar":"","ocean_shortcode_after_top_bar":"","ocean_shortcode_before_header":"","ocean_shortcode_after_header":"","ocean_has_shortcode":"","ocean_shortcode_after_title":"","ocean_shortcode_before_footer_widgets":"","ocean_shortcode_after_footer_widgets":"","ocean_shortcode_before_footer_bottom":"","ocean_shortcode_after_footer_bottom":"","ocean_display_top_bar":"default","ocean_display_header":"default","ocean_header_style":"","ocean_center_header_left_menu":"0","ocean_custom_header_template":"0","ocean_custom_logo":0,"ocean_custom_retina_logo":0,"ocean_custom_logo_max_width":0,"ocean_custom_logo_tablet_max_width":0,"ocean_custom_logo_mobile_max_width":0,"ocean_custom_logo_max_height":0,"ocean_custom_logo_tablet_max_height":0,"ocean_custom_logo_mobile_max_height":0,"ocean_header_custom_menu":"0","ocean_menu_typo_font_family":"0","ocean_menu_typo_font_subset":"","ocean_menu_typo_font_size":0,"ocean_menu_typo_font_size_tablet":0,"ocean_menu_typo_font_size_mobile":0,"ocean_menu_typo_font_size_unit":"px","ocean_menu_typo_font_weight":"","ocean_menu_typo_font_weight_tablet":"","ocean_menu_typo_font_weight_mobile":"","ocean_menu_typo_transform":"","ocean_menu_typo_transform_tablet":"","ocean_menu_typo_transform_mobile":"","ocean_menu_typo_line_height":0,"ocean_menu_typo_line_height_tablet":0,"ocean_menu_typo_line_height_mobile":0,"ocean_menu_typo_line_height_unit":"","ocean_menu_typo_spacing":0,"ocean_menu_typo_spacing_tablet":0,"ocean_menu_typo_spacing_mobile":0,"ocean_menu_typo_spacing_unit":"","ocean_menu_link_color":"","ocean_menu_link_color_hover":"","ocean_menu_link_color_active":"","ocean_menu_link_background":"","ocean_menu_link_hover_background":"","ocean_menu_link_active_background":"","ocean_menu_social_links_bg":"","ocean_menu_social_hover_links_bg":"","ocean_menu_social_links_color":"","ocean_menu_social_hover_links_color":"","ocean_disable_title":"default","ocean_disable_heading":"default","ocean_post_title":"","ocean_post_subheading":"","ocean_post_title_style":"","ocean_post_title_background_color":"","ocean_post_title_background":0,"ocean_post_title_bg_image_position":"","ocean_post_title_bg_image_attachment":"","ocean_post_title_bg_image_repeat":"","ocean_post_title_bg_image_size":"","ocean_post_title_height":0,"ocean_post_title_bg_overlay":0.5,"ocean_post_title_bg_overlay_color":"","ocean_disable_breadcrumbs":"default","ocean_breadcrumbs_color":"","ocean_breadcrumbs_separator_color":"","ocean_breadcrumbs_links_color":"","ocean_breadcrumbs_links_hover_color":"","ocean_display_footer_widgets":"default","ocean_display_footer_bottom":"default","ocean_custom_footer_template":"0","osh_disable_topbar_sticky":"default","osh_disable_header_sticky":"default","osh_sticky_header_style":"default","osh_sticky_header_effect":"","osh_custom_sticky_logo":0,"osh_custom_retina_sticky_logo":0,"osh_custom_sticky_logo_height":0,"osh_background_color":"","osh_links_color":"","osh_links_hover_color":"","osh_links_active_color":"","osh_links_bg_color":"","osh_links_hover_bg_color":"","osh_links_active_bg_color":"","osh_menu_social_links_color":"","osh_menu_social_hover_links_color":""},"product_brand":[],"product_cat":[38],"product_tag":[124,125,123],"class_list":{"0":"post-2295","1":"product","2":"type-product","3":"status-publish","4":"has-post-thumbnail","6":"product_cat-woven-polyester-strap","7":"product_tag-cargo-lashing","8":"product_tag-lashing-band","9":"product_tag-poly-woven-strapping","11":"entry","12":"has-media","14":"first","15":"instock","16":"shipping-taxable","17":"product-type-external","18":"col","19":"span_1_of_3","20":"owp-content-center","21":"owp-thumbs-layout-horizontal","22":"owp-btn-very-big","23":"owp-tabs-layout-horizontal"},"_links":{"self":[{"href":"https:\/\/www.qianyipack.com\/pt\/wp-json\/wp\/v2\/product\/2295","targetHints":{"allow":["GET"]}}],"collection":[{"href":"https:\/\/www.qianyipack.com\/pt\/wp-json\/wp\/v2\/product"}],"about":[{"href":"https:\/\/www.qianyipack.com\/pt\/wp-json\/wp\/v2\/types\/product"}],"wp:featuredmedia":[{"embeddable":true,"href":"https:\/\/www.qianyipack.com\/pt\/wp-json\/wp\/v2\/media\/2298"}],"wp:attachment":[{"href":"https:\/\/www.qianyipack.com\/pt\/wp-json\/wp\/v2\/media?parent=2295"}],"wp:term":[{"taxonomy":"product_brand","embeddable":true,"href":"https:\/\/www.qianyipack.com\/pt\/wp-json\/wp\/v2\/product_brand?post=2295"},{"taxonomy":"product_cat","embeddable":true,"href":"https:\/\/www.qianyipack.com\/pt\/wp-json\/wp\/v2\/product_cat?post=2295"},{"taxonomy":"product_tag","embeddable":true,"href":"https:\/\/www.qianyipack.com\/pt\/wp-json\/wp\/v2\/product_tag?post=2295"}],"curies":[{"name":"wp","href":"https:\/\/api.w.org\/{rel}","templated":true}]}}