{"id":2320,"date":"2021-11-20T01:05:59","date_gmt":"2021-11-20T09:05:59","guid":{"rendered":"https:\/\/www.qianyipack.com\/?post_type=product&#038;p=2320"},"modified":"2021-11-23T16:42:57","modified_gmt":"2021-11-24T00:42:57","slug":"19mm-metal-stainless-heavy-duty-steel-strapping-roll","status":"publish","type":"product","link":"https:\/\/www.qianyipack.com\/pt\/produto\/19mm-metal-stainless-heavy-duty-steel-strapping-roll","title":{"rendered":"Rolo de Cintas de A\u00e7o Inoxid\u00e1vel de 19mm para Servi\u00e7o Pesado"},"content":{"rendered":"<p><a href=\"https:\/\/www.qianyipack.com\/en\/product-tag\/steel-banding-strap\" target=\"_blank\" rel=\"noopener\">Cinta de a\u00e7o<\/a> \u00e9 processado pelo processo de estiramento de barras de a\u00e7o macio, que tem as caracter\u00edsticas de grande capacidade de carga e alta densidade.<br \/>\nA borda da cinta de a\u00e7o \u00e9 lisa e n\u00e3o tem bordas e cantos para evitar arranh\u00f5es e danos \u00e0 embalagem durante a embalagem.<br \/>\nA cinta de a\u00e7o tem propriedades anticorrosivas, de forte resist\u00eancia \u00e0 tra\u00e7\u00e3o, tipo resistente ao fogo, etc. A fita de a\u00e7o produzida \u00e9 bonita, econ\u00f4mica e dur\u00e1vel.<br \/>\nO layout da cinta de a\u00e7o \u00e9 plano, a cinta de a\u00e7o azul \u00e9 brilhante na cor e a superf\u00edcie \u00e9 lubrificada com \u00f3leo e ferrugem, o que reduz a resist\u00eancia ao atrito durante a embalagem, de modo que a cinta de a\u00e7o \u00e9 apertada firmemente.<\/p>\n<figure id=\"attachment_2325\" aria-describedby=\"caption-attachment-2325\" style=\"width: 960px\" class=\"wp-caption alignnone\"><img fetchpriority=\"high\" decoding=\"async\" class=\"size-full wp-image-2325\" src=\"https:\/\/www.qianyipack.com\/wp-content\/uploads\/19mm-steel-strapping-5.jpg\" alt=\"19mm steel strapping (5)\" width=\"960\" height=\"639\" srcset=\"https:\/\/www.qianyipack.com\/wp-content\/uploads\/19mm-steel-strapping-5.jpg 960w, https:\/\/www.qianyipack.com\/wp-content\/uploads\/19mm-steel-strapping-5-800x533.jpg 800w, https:\/\/www.qianyipack.com\/wp-content\/uploads\/19mm-steel-strapping-5-300x200.jpg 300w, https:\/\/www.qianyipack.com\/wp-content\/uploads\/19mm-steel-strapping-5-768x511.jpg 768w, https:\/\/www.qianyipack.com\/wp-content\/uploads\/19mm-steel-strapping-5-18x12.jpg 18w\" sizes=\"(max-width: 960px) 100vw, 960px\" \/><figcaption id=\"caption-attachment-2325\" class=\"wp-caption-text\">Cintas de a\u00e7o de 19mm (5)<\/figcaption><\/figure>\n<h3>Especifica\u00e7\u00e3o<\/h3>\n<figure id=\"attachment_2327\" aria-describedby=\"caption-attachment-2327\" style=\"width: 906px\" class=\"wp-caption alignnone\"><img decoding=\"async\" class=\"size-full wp-image-2327\" src=\"https:\/\/www.qianyipack.com\/wp-content\/uploads\/steel-strapping-specification.jpg\" alt=\"steel strapping specification\" width=\"906\" height=\"431\" srcset=\"https:\/\/www.qianyipack.com\/wp-content\/uploads\/steel-strapping-specification.jpg 906w, https:\/\/www.qianyipack.com\/wp-content\/uploads\/steel-strapping-specification-800x381.jpg 800w, https:\/\/www.qianyipack.com\/wp-content\/uploads\/steel-strapping-specification-300x143.jpg 300w, https:\/\/www.qianyipack.com\/wp-content\/uploads\/steel-strapping-specification-768x365.jpg 768w, https:\/\/www.qianyipack.com\/wp-content\/uploads\/steel-strapping-specification-18x9.jpg 18w\" sizes=\"(max-width: 906px) 100vw, 906px\" \/><figcaption id=\"caption-attachment-2327\" class=\"wp-caption-text\">especifica\u00e7\u00e3o das cintas de a\u00e7o<\/figcaption><\/figure>\n<h3>Destaque<\/h3>\n<p>A superf\u00edcie do <a href=\"https:\/\/www.qianyipack.com\/en\/product-tag\/steel-strapping\" target=\"_blank\" rel=\"noopener\">cinta de a\u00e7o<\/a> \u00e9 oxidado para evitar ferrugem e corros\u00e3o, resist\u00eancia ao calor e ao frio. A superf\u00edcie da cinta de a\u00e7o \u00e9 lubrificada para reduzir a resist\u00eancia ao atrito entre a cinta de a\u00e7o e o objeto embalado, para que a embalagem seja mais firme. A borda da fita de a\u00e7o \u00e9 lisa e n\u00e3o tem bordas e cantos, de modo a evitar arranh\u00f5es na m\u00e3o e no material embalado.<\/p>\n<figure id=\"attachment_2326\" aria-describedby=\"caption-attachment-2326\" style=\"width: 960px\" class=\"wp-caption alignnone\"><img decoding=\"async\" class=\"size-full wp-image-2326\" src=\"https:\/\/www.qianyipack.com\/wp-content\/uploads\/steel-strapping-application-1.jpg\" alt=\"steel strapping application\" width=\"960\" height=\"540\" srcset=\"https:\/\/www.qianyipack.com\/wp-content\/uploads\/steel-strapping-application-1.jpg 960w, https:\/\/www.qianyipack.com\/wp-content\/uploads\/steel-strapping-application-1-800x450.jpg 800w, https:\/\/www.qianyipack.com\/wp-content\/uploads\/steel-strapping-application-1-300x169.jpg 300w, https:\/\/www.qianyipack.com\/wp-content\/uploads\/steel-strapping-application-1-768x432.jpg 768w, https:\/\/www.qianyipack.com\/wp-content\/uploads\/steel-strapping-application-1-18x10.jpg 18w\" sizes=\"(max-width: 960px) 100vw, 960px\" \/><figcaption id=\"caption-attachment-2326\" class=\"wp-caption-text\">aplica\u00e7\u00e3o de cintas de a\u00e7o<\/figcaption><\/figure>","protected":false},"excerpt":{"rendered":"<div id=\"outer-wrap\" class=\"site clr\">\n<div id=\"wrap\" class=\"clr\">\n<div id=\"outer-wrap\" class=\"site clr\">\n<div id=\"wrap\" class=\"clr\">\n<p>A faixa de a\u00e7o tem boa resist\u00eancia, forte resist\u00eancia qu\u00edmica, peso leve e suavidade. \u00c9 utilizada principalmente para embalagens de carga em larga escala em a\u00e7o, madeira, papel, fibra qu\u00edmica e outras ind\u00fastrias. As fivelas de a\u00e7o podem ser conectadas por uma fivela especial de metal ou uma conex\u00e3o sem fivela sem fivela de embalagem.<\/p>\n<\/div>\n<\/div>\n<\/div>\n<\/div>","protected":false},"featured_media":2321,"template":"","meta":{"ocean_post_layout":"","ocean_both_sidebars_style":"","ocean_both_sidebars_content_width":0,"ocean_both_sidebars_sidebars_width":0,"ocean_sidebar":"0","ocean_second_sidebar":"0","ocean_disable_margins":"enable","ocean_add_body_class":"","ocean_shortcode_before_top_bar":"","ocean_shortcode_after_top_bar":"","ocean_shortcode_before_header":"","ocean_shortcode_after_header":"","ocean_has_shortcode":"","ocean_shortcode_after_title":"","ocean_shortcode_before_footer_widgets":"","ocean_shortcode_after_footer_widgets":"","ocean_shortcode_before_footer_bottom":"","ocean_shortcode_after_footer_bottom":"","ocean_display_top_bar":"default","ocean_display_header":"default","ocean_header_style":"","ocean_center_header_left_menu":"0","ocean_custom_header_template":"0","ocean_custom_logo":0,"ocean_custom_retina_logo":0,"ocean_custom_logo_max_width":0,"ocean_custom_logo_tablet_max_width":0,"ocean_custom_logo_mobile_max_width":0,"ocean_custom_logo_max_height":0,"ocean_custom_logo_tablet_max_height":0,"ocean_custom_logo_mobile_max_height":0,"ocean_header_custom_menu":"0","ocean_menu_typo_font_family":"0","ocean_menu_typo_font_subset":"","ocean_menu_typo_font_size":0,"ocean_menu_typo_font_size_tablet":0,"ocean_menu_typo_font_size_mobile":0,"ocean_menu_typo_font_size_unit":"px","ocean_menu_typo_font_weight":"","ocean_menu_typo_font_weight_tablet":"","ocean_menu_typo_font_weight_mobile":"","ocean_menu_typo_transform":"","ocean_menu_typo_transform_tablet":"","ocean_menu_typo_transform_mobile":"","ocean_menu_typo_line_height":0,"ocean_menu_typo_line_height_tablet":0,"ocean_menu_typo_line_height_mobile":0,"ocean_menu_typo_line_height_unit":"","ocean_menu_typo_spacing":0,"ocean_menu_typo_spacing_tablet":0,"ocean_menu_typo_spacing_mobile":0,"ocean_menu_typo_spacing_unit":"","ocean_menu_link_color":"","ocean_menu_link_color_hover":"","ocean_menu_link_color_active":"","ocean_menu_link_background":"","ocean_menu_link_hover_background":"","ocean_menu_link_active_background":"","ocean_menu_social_links_bg":"","ocean_menu_social_hover_links_bg":"","ocean_menu_social_links_color":"","ocean_menu_social_hover_links_color":"","ocean_disable_title":"default","ocean_disable_heading":"default","ocean_post_title":"","ocean_post_subheading":"","ocean_post_title_style":"","ocean_post_title_background_color":"","ocean_post_title_background":0,"ocean_post_title_bg_image_position":"","ocean_post_title_bg_image_attachment":"","ocean_post_title_bg_image_repeat":"","ocean_post_title_bg_image_size":"","ocean_post_title_height":0,"ocean_post_title_bg_overlay":0.5,"ocean_post_title_bg_overlay_color":"","ocean_disable_breadcrumbs":"default","ocean_breadcrumbs_color":"","ocean_breadcrumbs_separator_color":"","ocean_breadcrumbs_links_color":"","ocean_breadcrumbs_links_hover_color":"","ocean_display_footer_widgets":"default","ocean_display_footer_bottom":"default","ocean_custom_footer_template":"0","osh_disable_topbar_sticky":"default","osh_disable_header_sticky":"default","osh_sticky_header_style":"default","osh_sticky_header_effect":"","osh_custom_sticky_logo":0,"osh_custom_retina_sticky_logo":0,"osh_custom_sticky_logo_height":0,"osh_background_color":"","osh_links_color":"","osh_links_hover_color":"","osh_links_active_color":"","osh_links_bg_color":"","osh_links_hover_bg_color":"","osh_links_active_bg_color":"","osh_menu_social_links_color":"","osh_menu_social_hover_links_color":""},"product_brand":[],"product_cat":[47],"product_tag":[134,133,132],"class_list":{"0":"post-2320","1":"product","2":"type-product","3":"status-publish","4":"has-post-thumbnail","6":"product_cat-packaging-accessories","7":"product_tag-heavy-duty-steel-strapping","8":"product_tag-steel-banding-strap","9":"product_tag-steel-strapping","11":"entry","12":"has-media","14":"first","15":"instock","16":"shipping-taxable","17":"product-type-external","18":"col","19":"span_1_of_3","20":"owp-content-center","21":"owp-thumbs-layout-horizontal","22":"owp-btn-very-big","23":"owp-tabs-layout-horizontal"},"_links":{"self":[{"href":"https:\/\/www.qianyipack.com\/pt\/wp-json\/wp\/v2\/product\/2320","targetHints":{"allow":["GET"]}}],"collection":[{"href":"https:\/\/www.qianyipack.com\/pt\/wp-json\/wp\/v2\/product"}],"about":[{"href":"https:\/\/www.qianyipack.com\/pt\/wp-json\/wp\/v2\/types\/product"}],"wp:featuredmedia":[{"embeddable":true,"href":"https:\/\/www.qianyipack.com\/pt\/wp-json\/wp\/v2\/media\/2321"}],"wp:attachment":[{"href":"https:\/\/www.qianyipack.com\/pt\/wp-json\/wp\/v2\/media?parent=2320"}],"wp:term":[{"taxonomy":"product_brand","embeddable":true,"href":"https:\/\/www.qianyipack.com\/pt\/wp-json\/wp\/v2\/product_brand?post=2320"},{"taxonomy":"product_cat","embeddable":true,"href":"https:\/\/www.qianyipack.com\/pt\/wp-json\/wp\/v2\/product_cat?post=2320"},{"taxonomy":"product_tag","embeddable":true,"href":"https:\/\/www.qianyipack.com\/pt\/wp-json\/wp\/v2\/product_tag?post=2320"}],"curies":[{"name":"wp","href":"https:\/\/api.w.org\/{rel}","templated":true}]}}