{"id":2330,"date":"2021-11-22T01:00:20","date_gmt":"2021-11-22T09:00:20","guid":{"rendered":"https:\/\/www.qianyipack.com\/?post_type=product&#038;p=2330"},"modified":"2021-11-23T16:40:49","modified_gmt":"2021-11-24T00:40:49","slug":"19mm-galvanized-metal-strapping-clips-for-steel-strap","status":"publish","type":"product","link":"https:\/\/www.qianyipack.com\/pt\/produto\/19mm-galvanized-metal-strapping-clips-for-steel-strap","title":{"rendered":"Clipes de cinta met\u00e1lica galvanizada de 19mm para cinta de a\u00e7o"},"content":{"rendered":"<p>Nossas cintas de embalagem de oxida\u00e7\u00e3o superficial, cintas de a\u00e7o pintadas, galvanizadas <a href=\"https:\/\/www.qianyipack.com\/en\/product-category\/strapping-accessories\" target=\"_blank\" rel=\"noopener\">clipes de cintas met\u00e1licas<\/a> e outros produtos t\u00eam as caracter\u00edsticas de alta resist\u00eancia \u00e0 tra\u00e7\u00e3o, alta resist\u00eancia \u00e0 corros\u00e3o e alto alongamento, e vendem bem em todo o mundo. Os produtos s\u00e3o amplamente utilizados em vidro, tubos, madeira, t\u00eaxteis, qu\u00edmicos, m\u00e1quinas, metais n\u00e3o ferrosos e outras ind\u00fastrias, e t\u00eam sido altamente elogiados pelos usu\u00e1rios.<\/p>\n<figure id=\"attachment_2337\" aria-describedby=\"caption-attachment-2337\" style=\"width: 960px\" class=\"wp-caption alignnone\"><img fetchpriority=\"high\" decoding=\"async\" class=\"size-full wp-image-2337\" src=\"https:\/\/www.qianyipack.com\/wp-content\/uploads\/steel-strapping-clip-description.jpg\" alt=\"steel strapping clip description\" width=\"960\" height=\"539\" srcset=\"https:\/\/www.qianyipack.com\/wp-content\/uploads\/steel-strapping-clip-description.jpg 960w, https:\/\/www.qianyipack.com\/wp-content\/uploads\/steel-strapping-clip-description-800x449.jpg 800w, https:\/\/www.qianyipack.com\/wp-content\/uploads\/steel-strapping-clip-description-300x168.jpg 300w, https:\/\/www.qianyipack.com\/wp-content\/uploads\/steel-strapping-clip-description-768x431.jpg 768w, https:\/\/www.qianyipack.com\/wp-content\/uploads\/steel-strapping-clip-description-18x10.jpg 18w\" sizes=\"(max-width: 960px) 100vw, 960px\" \/><figcaption id=\"caption-attachment-2337\" class=\"wp-caption-text\">descri\u00e7\u00e3o do grampo de cintagem de a\u00e7o<\/figcaption><\/figure>\n<h3>Especifica\u00e7\u00e3o<\/h3>\n<p><a href=\"https:\/\/www.qianyipack.com\/en\/product-tag\/steel-strapping-seal\" target=\"_blank\" rel=\"noopener\">Selo de cintas de a\u00e7o<\/a> \u00e9 amplamente utilizado em a\u00e7o, alum\u00ednio, fibra qu\u00edmica, fia\u00e7\u00e3o de algod\u00e3o, tabaco, papel, cer\u00e2mica, madeira, latas de metal e outras ind\u00fastrias.<br \/>\nO grampo de cintagem \u00e9 feito de a\u00e7o de alta qualidade, que n\u00e3o s\u00f3 \u00e9 resistente ao desgaste, mas tamb\u00e9m de maior dureza.<br \/>\nOs clipes de cintagem s\u00e3o processados com fita de a\u00e7o espessada para melhorar a capacidade de carga das embalagens.<br \/>\nA superf\u00edcie da fivela de a\u00e7o \u00e9 galvanizada como um todo, que n\u00e3o teme o ambiente \u00famido e n\u00e3o \u00e9 f\u00e1cil de enferrujar, a fim de evitar que a mercadoria seja polu\u00edda.<br \/>\nA fivela de embalagem pode ser selecionada em m\u00faltiplas especifica\u00e7\u00f5es. A largura da fivela de empacotamento corresponde \u00e0 largura da esteira de empacotamento e \u00e9 compat\u00edvel com a largura para baixo.<\/p>\n<figure id=\"attachment_2338\" aria-describedby=\"caption-attachment-2338\" style=\"width: 951px\" class=\"wp-caption alignnone\"><img decoding=\"async\" class=\"size-full wp-image-2338\" src=\"https:\/\/www.qianyipack.com\/wp-content\/uploads\/steel-strapping-clip-specification-1.jpg\" alt=\"steel strapping clip specification (1)\" width=\"951\" height=\"361\" srcset=\"https:\/\/www.qianyipack.com\/wp-content\/uploads\/steel-strapping-clip-specification-1.jpg 951w, https:\/\/www.qianyipack.com\/wp-content\/uploads\/steel-strapping-clip-specification-1-800x304.jpg 800w, https:\/\/www.qianyipack.com\/wp-content\/uploads\/steel-strapping-clip-specification-1-300x114.jpg 300w, https:\/\/www.qianyipack.com\/wp-content\/uploads\/steel-strapping-clip-specification-1-768x292.jpg 768w, https:\/\/www.qianyipack.com\/wp-content\/uploads\/steel-strapping-clip-specification-1-18x7.jpg 18w\" sizes=\"(max-width: 951px) 100vw, 951px\" \/><figcaption id=\"caption-attachment-2338\" class=\"wp-caption-text\">especifica\u00e7\u00e3o do grampo de cintagem de a\u00e7o (1)<\/figcaption><\/figure>\n<figure id=\"attachment_2339\" aria-describedby=\"caption-attachment-2339\" style=\"width: 960px\" class=\"wp-caption alignnone\"><img decoding=\"async\" class=\"size-full wp-image-2339\" src=\"https:\/\/www.qianyipack.com\/wp-content\/uploads\/steel-strapping-clip-specification-2.jpg\" alt=\"steel strapping clip specification (2)\" width=\"960\" height=\"540\" srcset=\"https:\/\/www.qianyipack.com\/wp-content\/uploads\/steel-strapping-clip-specification-2.jpg 960w, https:\/\/www.qianyipack.com\/wp-content\/uploads\/steel-strapping-clip-specification-2-800x450.jpg 800w, https:\/\/www.qianyipack.com\/wp-content\/uploads\/steel-strapping-clip-specification-2-300x169.jpg 300w, https:\/\/www.qianyipack.com\/wp-content\/uploads\/steel-strapping-clip-specification-2-768x432.jpg 768w, https:\/\/www.qianyipack.com\/wp-content\/uploads\/steel-strapping-clip-specification-2-18x10.jpg 18w\" sizes=\"(max-width: 960px) 100vw, 960px\" \/><figcaption id=\"caption-attachment-2339\" class=\"wp-caption-text\">especifica\u00e7\u00e3o do grampo de cintagem de a\u00e7o (2)<\/figcaption><\/figure>\n<h3>Aplica\u00e7\u00e3o<\/h3>\n<p>Ela \u00e9 usada principalmente na jun\u00e7\u00e3o de fitas met\u00e1licas para tornar a cinta mais firme, o que \u00e9 conveniente para embalar em v\u00e1rias ocasi\u00f5es.<\/p>\n<figure id=\"attachment_2336\" aria-describedby=\"caption-attachment-2336\" style=\"width: 960px\" class=\"wp-caption alignnone\"><img loading=\"lazy\" decoding=\"async\" class=\"size-full wp-image-2336\" src=\"https:\/\/www.qianyipack.com\/wp-content\/uploads\/steel-strapping-clip-application.jpg\" alt=\"steel strapping clip application\" width=\"960\" height=\"540\" srcset=\"https:\/\/www.qianyipack.com\/wp-content\/uploads\/steel-strapping-clip-application.jpg 960w, https:\/\/www.qianyipack.com\/wp-content\/uploads\/steel-strapping-clip-application-800x450.jpg 800w, https:\/\/www.qianyipack.com\/wp-content\/uploads\/steel-strapping-clip-application-300x169.jpg 300w, https:\/\/www.qianyipack.com\/wp-content\/uploads\/steel-strapping-clip-application-768x432.jpg 768w, https:\/\/www.qianyipack.com\/wp-content\/uploads\/steel-strapping-clip-application-18x10.jpg 18w\" sizes=\"(max-width: 960px) 100vw, 960px\" \/><figcaption id=\"caption-attachment-2336\" class=\"wp-caption-text\">aplica\u00e7\u00e3o de grampo de cintur\u00e3o de a\u00e7o<\/figcaption><\/figure>","protected":false},"excerpt":{"rendered":"<div id=\"outer-wrap\" class=\"site clr\">\n<div id=\"wrap\" class=\"clr\">\n<div id=\"outer-wrap\" class=\"site clr\">\n<div id=\"wrap\" class=\"clr\">\n<p>Caracter\u00edsticas dos grampos de cintagem de a\u00e7o galvanizado: firme e dur\u00e1vel, n\u00e3o f\u00e1cil de cair, resistente \u00e0 corros\u00e3o e ao desgaste, alta resist\u00eancia, forte propriedade de tra\u00e7\u00e3o e sem les\u00f5es nas m\u00e3os. Sua superf\u00edcie \u00e9 lisa e pode prevenir a ferrugem em um determinado ambiente! \u00c9 utilizada juntamente com o empacotador e a esteira de embalagem para a encaderna\u00e7\u00e3o de embalagens de mercadorias.<\/p>\n<\/div>\n<\/div>\n<\/div>\n<\/div>","protected":false},"featured_media":2331,"template":"","meta":{"ocean_post_layout":"","ocean_both_sidebars_style":"","ocean_both_sidebars_content_width":0,"ocean_both_sidebars_sidebars_width":0,"ocean_sidebar":"0","ocean_second_sidebar":"0","ocean_disable_margins":"enable","ocean_add_body_class":"","ocean_shortcode_before_top_bar":"","ocean_shortcode_after_top_bar":"","ocean_shortcode_before_header":"","ocean_shortcode_after_header":"","ocean_has_shortcode":"","ocean_shortcode_after_title":"","ocean_shortcode_before_footer_widgets":"","ocean_shortcode_after_footer_widgets":"","ocean_shortcode_before_footer_bottom":"","ocean_shortcode_after_footer_bottom":"","ocean_display_top_bar":"default","ocean_display_header":"default","ocean_header_style":"","ocean_center_header_left_menu":"0","ocean_custom_header_template":"0","ocean_custom_logo":0,"ocean_custom_retina_logo":0,"ocean_custom_logo_max_width":0,"ocean_custom_logo_tablet_max_width":0,"ocean_custom_logo_mobile_max_width":0,"ocean_custom_logo_max_height":0,"ocean_custom_logo_tablet_max_height":0,"ocean_custom_logo_mobile_max_height":0,"ocean_header_custom_menu":"0","ocean_menu_typo_font_family":"0","ocean_menu_typo_font_subset":"","ocean_menu_typo_font_size":0,"ocean_menu_typo_font_size_tablet":0,"ocean_menu_typo_font_size_mobile":0,"ocean_menu_typo_font_size_unit":"px","ocean_menu_typo_font_weight":"","ocean_menu_typo_font_weight_tablet":"","ocean_menu_typo_font_weight_mobile":"","ocean_menu_typo_transform":"","ocean_menu_typo_transform_tablet":"","ocean_menu_typo_transform_mobile":"","ocean_menu_typo_line_height":0,"ocean_menu_typo_line_height_tablet":0,"ocean_menu_typo_line_height_mobile":0,"ocean_menu_typo_line_height_unit":"","ocean_menu_typo_spacing":0,"ocean_menu_typo_spacing_tablet":0,"ocean_menu_typo_spacing_mobile":0,"ocean_menu_typo_spacing_unit":"","ocean_menu_link_color":"","ocean_menu_link_color_hover":"","ocean_menu_link_color_active":"","ocean_menu_link_background":"","ocean_menu_link_hover_background":"","ocean_menu_link_active_background":"","ocean_menu_social_links_bg":"","ocean_menu_social_hover_links_bg":"","ocean_menu_social_links_color":"","ocean_menu_social_hover_links_color":"","ocean_disable_title":"default","ocean_disable_heading":"default","ocean_post_title":"","ocean_post_subheading":"","ocean_post_title_style":"","ocean_post_title_background_color":"","ocean_post_title_background":0,"ocean_post_title_bg_image_position":"","ocean_post_title_bg_image_attachment":"","ocean_post_title_bg_image_repeat":"","ocean_post_title_bg_image_size":"","ocean_post_title_height":0,"ocean_post_title_bg_overlay":0.5,"ocean_post_title_bg_overlay_color":"","ocean_disable_breadcrumbs":"default","ocean_breadcrumbs_color":"","ocean_breadcrumbs_separator_color":"","ocean_breadcrumbs_links_color":"","ocean_breadcrumbs_links_hover_color":"","ocean_display_footer_widgets":"default","ocean_display_footer_bottom":"default","ocean_custom_footer_template":"0","osh_disable_topbar_sticky":"default","osh_disable_header_sticky":"default","osh_sticky_header_style":"default","osh_sticky_header_effect":"","osh_custom_sticky_logo":0,"osh_custom_retina_sticky_logo":0,"osh_custom_sticky_logo_height":0,"osh_background_color":"","osh_links_color":"","osh_links_hover_color":"","osh_links_active_color":"","osh_links_bg_color":"","osh_links_hover_bg_color":"","osh_links_active_bg_color":"","osh_menu_social_links_color":"","osh_menu_social_hover_links_color":""},"product_brand":[],"product_cat":[47],"product_tag":[137,135,136],"class_list":{"0":"post-2330","1":"product","2":"type-product","3":"status-publish","4":"has-post-thumbnail","6":"product_cat-packaging-accessories","7":"product_tag-metal-strapping-clamps","8":"product_tag-metal-strapping-clips","9":"product_tag-steel-strapping-seal","11":"entry","12":"has-media","14":"first","15":"instock","16":"shipping-taxable","17":"product-type-external","18":"col","19":"span_1_of_3","20":"owp-content-center","21":"owp-thumbs-layout-horizontal","22":"owp-btn-very-big","23":"owp-tabs-layout-horizontal"},"_links":{"self":[{"href":"https:\/\/www.qianyipack.com\/pt\/wp-json\/wp\/v2\/product\/2330","targetHints":{"allow":["GET"]}}],"collection":[{"href":"https:\/\/www.qianyipack.com\/pt\/wp-json\/wp\/v2\/product"}],"about":[{"href":"https:\/\/www.qianyipack.com\/pt\/wp-json\/wp\/v2\/types\/product"}],"wp:featuredmedia":[{"embeddable":true,"href":"https:\/\/www.qianyipack.com\/pt\/wp-json\/wp\/v2\/media\/2331"}],"wp:attachment":[{"href":"https:\/\/www.qianyipack.com\/pt\/wp-json\/wp\/v2\/media?parent=2330"}],"wp:term":[{"taxonomy":"product_brand","embeddable":true,"href":"https:\/\/www.qianyipack.com\/pt\/wp-json\/wp\/v2\/product_brand?post=2330"},{"taxonomy":"product_cat","embeddable":true,"href":"https:\/\/www.qianyipack.com\/pt\/wp-json\/wp\/v2\/product_cat?post=2330"},{"taxonomy":"product_tag","embeddable":true,"href":"https:\/\/www.qianyipack.com\/pt\/wp-json\/wp\/v2\/product_tag?post=2330"}],"curies":[{"name":"wp","href":"https:\/\/api.w.org\/{rel}","templated":true}]}}