{"id":2389,"date":"2021-11-24T23:45:26","date_gmt":"2021-11-25T07:45:26","guid":{"rendered":"https:\/\/www.qianyipack.com\/?post_type=product&#038;p=2389"},"modified":"2021-11-25T00:01:44","modified_gmt":"2021-11-25T08:01:44","slug":"19mm-pet-strapping-banding-clip-for-hand-strapping","status":"publish","type":"product","link":"https:\/\/www.qianyipack.com\/pt\/produto\/19mm-pet-strapping-banding-clip-for-hand-strapping","title":{"rendered":"Clip de fita PET de 19mm para cintagem manual"},"content":{"rendered":"<p>O grampo da embalagem \u00e9 feito de a\u00e7o com resist\u00eancia e tenacidade especiais. H\u00e1 pequenas facas densas no a\u00e7o de embalagem, que desempenham o papel de antiderrapante e aumentam o atrito, de modo que a esteira de embalagem n\u00e3o \u00e9 f\u00e1cil de soltar. A superf\u00edcie da fivela de a\u00e7o da embalagem \u00e9 galvanizada e anti-ferrugem, forte e dur\u00e1vel. \u00c9 conveniente e r\u00e1pida de usar com ferramentas de embalagem, e a mordida \u00e9 mais firme.<\/p>\n<figure id=\"attachment_2377\" aria-describedby=\"caption-attachment-2377\" style=\"width: 960px\" class=\"wp-caption alignnone\"><img fetchpriority=\"high\" decoding=\"async\" class=\"size-full wp-image-2377\" src=\"https:\/\/www.qianyipack.com\/wp-content\/uploads\/PET-clip-description.jpg\" alt=\"PET clip description\" width=\"960\" height=\"540\" srcset=\"https:\/\/www.qianyipack.com\/wp-content\/uploads\/PET-clip-description.jpg 960w, https:\/\/www.qianyipack.com\/wp-content\/uploads\/PET-clip-description-800x450.jpg 800w, https:\/\/www.qianyipack.com\/wp-content\/uploads\/PET-clip-description-300x169.jpg 300w, https:\/\/www.qianyipack.com\/wp-content\/uploads\/PET-clip-description-768x432.jpg 768w, https:\/\/www.qianyipack.com\/wp-content\/uploads\/PET-clip-description-18x10.jpg 18w\" sizes=\"(max-width: 960px) 100vw, 960px\" \/><figcaption id=\"caption-attachment-2377\" class=\"wp-caption-text\">Descri\u00e7\u00e3o do clipe PET<\/figcaption><\/figure>\n<h3>Destaque<\/h3>\n<p><a href=\"https:\/\/www.qianyipack.com\/en\/product-tag\/pet-strapping-buckle\" target=\"_blank\" rel=\"noopener\">Fivelas de embalagem PET<\/a> s\u00e3o feitos de novos materiais de alta qualidade em moldagem secund\u00e1ria, com cor mais brilhante e for\u00e7a de mordida mais forte.<br \/>\nO <a href=\"https:\/\/www.qianyipack.com\/en\/product-tag\/pet-strap-clip\" target=\"_blank\" rel=\"noopener\">Clip de embalagem PET<\/a> \u00e9 atualizada para uma vers\u00e3o mais grossa, o que melhora a capacidade de carga da embalagem e torna as mercadorias embaladas mais seguras.<br \/>\nNossa f\u00e1brica foi reformada e modernizada, muitas m\u00e1quinas antigas de produ\u00e7\u00e3o de fivelas foram eliminadas. Ap\u00f3s a introdu\u00e7\u00e3o de novas m\u00e1quinas, o corte dos bot\u00f5es de embalagem est\u00e1 mais completo e o acabamento est\u00e1 mais refinado.<br \/>\nA fivela de embalagem PET \u00e9 galvanizada por fora, e a apar\u00eancia \u00e9 lisa e sem rebarbas, e \u00e9 branca prateada, tem boa resist\u00eancia \u00e0 corros\u00e3o e n\u00e3o \u00e9 f\u00e1cil de enferrujar.<br \/>\nO bocal de duas vias dentro do clip de embalagem PET pode aumentar a for\u00e7a de tra\u00e7\u00e3o e garantir a seguran\u00e7a das mercadorias embaladas.<\/p>\n<h3>Especifica\u00e7\u00e3o<\/h3>\n<figure id=\"attachment_2383\" aria-describedby=\"caption-attachment-2383\" style=\"width: 937px\" class=\"wp-caption alignnone\"><img decoding=\"async\" class=\"size-full wp-image-2383\" src=\"https:\/\/www.qianyipack.com\/wp-content\/uploads\/PET-strap-specification-1.jpg\" alt=\"PET strap specification (1)\" width=\"937\" height=\"213\" srcset=\"https:\/\/www.qianyipack.com\/wp-content\/uploads\/PET-strap-specification-1.jpg 937w, https:\/\/www.qianyipack.com\/wp-content\/uploads\/PET-strap-specification-1-800x182.jpg 800w, https:\/\/www.qianyipack.com\/wp-content\/uploads\/PET-strap-specification-1-300x68.jpg 300w, https:\/\/www.qianyipack.com\/wp-content\/uploads\/PET-strap-specification-1-768x175.jpg 768w, https:\/\/www.qianyipack.com\/wp-content\/uploads\/PET-strap-specification-1-18x4.jpg 18w\" sizes=\"(max-width: 937px) 100vw, 937px\" \/><figcaption id=\"caption-attachment-2383\" class=\"wp-caption-text\">Especifica\u00e7\u00e3o da al\u00e7a PET (1)<\/figcaption><\/figure>\n<figure id=\"attachment_2384\" aria-describedby=\"caption-attachment-2384\" style=\"width: 960px\" class=\"wp-caption alignnone\"><img decoding=\"async\" class=\"size-full wp-image-2384\" src=\"https:\/\/www.qianyipack.com\/wp-content\/uploads\/PET-strap-specification-2.jpg\" alt=\"PET strap specification (2)\" width=\"960\" height=\"640\" srcset=\"https:\/\/www.qianyipack.com\/wp-content\/uploads\/PET-strap-specification-2.jpg 960w, https:\/\/www.qianyipack.com\/wp-content\/uploads\/PET-strap-specification-2-800x533.jpg 800w, https:\/\/www.qianyipack.com\/wp-content\/uploads\/PET-strap-specification-2-300x200.jpg 300w, https:\/\/www.qianyipack.com\/wp-content\/uploads\/PET-strap-specification-2-768x512.jpg 768w, https:\/\/www.qianyipack.com\/wp-content\/uploads\/PET-strap-specification-2-18x12.jpg 18w\" sizes=\"(max-width: 960px) 100vw, 960px\" \/><figcaption id=\"caption-attachment-2384\" class=\"wp-caption-text\">Especifica\u00e7\u00e3o da cinta PET (2)<\/figcaption><\/figure>\n<h3>Aplica\u00e7\u00e3o<\/h3>\n<p>Qianyi tem v\u00e1rios conjuntos de equipamentos de produ\u00e7\u00e3o de fivelas de embalagem, e pode personalizar v\u00e1rios tipos e tamanhos de fivelas de embalagem de acordo com as necessidades do cliente, tais como grampos para fitas de a\u00e7o, grampos para fitas PET, fivelas de fio de a\u00e7o para fitas de fibra e outras fivelas.<\/p>\n<figure id=\"attachment_2382\" aria-describedby=\"caption-attachment-2382\" style=\"width: 960px\" class=\"wp-caption alignnone\"><img loading=\"lazy\" decoding=\"async\" class=\"size-full wp-image-2382\" src=\"https:\/\/www.qianyipack.com\/wp-content\/uploads\/PET-strap-clip-production.jpg\" alt=\"PET strap clip production\" width=\"960\" height=\"540\" srcset=\"https:\/\/www.qianyipack.com\/wp-content\/uploads\/PET-strap-clip-production.jpg 960w, https:\/\/www.qianyipack.com\/wp-content\/uploads\/PET-strap-clip-production-800x450.jpg 800w, https:\/\/www.qianyipack.com\/wp-content\/uploads\/PET-strap-clip-production-300x169.jpg 300w, https:\/\/www.qianyipack.com\/wp-content\/uploads\/PET-strap-clip-production-768x432.jpg 768w, https:\/\/www.qianyipack.com\/wp-content\/uploads\/PET-strap-clip-production-18x10.jpg 18w\" sizes=\"(max-width: 960px) 100vw, 960px\" \/><figcaption id=\"caption-attachment-2382\" class=\"wp-caption-text\">Produ\u00e7\u00e3o de clipes PET para cinta<\/figcaption><\/figure>","protected":false},"excerpt":{"rendered":"<p>A superf\u00edcie prensada da abra\u00e7adeira da embalagem tem textura convexa, o que proporciona um atrito muito grande. Ela \u00e9 bem combinada com a esteira de embalagem, que n\u00e3o \u00e9 f\u00e1cil de soltar e escorregar. Ela \u00e9 adequada para prender objetos pesados com altas exig\u00eancias.<\/p>","protected":false},"featured_media":2385,"template":"","meta":{"ocean_post_layout":"","ocean_both_sidebars_style":"","ocean_both_sidebars_content_width":0,"ocean_both_sidebars_sidebars_width":0,"ocean_sidebar":"0","ocean_second_sidebar":"0","ocean_disable_margins":"enable","ocean_add_body_class":"","ocean_shortcode_before_top_bar":"","ocean_shortcode_after_top_bar":"","ocean_shortcode_before_header":"","ocean_shortcode_after_header":"","ocean_has_shortcode":"","ocean_shortcode_after_title":"","ocean_shortcode_before_footer_widgets":"","ocean_shortcode_after_footer_widgets":"","ocean_shortcode_before_footer_bottom":"","ocean_shortcode_after_footer_bottom":"","ocean_display_top_bar":"default","ocean_display_header":"default","ocean_header_style":"","ocean_center_header_left_menu":"0","ocean_custom_header_template":"0","ocean_custom_logo":0,"ocean_custom_retina_logo":0,"ocean_custom_logo_max_width":0,"ocean_custom_logo_tablet_max_width":0,"ocean_custom_logo_mobile_max_width":0,"ocean_custom_logo_max_height":0,"ocean_custom_logo_tablet_max_height":0,"ocean_custom_logo_mobile_max_height":0,"ocean_header_custom_menu":"0","ocean_menu_typo_font_family":"0","ocean_menu_typo_font_subset":"","ocean_menu_typo_font_size":0,"ocean_menu_typo_font_size_tablet":0,"ocean_menu_typo_font_size_mobile":0,"ocean_menu_typo_font_size_unit":"px","ocean_menu_typo_font_weight":"","ocean_menu_typo_font_weight_tablet":"","ocean_menu_typo_font_weight_mobile":"","ocean_menu_typo_transform":"","ocean_menu_typo_transform_tablet":"","ocean_menu_typo_transform_mobile":"","ocean_menu_typo_line_height":0,"ocean_menu_typo_line_height_tablet":0,"ocean_menu_typo_line_height_mobile":0,"ocean_menu_typo_line_height_unit":"","ocean_menu_typo_spacing":0,"ocean_menu_typo_spacing_tablet":0,"ocean_menu_typo_spacing_mobile":0,"ocean_menu_typo_spacing_unit":"","ocean_menu_link_color":"","ocean_menu_link_color_hover":"","ocean_menu_link_color_active":"","ocean_menu_link_background":"","ocean_menu_link_hover_background":"","ocean_menu_link_active_background":"","ocean_menu_social_links_bg":"","ocean_menu_social_hover_links_bg":"","ocean_menu_social_links_color":"","ocean_menu_social_hover_links_color":"","ocean_disable_title":"default","ocean_disable_heading":"default","ocean_post_title":"","ocean_post_subheading":"","ocean_post_title_style":"","ocean_post_title_background_color":"","ocean_post_title_background":0,"ocean_post_title_bg_image_position":"","ocean_post_title_bg_image_attachment":"","ocean_post_title_bg_image_repeat":"","ocean_post_title_bg_image_size":"","ocean_post_title_height":0,"ocean_post_title_bg_overlay":0.5,"ocean_post_title_bg_overlay_color":"","ocean_disable_breadcrumbs":"default","ocean_breadcrumbs_color":"","ocean_breadcrumbs_separator_color":"","ocean_breadcrumbs_links_color":"","ocean_breadcrumbs_links_hover_color":"","ocean_display_footer_widgets":"default","ocean_display_footer_bottom":"default","ocean_custom_footer_template":"0","osh_disable_topbar_sticky":"default","osh_disable_header_sticky":"default","osh_sticky_header_style":"default","osh_sticky_header_effect":"","osh_custom_sticky_logo":0,"osh_custom_retina_sticky_logo":0,"osh_custom_sticky_logo_height":0,"osh_background_color":"","osh_links_color":"","osh_links_hover_color":"","osh_links_active_color":"","osh_links_bg_color":"","osh_links_hover_bg_color":"","osh_links_active_bg_color":"","osh_menu_social_links_color":"","osh_menu_social_hover_links_color":""},"product_brand":[],"product_cat":[41],"product_tag":[139,138,140],"class_list":{"0":"post-2389","1":"product","2":"type-product","3":"status-publish","4":"has-post-thumbnail","6":"product_cat-pet-polyester-strap","7":"product_tag-pet-strap-clamp","8":"product_tag-pet-strap-clip","9":"product_tag-pet-strapping-buckle","11":"entry","12":"has-media","14":"first","15":"instock","16":"shipping-taxable","17":"product-type-external","18":"col","19":"span_1_of_3","20":"owp-content-center","21":"owp-thumbs-layout-horizontal","22":"owp-btn-very-big","23":"owp-tabs-layout-horizontal"},"_links":{"self":[{"href":"https:\/\/www.qianyipack.com\/pt\/wp-json\/wp\/v2\/product\/2389","targetHints":{"allow":["GET"]}}],"collection":[{"href":"https:\/\/www.qianyipack.com\/pt\/wp-json\/wp\/v2\/product"}],"about":[{"href":"https:\/\/www.qianyipack.com\/pt\/wp-json\/wp\/v2\/types\/product"}],"wp:featuredmedia":[{"embeddable":true,"href":"https:\/\/www.qianyipack.com\/pt\/wp-json\/wp\/v2\/media\/2385"}],"wp:attachment":[{"href":"https:\/\/www.qianyipack.com\/pt\/wp-json\/wp\/v2\/media?parent=2389"}],"wp:term":[{"taxonomy":"product_brand","embeddable":true,"href":"https:\/\/www.qianyipack.com\/pt\/wp-json\/wp\/v2\/product_brand?post=2389"},{"taxonomy":"product_cat","embeddable":true,"href":"https:\/\/www.qianyipack.com\/pt\/wp-json\/wp\/v2\/product_cat?post=2389"},{"taxonomy":"product_tag","embeddable":true,"href":"https:\/\/www.qianyipack.com\/pt\/wp-json\/wp\/v2\/product_tag?post=2389"}],"curies":[{"name":"wp","href":"https:\/\/api.w.org\/{rel}","templated":true}]}}