{"id":2433,"date":"2021-12-23T01:23:11","date_gmt":"2021-12-23T09:23:11","guid":{"rendered":"https:\/\/www.qianyipack.com\/?post_type=product&#038;p=2433"},"modified":"2021-12-23T01:29:19","modified_gmt":"2021-12-23T09:29:19","slug":"32mm-pet-strapping-tool-kit-hand-operated-for-pallets","status":"publish","type":"product","link":"https:\/\/www.qianyipack.com\/pt\/produto\/32mm-pet-strapping-tool-kit-hand-operated-for-pallets","title":{"rendered":"Kit de ferramentas de cintagem PET de 32mm operado manualmente para paletes"},"content":{"rendered":"<p>1. O tensionador tem um bom acabamento e se esfor\u00e7a pela perfei\u00e7\u00e3o. O cabo adota um design sem fadiga, que \u00e9 adequado para embalagens de longo prazo, n\u00e3o fadiga, e uma ader\u00eancia confort\u00e1vel.<br \/>\n2. O tensionador tem uma grande for\u00e7a de amarra\u00e7\u00e3o e um projeto especial de estrutura, que pode facilmente perceber o aperto e a embalagem de materiais pesados de embalagem como a\u00e7o, a\u00e7o, alum\u00ednio.<br \/>\n3. O tensionador tem alta durabilidade, todo o corpo e estrutura s\u00e3o feitos de materiais de liga met\u00e1lica de alta resist\u00eancia, com design confi\u00e1vel e tecnologia avan\u00e7ada.<\/p>\n<figure id=\"attachment_2434\" aria-describedby=\"caption-attachment-2434\" style=\"width: 960px\" class=\"wp-caption alignnone\"><img fetchpriority=\"high\" decoding=\"async\" class=\"size-full wp-image-2434\" src=\"https:\/\/www.qianyipack.com\/wp-content\/uploads\/PET-strapping-tool-5.jpg\" alt=\"PET strapping tool (5)\" width=\"960\" height=\"492\" srcset=\"https:\/\/www.qianyipack.com\/wp-content\/uploads\/PET-strapping-tool-5.jpg 960w, https:\/\/www.qianyipack.com\/wp-content\/uploads\/PET-strapping-tool-5-800x410.jpg 800w, https:\/\/www.qianyipack.com\/wp-content\/uploads\/PET-strapping-tool-5-300x154.jpg 300w, https:\/\/www.qianyipack.com\/wp-content\/uploads\/PET-strapping-tool-5-768x394.jpg 768w, https:\/\/www.qianyipack.com\/wp-content\/uploads\/PET-strapping-tool-5-18x9.jpg 18w\" sizes=\"(max-width: 960px) 100vw, 960px\" \/><figcaption id=\"caption-attachment-2434\" class=\"wp-caption-text\">Ferramenta de cintagem PET (5)<\/figcaption><\/figure>\n<h3>Destaque<\/h3>\n<p>1. O tensionador tem alta durabilidade. O corpo principal \u00e9 feito de liga de alum\u00ednio de alta qualidade fundida sob press\u00e3o, que \u00e9 firme e leve, e \u00e9 f\u00e1cil de mover. Todos os outros componentes s\u00e3o feitos de a\u00e7o de alta qualidade, todos submetidos a um tratamento t\u00e9rmico rigoroso, e a taxa de falhas \u00e9 baixa.<br \/>\n2. O tensionador adota a for\u00e7a de encolhimento do tipo rotativo, que \u00e9 mais adequada para a embalagem de objetos pesados. \u00c9 simples de operar e realiza facilmente o aperto e a embalagem de a\u00e7o, lingotes de alum\u00ednio e embalagens pesadas.<br \/>\n3. Todos os componentes do tensionador s\u00e3o feitos de a\u00e7o de alta qualidade e tecnologia avan\u00e7ada de tratamento t\u00e9rmico, especialmente as pe\u00e7as do grampo s\u00e3o feitas de materiais resistentes ao desgaste, o que tem uma vida \u00fatil mais longa!<br \/>\n4. O alicate clip tem alta durabilidade e \u00e9 feito de fundi\u00e7\u00e3o de liga de alum\u00ednio de alta qualidade, forte e leve, e conveniente para mover. Todos os outros componentes s\u00e3o feitos de a\u00e7o de alta qualidade, e todos foram submetidos a um tratamento t\u00e9rmico rigoroso com baixa taxa de falhas.<\/p>\n<h3>Aplica\u00e7\u00e3o<\/h3>\n<p>O conjunto tensor manual PET \u00e9 amplamente utilizado na ind\u00fastria de papel, ind\u00fastria de alum\u00ednio, a\u00e7o, madeira, caixa de madeira, embalagem de caixa de madeira, fibra qu\u00edmica, fia\u00e7\u00e3o de algod\u00e3o, tabaco, ind\u00fastria qu\u00edmica, produtos met\u00e1licos e outras ind\u00fastrias.<\/p>\n<figure id=\"attachment_2435\" aria-describedby=\"caption-attachment-2435\" style=\"width: 960px\" class=\"wp-caption alignnone\"><img decoding=\"async\" class=\"size-full wp-image-2435\" src=\"https:\/\/www.qianyipack.com\/wp-content\/uploads\/PET-strapping-tool-6.jpg\" alt=\"PET strapping tool (6)\" width=\"960\" height=\"540\" srcset=\"https:\/\/www.qianyipack.com\/wp-content\/uploads\/PET-strapping-tool-6.jpg 960w, https:\/\/www.qianyipack.com\/wp-content\/uploads\/PET-strapping-tool-6-800x450.jpg 800w, https:\/\/www.qianyipack.com\/wp-content\/uploads\/PET-strapping-tool-6-300x169.jpg 300w, https:\/\/www.qianyipack.com\/wp-content\/uploads\/PET-strapping-tool-6-768x432.jpg 768w, https:\/\/www.qianyipack.com\/wp-content\/uploads\/PET-strapping-tool-6-18x10.jpg 18w\" sizes=\"(max-width: 960px) 100vw, 960px\" \/><figcaption id=\"caption-attachment-2435\" class=\"wp-caption-text\">Ferramenta de cintagem PET (6)<\/figcaption><\/figure>","protected":false},"excerpt":{"rendered":"<p>As ferramentas necess\u00e1rias para a opera\u00e7\u00e3o de embalagem de cintas PET incluem o tensionador manual e o alicate de aperto. O tensionador tem uma estrutura compacta, peso leve e grande for\u00e7a de tensionamento. Os alicates de grampo s\u00e3o dur\u00e1veis e f\u00e1ceis de operar.<\/p>","protected":false},"featured_media":2436,"template":"","meta":{"ocean_post_layout":"","ocean_both_sidebars_style":"","ocean_both_sidebars_content_width":0,"ocean_both_sidebars_sidebars_width":0,"ocean_sidebar":"0","ocean_second_sidebar":"0","ocean_disable_margins":"enable","ocean_add_body_class":"","ocean_shortcode_before_top_bar":"","ocean_shortcode_after_top_bar":"","ocean_shortcode_before_header":"","ocean_shortcode_after_header":"","ocean_has_shortcode":"","ocean_shortcode_after_title":"","ocean_shortcode_before_footer_widgets":"","ocean_shortcode_after_footer_widgets":"","ocean_shortcode_before_footer_bottom":"","ocean_shortcode_after_footer_bottom":"","ocean_display_top_bar":"default","ocean_display_header":"default","ocean_header_style":"","ocean_center_header_left_menu":"0","ocean_custom_header_template":"0","ocean_custom_logo":0,"ocean_custom_retina_logo":0,"ocean_custom_logo_max_width":0,"ocean_custom_logo_tablet_max_width":0,"ocean_custom_logo_mobile_max_width":0,"ocean_custom_logo_max_height":0,"ocean_custom_logo_tablet_max_height":0,"ocean_custom_logo_mobile_max_height":0,"ocean_header_custom_menu":"0","ocean_menu_typo_font_family":"0","ocean_menu_typo_font_subset":"","ocean_menu_typo_font_size":0,"ocean_menu_typo_font_size_tablet":0,"ocean_menu_typo_font_size_mobile":0,"ocean_menu_typo_font_size_unit":"px","ocean_menu_typo_font_weight":"","ocean_menu_typo_font_weight_tablet":"","ocean_menu_typo_font_weight_mobile":"","ocean_menu_typo_transform":"","ocean_menu_typo_transform_tablet":"","ocean_menu_typo_transform_mobile":"","ocean_menu_typo_line_height":0,"ocean_menu_typo_line_height_tablet":0,"ocean_menu_typo_line_height_mobile":0,"ocean_menu_typo_line_height_unit":"","ocean_menu_typo_spacing":0,"ocean_menu_typo_spacing_tablet":0,"ocean_menu_typo_spacing_mobile":0,"ocean_menu_typo_spacing_unit":"","ocean_menu_link_color":"","ocean_menu_link_color_hover":"","ocean_menu_link_color_active":"","ocean_menu_link_background":"","ocean_menu_link_hover_background":"","ocean_menu_link_active_background":"","ocean_menu_social_links_bg":"","ocean_menu_social_hover_links_bg":"","ocean_menu_social_links_color":"","ocean_menu_social_hover_links_color":"","ocean_disable_title":"default","ocean_disable_heading":"default","ocean_post_title":"","ocean_post_subheading":"","ocean_post_title_style":"","ocean_post_title_background_color":"","ocean_post_title_background":0,"ocean_post_title_bg_image_position":"","ocean_post_title_bg_image_attachment":"","ocean_post_title_bg_image_repeat":"","ocean_post_title_bg_image_size":"","ocean_post_title_height":0,"ocean_post_title_bg_overlay":0.5,"ocean_post_title_bg_overlay_color":"","ocean_disable_breadcrumbs":"default","ocean_breadcrumbs_color":"","ocean_breadcrumbs_separator_color":"","ocean_breadcrumbs_links_color":"","ocean_breadcrumbs_links_hover_color":"","ocean_display_footer_widgets":"default","ocean_display_footer_bottom":"default","ocean_custom_footer_template":"0","osh_disable_topbar_sticky":"default","osh_disable_header_sticky":"default","osh_sticky_header_style":"default","osh_sticky_header_effect":"","osh_custom_sticky_logo":0,"osh_custom_retina_sticky_logo":0,"osh_custom_sticky_logo_height":0,"osh_background_color":"","osh_links_color":"","osh_links_hover_color":"","osh_links_active_color":"","osh_links_bg_color":"","osh_links_hover_bg_color":"","osh_links_active_bg_color":"","osh_menu_social_links_color":"","osh_menu_social_hover_links_color":""},"product_brand":[],"product_cat":[45],"product_tag":[62,144,145],"class_list":{"0":"post-2433","1":"product","2":"type-product","3":"status-publish","4":"has-post-thumbnail","6":"product_cat-strapping-tensioner","7":"product_tag-strapping-tensioner","8":"product_tag-strapping-tool","9":"product_tag-strapping-tool-set","11":"entry","12":"has-media","14":"first","15":"instock","16":"shipping-taxable","17":"product-type-external","18":"col","19":"span_1_of_3","20":"owp-content-center","21":"owp-thumbs-layout-horizontal","22":"owp-btn-very-big","23":"owp-tabs-layout-horizontal"},"_links":{"self":[{"href":"https:\/\/www.qianyipack.com\/pt\/wp-json\/wp\/v2\/product\/2433","targetHints":{"allow":["GET"]}}],"collection":[{"href":"https:\/\/www.qianyipack.com\/pt\/wp-json\/wp\/v2\/product"}],"about":[{"href":"https:\/\/www.qianyipack.com\/pt\/wp-json\/wp\/v2\/types\/product"}],"wp:featuredmedia":[{"embeddable":true,"href":"https:\/\/www.qianyipack.com\/pt\/wp-json\/wp\/v2\/media\/2436"}],"wp:attachment":[{"href":"https:\/\/www.qianyipack.com\/pt\/wp-json\/wp\/v2\/media?parent=2433"}],"wp:term":[{"taxonomy":"product_brand","embeddable":true,"href":"https:\/\/www.qianyipack.com\/pt\/wp-json\/wp\/v2\/product_brand?post=2433"},{"taxonomy":"product_cat","embeddable":true,"href":"https:\/\/www.qianyipack.com\/pt\/wp-json\/wp\/v2\/product_cat?post=2433"},{"taxonomy":"product_tag","embeddable":true,"href":"https:\/\/www.qianyipack.com\/pt\/wp-json\/wp\/v2\/product_tag?post=2433"}],"curies":[{"name":"wp","href":"https:\/\/api.w.org\/{rel}","templated":true}]}}